{"id":10942,"date":"2023-06-08T11:46:38","date_gmt":"2023-06-08T09:46:38","guid":{"rendered":"https:\/\/agora.xtec.cat\/ceipgarciacabanes\/?page_id=10942"},"modified":"2023-06-08T11:46:38","modified_gmt":"2023-06-08T09:46:38","slug":"acords-i-protocols","status":"publish","type":"page","link":"https:\/\/agora.xtec.cat\/ceipgarciacabanes\/lescola\/material-escolar\/estrategia-digital-de-centre\/estrategia-digital\/cultura-digital\/acords-i-protocols\/","title":{"rendered":"Acords i protocols"},"content":{"rendered":"<p><span style=\"font-weight: 400;\">La cultura digital apareix en pr\u00e0cticament tots els documents b\u00e0sics del centre. A continuaci\u00f3 es remarquen els aspectes m\u00e9s importants de cada un d&#8217;ells.<\/span><span style=\"font-weight: 400;\">\u00a0<\/span><b><\/b><\/p>\n<ul>\n<li style=\"list-style-type: none;\">\n<ul>\n<li aria-level=\"1\"><b>PEC. <\/b><span style=\"font-weight: 400;\">B\u00e0sicament, apareix en tres aspectes:\u00a0<\/span>\n<ul>\n<li style=\"font-weight: 400;\" aria-level=\"1\"><span style=\"font-weight: 400;\">Es pret\u00e9n que els alumnes siguin persones competents en els \u00e0mbits personal i social, respectuosos amb l\u2019entorn f\u00edsic, cultural i social, amb autonomia i iniciativa, amb capacitat per comunicar-se utilitzant els diferents llenguatges (verbal, art\u00edstic i corporal, matem\u00e0tic, audiovisual, estrat\u00e8gia digital, etc.) i amb recursos per aprendre a aprendre.\u00a0<\/span><\/li>\n<li style=\"font-weight: 400;\" aria-level=\"1\"><span style=\"font-weight: 400;\">Els objectius vinculats al PEC es concretar\u00e0n anualment a la\u00a0 PGA .<\/span><\/li>\n<\/ul>\n<\/li>\n<li aria-level=\"1\"><b>NOFC. <\/b><span style=\"font-weight: 400;\">B\u00e0sicament apareix en els seg\u00fcents apartats:<\/span>\n<ul>\n<li style=\"font-weight: 400;\" aria-level=\"1\"><span style=\"font-weight: 400;\">Detalla les funcions del\/ de la coordinadora digital i de la comissi\u00f3 digital del centre.<\/span><\/li>\n<li style=\"font-weight: 400;\" aria-level=\"1\"><span style=\"font-weight: 400;\">S&#8217;introdueix en la normativa de conviv\u00e8ncia, especialment pel que fa a l&#8217;\u00fas d&#8217;aparells electr\u00f2nics, m\u00f2bils i d&#8217;acc\u00e9s a Internet responsable.<\/span><\/li>\n<\/ul>\n<\/li>\n<\/ul>\n<\/li>\n<li style=\"list-style-type: none;\">\n<ul>\n<li aria-level=\"1\"><b>PROJECTE DE DIRECCI\u00d3<\/b><\/li>\n<\/ul>\n<\/li>\n<\/ul>\n<p style=\"padding-left: 80px;\"><span style=\"font-weight: 400;\">El projecte de direcci\u00f3 cita com a objectiu:\u00a0<\/span><\/p>\n<p style=\"padding-left: 80px;\"><span style=\"font-weight: 400;\">&#8220;Afavorir la innovaci\u00f3 metodol\u00f2gica i la coher\u00e8ncia pedag\u00f2gica\u201d<\/span><\/p>\n<p style=\"padding-left: 80px;\"><span style=\"font-weight: 400;\">Dins d\u2019aquest projecte s\u2019assumeix els objectius, accions i planificaci\u00f3 que ja est\u00e0 detallada en aquesta Estrat\u00e8gia Digital de Centre (EDC).<\/span><\/p>\n","protected":false},"excerpt":{"rendered":"<p>La cultura digital apareix en pr\u00e0cticament tots els documents b\u00e0sics del centre. A continuaci\u00f3 es remarquen els aspectes m\u00e9s importants de cada un d&#8217;ells.\u00a0<\/p>\n<ul>\n<li style=\"list-style-type: none;\">\n<ul>\n<li aria-level=\"1\">PEC. B\u00e0sicament, apareix en tres aspectes:\u00a0\n<ul>\n<li style=\"font-weight: 400;\" aria-level=\"1\">Es pret\u00e9n que els alumnes siguin persones competents en els \u00e0mbits&hellip;  <a href=\"https:\/\/agora.xtec.cat\/ceipgarciacabanes\/lescola\/material-escolar\/estrategia-digital-de-centre\/estrategia-digital\/cultura-digital\/acords-i-protocols\/\" title=\"Read Acords i protocols\">Llegeix m\u00e9s\u00bb<\/a><br \/>\n","protected":false},"author":1,"featured_media":0,"parent":10754,"menu_order":0,"comment_status":"closed","ping_status":"closed","template":"page-templates\/side-menu.php","meta":{"_bbp_topic_count":0,"_bbp_reply_count":0,"_bbp_total_topic_count":0,"_bbp_total_reply_count":0,"_bbp_voice_count":0,"_bbp_anonymous_reply_count":0,"_bbp_topic_count_hidden":0,"_bbp_reply_count_hidden":0,"_bbp_forum_subforum_count":0,"footnotes":""},"class_list":["post-10942","page","type-page","status-publish","hentry"],"post_mailing_queue_ids":[],"_links":{"self":[{"href":"https:\/\/agora.xtec.cat\/ceipgarciacabanes\/wp-json\/wp\/v2\/pages\/10942","targetHints":{"allow":["GET"]}}],"collection":[{"href":"https:\/\/agora.xtec.cat\/ceipgarciacabanes\/wp-json\/wp\/v2\/pages"}],"about":[{"href":"https:\/\/agora.xtec.cat\/ceipgarciacabanes\/wp-json\/wp\/v2\/types\/page"}],"author":[{"embeddable":true,"href":"https:\/\/agora.xtec.cat\/ceipgarciacabanes\/wp-json\/wp\/v2\/users\/1"}],"replies":[{"embeddable":true,"href":"https:\/\/agora.xtec.cat\/ceipgarciacabanes\/wp-json\/wp\/v2\/comments?post=10942"}],"version-history":[{"count":1,"href":"https:\/\/agora.xtec.cat\/ceipgarciacabanes\/wp-json\/wp\/v2\/pages\/10942\/revisions"}],"predecessor-version":[{"id":10943,"href":"https:\/\/agora.xtec.cat\/ceipgarciacabanes\/wp-json\/wp\/v2\/pages\/10942\/revisions\/10943"}],"up":[{"embeddable":true,"href":"https:\/\/agora.xtec.cat\/ceipgarciacabanes\/wp-json\/wp\/v2\/pages\/10754"}],"wp:attachment":[{"href":"https:\/\/agora.xtec.cat\/ceipgarciacabanes\/wp-json\/wp\/v2\/media?parent=10942"}],"curies":[{"name":"wp","href":"https:\/\/api.w.org\/{rel}","templated":true}]}}