{"id":10892,"date":"2023-02-23T11:58:14","date_gmt":"2023-02-23T10:58:14","guid":{"rendered":"https:\/\/agora.xtec.cat\/ceipgarciacabanes\/?page_id=10892"},"modified":"2023-04-20T12:50:27","modified_gmt":"2023-04-20T10:50:27","slug":"serveis-digitals","status":"publish","type":"page","link":"https:\/\/agora.xtec.cat\/ceipgarciacabanes\/lescola\/material-escolar\/estrategia-digital-de-centre\/estrategia-digital\/cultura-digital\/serveis-digitals\/","title":{"rendered":"Serveis Digitals"},"content":{"rendered":"<p><b>MAQUINARI I INSTAL\u00b7LACIONS<\/b><\/p>\n<p><span style=\"font-weight: 400;\">A l&#8217;escola disposem del seg\u00fcent material per desenvolupar la nostra tasca docent (en termes generals):<\/span><\/p>\n<ul>\n<li style=\"font-weight: 400;\" aria-level=\"1\"><span style=\"font-weight: 400;\">Ordinadors i port\u00e0tils per a l&#8217;alumnat i el personal que hi treballa.<\/span><\/li>\n<li style=\"font-weight: 400;\" aria-level=\"1\"><span style=\"font-weight: 400;\">Projectors i pissarres digitals, com tamb\u00e9 panells t\u00e0ctils.<\/span><\/li>\n<li style=\"font-weight: 400;\" aria-level=\"1\"><span style=\"font-weight: 400;\">Connexi\u00f3 WIFI a tota l&#8217;escola.<\/span><\/li>\n<li style=\"font-weight: 400;\" aria-level=\"1\"><span style=\"font-weight: 400;\">Tauletes amb sistema Android.<\/span><\/li>\n<li style=\"font-weight: 400;\" aria-level=\"1\"><span style=\"font-weight: 400;\">Un seguit de robots (3 Bee-bots).<\/span><\/li>\n<li style=\"font-weight: 400;\" aria-level=\"1\"><span style=\"font-weight: 400;\">Impressora i esc\u00e0ner.<\/span><\/li>\n<\/ul>\n<p><b>ENTORNS VIRTUALS D&#8217;APRENENTATGE (EVA)<\/b><\/p>\n<ul>\n<li style=\"font-weight: 400;\" aria-level=\"1\"><span style=\"font-weight: 400;\">L&#8217;escola disposa d&#8217;usuari corporatiu @escolamariagarciacabanes.cat. Utilitzem els entorns de Google Workspace (GMail, Google Drive i sobretot Google Classroom).<\/span><\/li>\n<\/ul>\n<p><b>SERVEI AL N\u00daVOL &#8211; ESPAI COMPARTIT\u00a0 (DOCUMENTACI\u00d3 I ORGANITZACI\u00d3 INTERNA)<\/b><\/p>\n<ul>\n<li style=\"font-weight: 400;\" aria-level=\"1\"><span style=\"font-weight: 400;\">El claustre disposa d&#8217;un seguit de carpetes i unitats compartides al n\u00favol del centre on tenen acc\u00e9s a documentaci\u00f3, llistats i poden compartir certs aspectes del seu treball a l&#8217;escola per agilitzar la coordinaci\u00f3. Antigament tots aquests recursos es desaven, en paper o\u00a0 digitalment de forma individual o als servidors interns de l&#8217;escola.<\/span><\/li>\n<li style=\"font-weight: 400;\" aria-level=\"1\"><span style=\"font-weight: 400;\">\u00c9s un espai tancat per al personal de l&#8217;escola i hi ha certs punts de control i de protecci\u00f3. Alguns documents, de forma interna, tenen limitacions en la visualitzaci\u00f3 i l&#8217;edici\u00f3 per incrementar la seguretat de les dades i millorar-ne l&#8217;organitzaci\u00f3 i el funcionament.<\/span><\/li>\n<\/ul>\n<p><b>RECURSOS DIGITALS<\/b><\/p>\n<div style=\"width: 100%;\">\n<div style=\"position: relative; padding-bottom: 56.25%; padding-top: 0; height: 0;\"><iframe loading=\"lazy\" style=\"position: absolute; top: 0; left: 0; width: 100%; height: 100%;\" title=\"recursos digitals\" src=\"https:\/\/view.genial.ly\/641d61b93fe6a900180b0e55\" width=\"1200\" height=\"675\" frameborder=\"0\" scrolling=\"yes\" allowfullscreen=\"allowfullscreen\"><\/iframe><\/div>\n<\/div>\n","protected":false},"excerpt":{"rendered":"<p>MAQUINARI I INSTAL\u00b7LACIONS<br \/>\nA l&#8217;escola disposem del seg\u00fcent material per desenvolupar la nostra tasca docent (en termes generals):<\/p>\n<ul>\n<li style=\"font-weight: 400;\" aria-level=\"1\">Ordinadors i port\u00e0tils per a l&#8217;alumnat i el personal que hi treballa.<\/li>\n<li style=\"font-weight: 400;\" aria-level=\"1\">Projectors i pissarres digitals, com tamb\u00e9 panells t\u00e0ctils.<\/li>\n<li style=\"font-weight: 400;\" aria-level=\"1\">Connexi\u00f3 WIFI&hellip;  <a href=\"https:\/\/agora.xtec.cat\/ceipgarciacabanes\/lescola\/material-escolar\/estrategia-digital-de-centre\/estrategia-digital\/cultura-digital\/serveis-digitals\/\" title=\"Read Serveis Digitals\">Llegeix m\u00e9s\u00bb<\/a><br \/>\n","protected":false},"author":1,"featured_media":0,"parent":10754,"menu_order":0,"comment_status":"closed","ping_status":"closed","template":"","meta":{"_bbp_topic_count":0,"_bbp_reply_count":0,"_bbp_total_topic_count":0,"_bbp_total_reply_count":0,"_bbp_voice_count":0,"_bbp_anonymous_reply_count":0,"_bbp_topic_count_hidden":0,"_bbp_reply_count_hidden":0,"_bbp_forum_subforum_count":0,"footnotes":""},"class_list":["post-10892","page","type-page","status-publish","hentry"],"post_mailing_queue_ids":[],"_links":{"self":[{"href":"https:\/\/agora.xtec.cat\/ceipgarciacabanes\/wp-json\/wp\/v2\/pages\/10892","targetHints":{"allow":["GET"]}}],"collection":[{"href":"https:\/\/agora.xtec.cat\/ceipgarciacabanes\/wp-json\/wp\/v2\/pages"}],"about":[{"href":"https:\/\/agora.xtec.cat\/ceipgarciacabanes\/wp-json\/wp\/v2\/types\/page"}],"author":[{"embeddable":true,"href":"https:\/\/agora.xtec.cat\/ceipgarciacabanes\/wp-json\/wp\/v2\/users\/1"}],"replies":[{"embeddable":true,"href":"https:\/\/agora.xtec.cat\/ceipgarciacabanes\/wp-json\/wp\/v2\/comments?post=10892"}],"version-history":[{"count":3,"href":"https:\/\/agora.xtec.cat\/ceipgarciacabanes\/wp-json\/wp\/v2\/pages\/10892\/revisions"}],"predecessor-version":[{"id":10924,"href":"https:\/\/agora.xtec.cat\/ceipgarciacabanes\/wp-json\/wp\/v2\/pages\/10892\/revisions\/10924"}],"up":[{"embeddable":true,"href":"https:\/\/agora.xtec.cat\/ceipgarciacabanes\/wp-json\/wp\/v2\/pages\/10754"}],"wp:attachment":[{"href":"https:\/\/agora.xtec.cat\/ceipgarciacabanes\/wp-json\/wp\/v2\/media?parent=10892"}],"curies":[{"name":"wp","href":"https:\/\/api.w.org\/{rel}","templated":true}]}}