{"id":10890,"date":"2023-02-23T11:57:34","date_gmt":"2023-02-23T10:57:34","guid":{"rendered":"https:\/\/agora.xtec.cat\/ceipgarciacabanes\/?page_id=10890"},"modified":"2023-05-25T11:58:29","modified_gmt":"2023-05-25T09:58:29","slug":"cda","status":"publish","type":"page","link":"https:\/\/agora.xtec.cat\/ceipgarciacabanes\/lescola\/material-escolar\/estrategia-digital-de-centre\/estrategia-digital\/cultura-digital\/cda\/","title":{"rendered":"CDA"},"content":{"rendered":"<p><span style=\"font-weight: 400;\">El proc\u00e9s iniciat per l\u2019escola per poder portar a terme el desplegament de la Compet\u00e8ncia digital de l\u2019alumnat ha estat:<\/span><\/p>\n<ul>\n<li style=\"font-weight: 400;\" aria-level=\"1\"><span style=\"font-weight: 400;\">Recollida de totes les activitats en l&#8217;\u00e0mbit digital que es realitzen al centre.<\/span><\/li>\n<li style=\"font-weight: 400;\" aria-level=\"1\"><span style=\"font-weight: 400;\">An\u00e0lisi de les compet\u00e8ncies digitals treballades en cada etapa educativa.<\/span><\/li>\n<li style=\"font-weight: 400;\" aria-level=\"1\"><span style=\"font-weight: 400;\">Desplegament de les diferents activitats en funci\u00f3 de l\u2019etapa educativa i de la compet\u00e8ncia digital treballada.<\/span><\/li>\n<li style=\"font-weight: 400;\" aria-level=\"1\"><span style=\"font-weight: 400;\">Creaci\u00f3 de r\u00fabriques d\u2019avaluaci\u00f3 de les compet\u00e8ncies digitals.<\/span><\/li>\n<\/ul>\n<p><b>Cicle inicial<\/b><\/p>\n<p><span style=\"font-weight: 400;\">En aquesta etapa educativa, el nostre alumnat alumnat b\u00e0sicament interactua amb dispositius digitals de l\u2019escola (tauletes, pantalles digitals i robots Bee Bot) amb la supervisi\u00f3 constant\u00a0 d\u2019un docent i t\u00e9 capacitat per:<\/span><\/p>\n<ul>\n<li style=\"font-weight: 400;\" aria-level=\"1\"><span style=\"font-weight: 400;\">Produir i editar documents i presentacions utilitzant les eines de format (processador de textos i aplicacions) en activitats dirigides pel docent.<\/span><\/li>\n<li style=\"font-weight: 400;\" aria-level=\"1\"><span style=\"font-weight: 400;\">Recon\u00e8ixer diferents maneres de comunicaci\u00f3 en digital en situacions quotidianes.\u00a0<\/span><\/li>\n<li style=\"font-weight: 400;\" aria-level=\"1\"><span style=\"font-weight: 400;\">Prendre consci\u00e8ncia de la necessitat de mantenir una postura saludable en l\u2019\u00fas de tecnologia.\u00a0<\/span><\/li>\n<li style=\"font-weight: 400;\" aria-level=\"1\"><span style=\"font-weight: 400;\">Aplicar, de manera guiada, accions concretes dins de l&#8217;aula per preservar la sostenibilitat dels recursos digitals (apagar l&#8217;ordinador i les pantalles quan no s&#8217;utilitzen, regular la lluminositat de la pantalla, etc.).\u00a0<\/span><\/li>\n<\/ul>\n<p><span style=\"font-weight: 400;\">L\u2019escola ha creat una <a href=\"https:\/\/drive.google.com\/file\/d\/1k9K_aRUC8qItQ-STzn1l7Gc5x30pS-cO\/view?usp=sharing\" target=\"_blank\" rel=\"noopener\">r\u00fabrica<\/a> per poder avaluar l\u2019assoliment de la compet\u00e8ncia digital de l\u2019alumnat en finalitzar aquest cicle.<\/span><\/p>\n<p><b>Cicle mitj\u00e0<\/b><\/p>\n<p><span style=\"font-weight: 400;\">En aquesta etapa educativa, el nostre alumnat generalitza l\u2019\u00fas de plataformes digitals i t\u00e9 capacitat per:<\/span><\/p>\n<ul>\n<li style=\"font-weight: 400;\" aria-level=\"1\"><span style=\"font-weight: 400;\">Utilitzar, de manera guiada, cercadors gen\u00e8rics fent \u00fas d\u2019opcions i d\u2019estrat\u00e8gies senzilles a Internet en relaci\u00f3 amb el repte plantejat.<\/span><\/li>\n<li style=\"font-weight: 400;\" aria-level=\"1\"><span style=\"font-weight: 400;\">Produir i editar documents i presentacions utilitzant les eines de format (processador de textos i aplicacions) i incorporant taules en activitats basades en un context real i proper.\u00a0<\/span><\/li>\n<li style=\"font-weight: 400;\" aria-level=\"1\"><span style=\"font-weight: 400;\">Crear i editar, amb la guia del docent, v\u00eddeos, imatges i \u00e0udios i crear programes inform\u00e0tics senzills en activitats basades en un context real i proper.\u00a0<\/span><\/li>\n<li style=\"font-weight: 400;\" aria-level=\"1\"><span style=\"font-weight: 400;\">Comunicar-se a trav\u00e9s del correu electr\u00f2nic amb els companys de classe i amb els docents utilitzant les funcions b\u00e0siques (destinatari, assumpte, cos, signatura i fitxers adjunts).\u00a0<\/span><\/li>\n<li style=\"font-weight: 400;\" aria-level=\"1\"><span style=\"font-weight: 400;\">Utilitzar les funcions de col\u00b7laboraci\u00f3 de les aplicacions que s\u2019usen en les produccions digitals.\u00a0<\/span><\/li>\n<li style=\"font-weight: 400;\" aria-level=\"1\"><span style=\"font-weight: 400;\">Fer servir els entorns virtuals d\u2019aprenentatge per lliurar tasques i rebre feedback en tasques digitals.\u00a0<\/span><\/li>\n<li style=\"font-weight: 400;\" aria-level=\"1\"><span style=\"font-weight: 400;\">Adoptar mesures de seguretat dels comptes i dels dispositius a partir d\u2019accions senzilles (generant contrasenyes segures i privades, tancant les sessions, etc.) en entorns personals i educatius.\u00a0<\/span><\/li>\n<li style=\"font-weight: 400;\" aria-level=\"1\"><span style=\"font-weight: 400;\">Evitar els riscos f\u00edsics, de manera guiada, mantenint una postura saludable a partir de criteris ergon\u00f2mics, i identificar els riscos emocionals, en l\u2019\u00fas de tecnologies.\u00a0<\/span><\/li>\n<li style=\"font-weight: 400;\" aria-level=\"1\"><span style=\"font-weight: 400;\">Utilitzar, de manera guiada, els recursos del centre i els recursos personals amb efici\u00e8ncia i sostenibilitat (impressions, optimitzaci\u00f3 de l&#8217;espai virtual, malbaratament energ\u00e8tic, etc.).\u00a0<\/span><\/li>\n<li style=\"font-weight: 400;\" aria-level=\"1\"><span style=\"font-weight: 400;\">Programar, amb l\u2019orientaci\u00f3 del docent, seq\u00fc\u00e8ncies simples amb programaci\u00f3 per blocs per resoldre un repte concret.\u00a0<\/span><\/li>\n<\/ul>\n<p><span style=\"font-weight: 400;\">L\u2019escola ha creat una <a href=\"https:\/\/drive.google.com\/file\/d\/1UeGlWIsv3aPUqRDCC6Dq7eJM34jCauZR\/view?usp=sharing\" target=\"_blank\" rel=\"noopener\">r\u00fabrica<\/a> per poder avaluar l\u2019assoliment de la compet\u00e8ncia digital de l\u2019alumnat en finalitzar aquest cicle.<\/span><\/p>\n<p><b>Cicle superior<\/b><\/p>\n<p><span style=\"font-weight: 400;\">En aquesta etapa educativa, el nostre alumnat alumnat ha treballat de forma m\u00e9s intensiva i transversal la compet\u00e8ncia digital i t\u00e9 capacitat per:<\/span><\/p>\n<ul>\n<li style=\"font-weight: 400;\" aria-level=\"1\"><span style=\"font-weight: 400;\">Utilitzar de forma aut\u00f2noma cercadors gen\u00e8rics fent \u00fas d\u2019opcions i d\u2019estrat\u00e8gies senzilles en relaci\u00f3 amb el repte plantejat.\u00a0<\/span><\/li>\n<li style=\"font-weight: 400;\" aria-level=\"1\"><span style=\"font-weight: 400;\">Organitzar i emmagatzemar, de manera guiada, la informaci\u00f3 trobada amb recursos digitals amb una actitud cr\u00edtica sobre els continguts que obt\u00e9 i recuperar-la eficientment.\u00a0<\/span><\/li>\n<li style=\"font-weight: 400;\" aria-level=\"1\"><span style=\"font-weight: 400;\">Seleccionar el format (text, taula, imatge, \u00e0udio, v\u00eddeo, esquemes i mapes conceptuals) m\u00e9s adient de les produccions digitals que es desenvoluparan en una situaci\u00f3 d\u2019aprenentatge.\u00a0<\/span><\/li>\n<li style=\"font-weight: 400;\" aria-level=\"1\"><span style=\"font-weight: 400;\">Crear i editar produccions digitals senzilles de manera aut\u00f2noma..<\/span><\/li>\n<li style=\"font-weight: 400;\" aria-level=\"1\"><span style=\"font-weight: 400;\">Comunicar-se a trav\u00e9s del correu electr\u00f2nic amb els companys de classe i amb els docents utilitzant-ne les funcions avan\u00e7ades (signatura autom\u00e0tica, organitzaci\u00f3 de missatges, programaci\u00f3 d\u2019enviaments, etc.).\u00a0<\/span><\/li>\n<li style=\"font-weight: 400;\" aria-level=\"1\"><span style=\"font-weight: 400;\">Realitzar productes digitals de manera col\u00b7laborativa, tant per a creacions digitals com per a l\u2019organitzaci\u00f3 del treball en grup.<\/span><\/li>\n<li style=\"font-weight: 400;\" aria-level=\"1\"><span style=\"font-weight: 400;\">Fer servir els entorns virtuals d\u2019aprenentatge per lliurar tasques i rebre feedback en tasques digitals, i per interactuar amb els companys i els docents a trav\u00e9s de f\u00f2rums.<\/span><\/li>\n<li style=\"font-weight: 400;\" aria-level=\"1\"><span style=\"font-weight: 400;\">Adoptar mesures de seguretat dels comptes i dispositius a partir d\u2019accions senzilles (generant contrasenyes segures i privades, tancant les sessions, no cedint dades sensibles, etc.) en entorns personals i educatius.\u00a0<\/span><\/li>\n<li style=\"font-weight: 400;\" aria-level=\"1\"><span style=\"font-weight: 400;\">Evitar els riscos f\u00edsics, de manera aut\u00f2noma, mantenint una postura saludable a partir de criteris ergon\u00f2mics, i els riscos emocionals, prevenint conductes addictives i d\u2019assetjament de manera guiada, en l\u2019\u00fas de tecnologies.\u00a0<\/span><\/li>\n<li style=\"font-weight: 400;\" aria-level=\"1\"><span style=\"font-weight: 400;\">Utilitzar, de manera aut\u00f2noma, els recursos del centre i els recursos personals amb efici\u00e8ncia i sostenibilitat ( optimitzaci\u00f3 de l&#8217;espai virtual, malbaratament energ\u00e8tic, etc.).\u00a0<\/span><\/li>\n<li style=\"font-weight: 400;\" aria-level=\"1\"><span style=\"font-weight: 400;\">Desenvolupar algorismes senzills amb programaci\u00f3 per blocs per resoldre de manera creativa un problema concret.<\/span><\/li>\n<li style=\"font-weight: 400;\" aria-level=\"1\"><span style=\"font-weight: 400;\">Dissenyar i implementar construccions i estructures senzilles per resoldre reptes proposats a trav\u00e9s de la rob\u00f2tica.\u00a0<\/span><\/li>\n<\/ul>\n<p><span style=\"font-weight: 400;\">L\u2019escola ha creat una <a href=\"https:\/\/drive.google.com\/file\/d\/1xlrhe2yk94nxsmjTNE2G6wV3bNsNiKqE\/view?usp=sharing\" target=\"_blank\" rel=\"noopener\">r\u00fabrica<\/a> per poder avaluar l\u2019assoliment de la compet\u00e8ncia digital de l\u2019alumnat en finalitzar aquest cicle.<\/span><\/p>\n<p><span style=\"font-weight: 400;\">\u00a0* Per a accedir a les r\u00fabriques es requereix usuari xtec<\/span><\/p>\n","protected":false},"excerpt":{"rendered":"<p>El proc\u00e9s iniciat per l\u2019escola per poder portar a terme el desplegament de la Compet\u00e8ncia digital de l\u2019alumnat ha estat:<\/p>\n<ul>\n<li style=\"font-weight: 400;\" aria-level=\"1\">Recollida de totes les activitats en l&#8217;\u00e0mbit digital que es realitzen al centre.<\/li>\n<li style=\"font-weight: 400;\" aria-level=\"1\">An\u00e0lisi de les compet\u00e8ncies digitals treballades en cada&hellip;  <a href=\"https:\/\/agora.xtec.cat\/ceipgarciacabanes\/lescola\/material-escolar\/estrategia-digital-de-centre\/estrategia-digital\/cultura-digital\/cda\/\" title=\"Read CDA\">Llegeix m\u00e9s\u00bb<\/a><br \/>\n","protected":false},"author":1,"featured_media":0,"parent":10754,"menu_order":0,"comment_status":"closed","ping_status":"closed","template":"","meta":{"_bbp_topic_count":0,"_bbp_reply_count":0,"_bbp_total_topic_count":0,"_bbp_total_reply_count":0,"_bbp_voice_count":0,"_bbp_anonymous_reply_count":0,"_bbp_topic_count_hidden":0,"_bbp_reply_count_hidden":0,"_bbp_forum_subforum_count":0,"footnotes":""},"class_list":["post-10890","page","type-page","status-publish","hentry"],"post_mailing_queue_ids":[],"_links":{"self":[{"href":"https:\/\/agora.xtec.cat\/ceipgarciacabanes\/wp-json\/wp\/v2\/pages\/10890","targetHints":{"allow":["GET"]}}],"collection":[{"href":"https:\/\/agora.xtec.cat\/ceipgarciacabanes\/wp-json\/wp\/v2\/pages"}],"about":[{"href":"https:\/\/agora.xtec.cat\/ceipgarciacabanes\/wp-json\/wp\/v2\/types\/page"}],"author":[{"embeddable":true,"href":"https:\/\/agora.xtec.cat\/ceipgarciacabanes\/wp-json\/wp\/v2\/users\/1"}],"replies":[{"embeddable":true,"href":"https:\/\/agora.xtec.cat\/ceipgarciacabanes\/wp-json\/wp\/v2\/comments?post=10890"}],"version-history":[{"count":4,"href":"https:\/\/agora.xtec.cat\/ceipgarciacabanes\/wp-json\/wp\/v2\/pages\/10890\/revisions"}],"predecessor-version":[{"id":10941,"href":"https:\/\/agora.xtec.cat\/ceipgarciacabanes\/wp-json\/wp\/v2\/pages\/10890\/revisions\/10941"}],"up":[{"embeddable":true,"href":"https:\/\/agora.xtec.cat\/ceipgarciacabanes\/wp-json\/wp\/v2\/pages\/10754"}],"wp:attachment":[{"href":"https:\/\/agora.xtec.cat\/ceipgarciacabanes\/wp-json\/wp\/v2\/media?parent=10890"}],"curies":[{"name":"wp","href":"https:\/\/api.w.org\/{rel}","templated":true}]}}