{"id":10869,"date":"2023-02-09T12:14:44","date_gmt":"2023-02-09T11:14:44","guid":{"rendered":"https:\/\/agora.xtec.cat\/ceipgarciacabanes\/?page_id=10869"},"modified":"2025-12-04T16:24:41","modified_gmt":"2025-12-04T15:24:41","slug":"acolliment-digital","status":"publish","type":"page","link":"https:\/\/agora.xtec.cat\/ceipgarciacabanes\/lescola\/material-escolar\/estrategia-digital-de-centre\/estrategia-digital\/cultura-digital\/acolliment-digital\/","title":{"rendered":"Acolliment Digital"},"content":{"rendered":"<ul class=\"n8H08c UVNKR\">\n<li class=\"TYR86d zfr3Q\" dir=\"ltr\">\n<p class=\"CDt4Ke zfr3Q\" dir=\"ltr\">L&#8217;<strong>acolliment digital<\/strong> forma part de l&#8217;acolliment general de l&#8217;escola.<\/p>\n<\/li>\n<li class=\"TYR86d zfr3Q\" dir=\"ltr\">\n<p class=\"CDt4Ke zfr3Q\" dir=\"ltr\">Tenim en compte la incorporaci\u00f3 de nou alumnat, les noves fam\u00edlies i els nous docents.<\/p>\n<\/li>\n<li class=\"TYR86d zfr3Q\" dir=\"ltr\">\n<p class=\"CDt4Ke zfr3Q\" dir=\"ltr\">Per aquest motiu \u00e9s important establir una planificaci\u00f3 en temes digitals, com quins serveis s&#8217;ofereixen, quines autoritzacions es necessiten, qui s\u00f3n els responsables d&#8217;oferir els diferents serveis, la disponibilitat de maquinari, els diferents usuaris, etc.<\/p>\n<\/li>\n<\/ul>\n<p><a href=\"https:\/\/drive.google.com\/file\/d\/1W5EoHPAN55VZrTW4P2YxJfuE8SLxIN0e\/view?usp=sharing\" target=\"_blank\" rel=\"noopener\"><img loading=\"lazy\" decoding=\"async\" class=\"alignnone wp-image-10915\" src=\"https:\/\/agora.xtec.cat\/ceipgarciacabanes\/wp-content\/uploads\/usu752\/2023\/03\/11.png\" alt=\"\" width=\"200\" height=\"200\" srcset=\"https:\/\/agora.xtec.cat\/ceipgarciacabanes\/wp-content\/uploads\/usu752\/2023\/03\/11.png 500w, https:\/\/agora.xtec.cat\/ceipgarciacabanes\/wp-content\/uploads\/usu752\/2023\/03\/11-300x300.png 300w, https:\/\/agora.xtec.cat\/ceipgarciacabanes\/wp-content\/uploads\/usu752\/2023\/03\/11-150x150.png 150w\" sizes=\"auto, (max-width: 200px) 100vw, 200px\" \/><\/a> <a href=\"https:\/\/drive.google.com\/file\/d\/12PNwcZrvODQedM-F3a244sEv2NiYTC_P\/view?usp=sharing\" target=\"_blank\" rel=\"noopener\"><img loading=\"lazy\" decoding=\"async\" class=\"alignnone wp-image-10916\" src=\"https:\/\/agora.xtec.cat\/ceipgarciacabanes\/wp-content\/uploads\/usu752\/2023\/03\/12.png\" alt=\"\" width=\"200\" height=\"200\" srcset=\"https:\/\/agora.xtec.cat\/ceipgarciacabanes\/wp-content\/uploads\/usu752\/2023\/03\/12.png 500w, https:\/\/agora.xtec.cat\/ceipgarciacabanes\/wp-content\/uploads\/usu752\/2023\/03\/12-300x300.png 300w, https:\/\/agora.xtec.cat\/ceipgarciacabanes\/wp-content\/uploads\/usu752\/2023\/03\/12-150x150.png 150w\" sizes=\"auto, (max-width: 200px) 100vw, 200px\" \/><\/a><\/p>\n","protected":false},"excerpt":{"rendered":"<ul class=\"n8H08c UVNKR\">\n<li class=\"TYR86d zfr3Q\" dir=\"ltr\">\nL&#8217;acolliment digital forma part de l&#8217;acolliment general de l&#8217;escola.\n<\/li>\n<li class=\"TYR86d zfr3Q\" dir=\"ltr\">\nTenim en compte la incorporaci\u00f3 de nou alumnat, les noves fam\u00edlies i els nous docents.\n<\/li>\n<li class=\"TYR86d zfr3Q\" dir=\"ltr\">\nPer aquest motiu \u00e9s important establir una planificaci\u00f3 en temes digitals, com&hellip;  <a href=\"https:\/\/agora.xtec.cat\/ceipgarciacabanes\/lescola\/material-escolar\/estrategia-digital-de-centre\/estrategia-digital\/cultura-digital\/acolliment-digital\/\" title=\"Read Acolliment Digital\">Llegeix m\u00e9s\u00bb<\/a><\/p>\n","protected":false},"author":1,"featured_media":0,"parent":10754,"menu_order":0,"comment_status":"closed","ping_status":"closed","template":"","meta":{"_bbp_topic_count":0,"_bbp_reply_count":0,"_bbp_total_topic_count":0,"_bbp_total_reply_count":0,"_bbp_voice_count":0,"_bbp_anonymous_reply_count":0,"_bbp_topic_count_hidden":0,"_bbp_reply_count_hidden":0,"_bbp_forum_subforum_count":0,"footnotes":""},"class_list":["post-10869","page","type-page","status-publish","hentry"],"post_mailing_queue_ids":[],"_links":{"self":[{"href":"https:\/\/agora.xtec.cat\/ceipgarciacabanes\/wp-json\/wp\/v2\/pages\/10869","targetHints":{"allow":["GET"]}}],"collection":[{"href":"https:\/\/agora.xtec.cat\/ceipgarciacabanes\/wp-json\/wp\/v2\/pages"}],"about":[{"href":"https:\/\/agora.xtec.cat\/ceipgarciacabanes\/wp-json\/wp\/v2\/types\/page"}],"author":[{"embeddable":true,"href":"https:\/\/agora.xtec.cat\/ceipgarciacabanes\/wp-json\/wp\/v2\/users\/1"}],"replies":[{"embeddable":true,"href":"https:\/\/agora.xtec.cat\/ceipgarciacabanes\/wp-json\/wp\/v2\/comments?post=10869"}],"version-history":[{"count":5,"href":"https:\/\/agora.xtec.cat\/ceipgarciacabanes\/wp-json\/wp\/v2\/pages\/10869\/revisions"}],"predecessor-version":[{"id":11086,"href":"https:\/\/agora.xtec.cat\/ceipgarciacabanes\/wp-json\/wp\/v2\/pages\/10869\/revisions\/11086"}],"up":[{"embeddable":true,"href":"https:\/\/agora.xtec.cat\/ceipgarciacabanes\/wp-json\/wp\/v2\/pages\/10754"}],"wp:attachment":[{"href":"https:\/\/agora.xtec.cat\/ceipgarciacabanes\/wp-json\/wp\/v2\/media?parent=10869"}],"curies":[{"name":"wp","href":"https:\/\/api.w.org\/{rel}","templated":true}]}}