{"id":10708,"date":"2022-02-04T16:06:18","date_gmt":"2022-02-04T15:06:18","guid":{"rendered":"https:\/\/agora.xtec.cat\/ceipgarciacabanes\/?page_id=10708"},"modified":"2023-06-15T11:30:30","modified_gmt":"2023-06-15T09:30:30","slug":"estrategia-digital-de-centre","status":"publish","type":"page","link":"https:\/\/agora.xtec.cat\/ceipgarciacabanes\/lescola\/material-escolar\/estrategia-digital-de-centre\/","title":{"rendered":"Estrat\u00e8gia Digital de Centre"},"content":{"rendered":"<p>L\u2019Estrat\u00e8gia Digital de Centre (EDC) \u00e9s un document que recull totes les accions que es realitzen a la nostra escola, i les que es realitzaran a mitj\u00e0 termini, per aconseguir la m\u00e0xima compet\u00e8ncia digital de l\u2019alumnat, del professorat i del centre educatiu.\u00a0 Consta de dos parts:<\/p>\n<p><a href=\"https:\/\/agora.xtec.cat\/ceipgarciacabanes\/lescola\/material-escolar\/estrategia-digital-de-centre\/estrategia-digital\/\" target=\"_blank\" rel=\"noopener\"><img loading=\"lazy\" decoding=\"async\" class=\"alignnone wp-image-10874\" src=\"https:\/\/agora.xtec.cat\/ceipgarciacabanes\/wp-content\/uploads\/usu752\/2023\/02\/1.png\" alt=\"\" width=\"200\" height=\"200\" srcset=\"https:\/\/agora.xtec.cat\/ceipgarciacabanes\/wp-content\/uploads\/usu752\/2023\/02\/1.png 500w, https:\/\/agora.xtec.cat\/ceipgarciacabanes\/wp-content\/uploads\/usu752\/2023\/02\/1-300x300.png 300w, https:\/\/agora.xtec.cat\/ceipgarciacabanes\/wp-content\/uploads\/usu752\/2023\/02\/1-150x150.png 150w\" sizes=\"auto, (max-width: 200px) 100vw, 200px\" \/><\/a><a href=\"https:\/\/agora.xtec.cat\/ceipgarciacabanes\/lescola\/material-escolar\/estrategia-digital-de-centre\/estrategia-digital\/cultura-digital\/\" target=\"_blank\" rel=\"noopener\"><img loading=\"lazy\" decoding=\"async\" class=\"alignnone wp-image-10875\" src=\"https:\/\/agora.xtec.cat\/ceipgarciacabanes\/wp-content\/uploads\/usu752\/2023\/02\/2.png\" alt=\"\" width=\"200\" height=\"200\" srcset=\"https:\/\/agora.xtec.cat\/ceipgarciacabanes\/wp-content\/uploads\/usu752\/2023\/02\/2.png 500w, https:\/\/agora.xtec.cat\/ceipgarciacabanes\/wp-content\/uploads\/usu752\/2023\/02\/2-300x300.png 300w, https:\/\/agora.xtec.cat\/ceipgarciacabanes\/wp-content\/uploads\/usu752\/2023\/02\/2-150x150.png 150w\" sizes=\"auto, (max-width: 200px) 100vw, 200px\" \/>+<\/a><\/p>\n","protected":false},"excerpt":{"rendered":"<p>L\u2019Estrat\u00e8gia Digital de Centre (EDC) \u00e9s un document que recull totes les accions que es realitzen a la nostra escola, i les que es realitzaran a mitj\u00e0 termini, per aconseguir la m\u00e0xima compet\u00e8ncia digital de l\u2019alumnat, del professorat i del centre educatiu.\u00a0 Consta de dos&hellip;  <a href=\"https:\/\/agora.xtec.cat\/ceipgarciacabanes\/lescola\/material-escolar\/estrategia-digital-de-centre\/\" title=\"Read Estrat\u00e8gia Digital de Centre\">Llegeix m\u00e9s\u00bb<\/a><\/p>\n","protected":false},"author":1,"featured_media":0,"parent":36,"menu_order":0,"comment_status":"closed","ping_status":"closed","template":"","meta":{"_bbp_topic_count":0,"_bbp_reply_count":0,"_bbp_total_topic_count":0,"_bbp_total_reply_count":0,"_bbp_voice_count":0,"_bbp_anonymous_reply_count":0,"_bbp_topic_count_hidden":0,"_bbp_reply_count_hidden":0,"_bbp_forum_subforum_count":0,"footnotes":""},"class_list":["post-10708","page","type-page","status-publish","hentry"],"post_mailing_queue_ids":[],"_links":{"self":[{"href":"https:\/\/agora.xtec.cat\/ceipgarciacabanes\/wp-json\/wp\/v2\/pages\/10708","targetHints":{"allow":["GET"]}}],"collection":[{"href":"https:\/\/agora.xtec.cat\/ceipgarciacabanes\/wp-json\/wp\/v2\/pages"}],"about":[{"href":"https:\/\/agora.xtec.cat\/ceipgarciacabanes\/wp-json\/wp\/v2\/types\/page"}],"author":[{"embeddable":true,"href":"https:\/\/agora.xtec.cat\/ceipgarciacabanes\/wp-json\/wp\/v2\/users\/1"}],"replies":[{"embeddable":true,"href":"https:\/\/agora.xtec.cat\/ceipgarciacabanes\/wp-json\/wp\/v2\/comments?post=10708"}],"version-history":[{"count":3,"href":"https:\/\/agora.xtec.cat\/ceipgarciacabanes\/wp-json\/wp\/v2\/pages\/10708\/revisions"}],"predecessor-version":[{"id":10832,"href":"https:\/\/agora.xtec.cat\/ceipgarciacabanes\/wp-json\/wp\/v2\/pages\/10708\/revisions\/10832"}],"up":[{"embeddable":true,"href":"https:\/\/agora.xtec.cat\/ceipgarciacabanes\/wp-json\/wp\/v2\/pages\/36"}],"wp:attachment":[{"href":"https:\/\/agora.xtec.cat\/ceipgarciacabanes\/wp-json\/wp\/v2\/media?parent=10708"}],"curies":[{"name":"wp","href":"https:\/\/api.w.org\/{rel}","templated":true}]}}