{"id":971,"date":"2016-09-16T09:57:59","date_gmt":"2016-09-16T08:57:59","guid":{"rendered":"http:\/\/agora.xtec.cat\/ceipfrigolet\/?page_id=971"},"modified":"2025-10-14T13:22:03","modified_gmt":"2025-10-14T11:22:03","slug":"qui-som","status":"publish","type":"page","link":"https:\/\/agora.xtec.cat\/ceipfrigolet\/lescola\/qui-som\/","title":{"rendered":"Qui som"},"content":{"rendered":"<h1 style=\"text-align: center;\"><strong>Comunitat educativa<\/strong><\/h1>\n<table class=\" aligncenter\" style=\"width: 64.3436%;\">\n<tbody>\n<tr>\n<td style=\"text-align: left; vertical-align: top; width: 33.2527%;\" rowspan=\"2\">\n<h4><strong>EQUIP DIRECTIU <\/strong><\/h4>\n<ul>\n<li><strong>Directora:<\/strong> Eva Peral<\/li>\n<li><strong>Cap d&#8217;Estudis:<\/strong> Mar L\u00f3pez<\/li>\n<li><strong>Secret\u00e0ria:<\/strong> Ester Xarles<\/li>\n<\/ul>\n<h4><b>COMUNITAT DE PETITS<\/b><\/h4>\n<p><strong>Tribu groga (I3, I4 i I5):\u00a0<\/strong>Mireia Royo<\/p>\n<p><strong>Tribu taronja (I3, I4 i I5):\u00a0<\/strong>M\u00f2nica Espu\u00f1a<\/p>\n<p><strong>Suport:\u00a0<\/strong>Neus Santiago i Gabriel Manche\u00f1o<\/p>\n<h4><b>COMUNITAT DE MITJANS<\/b><\/h4>\n<p><strong>Tribu vermella (1r, 2n i 3r):<\/strong> Eva Peral<\/p>\n<p><strong>Tribu rosa (1r, 2n i 3r):<\/strong> Ester Xarles<\/p>\n<p><strong>Suport: <\/strong>Eva Zamudio i Laura Turr\u00f3<\/p>\n<h4><b>COMUNITAT DE GRANS<\/b><\/h4>\n<p><strong>Tribu verd (4t, 5\u00e8 i 6\u00e8):<\/strong> Susanna Serra<\/p>\n<p><strong>Tribu blava (4t, 5\u00e8 i 6\u00e8):<\/strong> Joan Codolar<\/p>\n<p><strong>Suport: <\/strong>Mar L\u00f3pez i Laura Turr\u00f3<\/td>\n<td style=\"vertical-align: top; width: 36.5134%;\" rowspan=\"2\">\n<h4><strong>ESPECIALISTES<\/strong><\/h4>\n<ul>\n<li><strong>Llengua anglesa: <\/strong>M\u00f2nica Espu\u00f1a, Eva Zamudio i Mar L\u00f3pez<\/li>\n<li><strong>Psicomotricitat:\u00a0<\/strong>Mireia Royo<\/li>\n<li><strong>Educaci\u00f3 F\u00edsica:<\/strong> Joan Codolar<\/li>\n<li><strong>Teatre:<\/strong> Mar L\u00f3pez i Laura Turr\u00f3<\/li>\n<li><strong>Educaci\u00f3 musical:\u00a0<\/strong>Gabriel Manche\u00f1o<\/li>\n<li><strong>Educaci\u00f3 visual i pl\u00e0stica:<\/strong> Susanna Serra i Eva Zamudio<\/li>\n<li><strong>Pedagogia terap\u00e8utica: <\/strong>Laura Turr\u00f3<\/li>\n<li><strong>Assistent Personal: <\/strong>Jorge Serra<\/li>\n<\/ul>\n<p>&nbsp;<\/td>\n<td style=\"vertical-align: top; width: 36.6272%;\" rowspan=\"2\">\n<h4><strong>SERVEIS EXTERNS<\/strong><\/h4>\n<p><strong>EAP:<\/strong> Gemma Comas<\/p>\n<p><strong>Serveis Socials:<\/strong> Marta Compte<\/p>\n<p><strong>LIC:<\/strong> Gemma Soler<\/p>\n<h4><strong>SERVEI DE MENJADOR<\/strong><\/h4>\n<p style=\"text-align: left;\"><strong>Cuinera:<\/strong> Maribel Prieto<\/p>\n<p><strong>Monitors:<\/strong><\/p>\n<ul>\n<li>Isabel Puig<\/li>\n<li>\u00c0ngela \u00c0valos<\/li>\n<li>Olga Casado<\/li>\n<li>Carlota Esquerra<\/li>\n<li>Aura Malagelada<\/li>\n<\/ul>\n<p>&nbsp;<\/p>\n<p>&nbsp;<\/td>\n<\/tr>\n<\/tbody>\n<\/table>\n<p>&nbsp;<\/p>\n<p><a href=\"https:\/\/agora.xtec.cat\/ceipfrigolet\/wp-content\/uploads\/usu426\/2025\/10\/Mestres-1-1.jpg\"><img loading=\"lazy\" decoding=\"async\" class=\"aligncenter wp-image-9216\" src=\"https:\/\/agora.xtec.cat\/ceipfrigolet\/wp-content\/uploads\/usu426\/2025\/10\/Mestres-1-1-300x243.jpg\" alt=\"\" width=\"393\" height=\"318\" srcset=\"https:\/\/agora.xtec.cat\/ceipfrigolet\/wp-content\/uploads\/usu426\/2025\/10\/Mestres-1-1-300x243.jpg 300w, https:\/\/agora.xtec.cat\/ceipfrigolet\/wp-content\/uploads\/usu426\/2025\/10\/Mestres-1-1-768x623.jpg 768w, https:\/\/agora.xtec.cat\/ceipfrigolet\/wp-content\/uploads\/usu426\/2025\/10\/Mestres-1-1.jpg 1024w\" sizes=\"auto, (max-width: 393px) 100vw, 393px\" \/><\/a><\/p>\n","protected":false},"excerpt":{"rendered":"<p>Comunitat educativa EQUIP DIRECTIU Directora: Eva Peral Cap d&#8217;Estudis: Mar L\u00f3pez Secret\u00e0ria: Ester Xarles COMUNITAT DE PETITS Tribu groga (I3, I4 i I5):\u00a0Mireia Royo Tribu taronja (I3, I4 i I5):\u00a0M\u00f2nica Espu\u00f1a Suport:\u00a0Neus Santiago i Gabriel Manche\u00f1o COMUNITAT DE MITJANS Tribu vermella (1r, 2n i 3r): Eva Peral Tribu rosa (1r, 2n i 3r): Ester Xarles [&hellip;]<\/p>\n","protected":false},"author":1,"featured_media":0,"parent":22,"menu_order":1,"comment_status":"closed","ping_status":"closed","template":"","meta":{"_bbp_topic_count":0,"_bbp_reply_count":0,"_bbp_total_topic_count":0,"_bbp_total_reply_count":0,"_bbp_voice_count":0,"_bbp_anonymous_reply_count":0,"_bbp_topic_count_hidden":0,"_bbp_reply_count_hidden":0,"_bbp_forum_subforum_count":0,"site-sidebar-layout":"default","site-content-layout":"","ast-site-content-layout":"","site-content-style":"default","site-sidebar-style":"default","ast-global-header-display":"","ast-banner-title-visibility":"","ast-main-header-display":"","ast-hfb-above-header-display":"","ast-hfb-below-header-display":"","ast-hfb-mobile-header-display":"","site-post-title":"","ast-breadcrumbs-content":"","ast-featured-img":"","footer-sml-layout":"","theme-transparent-header-meta":"","adv-header-id-meta":"","stick-header-meta":"","header-above-stick-meta":"","header-main-stick-meta":"","header-below-stick-meta":"","astra-migrate-meta-layouts":"default","ast-page-background-enabled":"default","ast-page-background-meta":{"desktop":{"background-color":"var(--ast-global-color-4)","background-image":"","background-repeat":"repeat","background-position":"center center","background-size":"auto","background-attachment":"scroll","background-type":"","background-media":"","overlay-type":"","overlay-color":"","overlay-opacity":"","overlay-gradient":""},"tablet":{"background-color":"","background-image":"","background-repeat":"repeat","background-position":"center center","background-size":"auto","background-attachment":"scroll","background-type":"","background-media":"","overlay-type":"","overlay-color":"","overlay-opacity":"","overlay-gradient":""},"mobile":{"background-color":"","background-image":"","background-repeat":"repeat","background-position":"center center","background-size":"auto","background-attachment":"scroll","background-type":"","background-media":"","overlay-type":"","overlay-color":"","overlay-opacity":"","overlay-gradient":""}},"ast-content-background-meta":{"desktop":{"background-color":"var(--ast-global-color-5)","background-image":"","background-repeat":"repeat","background-position":"center center","background-size":"auto","background-attachment":"scroll","background-type":"","background-media":"","overlay-type":"","overlay-color":"","overlay-opacity":"","overlay-gradient":""},"tablet":{"background-color":"var(--ast-global-color-5)","background-image":"","background-repeat":"repeat","background-position":"center center","background-size":"auto","background-attachment":"scroll","background-type":"","background-media":"","overlay-type":"","overlay-color":"","overlay-opacity":"","overlay-gradient":""},"mobile":{"background-color":"var(--ast-global-color-5)","background-image":"","background-repeat":"repeat","background-position":"center center","background-size":"auto","background-attachment":"scroll","background-type":"","background-media":"","overlay-type":"","overlay-color":"","overlay-opacity":"","overlay-gradient":""}},"footnotes":""},"class_list":["post-971","page","type-page","status-publish","hentry"],"post_mailing_queue_ids":[],"_links":{"self":[{"href":"https:\/\/agora.xtec.cat\/ceipfrigolet\/wp-json\/wp\/v2\/pages\/971","targetHints":{"allow":["GET"]}}],"collection":[{"href":"https:\/\/agora.xtec.cat\/ceipfrigolet\/wp-json\/wp\/v2\/pages"}],"about":[{"href":"https:\/\/agora.xtec.cat\/ceipfrigolet\/wp-json\/wp\/v2\/types\/page"}],"author":[{"embeddable":true,"href":"https:\/\/agora.xtec.cat\/ceipfrigolet\/wp-json\/wp\/v2\/users\/1"}],"replies":[{"embeddable":true,"href":"https:\/\/agora.xtec.cat\/ceipfrigolet\/wp-json\/wp\/v2\/comments?post=971"}],"version-history":[{"count":5,"href":"https:\/\/agora.xtec.cat\/ceipfrigolet\/wp-json\/wp\/v2\/pages\/971\/revisions"}],"predecessor-version":[{"id":9224,"href":"https:\/\/agora.xtec.cat\/ceipfrigolet\/wp-json\/wp\/v2\/pages\/971\/revisions\/9224"}],"up":[{"embeddable":true,"href":"https:\/\/agora.xtec.cat\/ceipfrigolet\/wp-json\/wp\/v2\/pages\/22"}],"wp:attachment":[{"href":"https:\/\/agora.xtec.cat\/ceipfrigolet\/wp-json\/wp\/v2\/media?parent=971"}],"curies":[{"name":"wp","href":"https:\/\/api.w.org\/{rel}","templated":true}]}}