{"id":8855,"date":"2024-10-16T15:47:23","date_gmt":"2024-10-16T13:47:23","guid":{"rendered":"https:\/\/agora.xtec.cat\/ceipfrigolet\/?page_id=8855"},"modified":"2024-11-20T15:48:21","modified_gmt":"2024-11-20T14:48:21","slug":"maletes-dautor","status":"publish","type":"page","link":"https:\/\/agora.xtec.cat\/ceipfrigolet\/biblioteca\/dinamitzacio-lectora\/maletes-dautor\/","title":{"rendered":"Bagul d&#8217;autor"},"content":{"rendered":"<p>De tant en tant, apareix a l&#8217;escola un <strong>bagul\u00a0d&#8217;autor<\/strong>. Es tracta d&#8217;un <strong>recull de llibres i material<\/strong> en relaci\u00f3 a una persona que ha aportat noves creacions a la nostra societat, que hagi estat autor\/a en qualsevol de les seves formes.<\/p>\n<p>Amb el <strong>material literari com a provocaci\u00f3<\/strong>, aquest bagul acaba essent la motivaci\u00f3 per<strong> con\u00e8ixer m\u00e9s a fons la persona, la seva obra i aportaci\u00f3 i les seves idees<\/strong>, escampant-se les propostes per tota la comunitat educativa.<\/p>\n<p><a href=\"https:\/\/agora.xtec.cat\/ceipfrigolet\/wp-content\/uploads\/usu426\/2024\/10\/Presentacio-sense-titol-5.jpg\"><img loading=\"lazy\" decoding=\"async\" class=\"aligncenter  wp-image-8877\" src=\"https:\/\/agora.xtec.cat\/ceipfrigolet\/wp-content\/uploads\/usu426\/2024\/10\/Presentacio-sense-titol-5-300x169.jpg\" alt=\"\" width=\"541\" height=\"305\" srcset=\"https:\/\/agora.xtec.cat\/ceipfrigolet\/wp-content\/uploads\/usu426\/2024\/10\/Presentacio-sense-titol-5-300x169.jpg 300w, https:\/\/agora.xtec.cat\/ceipfrigolet\/wp-content\/uploads\/usu426\/2024\/10\/Presentacio-sense-titol-5-768x432.jpg 768w, https:\/\/agora.xtec.cat\/ceipfrigolet\/wp-content\/uploads\/usu426\/2024\/10\/Presentacio-sense-titol-5.jpg 960w\" sizes=\"auto, (max-width: 541px) 100vw, 541px\" \/><\/a><\/p>\n<p>&nbsp;<\/p>\n","protected":false},"excerpt":{"rendered":"<p>De tant en tant, apareix a l&#8217;escola un bagul\u00a0d&#8217;autor. Es tracta d&#8217;un recull de llibres i material en relaci\u00f3 a una persona que ha aportat noves creacions a la nostra societat, que hagi estat autor\/a en qualsevol de les seves formes. Amb el material literari com a provocaci\u00f3, aquest bagul acaba essent la motivaci\u00f3 per [&hellip;]<\/p>\n","protected":false},"author":1,"featured_media":0,"parent":8621,"menu_order":0,"comment_status":"closed","ping_status":"closed","template":"","meta":{"_bbp_topic_count":0,"_bbp_reply_count":0,"_bbp_total_topic_count":0,"_bbp_total_reply_count":0,"_bbp_voice_count":0,"_bbp_anonymous_reply_count":0,"_bbp_topic_count_hidden":0,"_bbp_reply_count_hidden":0,"_bbp_forum_subforum_count":0,"site-sidebar-layout":"default","site-content-layout":"","ast-site-content-layout":"","site-content-style":"default","site-sidebar-style":"default","ast-global-header-display":"","ast-banner-title-visibility":"","ast-main-header-display":"","ast-hfb-above-header-display":"","ast-hfb-below-header-display":"","ast-hfb-mobile-header-display":"","site-post-title":"","ast-breadcrumbs-content":"","ast-featured-img":"","footer-sml-layout":"","theme-transparent-header-meta":"","adv-header-id-meta":"","stick-header-meta":"","header-above-stick-meta":"","header-main-stick-meta":"","header-below-stick-meta":"","astra-migrate-meta-layouts":"default","ast-page-background-enabled":"default","ast-page-background-meta":{"desktop":{"background-color":"var(--ast-global-color-4)","background-image":"","background-repeat":"repeat","background-position":"center center","background-size":"auto","background-attachment":"scroll","background-type":"","background-media":"","overlay-type":"","overlay-color":"","overlay-opacity":"","overlay-gradient":""},"tablet":{"background-color":"","background-image":"","background-repeat":"repeat","background-position":"center center","background-size":"auto","background-attachment":"scroll","background-type":"","background-media":"","overlay-type":"","overlay-color":"","overlay-opacity":"","overlay-gradient":""},"mobile":{"background-color":"","background-image":"","background-repeat":"repeat","background-position":"center center","background-size":"auto","background-attachment":"scroll","background-type":"","background-media":"","overlay-type":"","overlay-color":"","overlay-opacity":"","overlay-gradient":""}},"ast-content-background-meta":{"desktop":{"background-color":"var(--ast-global-color-5)","background-image":"","background-repeat":"repeat","background-position":"center center","background-size":"auto","background-attachment":"scroll","background-type":"","background-media":"","overlay-type":"","overlay-color":"","overlay-opacity":"","overlay-gradient":""},"tablet":{"background-color":"var(--ast-global-color-5)","background-image":"","background-repeat":"repeat","background-position":"center center","background-size":"auto","background-attachment":"scroll","background-type":"","background-media":"","overlay-type":"","overlay-color":"","overlay-opacity":"","overlay-gradient":""},"mobile":{"background-color":"var(--ast-global-color-5)","background-image":"","background-repeat":"repeat","background-position":"center center","background-size":"auto","background-attachment":"scroll","background-type":"","background-media":"","overlay-type":"","overlay-color":"","overlay-opacity":"","overlay-gradient":""}},"footnotes":""},"class_list":["post-8855","page","type-page","status-publish","hentry"],"post_mailing_queue_ids":[],"_links":{"self":[{"href":"https:\/\/agora.xtec.cat\/ceipfrigolet\/wp-json\/wp\/v2\/pages\/8855","targetHints":{"allow":["GET"]}}],"collection":[{"href":"https:\/\/agora.xtec.cat\/ceipfrigolet\/wp-json\/wp\/v2\/pages"}],"about":[{"href":"https:\/\/agora.xtec.cat\/ceipfrigolet\/wp-json\/wp\/v2\/types\/page"}],"author":[{"embeddable":true,"href":"https:\/\/agora.xtec.cat\/ceipfrigolet\/wp-json\/wp\/v2\/users\/1"}],"replies":[{"embeddable":true,"href":"https:\/\/agora.xtec.cat\/ceipfrigolet\/wp-json\/wp\/v2\/comments?post=8855"}],"version-history":[{"count":4,"href":"https:\/\/agora.xtec.cat\/ceipfrigolet\/wp-json\/wp\/v2\/pages\/8855\/revisions"}],"predecessor-version":[{"id":8935,"href":"https:\/\/agora.xtec.cat\/ceipfrigolet\/wp-json\/wp\/v2\/pages\/8855\/revisions\/8935"}],"up":[{"embeddable":true,"href":"https:\/\/agora.xtec.cat\/ceipfrigolet\/wp-json\/wp\/v2\/pages\/8621"}],"wp:attachment":[{"href":"https:\/\/agora.xtec.cat\/ceipfrigolet\/wp-json\/wp\/v2\/media?parent=8855"}],"curies":[{"name":"wp","href":"https:\/\/api.w.org\/{rel}","templated":true}]}}