{"id":8456,"date":"2024-04-11T13:18:56","date_gmt":"2024-04-11T11:18:56","guid":{"rendered":"https:\/\/agora.xtec.cat\/ceipfrigolet\/?page_id=8456"},"modified":"2024-04-17T12:16:55","modified_gmt":"2024-04-17T10:16:55","slug":"objectius-biblioteca","status":"publish","type":"page","link":"https:\/\/agora.xtec.cat\/ceipfrigolet\/biblioteca\/objectius-biblioteca\/","title":{"rendered":"Objectius de la biblioteca"},"content":{"rendered":"<table style=\"height: 102px; width: 99.7576%; border-collapse: collapse; border-style: solid; border-color: #000000; background-color: #f0c9ed;\">\n<tbody>\n<tr>\n<td style=\"width: 100%;\">\n<h4><span style=\"font-weight: 400;\">L\u2019objectiu principal \u00e9s potenciar l\u2019\u00fas de la biblioteca escolar com un espai de recursos on es trobi informaci\u00f3 en tot tipus de suport per a la construcci\u00f3 del propi coneixement de forma aut\u00f2noma. <\/span><\/h4>\n<\/td>\n<\/tr>\n<\/tbody>\n<\/table>\n<p><span style=\"font-weight: 400;\">D\u2019aquest objectiu principal, en deriven altres subobjectius:<\/span><\/p>\n<table style=\"width: 100%; border-collapse: collapse; border-style: solid;\">\n<tbody>\n<tr>\n<td style=\"width: 99.8788%;\">\n<ul>\n<li style=\"font-weight: 400;\" aria-level=\"1\">\n<h5><span style=\"font-weight: 400;\">Potenciar la lectura com a estrat\u00e8gia per gaudir i aprendre llegint.<\/span><\/h5>\n<\/li>\n<li style=\"font-weight: 400;\" aria-level=\"1\">\n<h5><span style=\"font-weight: 400;\">Promoure la recerca efectiva, fent de la lectura l\u2019eina per a l\u2019aprenentatge en els diferents \u00e0mbits curriculars.\u00a0<\/span><\/h5>\n<\/li>\n<li style=\"font-weight: 400;\" aria-level=\"1\">\n<h5><span style=\"font-weight: 400;\">Engegar propostes i experi\u00e8ncies globals que incentivin la cerca d\u2019informaci\u00f3 en diferents formats.\u00a0<\/span><\/h5>\n<\/li>\n<li style=\"font-weight: 400;\" aria-level=\"1\">\n<h5><span style=\"font-weight: 400;\">Fomentar la lectura i pensament cr\u00edtic reflexiu, per afrontar amb esperit racional experi\u00e8ncies, informaci\u00f3 i decisions a fer.\u00a0<\/span><\/h5>\n<\/li>\n<li style=\"font-weight: 400;\" aria-level=\"1\">\n<h5><span style=\"font-weight: 400;\">Col\u00b7laborar amb les entitats de la zona (biblioteques p\u00fabliques, Serveis Educatius, programes educatius\u2026) per compartir i construir coneixement.\u00a0<\/span><\/h5>\n<\/li>\n<li style=\"font-weight: 400;\" aria-level=\"1\">\n<h5><span style=\"font-weight: 400;\">Obrir la biblioteca a tota la comunitat educativa.<\/span><\/h5>\n<\/li>\n<li style=\"font-weight: 400;\" aria-level=\"1\">\n<h5><span style=\"font-weight: 400;\">Crear un banc de recursos digitals (contes digitals, diari virtual, webs, revistes\u2026).<\/span><\/h5>\n<\/li>\n<\/ul>\n<\/td>\n<\/tr>\n<\/tbody>\n<\/table>\n","protected":false},"excerpt":{"rendered":"<p>L\u2019objectiu principal \u00e9s potenciar l\u2019\u00fas de la biblioteca escolar com un espai de recursos on es trobi informaci\u00f3 en tot tipus de suport per a la construcci\u00f3 del propi coneixement de forma aut\u00f2noma. D\u2019aquest objectiu principal, en deriven altres subobjectius: Potenciar la lectura com a estrat\u00e8gia per gaudir i aprendre llegint. Promoure la recerca efectiva, [&hellip;]<\/p>\n","protected":false},"author":1,"featured_media":0,"parent":7978,"menu_order":0,"comment_status":"closed","ping_status":"closed","template":"","meta":{"_bbp_topic_count":0,"_bbp_reply_count":0,"_bbp_total_topic_count":0,"_bbp_total_reply_count":0,"_bbp_voice_count":0,"_bbp_anonymous_reply_count":0,"_bbp_topic_count_hidden":0,"_bbp_reply_count_hidden":0,"_bbp_forum_subforum_count":0,"site-sidebar-layout":"default","site-content-layout":"","ast-site-content-layout":"","site-content-style":"default","site-sidebar-style":"default","ast-global-header-display":"","ast-banner-title-visibility":"","ast-main-header-display":"","ast-hfb-above-header-display":"","ast-hfb-below-header-display":"","ast-hfb-mobile-header-display":"","site-post-title":"","ast-breadcrumbs-content":"","ast-featured-img":"","footer-sml-layout":"","theme-transparent-header-meta":"","adv-header-id-meta":"","stick-header-meta":"","header-above-stick-meta":"","header-main-stick-meta":"","header-below-stick-meta":"","astra-migrate-meta-layouts":"default","ast-page-background-enabled":"default","ast-page-background-meta":{"desktop":{"background-color":"var(--ast-global-color-4)","background-image":"","background-repeat":"repeat","background-position":"center center","background-size":"auto","background-attachment":"scroll","background-type":"","background-media":"","overlay-type":"","overlay-color":"","overlay-opacity":"","overlay-gradient":""},"tablet":{"background-color":"","background-image":"","background-repeat":"repeat","background-position":"center center","background-size":"auto","background-attachment":"scroll","background-type":"","background-media":"","overlay-type":"","overlay-color":"","overlay-opacity":"","overlay-gradient":""},"mobile":{"background-color":"","background-image":"","background-repeat":"repeat","background-position":"center center","background-size":"auto","background-attachment":"scroll","background-type":"","background-media":"","overlay-type":"","overlay-color":"","overlay-opacity":"","overlay-gradient":""}},"ast-content-background-meta":{"desktop":{"background-color":"var(--ast-global-color-5)","background-image":"","background-repeat":"repeat","background-position":"center center","background-size":"auto","background-attachment":"scroll","background-type":"","background-media":"","overlay-type":"","overlay-color":"","overlay-opacity":"","overlay-gradient":""},"tablet":{"background-color":"var(--ast-global-color-5)","background-image":"","background-repeat":"repeat","background-position":"center center","background-size":"auto","background-attachment":"scroll","background-type":"","background-media":"","overlay-type":"","overlay-color":"","overlay-opacity":"","overlay-gradient":""},"mobile":{"background-color":"var(--ast-global-color-5)","background-image":"","background-repeat":"repeat","background-position":"center center","background-size":"auto","background-attachment":"scroll","background-type":"","background-media":"","overlay-type":"","overlay-color":"","overlay-opacity":"","overlay-gradient":""}},"footnotes":""},"class_list":["post-8456","page","type-page","status-publish","hentry"],"post_mailing_queue_ids":[],"_links":{"self":[{"href":"https:\/\/agora.xtec.cat\/ceipfrigolet\/wp-json\/wp\/v2\/pages\/8456","targetHints":{"allow":["GET"]}}],"collection":[{"href":"https:\/\/agora.xtec.cat\/ceipfrigolet\/wp-json\/wp\/v2\/pages"}],"about":[{"href":"https:\/\/agora.xtec.cat\/ceipfrigolet\/wp-json\/wp\/v2\/types\/page"}],"author":[{"embeddable":true,"href":"https:\/\/agora.xtec.cat\/ceipfrigolet\/wp-json\/wp\/v2\/users\/1"}],"replies":[{"embeddable":true,"href":"https:\/\/agora.xtec.cat\/ceipfrigolet\/wp-json\/wp\/v2\/comments?post=8456"}],"version-history":[{"count":6,"href":"https:\/\/agora.xtec.cat\/ceipfrigolet\/wp-json\/wp\/v2\/pages\/8456\/revisions"}],"predecessor-version":[{"id":8486,"href":"https:\/\/agora.xtec.cat\/ceipfrigolet\/wp-json\/wp\/v2\/pages\/8456\/revisions\/8486"}],"up":[{"embeddable":true,"href":"https:\/\/agora.xtec.cat\/ceipfrigolet\/wp-json\/wp\/v2\/pages\/7978"}],"wp:attachment":[{"href":"https:\/\/agora.xtec.cat\/ceipfrigolet\/wp-json\/wp\/v2\/media?parent=8456"}],"curies":[{"name":"wp","href":"https:\/\/api.w.org\/{rel}","templated":true}]}}