{"id":8357,"date":"2024-03-11T13:56:27","date_gmt":"2024-03-11T12:56:27","guid":{"rendered":"https:\/\/agora.xtec.cat\/ceipfrigolet\/?page_id=8357"},"modified":"2024-10-16T15:38:15","modified_gmt":"2024-10-16T13:38:15","slug":"setmanes-literaries","status":"publish","type":"page","link":"https:\/\/agora.xtec.cat\/ceipfrigolet\/biblioteca\/dinamitzacio-lectora\/setmanes-literaries\/","title":{"rendered":"Setmanes tem\u00e0tiques i liter\u00e0ries"},"content":{"rendered":"<p>Cada curs gaudim de<strong> setmanes tem\u00e0tiques<\/strong> en les quals i<span style=\"font-weight: 400;\">ntentem donar <strong>visibilitat i import\u00e0ncia a temes transversals del curr\u00edculum<\/strong> com: la coeducaci\u00f3, la viol\u00e8ncia de g\u00e8nere, les dones cient\u00edfiques, el medi ambient, la pau\u2026 <\/span><\/p>\n<p><span style=\"font-weight: 400;\">Es munta una exposici\u00f3 al passad\u00eds durant un parell de setmanes perqu\u00e8 tota la comunitat educativa els conegui i els pugui treballar des de les diferents tribus.\u00a0<\/span><\/p>\n<p><span style=\"font-weight: 400;\">Les <strong>setmanes liter\u00e0ries<\/strong> es dediquen als <strong>diferents g\u00e8neres literaris<\/strong>: la poesia, el c\u00f2mic, els llibres antics, els llibres musicats.. Durant una setmana tota l\u2019escola treballa el g\u00e8nere literari triat de manera globalitzat , intentant que les diferents \u00e0rees tinguin cabuda. L\u2019exposici\u00f3 del passad\u00eds mostra diferents formats del g\u00e8nere i t\u00e9 en compte les necessitats, la tipologia de l\u2019alumnat, els interessos\u2026<\/span><\/p>\n","protected":false},"excerpt":{"rendered":"<p>Cada curs gaudim de setmanes tem\u00e0tiques en les quals intentem donar visibilitat i import\u00e0ncia a temes transversals del curr\u00edculum com: la coeducaci\u00f3, la viol\u00e8ncia de g\u00e8nere, les dones cient\u00edfiques, el medi ambient, la pau\u2026 Es munta una exposici\u00f3 al passad\u00eds durant un parell de setmanes perqu\u00e8 tota la comunitat educativa els conegui i els pugui [&hellip;]<\/p>\n","protected":false},"author":1,"featured_media":0,"parent":8621,"menu_order":0,"comment_status":"closed","ping_status":"closed","template":"","meta":{"_bbp_topic_count":0,"_bbp_reply_count":0,"_bbp_total_topic_count":0,"_bbp_total_reply_count":0,"_bbp_voice_count":0,"_bbp_anonymous_reply_count":0,"_bbp_topic_count_hidden":0,"_bbp_reply_count_hidden":0,"_bbp_forum_subforum_count":0,"site-sidebar-layout":"default","site-content-layout":"","ast-site-content-layout":"","site-content-style":"default","site-sidebar-style":"default","ast-global-header-display":"","ast-banner-title-visibility":"","ast-main-header-display":"","ast-hfb-above-header-display":"","ast-hfb-below-header-display":"","ast-hfb-mobile-header-display":"","site-post-title":"","ast-breadcrumbs-content":"","ast-featured-img":"","footer-sml-layout":"","theme-transparent-header-meta":"","adv-header-id-meta":"","stick-header-meta":"","header-above-stick-meta":"","header-main-stick-meta":"","header-below-stick-meta":"","astra-migrate-meta-layouts":"default","ast-page-background-enabled":"default","ast-page-background-meta":{"desktop":{"background-color":"var(--ast-global-color-4)","background-image":"","background-repeat":"repeat","background-position":"center center","background-size":"auto","background-attachment":"scroll","background-type":"","background-media":"","overlay-type":"","overlay-color":"","overlay-opacity":"","overlay-gradient":""},"tablet":{"background-color":"","background-image":"","background-repeat":"repeat","background-position":"center center","background-size":"auto","background-attachment":"scroll","background-type":"","background-media":"","overlay-type":"","overlay-color":"","overlay-opacity":"","overlay-gradient":""},"mobile":{"background-color":"","background-image":"","background-repeat":"repeat","background-position":"center center","background-size":"auto","background-attachment":"scroll","background-type":"","background-media":"","overlay-type":"","overlay-color":"","overlay-opacity":"","overlay-gradient":""}},"ast-content-background-meta":{"desktop":{"background-color":"var(--ast-global-color-5)","background-image":"","background-repeat":"repeat","background-position":"center center","background-size":"auto","background-attachment":"scroll","background-type":"","background-media":"","overlay-type":"","overlay-color":"","overlay-opacity":"","overlay-gradient":""},"tablet":{"background-color":"var(--ast-global-color-5)","background-image":"","background-repeat":"repeat","background-position":"center center","background-size":"auto","background-attachment":"scroll","background-type":"","background-media":"","overlay-type":"","overlay-color":"","overlay-opacity":"","overlay-gradient":""},"mobile":{"background-color":"var(--ast-global-color-5)","background-image":"","background-repeat":"repeat","background-position":"center center","background-size":"auto","background-attachment":"scroll","background-type":"","background-media":"","overlay-type":"","overlay-color":"","overlay-opacity":"","overlay-gradient":""}},"footnotes":""},"class_list":["post-8357","page","type-page","status-publish","hentry"],"post_mailing_queue_ids":[],"_links":{"self":[{"href":"https:\/\/agora.xtec.cat\/ceipfrigolet\/wp-json\/wp\/v2\/pages\/8357","targetHints":{"allow":["GET"]}}],"collection":[{"href":"https:\/\/agora.xtec.cat\/ceipfrigolet\/wp-json\/wp\/v2\/pages"}],"about":[{"href":"https:\/\/agora.xtec.cat\/ceipfrigolet\/wp-json\/wp\/v2\/types\/page"}],"author":[{"embeddable":true,"href":"https:\/\/agora.xtec.cat\/ceipfrigolet\/wp-json\/wp\/v2\/users\/1"}],"replies":[{"embeddable":true,"href":"https:\/\/agora.xtec.cat\/ceipfrigolet\/wp-json\/wp\/v2\/comments?post=8357"}],"version-history":[{"count":4,"href":"https:\/\/agora.xtec.cat\/ceipfrigolet\/wp-json\/wp\/v2\/pages\/8357\/revisions"}],"predecessor-version":[{"id":8854,"href":"https:\/\/agora.xtec.cat\/ceipfrigolet\/wp-json\/wp\/v2\/pages\/8357\/revisions\/8854"}],"up":[{"embeddable":true,"href":"https:\/\/agora.xtec.cat\/ceipfrigolet\/wp-json\/wp\/v2\/pages\/8621"}],"wp:attachment":[{"href":"https:\/\/agora.xtec.cat\/ceipfrigolet\/wp-json\/wp\/v2\/media?parent=8357"}],"curies":[{"name":"wp","href":"https:\/\/api.w.org\/{rel}","templated":true}]}}