{"id":8355,"date":"2024-03-11T13:54:48","date_gmt":"2024-03-11T12:54:48","guid":{"rendered":"https:\/\/agora.xtec.cat\/ceipfrigolet\/?page_id=8355"},"modified":"2024-10-16T15:31:47","modified_gmt":"2024-10-16T13:31:47","slug":"bibliorevolucio","status":"publish","type":"page","link":"https:\/\/agora.xtec.cat\/ceipfrigolet\/biblioteca\/bibliorevolucio\/","title":{"rendered":"Biblio(r)evoluci\u00f3"},"content":{"rendered":"<p><span style=\"font-weight: 400;\">L\u2019escola Frigolet inicia el projecte de Biblioteca el curs 2017-2018 participant al programa \u201c<strong>Biblio(r)evoluci\u00f3<\/strong>\u201d, impulsat per la Fundaci\u00f3 Jaume Bofill.<\/span><\/p>\n<p><span style=\"font-weight: 400;\">El proc\u00e9s de crear la biblioteca tal com \u00e9s avui en dia, ve influenciat per la necessitat de tenir m\u00e9s recursos a nivell literari, una millor catalogaci\u00f3 del material i la decisi\u00f3 de no utilitzar llibres de text (cal que la biblioteca serveix com a fons d\u2019informaci\u00f3 qualitativa).<\/span><\/p>\n<p><span style=\"font-weight: 400;\">En el moment d&#8217;iniciar el projecte, va ser molt important la funci\u00f3 de l\u2019equip impulsor, format per mestres i fam\u00edlies, qui van rebre una formaci\u00f3 espec\u00edfica i van poder visitar altres biblioteques escolars i p\u00fabliques de Catalunya, per despr\u00e9s formar a la resta del claustre i impulsar una acci\u00f3 transformadora compartida titulada \u201c<a href=\"https:\/\/agora.xtec.cat\/ceipfrigolet\/biblioteca\/laboratoris-dinspiracio\/\"><strong>Laboratoris d\u2019inspiraci\u00f3<\/strong><\/a>\u201d, una estrat\u00e8gia per portar la biblioteca a les aules de l\u2019escola.<\/span><\/p>\n<table style=\"width: 100%; border-collapse: collapse; border-style: solid; border-color: #000000; background-color: #edccea;\">\n<tbody>\n<tr>\n<td style=\"width: 100%;\">\n<h5><strong>El nostre repte: <\/strong>millorar la recerca i utilitzaci\u00f3 dels llibres de coneixement en el treball de reptes i projectes de l&#8217;escola.<\/h5>\n<h5><strong>L&#8217;objectiu:<\/strong> proporcionar la recerca d&#8217;informaci\u00f3 \u00fatil, fiable i de qualitat ja sigui en format digital o en paper.<\/h5>\n<\/td>\n<\/tr>\n<\/tbody>\n<\/table>\n<p><a href=\"https:\/\/agora.xtec.cat\/ceipfrigolet\/wp-content\/uploads\/usu426\/2024\/10\/Presentacio-sense-titol-3.jpg\"><img loading=\"lazy\" decoding=\"async\" class=\"aligncenter wp-image-8845\" src=\"https:\/\/agora.xtec.cat\/ceipfrigolet\/wp-content\/uploads\/usu426\/2024\/10\/Presentacio-sense-titol-3-300x169.jpg\" alt=\"\" width=\"490\" height=\"276\" srcset=\"https:\/\/agora.xtec.cat\/ceipfrigolet\/wp-content\/uploads\/usu426\/2024\/10\/Presentacio-sense-titol-3-300x169.jpg 300w, https:\/\/agora.xtec.cat\/ceipfrigolet\/wp-content\/uploads\/usu426\/2024\/10\/Presentacio-sense-titol-3-768x432.jpg 768w, https:\/\/agora.xtec.cat\/ceipfrigolet\/wp-content\/uploads\/usu426\/2024\/10\/Presentacio-sense-titol-3.jpg 960w\" sizes=\"auto, (max-width: 490px) 100vw, 490px\" \/><\/a><\/p>\n","protected":false},"excerpt":{"rendered":"<p>L\u2019escola Frigolet inicia el projecte de Biblioteca el curs 2017-2018 participant al programa \u201cBiblio(r)evoluci\u00f3\u201d, impulsat per la Fundaci\u00f3 Jaume Bofill. El proc\u00e9s de crear la biblioteca tal com \u00e9s avui en dia, ve influenciat per la necessitat de tenir m\u00e9s recursos a nivell literari, una millor catalogaci\u00f3 del material i la decisi\u00f3 de no utilitzar [&hellip;]<\/p>\n","protected":false},"author":1,"featured_media":0,"parent":7978,"menu_order":0,"comment_status":"closed","ping_status":"closed","template":"","meta":{"_bbp_topic_count":0,"_bbp_reply_count":0,"_bbp_total_topic_count":0,"_bbp_total_reply_count":0,"_bbp_voice_count":0,"_bbp_anonymous_reply_count":0,"_bbp_topic_count_hidden":0,"_bbp_reply_count_hidden":0,"_bbp_forum_subforum_count":0,"site-sidebar-layout":"default","site-content-layout":"","ast-site-content-layout":"","site-content-style":"default","site-sidebar-style":"default","ast-global-header-display":"","ast-banner-title-visibility":"","ast-main-header-display":"","ast-hfb-above-header-display":"","ast-hfb-below-header-display":"","ast-hfb-mobile-header-display":"","site-post-title":"","ast-breadcrumbs-content":"","ast-featured-img":"","footer-sml-layout":"","theme-transparent-header-meta":"","adv-header-id-meta":"","stick-header-meta":"","header-above-stick-meta":"","header-main-stick-meta":"","header-below-stick-meta":"","astra-migrate-meta-layouts":"default","ast-page-background-enabled":"default","ast-page-background-meta":{"desktop":{"background-color":"var(--ast-global-color-4)","background-image":"","background-repeat":"repeat","background-position":"center center","background-size":"auto","background-attachment":"scroll","background-type":"","background-media":"","overlay-type":"","overlay-color":"","overlay-opacity":"","overlay-gradient":""},"tablet":{"background-color":"","background-image":"","background-repeat":"repeat","background-position":"center center","background-size":"auto","background-attachment":"scroll","background-type":"","background-media":"","overlay-type":"","overlay-color":"","overlay-opacity":"","overlay-gradient":""},"mobile":{"background-color":"","background-image":"","background-repeat":"repeat","background-position":"center center","background-size":"auto","background-attachment":"scroll","background-type":"","background-media":"","overlay-type":"","overlay-color":"","overlay-opacity":"","overlay-gradient":""}},"ast-content-background-meta":{"desktop":{"background-color":"var(--ast-global-color-5)","background-image":"","background-repeat":"repeat","background-position":"center center","background-size":"auto","background-attachment":"scroll","background-type":"","background-media":"","overlay-type":"","overlay-color":"","overlay-opacity":"","overlay-gradient":""},"tablet":{"background-color":"var(--ast-global-color-5)","background-image":"","background-repeat":"repeat","background-position":"center center","background-size":"auto","background-attachment":"scroll","background-type":"","background-media":"","overlay-type":"","overlay-color":"","overlay-opacity":"","overlay-gradient":""},"mobile":{"background-color":"var(--ast-global-color-5)","background-image":"","background-repeat":"repeat","background-position":"center center","background-size":"auto","background-attachment":"scroll","background-type":"","background-media":"","overlay-type":"","overlay-color":"","overlay-opacity":"","overlay-gradient":""}},"footnotes":""},"class_list":["post-8355","page","type-page","status-publish","hentry"],"post_mailing_queue_ids":[],"_links":{"self":[{"href":"https:\/\/agora.xtec.cat\/ceipfrigolet\/wp-json\/wp\/v2\/pages\/8355","targetHints":{"allow":["GET"]}}],"collection":[{"href":"https:\/\/agora.xtec.cat\/ceipfrigolet\/wp-json\/wp\/v2\/pages"}],"about":[{"href":"https:\/\/agora.xtec.cat\/ceipfrigolet\/wp-json\/wp\/v2\/types\/page"}],"author":[{"embeddable":true,"href":"https:\/\/agora.xtec.cat\/ceipfrigolet\/wp-json\/wp\/v2\/users\/1"}],"replies":[{"embeddable":true,"href":"https:\/\/agora.xtec.cat\/ceipfrigolet\/wp-json\/wp\/v2\/comments?post=8355"}],"version-history":[{"count":6,"href":"https:\/\/agora.xtec.cat\/ceipfrigolet\/wp-json\/wp\/v2\/pages\/8355\/revisions"}],"predecessor-version":[{"id":8847,"href":"https:\/\/agora.xtec.cat\/ceipfrigolet\/wp-json\/wp\/v2\/pages\/8355\/revisions\/8847"}],"up":[{"embeddable":true,"href":"https:\/\/agora.xtec.cat\/ceipfrigolet\/wp-json\/wp\/v2\/pages\/7978"}],"wp:attachment":[{"href":"https:\/\/agora.xtec.cat\/ceipfrigolet\/wp-json\/wp\/v2\/media?parent=8355"}],"curies":[{"name":"wp","href":"https:\/\/api.w.org\/{rel}","templated":true}]}}