{"id":8351,"date":"2024-03-11T13:52:11","date_gmt":"2024-03-11T12:52:11","guid":{"rendered":"https:\/\/agora.xtec.cat\/ceipfrigolet\/?page_id=8351"},"modified":"2024-05-15T12:11:15","modified_gmt":"2024-05-15T10:11:15","slug":"sofa-de-lectura","status":"publish","type":"page","link":"https:\/\/agora.xtec.cat\/ceipfrigolet\/biblioteca\/dinamitzacio-lectora\/sofa-de-lectura\/","title":{"rendered":"Sof\u00e0 de lectura"},"content":{"rendered":"<p>El sof\u00e0 de lectura \u00e9s una <span style=\"font-weight: 400;\">proposta dinamitzada pel CRP del Pla de l\u2019Estany <\/span>en <strong>coordinaci\u00f3 amb les instituts de la comarca<\/strong>.<\/p>\n<p><span style=\"font-weight: 400;\">Un cop per setmana alumnes de <strong>1r a 3r d\u2019ESO<\/strong> venen a l\u2019escola a participar del sof\u00e0 de lectura, una activitat que afavoreix l\u2019acompanyament lector dels alumnes de la <strong>comunitat de mitjans (1r, 2n i 3r de prim\u00e0ria)<\/strong>. Aquesta activitat es realitza a l\u2019espai de la biblioteca escolar on hi ha un sof\u00e0 per gaudir d\u2019una estona relaxada compartint hist\u00f2ries.<\/span><\/p>\n<p><a href=\"https:\/\/agora.xtec.cat\/ceipfrigolet\/wp-content\/uploads\/usu426\/2024\/03\/sofa-de-lectura-1-e1715767857472.jpg\"><img loading=\"lazy\" decoding=\"async\" class=\"aligncenter wp-image-8353 \" src=\"https:\/\/agora.xtec.cat\/ceipfrigolet\/wp-content\/uploads\/usu426\/2024\/03\/sofa-de-lectura-1-e1715767857472-300x170.jpg\" alt=\"\" width=\"602\" height=\"341\" srcset=\"https:\/\/agora.xtec.cat\/ceipfrigolet\/wp-content\/uploads\/usu426\/2024\/03\/sofa-de-lectura-1-e1715767857472-300x170.jpg 300w, https:\/\/agora.xtec.cat\/ceipfrigolet\/wp-content\/uploads\/usu426\/2024\/03\/sofa-de-lectura-1-e1715767857472-1024x579.jpg 1024w, https:\/\/agora.xtec.cat\/ceipfrigolet\/wp-content\/uploads\/usu426\/2024\/03\/sofa-de-lectura-1-e1715767857472-768x434.jpg 768w, https:\/\/agora.xtec.cat\/ceipfrigolet\/wp-content\/uploads\/usu426\/2024\/03\/sofa-de-lectura-1-e1715767857472.jpg 1120w\" sizes=\"auto, (max-width: 602px) 100vw, 602px\" \/><\/a><\/p>\n","protected":false},"excerpt":{"rendered":"<p>El sof\u00e0 de lectura \u00e9s una proposta dinamitzada pel CRP del Pla de l\u2019Estany en coordinaci\u00f3 amb les instituts de la comarca. Un cop per setmana alumnes de 1r a 3r d\u2019ESO venen a l\u2019escola a participar del sof\u00e0 de lectura, una activitat que afavoreix l\u2019acompanyament lector dels alumnes de la comunitat de mitjans (1r, [&hellip;]<\/p>\n","protected":false},"author":1,"featured_media":0,"parent":8621,"menu_order":0,"comment_status":"closed","ping_status":"closed","template":"","meta":{"_bbp_topic_count":0,"_bbp_reply_count":0,"_bbp_total_topic_count":0,"_bbp_total_reply_count":0,"_bbp_voice_count":0,"_bbp_anonymous_reply_count":0,"_bbp_topic_count_hidden":0,"_bbp_reply_count_hidden":0,"_bbp_forum_subforum_count":0,"site-sidebar-layout":"default","site-content-layout":"","ast-site-content-layout":"","site-content-style":"default","site-sidebar-style":"default","ast-global-header-display":"","ast-banner-title-visibility":"","ast-main-header-display":"","ast-hfb-above-header-display":"","ast-hfb-below-header-display":"","ast-hfb-mobile-header-display":"","site-post-title":"","ast-breadcrumbs-content":"","ast-featured-img":"","footer-sml-layout":"","theme-transparent-header-meta":"","adv-header-id-meta":"","stick-header-meta":"","header-above-stick-meta":"","header-main-stick-meta":"","header-below-stick-meta":"","astra-migrate-meta-layouts":"default","ast-page-background-enabled":"default","ast-page-background-meta":{"desktop":{"background-color":"var(--ast-global-color-4)","background-image":"","background-repeat":"repeat","background-position":"center center","background-size":"auto","background-attachment":"scroll","background-type":"","background-media":"","overlay-type":"","overlay-color":"","overlay-opacity":"","overlay-gradient":""},"tablet":{"background-color":"","background-image":"","background-repeat":"repeat","background-position":"center center","background-size":"auto","background-attachment":"scroll","background-type":"","background-media":"","overlay-type":"","overlay-color":"","overlay-opacity":"","overlay-gradient":""},"mobile":{"background-color":"","background-image":"","background-repeat":"repeat","background-position":"center center","background-size":"auto","background-attachment":"scroll","background-type":"","background-media":"","overlay-type":"","overlay-color":"","overlay-opacity":"","overlay-gradient":""}},"ast-content-background-meta":{"desktop":{"background-color":"var(--ast-global-color-5)","background-image":"","background-repeat":"repeat","background-position":"center center","background-size":"auto","background-attachment":"scroll","background-type":"","background-media":"","overlay-type":"","overlay-color":"","overlay-opacity":"","overlay-gradient":""},"tablet":{"background-color":"var(--ast-global-color-5)","background-image":"","background-repeat":"repeat","background-position":"center center","background-size":"auto","background-attachment":"scroll","background-type":"","background-media":"","overlay-type":"","overlay-color":"","overlay-opacity":"","overlay-gradient":""},"mobile":{"background-color":"var(--ast-global-color-5)","background-image":"","background-repeat":"repeat","background-position":"center center","background-size":"auto","background-attachment":"scroll","background-type":"","background-media":"","overlay-type":"","overlay-color":"","overlay-opacity":"","overlay-gradient":""}},"footnotes":""},"class_list":["post-8351","page","type-page","status-publish","hentry"],"post_mailing_queue_ids":[],"_links":{"self":[{"href":"https:\/\/agora.xtec.cat\/ceipfrigolet\/wp-json\/wp\/v2\/pages\/8351","targetHints":{"allow":["GET"]}}],"collection":[{"href":"https:\/\/agora.xtec.cat\/ceipfrigolet\/wp-json\/wp\/v2\/pages"}],"about":[{"href":"https:\/\/agora.xtec.cat\/ceipfrigolet\/wp-json\/wp\/v2\/types\/page"}],"author":[{"embeddable":true,"href":"https:\/\/agora.xtec.cat\/ceipfrigolet\/wp-json\/wp\/v2\/users\/1"}],"replies":[{"embeddable":true,"href":"https:\/\/agora.xtec.cat\/ceipfrigolet\/wp-json\/wp\/v2\/comments?post=8351"}],"version-history":[{"count":3,"href":"https:\/\/agora.xtec.cat\/ceipfrigolet\/wp-json\/wp\/v2\/pages\/8351\/revisions"}],"predecessor-version":[{"id":8641,"href":"https:\/\/agora.xtec.cat\/ceipfrigolet\/wp-json\/wp\/v2\/pages\/8351\/revisions\/8641"}],"up":[{"embeddable":true,"href":"https:\/\/agora.xtec.cat\/ceipfrigolet\/wp-json\/wp\/v2\/pages\/8621"}],"wp:attachment":[{"href":"https:\/\/agora.xtec.cat\/ceipfrigolet\/wp-json\/wp\/v2\/media?parent=8351"}],"curies":[{"name":"wp","href":"https:\/\/api.w.org\/{rel}","templated":true}]}}