{"id":8317,"date":"2024-03-05T13:30:55","date_gmt":"2024-03-05T12:30:55","guid":{"rendered":"https:\/\/agora.xtec.cat\/ceipfrigolet\/?page_id=8317"},"modified":"2024-10-16T15:37:27","modified_gmt":"2024-10-16T13:37:27","slug":"clubs-de-lectura","status":"publish","type":"page","link":"https:\/\/agora.xtec.cat\/ceipfrigolet\/biblioteca\/dinamitzacio-lectora\/clubs-de-lectura\/","title":{"rendered":"Clubs de lectura"},"content":{"rendered":"<p><span style=\"font-weight: 400;\">Cada trimestre les <strong>comunitats de mitjans i grans<\/strong> realitzen un <strong>club de lectura<\/strong> de tem\u00e0tica variada: c\u00f2mic, poesia, \u00e0lbum il\u00b7lustrat\u2026 proposat i escollit per les mestres (amb assessorament previ de bibliotecaris i\/o recomanacions de persones expertes o b\u00e9 aprofitant els lots de llibres que facilita la central de Biblioteques). <\/span><\/p>\n<p><span style=\"font-weight: 400;\">Aquesta activitat es realitza a nivell de tribu, on els nens i nenes fan una primera lectura a casa i posteriorment, es crea un <strong>espai de tert\u00falia<\/strong> dins l&#8217;escola on s\u2019intercanvien opinions combinant el plaer de la lectura i el de la conversa al voltant d\u2019un llibre. Algunes vegades, es convida a una persona externa (bibliotecaris\/es, il\u00b7lustradors\/es, escriptors\/es, familiars&#8230;) a dinamitzar aquesta activitat. En el debat es poden tractar temes relacionats amb els personatges, l\u2019estil literari, l\u2019acci\u00f3\u2026 i \u00e9s freq\u00fcent derivar cap a experi\u00e8ncies personals a partir del que s\u2019ha llegit.\u00a0<\/span><\/p>\n<p><a href=\"https:\/\/agora.xtec.cat\/ceipfrigolet\/wp-content\/uploads\/usu426\/2024\/10\/IMG-20240408-WA0029.jpg\"><img loading=\"lazy\" decoding=\"async\" class=\"aligncenter  wp-image-8852\" src=\"https:\/\/agora.xtec.cat\/ceipfrigolet\/wp-content\/uploads\/usu426\/2024\/10\/IMG-20240408-WA0029-300x225.jpg\" alt=\"\" width=\"405\" height=\"304\" srcset=\"https:\/\/agora.xtec.cat\/ceipfrigolet\/wp-content\/uploads\/usu426\/2024\/10\/IMG-20240408-WA0029-300x225.jpg 300w, https:\/\/agora.xtec.cat\/ceipfrigolet\/wp-content\/uploads\/usu426\/2024\/10\/IMG-20240408-WA0029-1024x768.jpg 1024w, https:\/\/agora.xtec.cat\/ceipfrigolet\/wp-content\/uploads\/usu426\/2024\/10\/IMG-20240408-WA0029-768x576.jpg 768w, https:\/\/agora.xtec.cat\/ceipfrigolet\/wp-content\/uploads\/usu426\/2024\/10\/IMG-20240408-WA0029-1536x1152.jpg 1536w, https:\/\/agora.xtec.cat\/ceipfrigolet\/wp-content\/uploads\/usu426\/2024\/10\/IMG-20240408-WA0029-200x150.jpg 200w, https:\/\/agora.xtec.cat\/ceipfrigolet\/wp-content\/uploads\/usu426\/2024\/10\/IMG-20240408-WA0029.jpg 2048w\" sizes=\"auto, (max-width: 405px) 100vw, 405px\" \/><\/a><\/p>\n","protected":false},"excerpt":{"rendered":"<p>Cada trimestre les comunitats de mitjans i grans realitzen un club de lectura de tem\u00e0tica variada: c\u00f2mic, poesia, \u00e0lbum il\u00b7lustrat\u2026 proposat i escollit per les mestres (amb assessorament previ de bibliotecaris i\/o recomanacions de persones expertes o b\u00e9 aprofitant els lots de llibres que facilita la central de Biblioteques). Aquesta activitat es realitza a nivell [&hellip;]<\/p>\n","protected":false},"author":1,"featured_media":0,"parent":8621,"menu_order":0,"comment_status":"closed","ping_status":"closed","template":"","meta":{"_bbp_topic_count":0,"_bbp_reply_count":0,"_bbp_total_topic_count":0,"_bbp_total_reply_count":0,"_bbp_voice_count":0,"_bbp_anonymous_reply_count":0,"_bbp_topic_count_hidden":0,"_bbp_reply_count_hidden":0,"_bbp_forum_subforum_count":0,"site-sidebar-layout":"default","site-content-layout":"","ast-site-content-layout":"","site-content-style":"default","site-sidebar-style":"default","ast-global-header-display":"","ast-banner-title-visibility":"","ast-main-header-display":"","ast-hfb-above-header-display":"","ast-hfb-below-header-display":"","ast-hfb-mobile-header-display":"","site-post-title":"","ast-breadcrumbs-content":"","ast-featured-img":"","footer-sml-layout":"","theme-transparent-header-meta":"","adv-header-id-meta":"","stick-header-meta":"","header-above-stick-meta":"","header-main-stick-meta":"","header-below-stick-meta":"","astra-migrate-meta-layouts":"default","ast-page-background-enabled":"default","ast-page-background-meta":{"desktop":{"background-color":"var(--ast-global-color-4)","background-image":"","background-repeat":"repeat","background-position":"center center","background-size":"auto","background-attachment":"scroll","background-type":"","background-media":"","overlay-type":"","overlay-color":"","overlay-opacity":"","overlay-gradient":""},"tablet":{"background-color":"","background-image":"","background-repeat":"repeat","background-position":"center center","background-size":"auto","background-attachment":"scroll","background-type":"","background-media":"","overlay-type":"","overlay-color":"","overlay-opacity":"","overlay-gradient":""},"mobile":{"background-color":"","background-image":"","background-repeat":"repeat","background-position":"center center","background-size":"auto","background-attachment":"scroll","background-type":"","background-media":"","overlay-type":"","overlay-color":"","overlay-opacity":"","overlay-gradient":""}},"ast-content-background-meta":{"desktop":{"background-color":"var(--ast-global-color-5)","background-image":"","background-repeat":"repeat","background-position":"center center","background-size":"auto","background-attachment":"scroll","background-type":"","background-media":"","overlay-type":"","overlay-color":"","overlay-opacity":"","overlay-gradient":""},"tablet":{"background-color":"var(--ast-global-color-5)","background-image":"","background-repeat":"repeat","background-position":"center center","background-size":"auto","background-attachment":"scroll","background-type":"","background-media":"","overlay-type":"","overlay-color":"","overlay-opacity":"","overlay-gradient":""},"mobile":{"background-color":"var(--ast-global-color-5)","background-image":"","background-repeat":"repeat","background-position":"center center","background-size":"auto","background-attachment":"scroll","background-type":"","background-media":"","overlay-type":"","overlay-color":"","overlay-opacity":"","overlay-gradient":""}},"footnotes":""},"class_list":["post-8317","page","type-page","status-publish","hentry"],"post_mailing_queue_ids":[],"_links":{"self":[{"href":"https:\/\/agora.xtec.cat\/ceipfrigolet\/wp-json\/wp\/v2\/pages\/8317","targetHints":{"allow":["GET"]}}],"collection":[{"href":"https:\/\/agora.xtec.cat\/ceipfrigolet\/wp-json\/wp\/v2\/pages"}],"about":[{"href":"https:\/\/agora.xtec.cat\/ceipfrigolet\/wp-json\/wp\/v2\/types\/page"}],"author":[{"embeddable":true,"href":"https:\/\/agora.xtec.cat\/ceipfrigolet\/wp-json\/wp\/v2\/users\/1"}],"replies":[{"embeddable":true,"href":"https:\/\/agora.xtec.cat\/ceipfrigolet\/wp-json\/wp\/v2\/comments?post=8317"}],"version-history":[{"count":3,"href":"https:\/\/agora.xtec.cat\/ceipfrigolet\/wp-json\/wp\/v2\/pages\/8317\/revisions"}],"predecessor-version":[{"id":8853,"href":"https:\/\/agora.xtec.cat\/ceipfrigolet\/wp-json\/wp\/v2\/pages\/8317\/revisions\/8853"}],"up":[{"embeddable":true,"href":"https:\/\/agora.xtec.cat\/ceipfrigolet\/wp-json\/wp\/v2\/pages\/8621"}],"wp:attachment":[{"href":"https:\/\/agora.xtec.cat\/ceipfrigolet\/wp-json\/wp\/v2\/media?parent=8317"}],"curies":[{"name":"wp","href":"https:\/\/api.w.org\/{rel}","templated":true}]}}