{"id":8314,"date":"2024-03-05T13:19:56","date_gmt":"2024-03-05T12:19:56","guid":{"rendered":"https:\/\/agora.xtec.cat\/ceipfrigolet\/?page_id=8314"},"modified":"2024-10-16T15:34:51","modified_gmt":"2024-10-16T13:34:51","slug":"pla-lector","status":"publish","type":"page","link":"https:\/\/agora.xtec.cat\/ceipfrigolet\/biblioteca\/pla-lector\/","title":{"rendered":"Pla lector"},"content":{"rendered":"<p><span style=\"font-weight: 400;\">El pla lector \u00e9s una actuaci\u00f3 que t\u00e9 com a objectiu <strong>afavorir el gust per la lectura i millorar la compet\u00e8ncia lectora.\u00a0<\/strong><\/span><\/p>\n<p><span style=\"font-weight: 400;\">Tota l\u2019escola dedica la <strong>primers 30 minuts<\/strong>\u00a0<strong>de cada dia<\/strong> a realitzar propostes relacionades amb el pla lector.\u00a0<\/span><\/p>\n<p><span style=\"font-weight: 400;\">En aquesta franja hor\u00e0ria comptem amb una primera part de<strong> lectura individual lliure<\/strong> (15 minuts), on cadasc\u00fa pot llegir el llibre, conte, revista,\u00a0 \u00e0lbum il\u00b7lustrat, poema\u2026 que li vingui de gust; i una segona part de<strong> lectura en veu alta<\/strong> (15 minuts), on un lector expert\u00a0 llegeix en veu alta un fragment del llibre que la tribu est\u00e0 llegint en aquell moment, proporcionant aix\u00ed, un espai de modelatge. <\/span><\/p>\n<p><span style=\"font-weight: 400;\">En aquest sentit, potenciem que l\u2019alumnat pugui escoltar diferents g\u00e8neres literaris, diferents lectors (referents adults o altres infants de m\u00e9s edat) i diferents idiomes (catal\u00e0, castell\u00e0 i angl\u00e8s) amb l&#8217;objectiu que s\u2019adonin que existeix una gran varietat de formes d\u2019expressi\u00f3, comunicaci\u00f3 i entonaci\u00f3, i en definitiva, vagin adquirint la seva pr\u00f2pia ess\u00e8ncia que els identifica. <\/span><\/p>\n<p><span style=\"font-weight: 400;\"><a href=\"https:\/\/agora.xtec.cat\/ceipfrigolet\/wp-content\/uploads\/usu426\/2024\/10\/IMG_20240511_153139_376.webp\"><img loading=\"lazy\" decoding=\"async\" class=\"aligncenter  wp-image-8850\" src=\"https:\/\/agora.xtec.cat\/ceipfrigolet\/wp-content\/uploads\/usu426\/2024\/10\/IMG_20240511_153139_376-300x300.webp\" alt=\"\" width=\"335\" height=\"335\" srcset=\"https:\/\/agora.xtec.cat\/ceipfrigolet\/wp-content\/uploads\/usu426\/2024\/10\/IMG_20240511_153139_376-300x300.webp 300w, https:\/\/agora.xtec.cat\/ceipfrigolet\/wp-content\/uploads\/usu426\/2024\/10\/IMG_20240511_153139_376-1024x1024.webp 1024w, https:\/\/agora.xtec.cat\/ceipfrigolet\/wp-content\/uploads\/usu426\/2024\/10\/IMG_20240511_153139_376-150x150.webp 150w, https:\/\/agora.xtec.cat\/ceipfrigolet\/wp-content\/uploads\/usu426\/2024\/10\/IMG_20240511_153139_376-768x768.webp 768w, https:\/\/agora.xtec.cat\/ceipfrigolet\/wp-content\/uploads\/usu426\/2024\/10\/IMG_20240511_153139_376.webp 1440w\" sizes=\"auto, (max-width: 335px) 100vw, 335px\" \/><\/a><\/span><\/p>\n","protected":false},"excerpt":{"rendered":"<p>El pla lector \u00e9s una actuaci\u00f3 que t\u00e9 com a objectiu afavorir el gust per la lectura i millorar la compet\u00e8ncia lectora.\u00a0 Tota l\u2019escola dedica la primers 30 minuts\u00a0de cada dia a realitzar propostes relacionades amb el pla lector.\u00a0 En aquesta franja hor\u00e0ria comptem amb una primera part de lectura individual lliure (15 minuts), on [&hellip;]<\/p>\n","protected":false},"author":1,"featured_media":0,"parent":7978,"menu_order":0,"comment_status":"closed","ping_status":"closed","template":"","meta":{"_bbp_topic_count":0,"_bbp_reply_count":0,"_bbp_total_topic_count":0,"_bbp_total_reply_count":0,"_bbp_voice_count":0,"_bbp_anonymous_reply_count":0,"_bbp_topic_count_hidden":0,"_bbp_reply_count_hidden":0,"_bbp_forum_subforum_count":0,"site-sidebar-layout":"default","site-content-layout":"","ast-site-content-layout":"","site-content-style":"default","site-sidebar-style":"default","ast-global-header-display":"","ast-banner-title-visibility":"","ast-main-header-display":"","ast-hfb-above-header-display":"","ast-hfb-below-header-display":"","ast-hfb-mobile-header-display":"","site-post-title":"","ast-breadcrumbs-content":"","ast-featured-img":"","footer-sml-layout":"","theme-transparent-header-meta":"","adv-header-id-meta":"","stick-header-meta":"","header-above-stick-meta":"","header-main-stick-meta":"","header-below-stick-meta":"","astra-migrate-meta-layouts":"default","ast-page-background-enabled":"default","ast-page-background-meta":{"desktop":{"background-color":"var(--ast-global-color-4)","background-image":"","background-repeat":"repeat","background-position":"center center","background-size":"auto","background-attachment":"scroll","background-type":"","background-media":"","overlay-type":"","overlay-color":"","overlay-opacity":"","overlay-gradient":""},"tablet":{"background-color":"","background-image":"","background-repeat":"repeat","background-position":"center center","background-size":"auto","background-attachment":"scroll","background-type":"","background-media":"","overlay-type":"","overlay-color":"","overlay-opacity":"","overlay-gradient":""},"mobile":{"background-color":"","background-image":"","background-repeat":"repeat","background-position":"center center","background-size":"auto","background-attachment":"scroll","background-type":"","background-media":"","overlay-type":"","overlay-color":"","overlay-opacity":"","overlay-gradient":""}},"ast-content-background-meta":{"desktop":{"background-color":"var(--ast-global-color-5)","background-image":"","background-repeat":"repeat","background-position":"center center","background-size":"auto","background-attachment":"scroll","background-type":"","background-media":"","overlay-type":"","overlay-color":"","overlay-opacity":"","overlay-gradient":""},"tablet":{"background-color":"var(--ast-global-color-5)","background-image":"","background-repeat":"repeat","background-position":"center center","background-size":"auto","background-attachment":"scroll","background-type":"","background-media":"","overlay-type":"","overlay-color":"","overlay-opacity":"","overlay-gradient":""},"mobile":{"background-color":"var(--ast-global-color-5)","background-image":"","background-repeat":"repeat","background-position":"center center","background-size":"auto","background-attachment":"scroll","background-type":"","background-media":"","overlay-type":"","overlay-color":"","overlay-opacity":"","overlay-gradient":""}},"footnotes":""},"class_list":["post-8314","page","type-page","status-publish","hentry"],"post_mailing_queue_ids":[],"_links":{"self":[{"href":"https:\/\/agora.xtec.cat\/ceipfrigolet\/wp-json\/wp\/v2\/pages\/8314","targetHints":{"allow":["GET"]}}],"collection":[{"href":"https:\/\/agora.xtec.cat\/ceipfrigolet\/wp-json\/wp\/v2\/pages"}],"about":[{"href":"https:\/\/agora.xtec.cat\/ceipfrigolet\/wp-json\/wp\/v2\/types\/page"}],"author":[{"embeddable":true,"href":"https:\/\/agora.xtec.cat\/ceipfrigolet\/wp-json\/wp\/v2\/users\/1"}],"replies":[{"embeddable":true,"href":"https:\/\/agora.xtec.cat\/ceipfrigolet\/wp-json\/wp\/v2\/comments?post=8314"}],"version-history":[{"count":5,"href":"https:\/\/agora.xtec.cat\/ceipfrigolet\/wp-json\/wp\/v2\/pages\/8314\/revisions"}],"predecessor-version":[{"id":8851,"href":"https:\/\/agora.xtec.cat\/ceipfrigolet\/wp-json\/wp\/v2\/pages\/8314\/revisions\/8851"}],"up":[{"embeddable":true,"href":"https:\/\/agora.xtec.cat\/ceipfrigolet\/wp-json\/wp\/v2\/pages\/7978"}],"wp:attachment":[{"href":"https:\/\/agora.xtec.cat\/ceipfrigolet\/wp-json\/wp\/v2\/media?parent=8314"}],"curies":[{"name":"wp","href":"https:\/\/api.w.org\/{rel}","templated":true}]}}