{"id":8307,"date":"2024-03-05T13:12:07","date_gmt":"2024-03-05T12:12:07","guid":{"rendered":"https:\/\/agora.xtec.cat\/ceipfrigolet\/?page_id=8307"},"modified":"2024-09-25T15:45:53","modified_gmt":"2024-09-25T13:45:53","slug":"laboratoris-dinspiracio","status":"publish","type":"page","link":"https:\/\/agora.xtec.cat\/ceipfrigolet\/biblioteca\/dinamitzacio-lectora\/laboratoris-dinspiracio\/","title":{"rendered":"Laboratoris d&#8217;inspiraci\u00f3"},"content":{"rendered":"<p>&nbsp;<\/p>\n<table style=\"width: 98.4036%; border-collapse: collapse; border-style: solid; border-color: #000000; background-color: #f0c5ea;\">\n<tbody>\n<tr>\n<td style=\"width: 100%;\">\n<h5><span style=\"font-weight: 400;\">\u201cUn laboratori d\u2019inspiraci\u00f3 \u00e9s un espai f\u00edsic a les aules amb recursos, que busca la provocaci\u00f3 per activar i despertar la curiositat, l\u2019inter\u00e8s i l\u2019aprenentatge dels infants.\u201d<\/span><\/h5>\n<\/td>\n<\/tr>\n<\/tbody>\n<\/table>\n<p><span style=\"font-weight: 400;\">Els laboratoris d\u2019inspiraci\u00f3 s\u00f3n una <strong>acci\u00f3 creada i dissenyada per l\u2019equip del Frigolet<\/strong> en base a diferents formacions i propostes realitzades durant el proc\u00e9s de \u201cBiblio(r)evoluci\u00f3\u201d.\u00a0<\/span><\/p>\n<p>Si voleu saber-ne m\u00e9s us convidem a<strong> clicar sobre la imatge i podreu veure un v\u00eddeo<\/strong> explicatiu:<\/p>\n<p><a href=\"https:\/\/drive.google.com\/file\/d\/1KmL4TdJ_WXKft8bSyplcnWM0RhxOHZzP\/view?usp=drive_link\"><img loading=\"lazy\" decoding=\"async\" class=\"aligncenter wp-image-8801\" src=\"https:\/\/agora.xtec.cat\/ceipfrigolet\/wp-content\/uploads\/usu426\/2024\/09\/Presentacio-sense-titol-4-1-e1727271619999-300x251.jpg\" alt=\"\" width=\"517\" height=\"433\" srcset=\"https:\/\/agora.xtec.cat\/ceipfrigolet\/wp-content\/uploads\/usu426\/2024\/09\/Presentacio-sense-titol-4-1-e1727271619999-300x250.jpg 300w, https:\/\/agora.xtec.cat\/ceipfrigolet\/wp-content\/uploads\/usu426\/2024\/09\/Presentacio-sense-titol-4-1-e1727271619999.jpg 646w\" sizes=\"auto, (max-width: 517px) 100vw, 517px\" \/><\/a><\/p>\n<p>&nbsp;<\/p>\n<p>&nbsp;<\/p>\n","protected":false},"excerpt":{"rendered":"<p>&nbsp; \u201cUn laboratori d\u2019inspiraci\u00f3 \u00e9s un espai f\u00edsic a les aules amb recursos, que busca la provocaci\u00f3 per activar i despertar la curiositat, l\u2019inter\u00e8s i l\u2019aprenentatge dels infants.\u201d Els laboratoris d\u2019inspiraci\u00f3 s\u00f3n una acci\u00f3 creada i dissenyada per l\u2019equip del Frigolet en base a diferents formacions i propostes realitzades durant el proc\u00e9s de \u201cBiblio(r)evoluci\u00f3\u201d.\u00a0 Si [&hellip;]<\/p>\n","protected":false},"author":1,"featured_media":0,"parent":8621,"menu_order":0,"comment_status":"closed","ping_status":"closed","template":"","meta":{"_bbp_topic_count":0,"_bbp_reply_count":0,"_bbp_total_topic_count":0,"_bbp_total_reply_count":0,"_bbp_voice_count":0,"_bbp_anonymous_reply_count":0,"_bbp_topic_count_hidden":0,"_bbp_reply_count_hidden":0,"_bbp_forum_subforum_count":0,"site-sidebar-layout":"default","site-content-layout":"","ast-site-content-layout":"","site-content-style":"default","site-sidebar-style":"default","ast-global-header-display":"","ast-banner-title-visibility":"","ast-main-header-display":"","ast-hfb-above-header-display":"","ast-hfb-below-header-display":"","ast-hfb-mobile-header-display":"","site-post-title":"","ast-breadcrumbs-content":"","ast-featured-img":"","footer-sml-layout":"","theme-transparent-header-meta":"","adv-header-id-meta":"","stick-header-meta":"","header-above-stick-meta":"","header-main-stick-meta":"","header-below-stick-meta":"","astra-migrate-meta-layouts":"default","ast-page-background-enabled":"default","ast-page-background-meta":{"desktop":{"background-color":"var(--ast-global-color-4)","background-image":"","background-repeat":"repeat","background-position":"center center","background-size":"auto","background-attachment":"scroll","background-type":"","background-media":"","overlay-type":"","overlay-color":"","overlay-opacity":"","overlay-gradient":""},"tablet":{"background-color":"","background-image":"","background-repeat":"repeat","background-position":"center center","background-size":"auto","background-attachment":"scroll","background-type":"","background-media":"","overlay-type":"","overlay-color":"","overlay-opacity":"","overlay-gradient":""},"mobile":{"background-color":"","background-image":"","background-repeat":"repeat","background-position":"center center","background-size":"auto","background-attachment":"scroll","background-type":"","background-media":"","overlay-type":"","overlay-color":"","overlay-opacity":"","overlay-gradient":""}},"ast-content-background-meta":{"desktop":{"background-color":"var(--ast-global-color-5)","background-image":"","background-repeat":"repeat","background-position":"center center","background-size":"auto","background-attachment":"scroll","background-type":"","background-media":"","overlay-type":"","overlay-color":"","overlay-opacity":"","overlay-gradient":""},"tablet":{"background-color":"var(--ast-global-color-5)","background-image":"","background-repeat":"repeat","background-position":"center center","background-size":"auto","background-attachment":"scroll","background-type":"","background-media":"","overlay-type":"","overlay-color":"","overlay-opacity":"","overlay-gradient":""},"mobile":{"background-color":"var(--ast-global-color-5)","background-image":"","background-repeat":"repeat","background-position":"center center","background-size":"auto","background-attachment":"scroll","background-type":"","background-media":"","overlay-type":"","overlay-color":"","overlay-opacity":"","overlay-gradient":""}},"footnotes":""},"class_list":["post-8307","page","type-page","status-publish","hentry"],"post_mailing_queue_ids":[],"_links":{"self":[{"href":"https:\/\/agora.xtec.cat\/ceipfrigolet\/wp-json\/wp\/v2\/pages\/8307","targetHints":{"allow":["GET"]}}],"collection":[{"href":"https:\/\/agora.xtec.cat\/ceipfrigolet\/wp-json\/wp\/v2\/pages"}],"about":[{"href":"https:\/\/agora.xtec.cat\/ceipfrigolet\/wp-json\/wp\/v2\/types\/page"}],"author":[{"embeddable":true,"href":"https:\/\/agora.xtec.cat\/ceipfrigolet\/wp-json\/wp\/v2\/users\/1"}],"replies":[{"embeddable":true,"href":"https:\/\/agora.xtec.cat\/ceipfrigolet\/wp-json\/wp\/v2\/comments?post=8307"}],"version-history":[{"count":6,"href":"https:\/\/agora.xtec.cat\/ceipfrigolet\/wp-json\/wp\/v2\/pages\/8307\/revisions"}],"predecessor-version":[{"id":8805,"href":"https:\/\/agora.xtec.cat\/ceipfrigolet\/wp-json\/wp\/v2\/pages\/8307\/revisions\/8805"}],"up":[{"embeddable":true,"href":"https:\/\/agora.xtec.cat\/ceipfrigolet\/wp-json\/wp\/v2\/pages\/8621"}],"wp:attachment":[{"href":"https:\/\/agora.xtec.cat\/ceipfrigolet\/wp-json\/wp\/v2\/media?parent=8307"}],"curies":[{"name":"wp","href":"https:\/\/api.w.org\/{rel}","templated":true}]}}