{"id":8256,"date":"2024-02-28T12:28:05","date_gmt":"2024-02-28T11:28:05","guid":{"rendered":"https:\/\/agora.xtec.cat\/ceipfrigolet\/?page_id=8256"},"modified":"2024-02-28T12:28:05","modified_gmt":"2024-02-28T11:28:05","slug":"ambient-de-joc-simbolic","status":"publish","type":"page","link":"https:\/\/agora.xtec.cat\/ceipfrigolet\/ambient-de-joc-simbolic\/","title":{"rendered":"Ambient de Joc Simb\u00f2lic"},"content":{"rendered":"<p><strong>Els espais i les propostes d\u2019aquesta aula afavoreixen:<\/strong><\/p>\n<ul>\n<li>La representaci\u00f3 de la vida quotidiana o imagin\u00e0ria<\/li>\n<li>L&#8217;expressivitat i creativitat mitjan\u00e7ant el llenguatge verbal i el no verbal (el cos)<\/li>\n<li>L&#8217;estructuraci\u00f3 mental a trav\u00e9s de la seq\u00fcenciaci\u00f3 i representaci\u00f3 d&#8217;hist\u00f2ries<\/li>\n<li>El desenvolupament del llenguatge oral<\/li>\n<li>L\u2019\u00fas funcional de la llengua i les estructures de di\u00e0leg<\/li>\n<li>La cooperaci\u00f3 i l\u2019empatia<\/li>\n<li>L\u2019expressi\u00f3 de les emocions i les habilitats socials<\/li>\n<\/ul>\n<p><strong>Com ho fem:<\/strong><\/p>\n<ul>\n<li>Afavorint que l\u2019espai de joc simb\u00f2lic dels infants sigui atractiu i tingui materials motivadors del seu entorn proper<\/li>\n<li>Partint dels seus interessos i motivacions per crear noves propostes<\/li>\n<li>Acompanyant la part emocional dels nens i nens en la representaci\u00f3 de rols<\/li>\n<li>Potenciant l\u2019\u00fas del llenguatge oral mitjan\u00e7ant la seq\u00fcenciaci\u00f3 i representaci\u00f3 de situacions reals<\/li>\n<li>Utilitzant l&#8217;acompanyament en el di\u00e0leg per tal de generar un espai de joc i conviv\u00e8ncia adequat<\/li>\n<\/ul>\n<p><a href=\"https:\/\/agora.xtec.cat\/ceipfrigolet\/wp-content\/uploads\/usu426\/2024\/02\/Joc-simbolic.jpg\"><img loading=\"lazy\" decoding=\"async\" class=\"size-medium wp-image-8262 alignleft\" src=\"https:\/\/agora.xtec.cat\/ceipfrigolet\/wp-content\/uploads\/usu426\/2024\/02\/Joc-simbolic-300x169.jpg\" alt=\"\" width=\"300\" height=\"169\" srcset=\"https:\/\/agora.xtec.cat\/ceipfrigolet\/wp-content\/uploads\/usu426\/2024\/02\/Joc-simbolic-300x169.jpg 300w, https:\/\/agora.xtec.cat\/ceipfrigolet\/wp-content\/uploads\/usu426\/2024\/02\/Joc-simbolic-768x432.jpg 768w, https:\/\/agora.xtec.cat\/ceipfrigolet\/wp-content\/uploads\/usu426\/2024\/02\/Joc-simbolic.jpg 960w\" sizes=\"auto, (max-width: 300px) 100vw, 300px\" \/><\/a> <a href=\"https:\/\/agora.xtec.cat\/ceipfrigolet\/wp-content\/uploads\/usu426\/2024\/02\/Joc-simbolic-4.jpg\"><img loading=\"lazy\" decoding=\"async\" class=\"aligncenter size-medium wp-image-8258\" src=\"https:\/\/agora.xtec.cat\/ceipfrigolet\/wp-content\/uploads\/usu426\/2024\/02\/Joc-simbolic-4-300x169.jpg\" alt=\"\" width=\"300\" height=\"169\" srcset=\"https:\/\/agora.xtec.cat\/ceipfrigolet\/wp-content\/uploads\/usu426\/2024\/02\/Joc-simbolic-4-300x169.jpg 300w, https:\/\/agora.xtec.cat\/ceipfrigolet\/wp-content\/uploads\/usu426\/2024\/02\/Joc-simbolic-4-768x432.jpg 768w, https:\/\/agora.xtec.cat\/ceipfrigolet\/wp-content\/uploads\/usu426\/2024\/02\/Joc-simbolic-4.jpg 960w\" sizes=\"auto, (max-width: 300px) 100vw, 300px\" \/><\/a> <a href=\"https:\/\/agora.xtec.cat\/ceipfrigolet\/wp-content\/uploads\/usu426\/2024\/02\/Joc-simbolic-1.jpg\"><img loading=\"lazy\" decoding=\"async\" class=\"size-medium wp-image-8261 alignright\" src=\"https:\/\/agora.xtec.cat\/ceipfrigolet\/wp-content\/uploads\/usu426\/2024\/02\/Joc-simbolic-1-300x169.jpg\" alt=\"\" width=\"300\" height=\"169\" srcset=\"https:\/\/agora.xtec.cat\/ceipfrigolet\/wp-content\/uploads\/usu426\/2024\/02\/Joc-simbolic-1-300x169.jpg 300w, https:\/\/agora.xtec.cat\/ceipfrigolet\/wp-content\/uploads\/usu426\/2024\/02\/Joc-simbolic-1-768x432.jpg 768w, https:\/\/agora.xtec.cat\/ceipfrigolet\/wp-content\/uploads\/usu426\/2024\/02\/Joc-simbolic-1.jpg 960w\" sizes=\"auto, (max-width: 300px) 100vw, 300px\" \/><\/a> <a href=\"https:\/\/agora.xtec.cat\/ceipfrigolet\/wp-content\/uploads\/usu426\/2024\/02\/Joc-simbolic-2.jpg\"><img loading=\"lazy\" decoding=\"async\" class=\"size-medium wp-image-8260 alignleft\" src=\"https:\/\/agora.xtec.cat\/ceipfrigolet\/wp-content\/uploads\/usu426\/2024\/02\/Joc-simbolic-2-300x169.jpg\" alt=\"\" width=\"300\" height=\"169\" srcset=\"https:\/\/agora.xtec.cat\/ceipfrigolet\/wp-content\/uploads\/usu426\/2024\/02\/Joc-simbolic-2-300x169.jpg 300w, https:\/\/agora.xtec.cat\/ceipfrigolet\/wp-content\/uploads\/usu426\/2024\/02\/Joc-simbolic-2-768x432.jpg 768w, https:\/\/agora.xtec.cat\/ceipfrigolet\/wp-content\/uploads\/usu426\/2024\/02\/Joc-simbolic-2.jpg 960w\" sizes=\"auto, (max-width: 300px) 100vw, 300px\" \/><\/a> <img loading=\"lazy\" decoding=\"async\" class=\"size-medium wp-image-8259 aligncenter\" src=\"https:\/\/agora.xtec.cat\/ceipfrigolet\/wp-content\/uploads\/usu426\/2024\/02\/Joc-simbolic-3-300x169.jpg\" alt=\"\" width=\"300\" height=\"169\" srcset=\"https:\/\/agora.xtec.cat\/ceipfrigolet\/wp-content\/uploads\/usu426\/2024\/02\/Joc-simbolic-3-300x169.jpg 300w, https:\/\/agora.xtec.cat\/ceipfrigolet\/wp-content\/uploads\/usu426\/2024\/02\/Joc-simbolic-3-768x432.jpg 768w, https:\/\/agora.xtec.cat\/ceipfrigolet\/wp-content\/uploads\/usu426\/2024\/02\/Joc-simbolic-3.jpg 960w\" sizes=\"auto, (max-width: 300px) 100vw, 300px\" \/><\/p>\n<p><a href=\"https:\/\/agora.xtec.cat\/ceipfrigolet\/wp-content\/uploads\/usu426\/2024\/02\/Presentacio-sense-titol-6-2.jpg\"><img loading=\"lazy\" decoding=\"async\" class=\"size-medium wp-image-8257 alignright\" src=\"https:\/\/agora.xtec.cat\/ceipfrigolet\/wp-content\/uploads\/usu426\/2024\/02\/Presentacio-sense-titol-6-2-300x169.jpg\" alt=\"\" width=\"300\" height=\"169\" srcset=\"https:\/\/agora.xtec.cat\/ceipfrigolet\/wp-content\/uploads\/usu426\/2024\/02\/Presentacio-sense-titol-6-2-300x169.jpg 300w, https:\/\/agora.xtec.cat\/ceipfrigolet\/wp-content\/uploads\/usu426\/2024\/02\/Presentacio-sense-titol-6-2-768x432.jpg 768w, https:\/\/agora.xtec.cat\/ceipfrigolet\/wp-content\/uploads\/usu426\/2024\/02\/Presentacio-sense-titol-6-2.jpg 960w\" sizes=\"auto, (max-width: 300px) 100vw, 300px\" \/><\/a><\/p>\n","protected":false},"excerpt":{"rendered":"<p>Els espais i les propostes d\u2019aquesta aula afavoreixen: La representaci\u00f3 de la vida quotidiana o imagin\u00e0ria L&#8217;expressivitat i creativitat mitjan\u00e7ant el llenguatge verbal i el no verbal (el cos) L&#8217;estructuraci\u00f3 mental a trav\u00e9s de la seq\u00fcenciaci\u00f3 i representaci\u00f3 d&#8217;hist\u00f2ries El desenvolupament del llenguatge oral L\u2019\u00fas funcional de la llengua i les estructures de di\u00e0leg La [&hellip;]<\/p>\n","protected":false},"author":1,"featured_media":0,"parent":0,"menu_order":0,"comment_status":"closed","ping_status":"closed","template":"","meta":{"_bbp_topic_count":0,"_bbp_reply_count":0,"_bbp_total_topic_count":0,"_bbp_total_reply_count":0,"_bbp_voice_count":0,"_bbp_anonymous_reply_count":0,"_bbp_topic_count_hidden":0,"_bbp_reply_count_hidden":0,"_bbp_forum_subforum_count":0,"site-sidebar-layout":"default","site-content-layout":"","ast-site-content-layout":"","site-content-style":"default","site-sidebar-style":"default","ast-global-header-display":"","ast-banner-title-visibility":"","ast-main-header-display":"","ast-hfb-above-header-display":"","ast-hfb-below-header-display":"","ast-hfb-mobile-header-display":"","site-post-title":"","ast-breadcrumbs-content":"","ast-featured-img":"","footer-sml-layout":"","theme-transparent-header-meta":"","adv-header-id-meta":"","stick-header-meta":"","header-above-stick-meta":"","header-main-stick-meta":"","header-below-stick-meta":"","astra-migrate-meta-layouts":"default","ast-page-background-enabled":"default","ast-page-background-meta":{"desktop":{"background-color":"var(--ast-global-color-4)","background-image":"","background-repeat":"repeat","background-position":"center center","background-size":"auto","background-attachment":"scroll","background-type":"","background-media":"","overlay-type":"","overlay-color":"","overlay-opacity":"","overlay-gradient":""},"tablet":{"background-color":"","background-image":"","background-repeat":"repeat","background-position":"center center","background-size":"auto","background-attachment":"scroll","background-type":"","background-media":"","overlay-type":"","overlay-color":"","overlay-opacity":"","overlay-gradient":""},"mobile":{"background-color":"","background-image":"","background-repeat":"repeat","background-position":"center center","background-size":"auto","background-attachment":"scroll","background-type":"","background-media":"","overlay-type":"","overlay-color":"","overlay-opacity":"","overlay-gradient":""}},"ast-content-background-meta":{"desktop":{"background-color":"var(--ast-global-color-5)","background-image":"","background-repeat":"repeat","background-position":"center center","background-size":"auto","background-attachment":"scroll","background-type":"","background-media":"","overlay-type":"","overlay-color":"","overlay-opacity":"","overlay-gradient":""},"tablet":{"background-color":"var(--ast-global-color-5)","background-image":"","background-repeat":"repeat","background-position":"center center","background-size":"auto","background-attachment":"scroll","background-type":"","background-media":"","overlay-type":"","overlay-color":"","overlay-opacity":"","overlay-gradient":""},"mobile":{"background-color":"var(--ast-global-color-5)","background-image":"","background-repeat":"repeat","background-position":"center center","background-size":"auto","background-attachment":"scroll","background-type":"","background-media":"","overlay-type":"","overlay-color":"","overlay-opacity":"","overlay-gradient":""}},"footnotes":""},"class_list":["post-8256","page","type-page","status-publish","hentry"],"post_mailing_queue_ids":[],"_links":{"self":[{"href":"https:\/\/agora.xtec.cat\/ceipfrigolet\/wp-json\/wp\/v2\/pages\/8256","targetHints":{"allow":["GET"]}}],"collection":[{"href":"https:\/\/agora.xtec.cat\/ceipfrigolet\/wp-json\/wp\/v2\/pages"}],"about":[{"href":"https:\/\/agora.xtec.cat\/ceipfrigolet\/wp-json\/wp\/v2\/types\/page"}],"author":[{"embeddable":true,"href":"https:\/\/agora.xtec.cat\/ceipfrigolet\/wp-json\/wp\/v2\/users\/1"}],"replies":[{"embeddable":true,"href":"https:\/\/agora.xtec.cat\/ceipfrigolet\/wp-json\/wp\/v2\/comments?post=8256"}],"version-history":[{"count":3,"href":"https:\/\/agora.xtec.cat\/ceipfrigolet\/wp-json\/wp\/v2\/pages\/8256\/revisions"}],"predecessor-version":[{"id":8267,"href":"https:\/\/agora.xtec.cat\/ceipfrigolet\/wp-json\/wp\/v2\/pages\/8256\/revisions\/8267"}],"wp:attachment":[{"href":"https:\/\/agora.xtec.cat\/ceipfrigolet\/wp-json\/wp\/v2\/media?parent=8256"}],"curies":[{"name":"wp","href":"https:\/\/api.w.org\/{rel}","templated":true}]}}