{"id":7978,"date":"2023-05-14T18:16:07","date_gmt":"2023-05-14T16:16:07","guid":{"rendered":"https:\/\/agora.xtec.cat\/ceipfrigolet\/?page_id=7978"},"modified":"2024-10-16T15:24:56","modified_gmt":"2024-10-16T13:24:56","slug":"biblioteca","status":"publish","type":"page","link":"https:\/\/agora.xtec.cat\/ceipfrigolet\/biblioteca\/","title":{"rendered":"Biblioteca"},"content":{"rendered":"<p><a href=\"https:\/\/agora.xtec.cat\/ceipfrigolet\/wp-content\/uploads\/usu426\/2024\/04\/Installacions-4-e1715769813512.jpg\"><img loading=\"lazy\" decoding=\"async\" class=\"aligncenter wp-image-8449 \" src=\"https:\/\/agora.xtec.cat\/ceipfrigolet\/wp-content\/uploads\/usu426\/2024\/04\/Installacions-4-e1715769813512-300x226.jpg\" alt=\"\" width=\"434\" height=\"327\" srcset=\"https:\/\/agora.xtec.cat\/ceipfrigolet\/wp-content\/uploads\/usu426\/2024\/04\/Installacions-4-e1715769813512-300x226.jpg 300w, https:\/\/agora.xtec.cat\/ceipfrigolet\/wp-content\/uploads\/usu426\/2024\/04\/Installacions-4-e1715769813512-200x150.jpg 200w, https:\/\/agora.xtec.cat\/ceipfrigolet\/wp-content\/uploads\/usu426\/2024\/04\/Installacions-4-e1715769813512.jpg 712w\" sizes=\"auto, (max-width: 434px) 100vw, 434px\" \/><\/a><\/p>\n<p><span style=\"font-weight: 400;\">L\u2019escola Frigolet inicia el projecte de Biblioteca el curs 2017-2018 participant al programa \u201cBiblio(r)evoluci\u00f3\u201d, impulsat per la Fundaci\u00f3 Bofill.<\/span><\/p>\n<p><span style=\"font-weight: 400;\">El proc\u00e9s de crear la biblioteca tal com \u00e9s avui en dia, ve influenciat per la necessitat de tenir m\u00e9s recursos a nivell literari, una millor catalogaci\u00f3 del material i la decisi\u00f3 de no utilitzar llibres de text (cal que la biblioteca serveixi com a fons d\u2019informaci\u00f3 qualitativa).<\/span><\/p>\n<p>El curs 2023-2024 al Frigolet vam entrar en el programa<a href=\"https:\/\/agora.xtec.cat\/ceipfrigolet\/erasmus-ka120-biblioteca-escolar\/\"><strong> Erasmus +<\/strong><\/a>.<\/p>\n<p>Per saber m\u00e9s sobre el nostre projecte de biblioteca i les diferents actuacions pots navegar pels seg\u00fcents apartats:<\/p>\n<p><a href=\"https:\/\/agora.xtec.cat\/ceipfrigolet\/categoria\/biblioteca\/\"><img loading=\"lazy\" decoding=\"async\" class=\"size-medium wp-image-8642 alignleft\" src=\"https:\/\/agora.xtec.cat\/ceipfrigolet\/wp-content\/uploads\/usu426\/2024\/05\/Blue-Watercolor-Wedding-Planner-Address-Label-2-e1715768061582-300x47.jpg\" alt=\"\" width=\"300\" height=\"47\" srcset=\"https:\/\/agora.xtec.cat\/ceipfrigolet\/wp-content\/uploads\/usu426\/2024\/05\/Blue-Watercolor-Wedding-Planner-Address-Label-2-e1715768061582-300x47.jpg 300w, https:\/\/agora.xtec.cat\/ceipfrigolet\/wp-content\/uploads\/usu426\/2024\/05\/Blue-Watercolor-Wedding-Planner-Address-Label-2-e1715768061582-1024x159.jpg 1024w, https:\/\/agora.xtec.cat\/ceipfrigolet\/wp-content\/uploads\/usu426\/2024\/05\/Blue-Watercolor-Wedding-Planner-Address-Label-2-e1715768061582-768x119.jpg 768w, https:\/\/agora.xtec.cat\/ceipfrigolet\/wp-content\/uploads\/usu426\/2024\/05\/Blue-Watercolor-Wedding-Planner-Address-Label-2-e1715768061582-1536x238.jpg 1536w, https:\/\/agora.xtec.cat\/ceipfrigolet\/wp-content\/uploads\/usu426\/2024\/05\/Blue-Watercolor-Wedding-Planner-Address-Label-2-e1715768061582.jpg 1800w\" sizes=\"auto, (max-width: 300px) 100vw, 300px\" \/><\/a><\/p>\n<p>&nbsp;<\/p>\n<p><a href=\"https:\/\/agora.xtec.cat\/ceipfrigolet\/wp-content\/uploads\/usu426\/2024\/04\/objectius-1-e1715768173437.jpg\"><img loading=\"lazy\" decoding=\"async\" class=\"aligncenter wp-image-8544 size-medium\" src=\"https:\/\/agora.xtec.cat\/ceipfrigolet\/wp-content\/uploads\/usu426\/2024\/04\/objectius-1-e1715768173437-300x44.jpg\" alt=\"\" width=\"300\" height=\"44\" srcset=\"https:\/\/agora.xtec.cat\/ceipfrigolet\/wp-content\/uploads\/usu426\/2024\/04\/objectius-1-e1715768173437-300x44.jpg 300w, https:\/\/agora.xtec.cat\/ceipfrigolet\/wp-content\/uploads\/usu426\/2024\/04\/objectius-1-e1715768173437-1024x150.jpg 1024w, https:\/\/agora.xtec.cat\/ceipfrigolet\/wp-content\/uploads\/usu426\/2024\/04\/objectius-1-e1715768173437-768x112.jpg 768w, https:\/\/agora.xtec.cat\/ceipfrigolet\/wp-content\/uploads\/usu426\/2024\/04\/objectius-1-e1715768173437.jpg 1067w\" sizes=\"auto, (max-width: 300px) 100vw, 300px\" \/><\/a><a href=\"https:\/\/agora.xtec.cat\/ceipfrigolet\/biblioteca\/bibliorevolucio\/?customize_changeset_uuid=1b60bf4c-c328-41ca-9c65-22f8a2bfbe19&amp;customize_autosaved=on\"><img loading=\"lazy\" decoding=\"async\" class=\"wp-image-8644 alignleft\" src=\"https:\/\/agora.xtec.cat\/ceipfrigolet\/wp-content\/uploads\/usu426\/2024\/05\/Copia-de-Blue-Watercolor-Wedding-Planner-Address-Label-e1715768518645-300x62.jpg\" alt=\"\" width=\"247\" height=\"51\" srcset=\"https:\/\/agora.xtec.cat\/ceipfrigolet\/wp-content\/uploads\/usu426\/2024\/05\/Copia-de-Blue-Watercolor-Wedding-Planner-Address-Label-e1715768518645-300x62.jpg 300w, https:\/\/agora.xtec.cat\/ceipfrigolet\/wp-content\/uploads\/usu426\/2024\/05\/Copia-de-Blue-Watercolor-Wedding-Planner-Address-Label-e1715768518645-1024x213.jpg 1024w, https:\/\/agora.xtec.cat\/ceipfrigolet\/wp-content\/uploads\/usu426\/2024\/05\/Copia-de-Blue-Watercolor-Wedding-Planner-Address-Label-e1715768518645-768x159.jpg 768w, https:\/\/agora.xtec.cat\/ceipfrigolet\/wp-content\/uploads\/usu426\/2024\/05\/Copia-de-Blue-Watercolor-Wedding-Planner-Address-Label-e1715768518645.jpg 1257w\" sizes=\"auto, (max-width: 247px) 100vw, 247px\" \/><\/a><\/p>\n<p>&nbsp;<\/p>\n<p><a href=\"https:\/\/agora.xtec.cat\/ceipfrigolet\/erasmus-ka120-biblioteca-escolar\/\"><img loading=\"lazy\" decoding=\"async\" class=\"wp-image-8648 aligncenter\" src=\"https:\/\/agora.xtec.cat\/ceipfrigolet\/wp-content\/uploads\/usu426\/2024\/05\/Copia-de-Blue-Watercolor-Wedding-Planner-Address-Label-1-e1715768992507-300x78.jpg\" alt=\"\" width=\"196\" height=\"51\" srcset=\"https:\/\/agora.xtec.cat\/ceipfrigolet\/wp-content\/uploads\/usu426\/2024\/05\/Copia-de-Blue-Watercolor-Wedding-Planner-Address-Label-1-e1715768992507-300x78.jpg 300w, https:\/\/agora.xtec.cat\/ceipfrigolet\/wp-content\/uploads\/usu426\/2024\/05\/Copia-de-Blue-Watercolor-Wedding-Planner-Address-Label-1-e1715768992507-768x199.jpg 768w, https:\/\/agora.xtec.cat\/ceipfrigolet\/wp-content\/uploads\/usu426\/2024\/05\/Copia-de-Blue-Watercolor-Wedding-Planner-Address-Label-1-e1715768992507.jpg 867w\" sizes=\"auto, (max-width: 196px) 100vw, 196px\" \/><\/a><\/p>\n<p><a href=\"https:\/\/agora.xtec.cat\/ceipfrigolet\/biblioteca\/dinamitzacio-lectora\/\"><img loading=\"lazy\" decoding=\"async\" class=\"wp-image-8646 alignright\" src=\"https:\/\/agora.xtec.cat\/ceipfrigolet\/wp-content\/uploads\/usu426\/2024\/05\/Copia-de-Blue-Watercolor-Wedding-Planner-Address-Label-3-e1715769039258-300x43.jpg\" alt=\"\" width=\"328\" height=\"47\" srcset=\"https:\/\/agora.xtec.cat\/ceipfrigolet\/wp-content\/uploads\/usu426\/2024\/05\/Copia-de-Blue-Watercolor-Wedding-Planner-Address-Label-3-e1715769039258-300x43.jpg 300w, https:\/\/agora.xtec.cat\/ceipfrigolet\/wp-content\/uploads\/usu426\/2024\/05\/Copia-de-Blue-Watercolor-Wedding-Planner-Address-Label-3-e1715769039258-1024x148.jpg 1024w, https:\/\/agora.xtec.cat\/ceipfrigolet\/wp-content\/uploads\/usu426\/2024\/05\/Copia-de-Blue-Watercolor-Wedding-Planner-Address-Label-3-e1715769039258-768x111.jpg 768w, https:\/\/agora.xtec.cat\/ceipfrigolet\/wp-content\/uploads\/usu426\/2024\/05\/Copia-de-Blue-Watercolor-Wedding-Planner-Address-Label-3-e1715769039258-1536x222.jpg 1536w, https:\/\/agora.xtec.cat\/ceipfrigolet\/wp-content\/uploads\/usu426\/2024\/05\/Copia-de-Blue-Watercolor-Wedding-Planner-Address-Label-3-e1715769039258.jpg 1617w\" sizes=\"auto, (max-width: 328px) 100vw, 328px\" \/><\/a><\/p>\n<p><a href=\"https:\/\/agora.xtec.cat\/ceipfrigolet\/biblioteca\/pla-lector\/?customize_changeset_uuid=1b60bf4c-c328-41ca-9c65-22f8a2bfbe19&amp;customize_autosaved=on&amp;customize_messenger_channel=preview-0\"><img loading=\"lazy\" decoding=\"async\" class=\"wp-image-8647 alignleft\" src=\"https:\/\/agora.xtec.cat\/ceipfrigolet\/wp-content\/uploads\/usu426\/2024\/05\/Copia-de-Blue-Watercolor-Wedding-Planner-Address-Label-2-e1715769017469-300x87.jpg\" alt=\"\" width=\"179\" height=\"52\" srcset=\"https:\/\/agora.xtec.cat\/ceipfrigolet\/wp-content\/uploads\/usu426\/2024\/05\/Copia-de-Blue-Watercolor-Wedding-Planner-Address-Label-2-e1715769017469-300x87.jpg 300w, https:\/\/agora.xtec.cat\/ceipfrigolet\/wp-content\/uploads\/usu426\/2024\/05\/Copia-de-Blue-Watercolor-Wedding-Planner-Address-Label-2-e1715769017469-768x222.jpg 768w, https:\/\/agora.xtec.cat\/ceipfrigolet\/wp-content\/uploads\/usu426\/2024\/05\/Copia-de-Blue-Watercolor-Wedding-Planner-Address-Label-2-e1715769017469.jpg 777w\" sizes=\"auto, (max-width: 179px) 100vw, 179px\" \/><\/a><\/p>\n<p>&nbsp;<\/p>\n<p>&nbsp;<\/p>\n<p><a href=\"https:\/\/agora.xtec.cat\/ceipfrigolet\/erasmus-ka120-biblioteca-escolar\/\"><img loading=\"lazy\" decoding=\"async\" class=\"aligncenter size-medium wp-image-8211\" src=\"https:\/\/agora.xtec.cat\/ceipfrigolet\/wp-content\/uploads\/usu426\/2024\/02\/Copia-de-logos_disclaimer.pptx-300x169.jpg\" alt=\"\" width=\"300\" height=\"169\" srcset=\"https:\/\/agora.xtec.cat\/ceipfrigolet\/wp-content\/uploads\/usu426\/2024\/02\/Copia-de-logos_disclaimer.pptx-300x169.jpg 300w, https:\/\/agora.xtec.cat\/ceipfrigolet\/wp-content\/uploads\/usu426\/2024\/02\/Copia-de-logos_disclaimer.pptx-1024x576.jpg 1024w, https:\/\/agora.xtec.cat\/ceipfrigolet\/wp-content\/uploads\/usu426\/2024\/02\/Copia-de-logos_disclaimer.pptx-768x432.jpg 768w, https:\/\/agora.xtec.cat\/ceipfrigolet\/wp-content\/uploads\/usu426\/2024\/02\/Copia-de-logos_disclaimer.pptx.jpg 1280w\" sizes=\"auto, (max-width: 300px) 100vw, 300px\" \/><\/a><\/p>\n","protected":false},"excerpt":{"rendered":"<p>L\u2019escola Frigolet inicia el projecte de Biblioteca el curs 2017-2018 participant al programa \u201cBiblio(r)evoluci\u00f3\u201d, impulsat per la Fundaci\u00f3 Bofill. El proc\u00e9s de crear la biblioteca tal com \u00e9s avui en dia, ve influenciat per la necessitat de tenir m\u00e9s recursos a nivell literari, una millor catalogaci\u00f3 del material i la decisi\u00f3 de no utilitzar llibres [&hellip;]<\/p>\n","protected":false},"author":1,"featured_media":0,"parent":0,"menu_order":0,"comment_status":"closed","ping_status":"closed","template":"","meta":{"_bbp_topic_count":0,"_bbp_reply_count":0,"_bbp_total_topic_count":0,"_bbp_total_reply_count":0,"_bbp_voice_count":0,"_bbp_anonymous_reply_count":0,"_bbp_topic_count_hidden":0,"_bbp_reply_count_hidden":0,"_bbp_forum_subforum_count":0,"site-sidebar-layout":"default","site-content-layout":"","ast-site-content-layout":"","site-content-style":"default","site-sidebar-style":"default","ast-global-header-display":"","ast-banner-title-visibility":"","ast-main-header-display":"","ast-hfb-above-header-display":"","ast-hfb-below-header-display":"","ast-hfb-mobile-header-display":"","site-post-title":"","ast-breadcrumbs-content":"","ast-featured-img":"","footer-sml-layout":"","theme-transparent-header-meta":"","adv-header-id-meta":"","stick-header-meta":"","header-above-stick-meta":"","header-main-stick-meta":"","header-below-stick-meta":"","astra-migrate-meta-layouts":"default","ast-page-background-enabled":"default","ast-page-background-meta":{"desktop":{"background-color":"var(--ast-global-color-4)","background-image":"","background-repeat":"repeat","background-position":"center center","background-size":"auto","background-attachment":"scroll","background-type":"","background-media":"","overlay-type":"","overlay-color":"","overlay-opacity":"","overlay-gradient":""},"tablet":{"background-color":"","background-image":"","background-repeat":"repeat","background-position":"center center","background-size":"auto","background-attachment":"scroll","background-type":"","background-media":"","overlay-type":"","overlay-color":"","overlay-opacity":"","overlay-gradient":""},"mobile":{"background-color":"","background-image":"","background-repeat":"repeat","background-position":"center center","background-size":"auto","background-attachment":"scroll","background-type":"","background-media":"","overlay-type":"","overlay-color":"","overlay-opacity":"","overlay-gradient":""}},"ast-content-background-meta":{"desktop":{"background-color":"var(--ast-global-color-5)","background-image":"","background-repeat":"repeat","background-position":"center center","background-size":"auto","background-attachment":"scroll","background-type":"","background-media":"","overlay-type":"","overlay-color":"","overlay-opacity":"","overlay-gradient":""},"tablet":{"background-color":"var(--ast-global-color-5)","background-image":"","background-repeat":"repeat","background-position":"center center","background-size":"auto","background-attachment":"scroll","background-type":"","background-media":"","overlay-type":"","overlay-color":"","overlay-opacity":"","overlay-gradient":""},"mobile":{"background-color":"var(--ast-global-color-5)","background-image":"","background-repeat":"repeat","background-position":"center center","background-size":"auto","background-attachment":"scroll","background-type":"","background-media":"","overlay-type":"","overlay-color":"","overlay-opacity":"","overlay-gradient":""}},"footnotes":""},"class_list":["post-7978","page","type-page","status-publish","hentry"],"post_mailing_queue_ids":[],"_links":{"self":[{"href":"https:\/\/agora.xtec.cat\/ceipfrigolet\/wp-json\/wp\/v2\/pages\/7978","targetHints":{"allow":["GET"]}}],"collection":[{"href":"https:\/\/agora.xtec.cat\/ceipfrigolet\/wp-json\/wp\/v2\/pages"}],"about":[{"href":"https:\/\/agora.xtec.cat\/ceipfrigolet\/wp-json\/wp\/v2\/types\/page"}],"author":[{"embeddable":true,"href":"https:\/\/agora.xtec.cat\/ceipfrigolet\/wp-json\/wp\/v2\/users\/1"}],"replies":[{"embeddable":true,"href":"https:\/\/agora.xtec.cat\/ceipfrigolet\/wp-json\/wp\/v2\/comments?post=7978"}],"version-history":[{"count":6,"href":"https:\/\/agora.xtec.cat\/ceipfrigolet\/wp-json\/wp\/v2\/pages\/7978\/revisions"}],"predecessor-version":[{"id":8844,"href":"https:\/\/agora.xtec.cat\/ceipfrigolet\/wp-json\/wp\/v2\/pages\/7978\/revisions\/8844"}],"wp:attachment":[{"href":"https:\/\/agora.xtec.cat\/ceipfrigolet\/wp-json\/wp\/v2\/media?parent=7978"}],"curies":[{"name":"wp","href":"https:\/\/api.w.org\/{rel}","templated":true}]}}