{"id":7074,"date":"2020-10-14T11:42:23","date_gmt":"2020-10-14T09:42:23","guid":{"rendered":"http:\/\/agora.xtec.cat\/ceipfrigolet\/?page_id=7074"},"modified":"2023-01-26T16:09:37","modified_gmt":"2023-01-26T15:09:37","slug":"comunitat-dels-mitjans-2","status":"publish","type":"page","link":"https:\/\/agora.xtec.cat\/ceipfrigolet\/comunitat-dels-mitjans-2\/","title":{"rendered":"Comunitat dels mitjans"},"content":{"rendered":"<p><strong>La comunitat de mitjans est\u00e0 formada per dues tribus: la tribu vermella i la tribu rosa. Cadascuna de les tribus integra alumnes de primer, segon i tercer de prim\u00e0ria.<\/strong><\/p>\n<p><a href=\"https:\/\/agora.xtec.cat\/ceipfrigolet\/wp-content\/uploads\/usu426\/2020\/10\/Comunitat-de-mitjans.jpg\"><br \/>\n<img loading=\"lazy\" decoding=\"async\" class=\"aligncenter wp-image-7140 size-full\" src=\"https:\/\/agora.xtec.cat\/ceipfrigolet\/wp-content\/uploads\/usu426\/2020\/10\/Comunitat-de-mitjans.jpg\" alt=\"\" width=\"960\" height=\"720\" srcset=\"https:\/\/agora.xtec.cat\/ceipfrigolet\/wp-content\/uploads\/usu426\/2020\/10\/Comunitat-de-mitjans.jpg 960w, https:\/\/agora.xtec.cat\/ceipfrigolet\/wp-content\/uploads\/usu426\/2020\/10\/Comunitat-de-mitjans-300x225.jpg 300w, https:\/\/agora.xtec.cat\/ceipfrigolet\/wp-content\/uploads\/usu426\/2020\/10\/Comunitat-de-mitjans-768x576.jpg 768w, https:\/\/agora.xtec.cat\/ceipfrigolet\/wp-content\/uploads\/usu426\/2020\/10\/Comunitat-de-mitjans-200x150.jpg 200w\" sizes=\"auto, (max-width: 960px) 100vw, 960px\" \/><\/a><\/p>\n<p>El nostre horari escolar contempla diferents franges on es treballa de forma molt concreta els continguts d\u2019aprenentatge descrits al curr\u00edculum i sempre tenint com a objectiu, l\u2019assoliment de les compet\u00e8ncies.<\/p>\n<p><strong>Pla lector<\/strong><\/p>\n<p>Cada mat\u00ed comencem llegint. El pla lector \u00e9s una iniciativa per impulsar el gust per la lectura. Per aquesta ra\u00f3 dediquem els primers 30 minuts per llegir el nostre llibre, c\u00f2mic o revista de forma individual. El mestre tamb\u00e9 serveix com a model lector i ho fa a trav\u00e9s de la lectura d\u2019un llibre que a m\u00e9s permet al grup endinsar-se en una hist\u00f2ria comuna. Oferim diferents tipus de modelatge (mestres, fam\u00edlies, experts&#8230;) per acompanyar a l&#8217;alumnat.<\/p>\n<p><strong>Ambients<\/strong><\/p>\n<p>Durant la franja d\u2019ambients treballem d\u2019una manera competencial i globalitzada diferents aspectes de la llengua catalana, castellana, anglesa, matem\u00e0tiques i ci\u00e8ncies. Concretament, tenim els ambients literaris, els ambients matem\u00e0tics, els ambients d&#8217;art &amp; english i els ambients cient\u00edfics. Les tasques que es proposen s\u00f3n obertes, donant peu a la creativitat i l\u2019expressi\u00f3 de l\u2019alumnat. A m\u00e9s a m\u00e9s, tenim la franja d&#8217;experiments on potenciem un altre tipus d&#8217;agrupament.<\/p>\n<ul>\n<li>Ambients literaris<\/li>\n<li>Ambients matem\u00e0tics<\/li>\n<li>Ambients cient\u00edfics<\/li>\n<li>Ambients d&#8217;art &amp; english<\/li>\n<\/ul>\n<p><strong>Entorn<\/strong><\/p>\n<p>Dediquem una tarda setmanal a l&#8217;entorn proper, des d&#8217;on surten projectes i reptes que involucren l&#8217;entorn proper i l&#8217;hort de l&#8217;escola.<\/p>\n<p><strong>Tallers<\/strong><\/p>\n<p>La franja de tallers inclou els seg\u00fcents:<\/p>\n<ul>\n<li>Educaci\u00f3 F\u00edsica<\/li>\n<li>M\u00fasica<\/li>\n<li>Teatre<\/li>\n<li>Filosofia<\/li>\n<\/ul>\n<p>A tallers tamb\u00e9 s\u2019intenta treballar d\u2019una manera m\u00e9s significativa i competencial, tot i que el punt de partida \u00e9s diferent segons el llenguatge en q\u00fcesti\u00f3.<\/p>\n","protected":false},"excerpt":{"rendered":"<p>La comunitat de mitjans est\u00e0 formada per dues tribus: la tribu vermella i la tribu rosa. Cadascuna de les tribus integra alumnes de primer, segon i tercer de prim\u00e0ria. El nostre horari escolar contempla diferents franges on es treballa de forma molt concreta els continguts d\u2019aprenentatge descrits al curr\u00edculum i sempre tenint com a objectiu, [&hellip;]<\/p>\n","protected":false},"author":1,"featured_media":0,"parent":0,"menu_order":0,"comment_status":"closed","ping_status":"closed","template":"","meta":{"_bbp_topic_count":0,"_bbp_reply_count":0,"_bbp_total_topic_count":0,"_bbp_total_reply_count":0,"_bbp_voice_count":0,"_bbp_anonymous_reply_count":0,"_bbp_topic_count_hidden":0,"_bbp_reply_count_hidden":0,"_bbp_forum_subforum_count":0,"site-sidebar-layout":"default","site-content-layout":"","ast-site-content-layout":"","site-content-style":"default","site-sidebar-style":"default","ast-global-header-display":"","ast-banner-title-visibility":"","ast-main-header-display":"","ast-hfb-above-header-display":"","ast-hfb-below-header-display":"","ast-hfb-mobile-header-display":"","site-post-title":"","ast-breadcrumbs-content":"","ast-featured-img":"","footer-sml-layout":"","theme-transparent-header-meta":"","adv-header-id-meta":"","stick-header-meta":"","header-above-stick-meta":"","header-main-stick-meta":"","header-below-stick-meta":"","astra-migrate-meta-layouts":"default","ast-page-background-enabled":"default","ast-page-background-meta":{"desktop":{"background-color":"var(--ast-global-color-4)","background-image":"","background-repeat":"repeat","background-position":"center center","background-size":"auto","background-attachment":"scroll","background-type":"","background-media":"","overlay-type":"","overlay-color":"","overlay-opacity":"","overlay-gradient":""},"tablet":{"background-color":"","background-image":"","background-repeat":"repeat","background-position":"center center","background-size":"auto","background-attachment":"scroll","background-type":"","background-media":"","overlay-type":"","overlay-color":"","overlay-opacity":"","overlay-gradient":""},"mobile":{"background-color":"","background-image":"","background-repeat":"repeat","background-position":"center center","background-size":"auto","background-attachment":"scroll","background-type":"","background-media":"","overlay-type":"","overlay-color":"","overlay-opacity":"","overlay-gradient":""}},"ast-content-background-meta":{"desktop":{"background-color":"var(--ast-global-color-5)","background-image":"","background-repeat":"repeat","background-position":"center center","background-size":"auto","background-attachment":"scroll","background-type":"","background-media":"","overlay-type":"","overlay-color":"","overlay-opacity":"","overlay-gradient":""},"tablet":{"background-color":"var(--ast-global-color-5)","background-image":"","background-repeat":"repeat","background-position":"center center","background-size":"auto","background-attachment":"scroll","background-type":"","background-media":"","overlay-type":"","overlay-color":"","overlay-opacity":"","overlay-gradient":""},"mobile":{"background-color":"var(--ast-global-color-5)","background-image":"","background-repeat":"repeat","background-position":"center center","background-size":"auto","background-attachment":"scroll","background-type":"","background-media":"","overlay-type":"","overlay-color":"","overlay-opacity":"","overlay-gradient":""}},"footnotes":""},"class_list":["post-7074","page","type-page","status-publish","hentry"],"post_mailing_queue_ids":[],"_links":{"self":[{"href":"https:\/\/agora.xtec.cat\/ceipfrigolet\/wp-json\/wp\/v2\/pages\/7074","targetHints":{"allow":["GET"]}}],"collection":[{"href":"https:\/\/agora.xtec.cat\/ceipfrigolet\/wp-json\/wp\/v2\/pages"}],"about":[{"href":"https:\/\/agora.xtec.cat\/ceipfrigolet\/wp-json\/wp\/v2\/types\/page"}],"author":[{"embeddable":true,"href":"https:\/\/agora.xtec.cat\/ceipfrigolet\/wp-json\/wp\/v2\/users\/1"}],"replies":[{"embeddable":true,"href":"https:\/\/agora.xtec.cat\/ceipfrigolet\/wp-json\/wp\/v2\/comments?post=7074"}],"version-history":[{"count":3,"href":"https:\/\/agora.xtec.cat\/ceipfrigolet\/wp-json\/wp\/v2\/pages\/7074\/revisions"}],"predecessor-version":[{"id":7900,"href":"https:\/\/agora.xtec.cat\/ceipfrigolet\/wp-json\/wp\/v2\/pages\/7074\/revisions\/7900"}],"wp:attachment":[{"href":"https:\/\/agora.xtec.cat\/ceipfrigolet\/wp-json\/wp\/v2\/media?parent=7074"}],"curies":[{"name":"wp","href":"https:\/\/api.w.org\/{rel}","templated":true}]}}