{"id":872,"date":"2017-12-04T09:26:53","date_gmt":"2017-12-04T08:26:53","guid":{"rendered":"http:\/\/agora.xtec.cat\/ceipfredericgodas\/?page_id=872"},"modified":"2018-05-31T16:53:13","modified_gmt":"2018-05-31T14:53:13","slug":"gep-programa-de-generacio-plurilingue","status":"publish","type":"page","link":"https:\/\/agora.xtec.cat\/ceipfredericgodas\/projectes-2\/gep-programa-de-generacio-plurilingue\/","title":{"rendered":"GEP &#8211; PROGRAMA DE GENERACI\u00d3 PLURILING\u00dcE."},"content":{"rendered":"<p style=\"text-align: justify;\"><a href=\"http:\/\/agora.xtec.cat\/ceipfredericgodas\/wp-content\/uploads\/usu165\/2017\/11\/GEP2.jpg\"><img loading=\"lazy\" decoding=\"async\" class=\"wp-image-845 alignleft\" src=\"http:\/\/agora.xtec.cat\/ceipfredericgodas\/wp-content\/uploads\/usu165\/2017\/11\/GEP2.jpg\" alt=\"\" width=\"174\" height=\"184\" srcset=\"https:\/\/agora.xtec.cat\/ceipfredericgodas\/wp-content\/uploads\/usu165\/2017\/11\/GEP2.jpg 410w, https:\/\/agora.xtec.cat\/ceipfredericgodas\/wp-content\/uploads\/usu165\/2017\/11\/GEP2-284x300.jpg 284w\" sizes=\"auto, (max-width: 174px) 100vw, 174px\" \/><\/a>El <span class=\"il\">GEP<\/span> (Generaci\u00f3 Pluriling\u00fce) \u00e9s un programa pluriling\u00fce impulsat pel Departament d\u2019Ensenyament en el que hi participen un grup de centres de tot Catalunya. La nostra escola forma part d\u2019aquest programa d\u2019innovaci\u00f3 que durar\u00e0 tres cursos 2017-2018, 2018-2019 i 2019-2020.<\/p>\n<p style=\"text-align: justify;\">L\u2019objectiu principal d\u2019aquest projecte \u00e9s augmentar la compet\u00e8ncia ling\u00fc\u00edstica en lleng\u00fces estrangeres dels nostres alumnes, especialment els del cicle superior. Aquest objectiu s&#8217;aconseguir\u00e0 incrementant l\u2019exposici\u00f3 a la llengua anglesa des d\u2019altres \u00e0rees no ling\u00fc\u00edstiques. En el nostre cas, des de l\u2019\u00e0rea de Visual i Pl\u00e0stica (Art and Culture), Medi Natural i Social (Science) i tamb\u00e9 des de l&#8217;\u00e0rea d&#8217;educaci\u00f3 fisica (Physical Education).<\/p>\n<p style=\"text-align: justify;\">Esperem que els nens i nenes esdevinguin parlants pluriling\u00fces en una societat plural i diversa i es puguin desenvolupar efica\u00e7ment i amb compet\u00e8ncia.<\/p>\n<p style=\"text-align: justify;\">Al Bloc de Cicle Superior publiquem una mostra de <a href=\"http:\/\/fredericgodas-ciclesuperior.blogspot.com\/search\/label\/bones%20pr%C3%A0ctiques%20GEP\">&#8220;Bones Pr\u00e0ctiques del programa GEP&#8221;.<\/a><\/p>\n","protected":false},"excerpt":{"rendered":"<p><a href=\"http:\/\/agora.xtec.cat\/ceipfredericgodas\/wp-content\/uploads\/usu165\/2017\/11\/GEP2.jpg\"><\/a>El GEP (Generaci\u00f3 Pluriling\u00fce) \u00e9s un programa pluriling\u00fce impulsat pel Departament d\u2019Ensenyament en el que hi participen un grup de centres de tot Catalunya. La nostra escola forma part d\u2019aquest programa d\u2019innovaci\u00f3 que durar\u00e0 tres cursos 2017-2018, 2018-2019 i 2019-2020.<br \/>\nL\u2019objectiu principal d\u2019aquest projecte \u00e9s&hellip;  <a href=\"https:\/\/agora.xtec.cat\/ceipfredericgodas\/projectes-2\/gep-programa-de-generacio-plurilingue\/\" title=\"Read GEP &#8211; PROGRAMA DE GENERACI\u00d3 PLURILING\u00dcE.\">Llegeix m\u00e9s\u00bb<\/a><\/p>\n","protected":false},"author":4,"featured_media":0,"parent":241,"menu_order":0,"comment_status":"closed","ping_status":"closed","template":"page-templates\/side-menu.php","meta":{"_bbp_topic_count":0,"_bbp_reply_count":0,"_bbp_total_topic_count":0,"_bbp_total_reply_count":0,"_bbp_voice_count":0,"_bbp_anonymous_reply_count":0,"_bbp_topic_count_hidden":0,"_bbp_reply_count_hidden":0,"_bbp_forum_subforum_count":0,"footnotes":""},"class_list":["post-872","page","type-page","status-publish","hentry"],"post_mailing_queue_ids":[],"_links":{"self":[{"href":"https:\/\/agora.xtec.cat\/ceipfredericgodas\/wp-json\/wp\/v2\/pages\/872","targetHints":{"allow":["GET"]}}],"collection":[{"href":"https:\/\/agora.xtec.cat\/ceipfredericgodas\/wp-json\/wp\/v2\/pages"}],"about":[{"href":"https:\/\/agora.xtec.cat\/ceipfredericgodas\/wp-json\/wp\/v2\/types\/page"}],"author":[{"embeddable":true,"href":"https:\/\/agora.xtec.cat\/ceipfredericgodas\/wp-json\/wp\/v2\/users\/4"}],"replies":[{"embeddable":true,"href":"https:\/\/agora.xtec.cat\/ceipfredericgodas\/wp-json\/wp\/v2\/comments?post=872"}],"version-history":[{"count":2,"href":"https:\/\/agora.xtec.cat\/ceipfredericgodas\/wp-json\/wp\/v2\/pages\/872\/revisions"}],"predecessor-version":[{"id":1059,"href":"https:\/\/agora.xtec.cat\/ceipfredericgodas\/wp-json\/wp\/v2\/pages\/872\/revisions\/1059"}],"up":[{"embeddable":true,"href":"https:\/\/agora.xtec.cat\/ceipfredericgodas\/wp-json\/wp\/v2\/pages\/241"}],"wp:attachment":[{"href":"https:\/\/agora.xtec.cat\/ceipfredericgodas\/wp-json\/wp\/v2\/media?parent=872"}],"curies":[{"name":"wp","href":"https:\/\/api.w.org\/{rel}","templated":true}]}}