{"id":866,"date":"2017-11-27T15:43:39","date_gmt":"2017-11-27T14:43:39","guid":{"rendered":"http:\/\/agora.xtec.cat\/ceipfredericgodas\/?page_id=866"},"modified":"2017-11-27T15:47:20","modified_gmt":"2017-11-27T14:47:20","slug":"xarxa-de-competencies-basiques","status":"publish","type":"page","link":"https:\/\/agora.xtec.cat\/ceipfredericgodas\/projectes-2\/xarxa-de-competencies-basiques\/","title":{"rendered":"XARXA DE COMPET\u00c8NCIES B\u00c0SIQUES"},"content":{"rendered":"<p style=\"text-align: justify;\"><a href=\"http:\/\/agora.xtec.cat\/ceipfredericgodas\/wp-content\/uploads\/usu165\/2017\/11\/Logo_color1.png\"><img loading=\"lazy\" decoding=\"async\" class=\" wp-image-864 alignleft\" src=\"http:\/\/agora.xtec.cat\/ceipfredericgodas\/wp-content\/uploads\/usu165\/2017\/11\/Logo_color1.png\" alt=\"\" width=\"278\" height=\"93\" srcset=\"https:\/\/agora.xtec.cat\/ceipfredericgodas\/wp-content\/uploads\/usu165\/2017\/11\/Logo_color1.png 373w, https:\/\/agora.xtec.cat\/ceipfredericgodas\/wp-content\/uploads\/usu165\/2017\/11\/Logo_color1-300x101.png 300w\" sizes=\"auto, (max-width: 278px) 100vw, 278px\" \/><\/a>La Xarxa CB est\u00e0 formada per un equip de docents que desenvolupen el treball per compet\u00e8ncies als seus centres, elaboren instruments de suport per orientar els processos de reflexi\u00f3 i la gesti\u00f3 del curr\u00edculum per compet\u00e8ncies b\u00e0siques i comparteixen processos d&#8217;autoavaluaci\u00f3.<\/p>\n<p style=\"text-align: justify;\">Podeu ampliar informaci\u00f3 en el seg\u00fcent <a href=\"https:\/\/agora.xtec.cat\/ceipfredericgodas\/docs\/xarxa-de-competencies-basiques\/?bp-attachment=Qui-som.pdf\">enlla\u00e7<\/a>.<\/p>\n","protected":false},"excerpt":{"rendered":"<p><a href=\"http:\/\/agora.xtec.cat\/ceipfredericgodas\/wp-content\/uploads\/usu165\/2017\/11\/Logo_color1.png\"><\/a>La Xarxa CB est\u00e0 formada per un equip de docents que desenvolupen el treball per compet\u00e8ncies als seus centres, elaboren instruments de suport per orientar els processos de reflexi\u00f3 i la gesti\u00f3 del curr\u00edculum per compet\u00e8ncies b\u00e0siques i comparteixen processos d&#8217;autoavaluaci\u00f3.<br \/>\nPodeu ampliar informaci\u00f3 en&hellip;  <a href=\"https:\/\/agora.xtec.cat\/ceipfredericgodas\/projectes-2\/xarxa-de-competencies-basiques\/\" title=\"Read XARXA DE COMPET\u00c8NCIES B\u00c0SIQUES\">Llegeix m\u00e9s\u00bb<\/a><\/p>\n","protected":false},"author":4,"featured_media":0,"parent":241,"menu_order":0,"comment_status":"closed","ping_status":"closed","template":"page-templates\/side-menu.php","meta":{"_bbp_topic_count":0,"_bbp_reply_count":0,"_bbp_total_topic_count":0,"_bbp_total_reply_count":0,"_bbp_voice_count":0,"_bbp_anonymous_reply_count":0,"_bbp_topic_count_hidden":0,"_bbp_reply_count_hidden":0,"_bbp_forum_subforum_count":0,"footnotes":""},"class_list":["post-866","page","type-page","status-publish","hentry"],"post_mailing_queue_ids":[],"_links":{"self":[{"href":"https:\/\/agora.xtec.cat\/ceipfredericgodas\/wp-json\/wp\/v2\/pages\/866","targetHints":{"allow":["GET"]}}],"collection":[{"href":"https:\/\/agora.xtec.cat\/ceipfredericgodas\/wp-json\/wp\/v2\/pages"}],"about":[{"href":"https:\/\/agora.xtec.cat\/ceipfredericgodas\/wp-json\/wp\/v2\/types\/page"}],"author":[{"embeddable":true,"href":"https:\/\/agora.xtec.cat\/ceipfredericgodas\/wp-json\/wp\/v2\/users\/4"}],"replies":[{"embeddable":true,"href":"https:\/\/agora.xtec.cat\/ceipfredericgodas\/wp-json\/wp\/v2\/comments?post=866"}],"version-history":[{"count":1,"href":"https:\/\/agora.xtec.cat\/ceipfredericgodas\/wp-json\/wp\/v2\/pages\/866\/revisions"}],"predecessor-version":[{"id":870,"href":"https:\/\/agora.xtec.cat\/ceipfredericgodas\/wp-json\/wp\/v2\/pages\/866\/revisions\/870"}],"up":[{"embeddable":true,"href":"https:\/\/agora.xtec.cat\/ceipfredericgodas\/wp-json\/wp\/v2\/pages\/241"}],"wp:attachment":[{"href":"https:\/\/agora.xtec.cat\/ceipfredericgodas\/wp-json\/wp\/v2\/media?parent=866"}],"curies":[{"name":"wp","href":"https:\/\/api.w.org\/{rel}","templated":true}]}}