{"id":516,"date":"2017-02-05T18:07:30","date_gmt":"2017-02-05T17:07:30","guid":{"rendered":"http:\/\/agora.xtec.cat\/ceipfredericgodas\/?page_id=516"},"modified":"2025-01-26T19:58:50","modified_gmt":"2025-01-26T18:58:50","slug":"formacio-interna-del-centre","status":"publish","type":"page","link":"https:\/\/agora.xtec.cat\/ceipfredericgodas\/formacio-interna-del-centre\/","title":{"rendered":"FORMACI\u00d3 INTERNA DEL CENTRE"},"content":{"rendered":"<blockquote>\n<p lang=\"ca-ES\" style=\"text-align: justify;\">\r\n\t<div class=\"slideshow_container slideshow_container_style-light\" style=\"height: 300px; \" data-slideshow-id=\"458\" data-style-name=\"style-light\" data-style-version=\"2.3.1\" >\r\n\r\n\t\t\t\t\t<div class=\"slideshow_loading_icon\"><\/div>\r\n\t\t\r\n\t\t<div class=\"slideshow_content\" style=\"display: none;\">\r\n\r\n\t\t\t<div class=\"slideshow_view\">\r\n\t\t\t\t<div class=\"slideshow_slide slideshow_slide_image\">\r\n\t\t\t\t\t\t\t\t\t\t\t<img src=\"https:\/\/agora.xtec.cat\/ceipfredericgodas\/wp-content\/uploads\/usu165\/2017\/02\/MUSICAWEB3.jpg\" alt=\"musicaweb3\" width=\"1024\" height=\"400\" \/>\r\n\t\t\t\t\t\t\t\t\t\t<div class=\"slideshow_description_box slideshow_transparent\">\r\n\t\t\t\t\t\t<div class=\"slideshow_title\">musicaweb3<\/div>\t\t\t\t\t\t\t\t\t\t\t<\/div>\r\n\t\t\t\t<\/div>\r\n\r\n\t\t\t\t\t\t<div style=\"clear: both;\"><\/div><\/div><div class=\"slideshow_view\">\r\n\t\t\t\t<div class=\"slideshow_slide slideshow_slide_image\">\r\n\t\t\t\t\t\t\t\t\t\t\t<img src=\"https:\/\/agora.xtec.cat\/ceipfredericgodas\/wp-content\/uploads\/usu165\/2017\/02\/FAMILIES2.jpg\" alt=\"families2\" width=\"1024\" height=\"400\" \/>\r\n\t\t\t\t\t\t\t\t\t\t<div class=\"slideshow_description_box slideshow_transparent\">\r\n\t\t\t\t\t\t<div class=\"slideshow_title\">families2<\/div>\t\t\t\t\t\t\t\t\t\t\t<\/div>\r\n\t\t\t\t<\/div>\r\n\r\n\t\t\t\t\t\t<div style=\"clear: both;\"><\/div><\/div><div class=\"slideshow_view\">\r\n\t\t\t\t<div class=\"slideshow_slide slideshow_slide_image\">\r\n\t\t\t\t\t\t\t\t\t\t\t<img src=\"https:\/\/agora.xtec.cat\/ceipfredericgodas\/wp-content\/uploads\/usu165\/2017\/02\/EDUCACIOFISICA.jpg\" alt=\"educaciofisica\" width=\"1024\" height=\"400\" \/>\r\n\t\t\t\t\t\t\t\t\t\t<div class=\"slideshow_description_box slideshow_transparent\">\r\n\t\t\t\t\t\t<div class=\"slideshow_title\">educaciofisica<\/div>\t\t\t\t\t\t\t\t\t\t\t<\/div>\r\n\t\t\t\t<\/div>\r\n\r\n\t\t\t\t\t\t<div style=\"clear: both;\"><\/div><\/div><div class=\"slideshow_view\">\r\n\t\t\t\t<div class=\"slideshow_slide slideshow_slide_image\">\r\n\t\t\t\t\t\t\t\t\t\t\t<img src=\"https:\/\/agora.xtec.cat\/ceipfredericgodas\/wp-content\/uploads\/usu165\/2017\/02\/INNOVACIOWEB5.jpg\" alt=\"innovacioweb5\" width=\"1024\" height=\"400\" \/>\r\n\t\t\t\t\t\t\t\t\t\t<div class=\"slideshow_description_box slideshow_transparent\">\r\n\t\t\t\t\t\t<div class=\"slideshow_title\">innovacioweb5<\/div>\t\t\t\t\t\t\t\t\t\t\t<\/div>\r\n\t\t\t\t<\/div>\r\n\r\n\t\t\t\t\t\t<div style=\"clear: both;\"><\/div><\/div><div class=\"slideshow_view\">\r\n\t\t\t\t<div class=\"slideshow_slide slideshow_slide_image\">\r\n\t\t\t\t\t\t\t\t\t\t\t<img src=\"https:\/\/agora.xtec.cat\/ceipfredericgodas\/wp-content\/uploads\/usu165\/2017\/02\/FAMILIES.jpg\" alt=\"families\" width=\"1024\" height=\"400\" \/>\r\n\t\t\t\t\t\t\t\t\t\t<div class=\"slideshow_description_box slideshow_transparent\">\r\n\t\t\t\t\t\t<div class=\"slideshow_title\">families<\/div>\t\t\t\t\t\t\t\t\t\t\t<\/div>\r\n\t\t\t\t<\/div>\r\n\r\n\t\t\t\t\t\t<div style=\"clear: both;\"><\/div><\/div><div class=\"slideshow_view\">\r\n\t\t\t\t<div class=\"slideshow_slide slideshow_slide_image\">\r\n\t\t\t\t\t\t\t\t\t\t\t<img src=\"https:\/\/agora.xtec.cat\/ceipfredericgodas\/wp-content\/uploads\/usu165\/2017\/02\/RETOL.jpg\" alt=\"retol\" width=\"1024\" height=\"400\" \/>\r\n\t\t\t\t\t\t\t\t\t\t<div class=\"slideshow_description_box slideshow_transparent\">\r\n\t\t\t\t\t\t<div class=\"slideshow_title\">retol<\/div>\t\t\t\t\t\t\t\t\t\t\t<\/div>\r\n\t\t\t\t<\/div>\r\n\r\n\t\t\t\t\t\t<div style=\"clear: both;\"><\/div><\/div><div class=\"slideshow_view\">\r\n\t\t\t\t<div class=\"slideshow_slide slideshow_slide_image\">\r\n\t\t\t\t\t\t\t\t\t\t\t<img src=\"https:\/\/agora.xtec.cat\/ceipfredericgodas\/wp-content\/uploads\/usu165\/2017\/02\/MUSICAWEB4.jpg\" alt=\"musicaweb4\" width=\"1024\" height=\"400\" \/>\r\n\t\t\t\t\t\t\t\t\t\t<div class=\"slideshow_description_box slideshow_transparent\">\r\n\t\t\t\t\t\t<div class=\"slideshow_title\">musicaweb4<\/div>\t\t\t\t\t\t\t\t\t\t\t<\/div>\r\n\t\t\t\t<\/div>\r\n\r\n\t\t\t\t\t\t<div style=\"clear: both;\"><\/div><\/div><div class=\"slideshow_view\">\r\n\t\t\t\t<div class=\"slideshow_slide slideshow_slide_image\">\r\n\t\t\t\t\t\t\t\t\t\t\t<img src=\"https:\/\/agora.xtec.cat\/ceipfredericgodas\/wp-content\/uploads\/usu165\/2017\/02\/ESCOLAWEB.jpg\" alt=\"escolaweb\" width=\"1024\" height=\"400\" \/>\r\n\t\t\t\t\t\t\t\t\t\t<div class=\"slideshow_description_box slideshow_transparent\">\r\n\t\t\t\t\t\t<div class=\"slideshow_title\">escolaweb<\/div>\t\t\t\t\t\t\t\t\t\t\t<\/div>\r\n\t\t\t\t<\/div>\r\n\r\n\t\t\t\t\t\t<div style=\"clear: both;\"><\/div><\/div><div class=\"slideshow_view\">\r\n\t\t\t\t<div class=\"slideshow_slide slideshow_slide_image\">\r\n\t\t\t\t\t\t\t\t\t\t\t<img src=\"https:\/\/agora.xtec.cat\/ceipfredericgodas\/wp-content\/uploads\/usu165\/2017\/02\/AMBIENTAL1WEB.jpg\" alt=\"ambiental1web\" width=\"1024\" height=\"400\" \/>\r\n\t\t\t\t\t\t\t\t\t\t<div class=\"slideshow_description_box slideshow_transparent\">\r\n\t\t\t\t\t\t<div class=\"slideshow_title\">ambiental1web<\/div>\t\t\t\t\t\t\t\t\t\t\t<\/div>\r\n\t\t\t\t<\/div>\r\n\r\n\t\t\t\t\t\t<div style=\"clear: both;\"><\/div><\/div><div class=\"slideshow_view\">\r\n\t\t\t\t<div class=\"slideshow_slide slideshow_slide_image\">\r\n\t\t\t\t\t\t\t\t\t\t\t<img src=\"https:\/\/agora.xtec.cat\/ceipfredericgodas\/wp-content\/uploads\/usu165\/2017\/02\/AMBIENTALWEB.jpg\" alt=\"ambientalweb\" width=\"1024\" height=\"400\" \/>\r\n\t\t\t\t\t\t\t\t\t\t<div class=\"slideshow_description_box slideshow_transparent\">\r\n\t\t\t\t\t\t<div class=\"slideshow_title\">ambientalweb<\/div>\t\t\t\t\t\t\t\t\t\t\t<\/div>\r\n\t\t\t\t<\/div>\r\n\r\n\t\t\t\t\t\t<div style=\"clear: both;\"><\/div><\/div>\r\n\t\t<\/div>\r\n\r\n\t\t<div class=\"slideshow_controlPanel slideshow_transparent\" style=\"display: none;\"><ul><li class=\"slideshow_togglePlay\" data-play-text=\"Visualitza\" data-pause-text=\"Pausa\"><\/li><\/ul><\/div>\r\n\r\n\t\t<div class=\"slideshow_button slideshow_previous slideshow_transparent\" role=\"button\" data-previous-text=\"Anterior\" style=\"display: none;\"><\/div>\r\n\t\t<div class=\"slideshow_button slideshow_next slideshow_transparent\" role=\"button\" data-next-text=\"Seg\u00fcent\" style=\"display: none;\"><\/div>\r\n\r\n\t\t<div class=\"slideshow_pagination\" style=\"display: none;\" data-go-to-text=\"V\u00e9s a la diapositiva\"><div class=\"slideshow_pagination_center\"><\/div><\/div>\r\n\r\n\t\t<!-- WordPress Slideshow Version 2.3.1 -->\r\n\r\n\t\t\t<\/div>\r\n\r\n<\/p>\n<p align=\"justify\">Tal com s\u2019ha explicat en l\u2019apartat titulat \u201cPla de formaci\u00f3 de centre\u201d, la formaci\u00f3 dels\/de les mestres \u00e9s un objectiu molt important de la nostra escola i una necessitat per afavorir la coordinaci\u00f3 de les accions educatives i millorar els resultats de l\u2019alumnat. Cada curs, reunit el professorat i d\u2019acord amb les necessitats del PEC i del Pla Estrat\u00e8gic vigent, es fa una proposta de formaci\u00f3 al CRP amb el vist-i-plau de la Inspecci\u00f3. En els darrers anys, els\/les formadors\/res s\u00f3n mestres del mateix centre que s\u2019ofereixen a liderar els diferents tallers tot i que ens agradaria tamb\u00e9 que aquesta formaci\u00f3 an\u00e9s a c\u00e0rrec del Departament d\u2019Ensenyament, tal com es feia en anys anteriors.<\/p>\n<\/blockquote>\n","protected":false},"excerpt":{"rendered":"<p>\t\t\t\t\t\tmusicaweb3\t\t\t\t\t\t\t\t\t\t\t<\/p>\n<p>\t\t\t\t\t\tfamilies2\t\t\t\t\t\t\t\t\t\t\t<\/p>\n<p>\t\t\t\t\t\teducaciofisica\t\t\t\t\t\t\t\t\t\t\t<\/p>\n<p>\t\t\t\t\t\tinnovacioweb5\t\t\t\t\t\t\t\t\t\t\t<\/p>\n<p>\t\t\t\t\t\tfamilies\t\t\t\t\t\t\t\t\t\t\t<\/p>\n<p>\t\t\t\t\t\tretol\t\t\t\t\t\t\t\t\t\t\t<\/p>\n<p>\t\t\t\t\t\tmusicaweb4\t\t\t\t\t\t\t\t\t\t\t<\/p>\n<p>\t\t\t\t\t\tescolaweb\t\t\t\t\t\t\t\t\t\t\t<\/p>\n<p>\t\t\t\t\t\tambiental1web\t\t\t\t\t\t\t\t\t\t\t<\/p>\n<p>\t\t\t\t\t\tambientalweb\t\t\t\t\t\t\t\t\t\t\t<\/p>\n<ul>\n<li class=\"slideshow_togglePlay\" data-play-text=\"Visualitza\" data-pause-text=\"Pausa\"><\/li>\n<\/ul>\n<p>Tal com s\u2019ha explicat en l\u2019apartat titulat \u201cPla de formaci\u00f3 de centre\u201d, la formaci\u00f3 dels\/de les mestres \u00e9s un objectiu molt important de la nostra escola i una necessitat per afavorir la coordinaci\u00f3 de les accions educatives i millorar els resultats de&hellip;  <a href=\"https:\/\/agora.xtec.cat\/ceipfredericgodas\/formacio-interna-del-centre\/\" title=\"Read FORMACI\u00d3 INTERNA DEL CENTRE\">Llegeix m\u00e9s\u00bb<\/a><\/p>\n","protected":false},"author":4,"featured_media":0,"parent":0,"menu_order":10,"comment_status":"closed","ping_status":"closed","template":"page-templates\/side-menu.php","meta":{"_bbp_topic_count":0,"_bbp_reply_count":0,"_bbp_total_topic_count":0,"_bbp_total_reply_count":0,"_bbp_voice_count":0,"_bbp_anonymous_reply_count":0,"_bbp_topic_count_hidden":0,"_bbp_reply_count_hidden":0,"_bbp_forum_subforum_count":0,"footnotes":""},"class_list":["post-516","page","type-page","status-publish","hentry"],"post_mailing_queue_ids":[],"_links":{"self":[{"href":"https:\/\/agora.xtec.cat\/ceipfredericgodas\/wp-json\/wp\/v2\/pages\/516","targetHints":{"allow":["GET"]}}],"collection":[{"href":"https:\/\/agora.xtec.cat\/ceipfredericgodas\/wp-json\/wp\/v2\/pages"}],"about":[{"href":"https:\/\/agora.xtec.cat\/ceipfredericgodas\/wp-json\/wp\/v2\/types\/page"}],"author":[{"embeddable":true,"href":"https:\/\/agora.xtec.cat\/ceipfredericgodas\/wp-json\/wp\/v2\/users\/4"}],"replies":[{"embeddable":true,"href":"https:\/\/agora.xtec.cat\/ceipfredericgodas\/wp-json\/wp\/v2\/comments?post=516"}],"version-history":[{"count":3,"href":"https:\/\/agora.xtec.cat\/ceipfredericgodas\/wp-json\/wp\/v2\/pages\/516\/revisions"}],"predecessor-version":[{"id":14629,"href":"https:\/\/agora.xtec.cat\/ceipfredericgodas\/wp-json\/wp\/v2\/pages\/516\/revisions\/14629"}],"wp:attachment":[{"href":"https:\/\/agora.xtec.cat\/ceipfredericgodas\/wp-json\/wp\/v2\/media?parent=516"}],"curies":[{"name":"wp","href":"https:\/\/api.w.org\/{rel}","templated":true}]}}