{"id":489,"date":"2017-02-01T15:26:31","date_gmt":"2017-02-01T14:26:31","guid":{"rendered":"http:\/\/agora.xtec.cat\/ceipfredericgodas\/?page_id=489"},"modified":"2025-01-26T19:54:11","modified_gmt":"2025-01-26T18:54:11","slug":"escola-formadora-de-mestres","status":"publish","type":"page","link":"https:\/\/agora.xtec.cat\/ceipfredericgodas\/projectes-2\/escola-formadora-de-mestres\/","title":{"rendered":"ESCOLA FORMADORA DE FUTURS MESTRES"},"content":{"rendered":"<p align=\"JUSTIFY\">\r\n\t<div class=\"slideshow_container slideshow_container_style-light\" style=\"height: 300px; \" data-slideshow-id=\"549\" data-style-name=\"style-light\" data-style-version=\"2.3.1\" >\r\n\r\n\t\t\t\t\t<div class=\"slideshow_loading_icon\"><\/div>\r\n\t\t\r\n\t\t<div class=\"slideshow_content\" style=\"display: none;\">\r\n\r\n\t\t\t<div class=\"slideshow_view\">\r\n\t\t\t\t<div class=\"slideshow_slide slideshow_slide_image\">\r\n\t\t\t\t\t\t\t\t\t\t\t<img src=\"https:\/\/agora.xtec.cat\/ceipfredericgodas\/wp-content\/uploads\/usu165\/2017\/02\/INNOVACIOWEB5-1.jpg\" alt=\"innovacioweb5\" width=\"1024\" height=\"400\" \/>\r\n\t\t\t\t\t\t\t\t\t\t<div class=\"slideshow_description_box slideshow_transparent\">\r\n\t\t\t\t\t\t<div class=\"slideshow_title\">innovacioweb5<\/div>\t\t\t\t\t\t\t\t\t\t\t<\/div>\r\n\t\t\t\t<\/div>\r\n\r\n\t\t\t\t\t\t<div style=\"clear: both;\"><\/div><\/div><div class=\"slideshow_view\">\r\n\t\t\t\t<div class=\"slideshow_slide slideshow_slide_image\">\r\n\t\t\t\t\t\t\t\t\t\t\t<img src=\"https:\/\/agora.xtec.cat\/ceipfredericgodas\/wp-content\/uploads\/usu165\/2017\/02\/FORMACIOMESTRES1.jpg\" alt=\"formaciomestres1\" width=\"1024\" height=\"400\" \/>\r\n\t\t\t\t\t\t\t\t\t\t<div class=\"slideshow_description_box slideshow_transparent\">\r\n\t\t\t\t\t\t<div class=\"slideshow_title\">formaciomestres1<\/div>\t\t\t\t\t\t\t\t\t\t\t<\/div>\r\n\t\t\t\t<\/div>\r\n\r\n\t\t\t\t\t\t<div style=\"clear: both;\"><\/div><\/div><div class=\"slideshow_view\">\r\n\t\t\t\t<div class=\"slideshow_slide slideshow_slide_image\">\r\n\t\t\t\t\t\t\t\t\t\t\t<img src=\"https:\/\/agora.xtec.cat\/ceipfredericgodas\/wp-content\/uploads\/usu165\/2017\/02\/FORMACIOMESTRES.jpg\" alt=\"formaciomestres\" width=\"1024\" height=\"400\" \/>\r\n\t\t\t\t\t\t\t\t\t\t<div class=\"slideshow_description_box slideshow_transparent\">\r\n\t\t\t\t\t\t<div class=\"slideshow_title\">formaciomestres<\/div>\t\t\t\t\t\t\t\t\t\t\t<\/div>\r\n\t\t\t\t<\/div>\r\n\r\n\t\t\t\t\t\t<div style=\"clear: both;\"><\/div><\/div>\r\n\t\t<\/div>\r\n\r\n\t\t<div class=\"slideshow_controlPanel slideshow_transparent\" style=\"display: none;\"><ul><li class=\"slideshow_togglePlay\" data-play-text=\"Visualitza\" data-pause-text=\"Pausa\"><\/li><\/ul><\/div>\r\n\r\n\t\t<div class=\"slideshow_button slideshow_previous slideshow_transparent\" role=\"button\" data-previous-text=\"Anterior\" style=\"display: none;\"><\/div>\r\n\t\t<div class=\"slideshow_button slideshow_next slideshow_transparent\" role=\"button\" data-next-text=\"Seg\u00fcent\" style=\"display: none;\"><\/div>\r\n\r\n\t\t<div class=\"slideshow_pagination\" style=\"display: none;\" data-go-to-text=\"V\u00e9s a la diapositiva\"><div class=\"slideshow_pagination_center\"><\/div><\/div>\r\n\r\n\t\t<!-- WordPress Slideshow Version 2.3.1 -->\r\n\r\n\t\t\t<\/div>\r\n\r\n<\/p>\n<p style=\"text-align: justify;\">Des de fa molts anys, la nostra escola acull estudiants de magisteri en pr\u00e0ctiques. En els darrers anys, hi ha hagut una millora qualitativa en aquest aspecte que s\u2019ha evidenciat en una planificaci\u00f3 acurada d\u2019aquest fet tant pel que fa a la UdL com pel que fa a la nostra escola. Actualment l\u2019acolliment d\u2019estudiants en pr\u00e0ctiques t\u00e9 molta rellev\u00e0ncia per la import\u00e0ncia que ha adquirit aquesta pr\u00e0ctica i s\u00f3n molts els nois i noies estudiants de diferents modalitats de magisteri que sol\u00b7liciten la nostra escola<\/p>\n<ul style=\"text-align: justify;\">\n<li>Aprenents de formaci\u00f3 biling\u00fce, aprenents en formaci\u00f3 dual.<\/li>\n<li>Pr\u00e0ctiques I, pr\u00e0ctiques II, i pr\u00e0ctiques III de les especialitats d\u2019infantil i de prim\u00e0ria i alumnes de menci\u00f3.<\/li>\n<li>Pr\u00e0ctiques de formaci\u00f3 dual les quals acullen alumnat de primer curs.<\/li>\n<li>Aprenents de formaci\u00f3 dual que fan la menci\u00f3 en el seu darrer any de carrera.<\/li>\n<\/ul>\n<p style=\"text-align: justify;\">Es realitza per a tots\/es un protocol d\u2019acollida que inclou:<\/p>\n<p style=\"text-align: justify;\">&#8211; Assist\u00e8ncia per part de la coordinadora i dels tutors a les reunions convocades per la facultat.<\/p>\n<p style=\"text-align: justify;\">&#8211; Assignaci\u00f3 d\u2019un tutor\/a a cada aprenent.<\/p>\n<p>&#8211; Acollida dels practicants, presentaci\u00f3 dels seus tutors\/es i recorregut per les instal\u00b7lacions del centre.<\/p>\n<p>&#8211; Convocat\u00f2ria de l\u2019alumnat de pr\u00e0ctiques per part de l\u2019equip directiu a una sessi\u00f3 de treball durant els primers dies on s\u2019explica el funcionament i organitzaci\u00f3 del centre aix\u00ed com els projectes que estan en curs. Es facilita a l\u2019alumnat tot el que puguin menester per a la seva estada i posterior mem\u00f2ria.<\/p>\n<p>&#8211; Seguiment de l\u2019alumnat per part dels\/de les tutors\/es al centre.<\/p>\n<p>&#8211; Entrevistes personals en acabar les pr\u00e0ctiques (aquestes formen part de l\u2019avaluaci\u00f3 per a la millora dels processos d\u2019ensenyament i aprenentatge del centre).<\/p>\n","protected":false},"excerpt":{"rendered":"<p>\t\t\t\t\t\tinnovacioweb5\t\t\t\t\t\t\t\t\t\t\t<\/p>\n<p>\t\t\t\t\t\tformaciomestres1\t\t\t\t\t\t\t\t\t\t\t<\/p>\n<p>\t\t\t\t\t\tformaciomestres\t\t\t\t\t\t\t\t\t\t\t<\/p>\n<ul>\n<li class=\"slideshow_togglePlay\" data-play-text=\"Visualitza\" data-pause-text=\"Pausa\"><\/li>\n<\/ul>\n<p>Des de fa molts anys, la nostra escola acull estudiants de magisteri en pr\u00e0ctiques. En els darrers anys, hi ha hagut una millora qualitativa en aquest aspecte que s\u2019ha evidenciat en una planificaci\u00f3 acurada d\u2019aquest fet tant pel que fa a la&hellip;  <a href=\"https:\/\/agora.xtec.cat\/ceipfredericgodas\/projectes-2\/escola-formadora-de-mestres\/\" title=\"Read ESCOLA FORMADORA DE FUTURS MESTRES\">Llegeix m\u00e9s\u00bb<\/a><\/p>\n","protected":false},"author":4,"featured_media":0,"parent":241,"menu_order":9,"comment_status":"closed","ping_status":"closed","template":"page-templates\/side-menu.php","meta":{"_bbp_topic_count":0,"_bbp_reply_count":0,"_bbp_total_topic_count":0,"_bbp_total_reply_count":0,"_bbp_voice_count":0,"_bbp_anonymous_reply_count":0,"_bbp_topic_count_hidden":0,"_bbp_reply_count_hidden":0,"_bbp_forum_subforum_count":0,"footnotes":""},"class_list":["post-489","page","type-page","status-publish","hentry"],"post_mailing_queue_ids":[],"_links":{"self":[{"href":"https:\/\/agora.xtec.cat\/ceipfredericgodas\/wp-json\/wp\/v2\/pages\/489","targetHints":{"allow":["GET"]}}],"collection":[{"href":"https:\/\/agora.xtec.cat\/ceipfredericgodas\/wp-json\/wp\/v2\/pages"}],"about":[{"href":"https:\/\/agora.xtec.cat\/ceipfredericgodas\/wp-json\/wp\/v2\/types\/page"}],"author":[{"embeddable":true,"href":"https:\/\/agora.xtec.cat\/ceipfredericgodas\/wp-json\/wp\/v2\/users\/4"}],"replies":[{"embeddable":true,"href":"https:\/\/agora.xtec.cat\/ceipfredericgodas\/wp-json\/wp\/v2\/comments?post=489"}],"version-history":[{"count":4,"href":"https:\/\/agora.xtec.cat\/ceipfredericgodas\/wp-json\/wp\/v2\/pages\/489\/revisions"}],"predecessor-version":[{"id":15557,"href":"https:\/\/agora.xtec.cat\/ceipfredericgodas\/wp-json\/wp\/v2\/pages\/489\/revisions\/15557"}],"up":[{"embeddable":true,"href":"https:\/\/agora.xtec.cat\/ceipfredericgodas\/wp-json\/wp\/v2\/pages\/241"}],"wp:attachment":[{"href":"https:\/\/agora.xtec.cat\/ceipfredericgodas\/wp-json\/wp\/v2\/media?parent=489"}],"curies":[{"name":"wp","href":"https:\/\/api.w.org\/{rel}","templated":true}]}}