{"id":487,"date":"2017-02-01T15:25:55","date_gmt":"2017-02-01T14:25:55","guid":{"rendered":"http:\/\/agora.xtec.cat\/ceipfredericgodas\/?page_id=487"},"modified":"2022-03-27T23:29:51","modified_gmt":"2022-03-27T21:29:51","slug":"projectes-europeus","status":"publish","type":"page","link":"https:\/\/agora.xtec.cat\/ceipfredericgodas\/projectes-2\/projectes-europeus\/","title":{"rendered":"PROJECTES EUROPEUS"},"content":{"rendered":"<div style=\"text-align: justify;\">\r\n\t<div class=\"slideshow_container slideshow_container_style-light\" style=\"height: 300px; \" data-slideshow-id=\"563\" data-style-name=\"style-light\" data-style-version=\"2.3.1\" >\r\n\r\n\t\t\t\t\t<div class=\"slideshow_loading_icon\"><\/div>\r\n\t\t\r\n\t\t<div class=\"slideshow_content\" style=\"display: none;\">\r\n\r\n\t\t\t<div class=\"slideshow_view\">\r\n\t\t\t\t<div class=\"slideshow_slide slideshow_slide_image\">\r\n\t\t\t\t\t\t\t\t\t\t\t<img src=\"https:\/\/agora.xtec.cat\/ceipfredericgodas\/wp-content\/uploads\/usu165\/2019\/02\/ERASMUS-2018-7.jpg\" alt=\"ERASMUS 2018 (7)\" width=\"1024\" height=\"768\" \/>\r\n\t\t\t\t\t\t\t\t\t\t<div class=\"slideshow_description_box slideshow_transparent\">\r\n\t\t\t\t\t\t<div class=\"slideshow_title\">ERASMUS 2018 (7)<\/div>\t\t\t\t\t\t\t\t\t\t\t<\/div>\r\n\t\t\t\t<\/div>\r\n\r\n\t\t\t\t\t\t<div style=\"clear: both;\"><\/div><\/div><div class=\"slideshow_view\">\r\n\t\t\t\t<div class=\"slideshow_slide slideshow_slide_image\">\r\n\t\t\t\t\t\t\t\t\t\t\t<img src=\"https:\/\/agora.xtec.cat\/ceipfredericgodas\/wp-content\/uploads\/usu165\/2019\/01\/ERASMUS-FOTO-DE-FAMILIA.jpg\" alt=\"ERASMUS - FOTO DE FAMILIA\" width=\"1200\" height=\"900\" \/>\r\n\t\t\t\t\t\t\t\t\t\t<div class=\"slideshow_description_box slideshow_transparent\">\r\n\t\t\t\t\t\t<div class=\"slideshow_title\">ERASMUS - FOTO DE FAMILIA<\/div>\t\t\t\t\t\t\t\t\t\t\t<\/div>\r\n\t\t\t\t<\/div>\r\n\r\n\t\t\t\t\t\t<div style=\"clear: both;\"><\/div><\/div><div class=\"slideshow_view\">\r\n\t\t\t\t<div class=\"slideshow_slide slideshow_slide_image\">\r\n\t\t\t\t\t\t\t\t\t\t\t<img src=\"https:\/\/agora.xtec.cat\/ceipfredericgodas\/wp-content\/uploads\/usu165\/2017\/02\/PROEJECTESEUROPEUS8.jpg\" alt=\"proejecteseuropeus8\" width=\"1024\" height=\"400\" \/>\r\n\t\t\t\t\t\t\t\t\t\t<div class=\"slideshow_description_box slideshow_transparent\">\r\n\t\t\t\t\t\t<div class=\"slideshow_title\">proejecteseuropeus8<\/div>\t\t\t\t\t\t\t\t\t\t\t<\/div>\r\n\t\t\t\t<\/div>\r\n\r\n\t\t\t\t\t\t<div style=\"clear: both;\"><\/div><\/div><div class=\"slideshow_view\">\r\n\t\t\t\t<div class=\"slideshow_slide slideshow_slide_image\">\r\n\t\t\t\t\t\t\t\t\t\t\t<img src=\"https:\/\/agora.xtec.cat\/ceipfredericgodas\/wp-content\/uploads\/usu165\/2017\/02\/PROJECTESEUROPEUS7.jpg\" alt=\"projecteseuropeus7\" width=\"1024\" height=\"400\" \/>\r\n\t\t\t\t\t\t\t\t\t\t<div class=\"slideshow_description_box slideshow_transparent\">\r\n\t\t\t\t\t\t<div class=\"slideshow_title\">projecteseuropeus7<\/div>\t\t\t\t\t\t\t\t\t\t\t<\/div>\r\n\t\t\t\t<\/div>\r\n\r\n\t\t\t\t\t\t<div style=\"clear: both;\"><\/div><\/div><div class=\"slideshow_view\">\r\n\t\t\t\t<div class=\"slideshow_slide slideshow_slide_image\">\r\n\t\t\t\t\t\t\t\t\t\t\t<img src=\"https:\/\/agora.xtec.cat\/ceipfredericgodas\/wp-content\/uploads\/usu165\/2017\/02\/PROJECTESEUROPEUS6.jpg\" alt=\"projecteseuropeus6\" width=\"1024\" height=\"400\" \/>\r\n\t\t\t\t\t\t\t\t\t\t<div class=\"slideshow_description_box slideshow_transparent\">\r\n\t\t\t\t\t\t<div class=\"slideshow_title\">projecteseuropeus6<\/div>\t\t\t\t\t\t\t\t\t\t\t<\/div>\r\n\t\t\t\t<\/div>\r\n\r\n\t\t\t\t\t\t<div style=\"clear: both;\"><\/div><\/div><div class=\"slideshow_view\">\r\n\t\t\t\t<div class=\"slideshow_slide slideshow_slide_image\">\r\n\t\t\t\t\t\t\t\t\t\t\t<img src=\"https:\/\/agora.xtec.cat\/ceipfredericgodas\/wp-content\/uploads\/usu165\/2017\/02\/PROJECTESEUROPEUS5.jpg\" alt=\"projecteseuropeus5\" width=\"1024\" height=\"400\" \/>\r\n\t\t\t\t\t\t\t\t\t\t<div class=\"slideshow_description_box slideshow_transparent\">\r\n\t\t\t\t\t\t<div class=\"slideshow_title\">projecteseuropeus5<\/div>\t\t\t\t\t\t\t\t\t\t\t<\/div>\r\n\t\t\t\t<\/div>\r\n\r\n\t\t\t\t\t\t<div style=\"clear: both;\"><\/div><\/div><div class=\"slideshow_view\">\r\n\t\t\t\t<div class=\"slideshow_slide slideshow_slide_image\">\r\n\t\t\t\t\t\t\t\t\t\t\t<img src=\"https:\/\/agora.xtec.cat\/ceipfredericgodas\/wp-content\/uploads\/usu165\/2017\/02\/PROJECTESEUROPEUS4.jpg\" alt=\"projecteseuropeus4\" width=\"1024\" height=\"400\" \/>\r\n\t\t\t\t\t\t\t\t\t\t<div class=\"slideshow_description_box slideshow_transparent\">\r\n\t\t\t\t\t\t<div class=\"slideshow_title\">projecteseuropeus4<\/div>\t\t\t\t\t\t\t\t\t\t\t<\/div>\r\n\t\t\t\t<\/div>\r\n\r\n\t\t\t\t\t\t<div style=\"clear: both;\"><\/div><\/div><div class=\"slideshow_view\">\r\n\t\t\t\t<div class=\"slideshow_slide slideshow_slide_image\">\r\n\t\t\t\t\t\t\t\t\t\t\t<img src=\"https:\/\/agora.xtec.cat\/ceipfredericgodas\/wp-content\/uploads\/usu165\/2017\/02\/PROJECTESEUROPEUS3.jpg\" alt=\"projecteseuropeus3\" width=\"1024\" height=\"400\" \/>\r\n\t\t\t\t\t\t\t\t\t\t<div class=\"slideshow_description_box slideshow_transparent\">\r\n\t\t\t\t\t\t<div class=\"slideshow_title\">projecteseuropeus3<\/div>\t\t\t\t\t\t\t\t\t\t\t<\/div>\r\n\t\t\t\t<\/div>\r\n\r\n\t\t\t\t\t\t<div style=\"clear: both;\"><\/div><\/div><div class=\"slideshow_view\">\r\n\t\t\t\t<div class=\"slideshow_slide slideshow_slide_image\">\r\n\t\t\t\t\t\t\t\t\t\t\t<img src=\"https:\/\/agora.xtec.cat\/ceipfredericgodas\/wp-content\/uploads\/usu165\/2017\/02\/PROJECTESEUROPEUS2.jpg\" alt=\"projecteseuropeus2\" width=\"1024\" height=\"400\" \/>\r\n\t\t\t\t\t\t\t\t\t\t<div class=\"slideshow_description_box slideshow_transparent\">\r\n\t\t\t\t\t\t<div class=\"slideshow_title\">projecteseuropeus2<\/div>\t\t\t\t\t\t\t\t\t\t\t<\/div>\r\n\t\t\t\t<\/div>\r\n\r\n\t\t\t\t\t\t<div style=\"clear: both;\"><\/div><\/div>\r\n\t\t<\/div>\r\n\r\n\t\t<div class=\"slideshow_controlPanel slideshow_transparent\" style=\"display: none;\"><ul><li class=\"slideshow_togglePlay\" data-play-text=\"Visualitza\" data-pause-text=\"Pausa\"><\/li><\/ul><\/div>\r\n\r\n\t\t<div class=\"slideshow_button slideshow_previous slideshow_transparent\" role=\"button\" data-previous-text=\"Anterior\" style=\"display: none;\"><\/div>\r\n\t\t<div class=\"slideshow_button slideshow_next slideshow_transparent\" role=\"button\" data-next-text=\"Seg\u00fcent\" style=\"display: none;\"><\/div>\r\n\r\n\t\t<div class=\"slideshow_pagination\" style=\"display: none;\" data-go-to-text=\"V\u00e9s a la diapositiva\"><div class=\"slideshow_pagination_center\"><\/div><\/div>\r\n\r\n\t\t<!-- WordPress Slideshow Version 2.3.1 -->\r\n\r\n\t\t\t<\/div>\r\n\r\n<\/div>\n<div><\/div>\n<div>\n<p lang=\"ca-ES\" align=\"justify\">L\u2019escola Frederic God\u00e0s, des de l\u2019any 1999, ha anat participant en diferents programes europeus sobre diferents tem\u00e0tiques ( jocs tradicionals i temps de lleure, educaci\u00f3 visual i pl\u00e0stica, educaci\u00f3 musical, horts, places, jardins, tradicions i cultura europea en general).<\/p>\n<p lang=\"ca-ES\" align=\"justify\">L\u2019objectiu b\u00e0sic \u00e9s apropar a l\u2019alumnat i a la comunitat educativa en general a les diferents realitats europees tot i afavorint l\u2019intercanvia i el coneixement de les diferents cultures, tot utilitzant les lleng\u00fces estrangeres i les noves tecnologies.<\/p>\n<p lang=\"ca-ES\" align=\"justify\">A m\u00e9s, hem d\u2019afegir com a punt fort la millora de la cohesi\u00f3 social que s\u2019aconsegueix mitjan\u00e7ant les diferents activitats i visites doncs \u00e9s el coneixement i l\u2019intercanvi mutu el cam\u00ed idoni per comprendre i estimar els altres.<\/p>\n<p style=\"text-align: justify;\">Amb el ferm convenciment que el treball amb altres escoles augmenta la qualitat educativa, hem presentat i realitzat projectes i europeus i \u00e9s el nostre objectiu continuar en aquesta l\u00ednia.<\/p>\n<p lang=\"ca-ES\" align=\"justify\"><strong>HIST\u00d2RIC<\/strong><\/p>\n<ul>\n<li lang=\"ca-ES\">COMENIUS 1999-2001- Toys and games in Europe (Geat Britain, France, Italy and Spain).<\/li>\n<li lang=\"ca-ES\">COMENIUS 2010-2012- <a href=\"http:\/\/knowingbysharing.blogspot.com.es\/\">Knowing by sharing<\/a> (Finland, Italy, Sweden and Spain).<\/li>\n<li lang=\"ca-ES\">COMENIUS 2013-2015- Growing from the Garden (Finland, Polland, Great Britain, France, Greece and Spain).<\/li>\n<li lang=\"ca-ES\">ERASMUS + 2018-2020 &#8211; <a href=\"http:\/\/ideal-erasmusplus.blogspot.com\/\">I.D.E.A.L. &#8211; Innovating by doing experiments about Leonardo<\/a> (Italy, Portugal, Estonia, Romania, Spain).<\/li>\n<li lang=\"ca-ES\">ERASMUS + (Actualment en elaboraci\u00f3).<\/li>\n<\/ul>\n<p><a href=\"https:\/\/agora.xtec.cat\/ceipfredericgodas\/wp-content\/uploads\/usu165\/2019\/02\/cofinanciadoEN.png\"><img loading=\"lazy\" decoding=\"async\" class=\"alignnone size-large wp-image-13842\" src=\"https:\/\/agora.xtec.cat\/ceipfredericgodas\/wp-content\/uploads\/usu165\/2019\/02\/cofinanciadoEN-1024x223.png\" alt=\"\" width=\"1024\" height=\"223\" srcset=\"https:\/\/agora.xtec.cat\/ceipfredericgodas\/wp-content\/uploads\/usu165\/2019\/02\/cofinanciadoEN-1024x223.png 1024w, https:\/\/agora.xtec.cat\/ceipfredericgodas\/wp-content\/uploads\/usu165\/2019\/02\/cofinanciadoEN-300x65.png 300w, https:\/\/agora.xtec.cat\/ceipfredericgodas\/wp-content\/uploads\/usu165\/2019\/02\/cofinanciadoEN-768x167.png 768w, https:\/\/agora.xtec.cat\/ceipfredericgodas\/wp-content\/uploads\/usu165\/2019\/02\/cofinanciadoEN.png 1720w\" sizes=\"auto, (max-width: 1024px) 100vw, 1024px\" \/><\/a><\/p>\n<\/div>\n","protected":false},"excerpt":{"rendered":"<p>\t\t\t\t\t\tERASMUS 2018 (7)\t\t\t\t\t\t\t\t\t\t\t<\/p>\n<p>\t\t\t\t\t\tERASMUS &#8211; FOTO DE FAMILIA\t\t\t\t\t\t\t\t\t\t\t<\/p>\n<p>\t\t\t\t\t\tproejecteseuropeus8\t\t\t\t\t\t\t\t\t\t\t<\/p>\n<p>\t\t\t\t\t\tprojecteseuropeus7\t\t\t\t\t\t\t\t\t\t\t<\/p>\n<p>\t\t\t\t\t\tprojecteseuropeus6\t\t\t\t\t\t\t\t\t\t\t<\/p>\n<p>\t\t\t\t\t\tprojecteseuropeus5\t\t\t\t\t\t\t\t\t\t\t<\/p>\n<p>\t\t\t\t\t\tprojecteseuropeus4\t\t\t\t\t\t\t\t\t\t\t<\/p>\n<p>\t\t\t\t\t\tprojecteseuropeus3\t\t\t\t\t\t\t\t\t\t\t<\/p>\n<p>\t\t\t\t\t\tprojecteseuropeus2\t\t\t\t\t\t\t\t\t\t\t<\/p>\n<ul>\n<li class=\"slideshow_togglePlay\" data-play-text=\"Visualitza\" data-pause-text=\"Pausa\"><\/li>\n<\/ul>\n<p>L\u2019escola Frederic God\u00e0s, des de l\u2019any 1999, ha anat participant en diferents programes europeus sobre diferents tem\u00e0tiques ( jocs tradicionals i temps de lleure, educaci\u00f3 visual i pl\u00e0stica, educaci\u00f3 musical, horts, places, jardins, tradicions i cultura&hellip;  <a href=\"https:\/\/agora.xtec.cat\/ceipfredericgodas\/projectes-2\/projectes-europeus\/\" title=\"Read PROJECTES EUROPEUS\">Llegeix m\u00e9s\u00bb<\/a><\/p>\n","protected":false},"author":4,"featured_media":0,"parent":241,"menu_order":4,"comment_status":"closed","ping_status":"closed","template":"page-templates\/side-menu.php","meta":{"_bbp_topic_count":0,"_bbp_reply_count":0,"_bbp_total_topic_count":0,"_bbp_total_reply_count":0,"_bbp_voice_count":0,"_bbp_anonymous_reply_count":0,"_bbp_topic_count_hidden":0,"_bbp_reply_count_hidden":0,"_bbp_forum_subforum_count":0,"footnotes":""},"class_list":["post-487","page","type-page","status-publish","hentry"],"post_mailing_queue_ids":[],"_links":{"self":[{"href":"https:\/\/agora.xtec.cat\/ceipfredericgodas\/wp-json\/wp\/v2\/pages\/487","targetHints":{"allow":["GET"]}}],"collection":[{"href":"https:\/\/agora.xtec.cat\/ceipfredericgodas\/wp-json\/wp\/v2\/pages"}],"about":[{"href":"https:\/\/agora.xtec.cat\/ceipfredericgodas\/wp-json\/wp\/v2\/types\/page"}],"author":[{"embeddable":true,"href":"https:\/\/agora.xtec.cat\/ceipfredericgodas\/wp-json\/wp\/v2\/users\/4"}],"replies":[{"embeddable":true,"href":"https:\/\/agora.xtec.cat\/ceipfredericgodas\/wp-json\/wp\/v2\/comments?post=487"}],"version-history":[{"count":4,"href":"https:\/\/agora.xtec.cat\/ceipfredericgodas\/wp-json\/wp\/v2\/pages\/487\/revisions"}],"predecessor-version":[{"id":14624,"href":"https:\/\/agora.xtec.cat\/ceipfredericgodas\/wp-json\/wp\/v2\/pages\/487\/revisions\/14624"}],"up":[{"embeddable":true,"href":"https:\/\/agora.xtec.cat\/ceipfredericgodas\/wp-json\/wp\/v2\/pages\/241"}],"wp:attachment":[{"href":"https:\/\/agora.xtec.cat\/ceipfredericgodas\/wp-json\/wp\/v2\/media?parent=487"}],"curies":[{"name":"wp","href":"https:\/\/api.w.org\/{rel}","templated":true}]}}