{"id":483,"date":"2017-02-01T15:24:10","date_gmt":"2017-02-01T14:24:10","guid":{"rendered":"http:\/\/agora.xtec.cat\/ceipfredericgodas\/?page_id=483"},"modified":"2022-03-27T23:34:14","modified_gmt":"2022-03-27T21:34:14","slug":"innovacio-eductiva","status":"publish","type":"page","link":"https:\/\/agora.xtec.cat\/ceipfredericgodas\/projectes-2\/innovacio-eductiva\/","title":{"rendered":"INNOVACI\u00d3 EDUCATIVA"},"content":{"rendered":"<p align=\"JUSTIFY\">\r\n\t<div class=\"slideshow_container slideshow_container_style-light\" style=\"height: 300px; \" data-slideshow-id=\"576\" data-style-name=\"style-light\" data-style-version=\"2.3.1\" >\r\n\r\n\t\t\t\t\t<div class=\"slideshow_loading_icon\"><\/div>\r\n\t\t\r\n\t\t<div class=\"slideshow_content\" style=\"display: none;\">\r\n\r\n\t\t\t<div class=\"slideshow_view\">\r\n\t\t\t\t<div class=\"slideshow_slide slideshow_slide_image\">\r\n\t\t\t\t\t\t\t\t\t\t\t<img src=\"https:\/\/agora.xtec.cat\/ceipfredericgodas\/wp-content\/uploads\/usu165\/2017\/02\/INNOVACIOWEB5.jpg\" alt=\"innovacioweb5\" width=\"1024\" height=\"400\" \/>\r\n\t\t\t\t\t\t\t\t\t\t<div class=\"slideshow_description_box slideshow_transparent\">\r\n\t\t\t\t\t\t<div class=\"slideshow_title\">innovacioweb5<\/div>\t\t\t\t\t\t\t\t\t\t\t<\/div>\r\n\t\t\t\t<\/div>\r\n\r\n\t\t\t\t\t\t<div style=\"clear: both;\"><\/div><\/div><div class=\"slideshow_view\">\r\n\t\t\t\t<div class=\"slideshow_slide slideshow_slide_image\">\r\n\t\t\t\t\t\t\t\t\t\t\t<img src=\"https:\/\/agora.xtec.cat\/ceipfredericgodas\/wp-content\/uploads\/usu165\/2017\/02\/INNOVACIOWEB4-e1656258330262.jpg\" alt=\"innovacioweb4\" width=\"407\" height=\"174\" \/>\r\n\t\t\t\t\t\t\t\t\t\t<div class=\"slideshow_description_box slideshow_transparent\">\r\n\t\t\t\t\t\t<div class=\"slideshow_title\">innovacioweb4<\/div>\t\t\t\t\t\t\t\t\t\t\t<\/div>\r\n\t\t\t\t<\/div>\r\n\r\n\t\t\t\t\t\t<div style=\"clear: both;\"><\/div><\/div><div class=\"slideshow_view\">\r\n\t\t\t\t<div class=\"slideshow_slide slideshow_slide_image\">\r\n\t\t\t\t\t\t\t\t\t\t\t<img src=\"https:\/\/agora.xtec.cat\/ceipfredericgodas\/wp-content\/uploads\/usu165\/2017\/02\/INNOVACIOWEB3.jpg\" alt=\"innovacioweb3\" width=\"1024\" height=\"400\" \/>\r\n\t\t\t\t\t\t\t\t\t\t<div class=\"slideshow_description_box slideshow_transparent\">\r\n\t\t\t\t\t\t<div class=\"slideshow_title\">innovacioweb3<\/div>\t\t\t\t\t\t\t\t\t\t\t<\/div>\r\n\t\t\t\t<\/div>\r\n\r\n\t\t\t\t\t\t<div style=\"clear: both;\"><\/div><\/div><div class=\"slideshow_view\">\r\n\t\t\t\t<div class=\"slideshow_slide slideshow_slide_image\">\r\n\t\t\t\t\t\t\t\t\t\t\t<img src=\"https:\/\/agora.xtec.cat\/ceipfredericgodas\/wp-content\/uploads\/usu165\/2017\/02\/INNOVACIOWEB2.jpg\" alt=\"innovacioweb2\" width=\"1024\" height=\"400\" \/>\r\n\t\t\t\t\t\t\t\t\t\t<div class=\"slideshow_description_box slideshow_transparent\">\r\n\t\t\t\t\t\t<div class=\"slideshow_title\">innovacioweb2<\/div>\t\t\t\t\t\t\t\t\t\t\t<\/div>\r\n\t\t\t\t<\/div>\r\n\r\n\t\t\t\t\t\t<div style=\"clear: both;\"><\/div><\/div><div class=\"slideshow_view\">\r\n\t\t\t\t<div class=\"slideshow_slide slideshow_slide_image\">\r\n\t\t\t\t\t\t\t\t\t\t\t<img src=\"https:\/\/agora.xtec.cat\/ceipfredericgodas\/wp-content\/uploads\/usu165\/2017\/02\/INNOVACIOWEB.jpg\" alt=\"innovacioweb\" width=\"1024\" height=\"400\" \/>\r\n\t\t\t\t\t\t\t\t\t\t<div class=\"slideshow_description_box slideshow_transparent\">\r\n\t\t\t\t\t\t<div class=\"slideshow_title\">innovacioweb<\/div>\t\t\t\t\t\t\t\t\t\t\t<\/div>\r\n\t\t\t\t<\/div>\r\n\r\n\t\t\t\t\t\t<div style=\"clear: both;\"><\/div><\/div><div class=\"slideshow_view\">\r\n\t\t\t\t<div class=\"slideshow_slide slideshow_slide_image\">\r\n\t\t\t\t\t\t\t\t\t\t\t<img src=\"https:\/\/agora.xtec.cat\/ceipfredericgodas\/wp-content\/uploads\/usu165\/2017\/02\/AMBIENTALWEB3.jpg\" alt=\"ambientalweb3\" width=\"1024\" height=\"400\" \/>\r\n\t\t\t\t\t\t\t\t\t\t<div class=\"slideshow_description_box slideshow_transparent\">\r\n\t\t\t\t\t\t<div class=\"slideshow_title\">ambientalweb3<\/div>\t\t\t\t\t\t\t\t\t\t\t<\/div>\r\n\t\t\t\t<\/div>\r\n\r\n\t\t\t\t\t\t<div style=\"clear: both;\"><\/div><\/div>\r\n\t\t<\/div>\r\n\r\n\t\t<div class=\"slideshow_controlPanel slideshow_transparent\" style=\"display: none;\"><ul><li class=\"slideshow_togglePlay\" data-play-text=\"Visualitza\" data-pause-text=\"Pausa\"><\/li><\/ul><\/div>\r\n\r\n\t\t<div class=\"slideshow_button slideshow_previous slideshow_transparent\" role=\"button\" data-previous-text=\"Anterior\" style=\"display: none;\"><\/div>\r\n\t\t<div class=\"slideshow_button slideshow_next slideshow_transparent\" role=\"button\" data-next-text=\"Seg\u00fcent\" style=\"display: none;\"><\/div>\r\n\r\n\t\t<div class=\"slideshow_pagination\" style=\"display: none;\" data-go-to-text=\"V\u00e9s a la diapositiva\"><div class=\"slideshow_pagination_center\"><\/div><\/div>\r\n\r\n\t\t<!-- WordPress Slideshow Version 2.3.1 -->\r\n\r\n\t\t\t<\/div>\r\n\r\n<\/p>\n<p align=\"JUSTIFY\">El Pla de formaci\u00f3 de centre \u00e9s una necessitat que data a la nostra escola des de l\u2019any 2008. L\u2019objectiu del Pla ha estat i \u00e9s aconseguir una formaci\u00f3 per a millorar les compet\u00e8ncies actuals dels professionals del centre i poder afrontar els reptes del futur mitjan\u00e7ant el coneixement de noves metodologies i tecnologies i aix\u00ed satisfer les expectatives de desenvolupament professional personal. Els continguts que es tracten tenen una aplicaci\u00f3 directa a l\u2019aula i l\u2019objectiu \u00e9s millorar les compet\u00e8ncies de l\u2019alumnat.<\/p>\n<p align=\"justify\">Cada curs escolar el Pla de Formaci\u00f3 es concreta en les necessitats presents que s\u2019han vingut desenvolupant en els diferents Plans estrat\u00e8gics . Abans d\u2019iniciar un nou Pla Estrat\u00e8gic hom fa la diagnosi del centre tot recollint i estudiant els punts forts, els punts febles, les amenaces i les fortaleses. Tenint en compte tots aquests aspectes, s\u2019elaboren una s\u00e8rie d\u2019actuacions concretes per tal de preparar el Pla de formaci\u00f3 de centre i ajudar al professorat a assolir uns coneixements que els permeti augmentar la seva compet\u00e8ncia en un entorn de treball obert a tota la comunitat educativa. El Pla de formaci\u00f3 de centre l\u2019impulsa l\u2019equip directiu i compta per a la seva aplicaci\u00f3 amb la col\u00b7laboraci\u00f3 de mestres del centre amb experi\u00e8ncia que s\u2019ofereixen a portar-lo endavant com a formadors sense remuneraci\u00f3.<\/p>\n<p align=\"justify\">En els darrers cursos s\u2019han portat a terme nombroses formacions<\/p>\n<ul>\n<li>An\u00e0lisi del curr\u00edculum i treball de les compet\u00e8ncies b\u00e0siques al centre.<\/li>\n<li>Metodologies de treball global interdisciplinari i internivells<\/li>\n<li>Les noves tecnologies com a catalitzadores de l\u2019aprenentatge.<\/li>\n<li>Xarxa de CB. L\u2019avaluaci\u00f3 formativa i el feedback.<\/li>\n<li>Altres&#8230;<\/li>\n<\/ul>\n<p>Hom pret\u00e9n que la formaci\u00f3 aporti canvis en alguns aspectes del centre concrets que varien d\u2019acord amb els objectius del Pla estrat\u00e8gic vigent i que apunten sobretot a q\u00fcestions metodol\u00f2giques i TAC.<\/p>\n","protected":false},"excerpt":{"rendered":"<p>\t\t\t\t\t\tinnovacioweb5\t\t\t\t\t\t\t\t\t\t\t<\/p>\n<p>\t\t\t\t\t\tinnovacioweb4\t\t\t\t\t\t\t\t\t\t\t<\/p>\n<p>\t\t\t\t\t\tinnovacioweb3\t\t\t\t\t\t\t\t\t\t\t<\/p>\n<p>\t\t\t\t\t\tinnovacioweb2\t\t\t\t\t\t\t\t\t\t\t<\/p>\n<p>\t\t\t\t\t\tinnovacioweb\t\t\t\t\t\t\t\t\t\t\t<\/p>\n<p>\t\t\t\t\t\tambientalweb3\t\t\t\t\t\t\t\t\t\t\t<\/p>\n<ul>\n<li class=\"slideshow_togglePlay\" data-play-text=\"Visualitza\" data-pause-text=\"Pausa\"><\/li>\n<\/ul>\n<p>El Pla de formaci\u00f3 de centre \u00e9s una necessitat que data a la nostra escola des de l\u2019any 2008. L\u2019objectiu del Pla ha estat i \u00e9s aconseguir una formaci\u00f3 per a millorar les compet\u00e8ncies actuals dels professionals del centre i poder afrontar&hellip;  <a href=\"https:\/\/agora.xtec.cat\/ceipfredericgodas\/projectes-2\/innovacio-eductiva\/\" title=\"Read INNOVACI\u00d3 EDUCATIVA\">Llegeix m\u00e9s\u00bb<\/a><\/p>\n","protected":false},"author":4,"featured_media":0,"parent":241,"menu_order":9,"comment_status":"closed","ping_status":"closed","template":"page-templates\/side-menu.php","meta":{"_bbp_topic_count":0,"_bbp_reply_count":0,"_bbp_total_topic_count":0,"_bbp_total_reply_count":0,"_bbp_voice_count":0,"_bbp_anonymous_reply_count":0,"_bbp_topic_count_hidden":0,"_bbp_reply_count_hidden":0,"_bbp_forum_subforum_count":0,"footnotes":""},"class_list":["post-483","page","type-page","status-publish","hentry"],"post_mailing_queue_ids":[],"_links":{"self":[{"href":"https:\/\/agora.xtec.cat\/ceipfredericgodas\/wp-json\/wp\/v2\/pages\/483","targetHints":{"allow":["GET"]}}],"collection":[{"href":"https:\/\/agora.xtec.cat\/ceipfredericgodas\/wp-json\/wp\/v2\/pages"}],"about":[{"href":"https:\/\/agora.xtec.cat\/ceipfredericgodas\/wp-json\/wp\/v2\/types\/page"}],"author":[{"embeddable":true,"href":"https:\/\/agora.xtec.cat\/ceipfredericgodas\/wp-json\/wp\/v2\/users\/4"}],"replies":[{"embeddable":true,"href":"https:\/\/agora.xtec.cat\/ceipfredericgodas\/wp-json\/wp\/v2\/comments?post=483"}],"version-history":[{"count":3,"href":"https:\/\/agora.xtec.cat\/ceipfredericgodas\/wp-json\/wp\/v2\/pages\/483\/revisions"}],"predecessor-version":[{"id":14627,"href":"https:\/\/agora.xtec.cat\/ceipfredericgodas\/wp-json\/wp\/v2\/pages\/483\/revisions\/14627"}],"up":[{"embeddable":true,"href":"https:\/\/agora.xtec.cat\/ceipfredericgodas\/wp-json\/wp\/v2\/pages\/241"}],"wp:attachment":[{"href":"https:\/\/agora.xtec.cat\/ceipfredericgodas\/wp-json\/wp\/v2\/media?parent=483"}],"curies":[{"name":"wp","href":"https:\/\/api.w.org\/{rel}","templated":true}]}}