{"id":475,"date":"2017-02-01T15:13:16","date_gmt":"2017-02-01T14:13:16","guid":{"rendered":"http:\/\/agora.xtec.cat\/ceipfredericgodas\/?page_id=475"},"modified":"2025-01-26T19:58:32","modified_gmt":"2025-01-26T18:58:32","slug":"escola-inclusiva","status":"publish","type":"page","link":"https:\/\/agora.xtec.cat\/ceipfredericgodas\/escola-inclusiva\/","title":{"rendered":"COHESI\u00d3 SOCIAL"},"content":{"rendered":"<p align=\"LEFT\">\r\n\t<div class=\"slideshow_container slideshow_container_style-light\" style=\"height: 300px; \" data-slideshow-id=\"544\" data-style-name=\"style-light\" data-style-version=\"2.3.1\" >\r\n\r\n\t\t\t\t\t<div class=\"slideshow_loading_icon\"><\/div>\r\n\t\t\r\n\t\t<div class=\"slideshow_content\" style=\"display: none;\">\r\n\r\n\t\t\t<div class=\"slideshow_view\">\r\n\t\t\t\t<div class=\"slideshow_slide slideshow_slide_image\">\r\n\t\t\t\t\t\t\t\t\t\t\t<img src=\"https:\/\/agora.xtec.cat\/ceipfredericgodas\/wp-content\/uploads\/usu165\/2017\/02\/COHESIOSOCIAL2.jpg\" alt=\"cohesiosocial2\" width=\"1024\" height=\"400\" \/>\r\n\t\t\t\t\t\t\t\t\t\t<div class=\"slideshow_description_box slideshow_transparent\">\r\n\t\t\t\t\t\t<div class=\"slideshow_title\">cohesiosocial2<\/div>\t\t\t\t\t\t\t\t\t\t\t<\/div>\r\n\t\t\t\t<\/div>\r\n\r\n\t\t\t\t\t\t<div style=\"clear: both;\"><\/div><\/div><div class=\"slideshow_view\">\r\n\t\t\t\t<div class=\"slideshow_slide slideshow_slide_image\">\r\n\t\t\t\t\t\t\t\t\t\t\t<img src=\"https:\/\/agora.xtec.cat\/ceipfredericgodas\/wp-content\/uploads\/usu165\/2017\/02\/COHESIOSOCIAL1.jpg\" alt=\"cohesiosocial1\" width=\"1024\" height=\"400\" \/>\r\n\t\t\t\t\t\t\t\t\t\t<div class=\"slideshow_description_box slideshow_transparent\">\r\n\t\t\t\t\t\t<div class=\"slideshow_title\">cohesiosocial1<\/div>\t\t\t\t\t\t\t\t\t\t\t<\/div>\r\n\t\t\t\t<\/div>\r\n\r\n\t\t\t\t\t\t<div style=\"clear: both;\"><\/div><\/div><div class=\"slideshow_view\">\r\n\t\t\t\t<div class=\"slideshow_slide slideshow_slide_image\">\r\n\t\t\t\t\t\t\t\t\t\t\t<img src=\"https:\/\/agora.xtec.cat\/ceipfredericgodas\/wp-content\/uploads\/usu165\/2017\/02\/COHESIOSOCIAL.jpg\" alt=\"cohesiosocial\" width=\"1024\" height=\"400\" \/>\r\n\t\t\t\t\t\t\t\t\t\t<div class=\"slideshow_description_box slideshow_transparent\">\r\n\t\t\t\t\t\t<div class=\"slideshow_title\">cohesiosocial<\/div>\t\t\t\t\t\t\t\t\t\t\t<\/div>\r\n\t\t\t\t<\/div>\r\n\r\n\t\t\t\t\t\t<div style=\"clear: both;\"><\/div><\/div>\r\n\t\t<\/div>\r\n\r\n\t\t<div class=\"slideshow_controlPanel slideshow_transparent\" style=\"display: none;\"><ul><li class=\"slideshow_togglePlay\" data-play-text=\"Visualitza\" data-pause-text=\"Pausa\"><\/li><\/ul><\/div>\r\n\r\n\t\t<div class=\"slideshow_button slideshow_previous slideshow_transparent\" role=\"button\" data-previous-text=\"Anterior\" style=\"display: none;\"><\/div>\r\n\t\t<div class=\"slideshow_button slideshow_next slideshow_transparent\" role=\"button\" data-next-text=\"Seg\u00fcent\" style=\"display: none;\"><\/div>\r\n\r\n\t\t<div class=\"slideshow_pagination\" style=\"display: none;\" data-go-to-text=\"V\u00e9s a la diapositiva\"><div class=\"slideshow_pagination_center\"><\/div><\/div>\r\n\r\n\t\t<!-- WordPress Slideshow Version 2.3.1 -->\r\n\r\n\t\t\t<\/div>\r\n\r\n<\/p>\n<p>Des de fa alguns cursos portem a terme el projecte \u201cPatis Actius\u201d.<\/p>\n<p align=\"JUSTIFY\">Es tracta d&#8217;un projecte inclusiu de dinamitzaci\u00f3 de l&#8217;hora del pati en el qual hi participen alumnes de cicle inicial i mitj\u00e0 de la nostra escola i persones amb discapacitat intel\u00b7lectual ateses al centre ocupacional Ciutat Campus d&#8217;ASPROS, que, acompanyades per monitors, ensenyen als nens i nenes jocs tradicionals tot compartint una estona l\u00fadica amb els infants.<\/p>\n<p align=\"LEFT\">Els jocs proposats han estat, entre d&#8217;altres:<br \/>\n&#8211; D\u00f2mino gegant.<\/p>\n<p align=\"LEFT\">&#8211; Jocs de punteria: granota i la caixa.<\/p>\n<p align=\"LEFT\">&#8211; Saltar a la corda.<\/p>\n<p align=\"LEFT\">&#8211; Cementiri.<\/p>\n<p align=\"LEFT\">&#8211; Rutlla.<\/p>\n<p align=\"LEFT\">&#8211; Tir amb arc.<\/p>\n<p align=\"LEFT\">&#8211; Petanca.<\/p>\n<p align=\"LEFT\">&#8211; Bitlles.<\/p>\n<p align=\"LEFT\">La valoraci\u00f3 tant per part dels alumnes, com de l&#8217;escola i d&#8217;ASPROS, \u00e9s molt positiva i tindr\u00e0 continu\u00eftat en el temps, ja que quinzenalment (alternant alumnat de cicle inicial i mitj\u00e0) realitzarem l&#8217;activitat &#8220;Patis Actius&#8221;.<\/p>\n","protected":false},"excerpt":{"rendered":"<p>\t\t\t\t\t\tcohesiosocial2\t\t\t\t\t\t\t\t\t\t\t<\/p>\n<p>\t\t\t\t\t\tcohesiosocial1\t\t\t\t\t\t\t\t\t\t\t<\/p>\n<p>\t\t\t\t\t\tcohesiosocial\t\t\t\t\t\t\t\t\t\t\t<\/p>\n<ul>\n<li class=\"slideshow_togglePlay\" data-play-text=\"Visualitza\" data-pause-text=\"Pausa\"><\/li>\n<\/ul>\n<p>Des de fa alguns cursos portem a terme el projecte \u201cPatis Actius\u201d.<br \/>\nEs tracta d&#8217;un projecte inclusiu de dinamitzaci\u00f3 de l&#8217;hora del pati en el qual hi participen alumnes de cicle inicial i mitj\u00e0 de la nostra escola i persones amb discapacitat intel\u00b7lectual&hellip;  <a href=\"https:\/\/agora.xtec.cat\/ceipfredericgodas\/escola-inclusiva\/\" title=\"Read COHESI\u00d3 SOCIAL\">Llegeix m\u00e9s\u00bb<\/a><\/p>\n","protected":false},"author":4,"featured_media":0,"parent":0,"menu_order":6,"comment_status":"closed","ping_status":"closed","template":"page-templates\/side-menu.php","meta":{"_bbp_topic_count":0,"_bbp_reply_count":0,"_bbp_total_topic_count":0,"_bbp_total_reply_count":0,"_bbp_voice_count":0,"_bbp_anonymous_reply_count":0,"_bbp_topic_count_hidden":0,"_bbp_reply_count_hidden":0,"_bbp_forum_subforum_count":0,"footnotes":""},"class_list":["post-475","page","type-page","status-publish","hentry"],"post_mailing_queue_ids":[],"_links":{"self":[{"href":"https:\/\/agora.xtec.cat\/ceipfredericgodas\/wp-json\/wp\/v2\/pages\/475","targetHints":{"allow":["GET"]}}],"collection":[{"href":"https:\/\/agora.xtec.cat\/ceipfredericgodas\/wp-json\/wp\/v2\/pages"}],"about":[{"href":"https:\/\/agora.xtec.cat\/ceipfredericgodas\/wp-json\/wp\/v2\/types\/page"}],"author":[{"embeddable":true,"href":"https:\/\/agora.xtec.cat\/ceipfredericgodas\/wp-json\/wp\/v2\/users\/4"}],"replies":[{"embeddable":true,"href":"https:\/\/agora.xtec.cat\/ceipfredericgodas\/wp-json\/wp\/v2\/comments?post=475"}],"version-history":[{"count":3,"href":"https:\/\/agora.xtec.cat\/ceipfredericgodas\/wp-json\/wp\/v2\/pages\/475\/revisions"}],"predecessor-version":[{"id":14625,"href":"https:\/\/agora.xtec.cat\/ceipfredericgodas\/wp-json\/wp\/v2\/pages\/475\/revisions\/14625"}],"wp:attachment":[{"href":"https:\/\/agora.xtec.cat\/ceipfredericgodas\/wp-json\/wp\/v2\/media?parent=475"}],"curies":[{"name":"wp","href":"https:\/\/api.w.org\/{rel}","templated":true}]}}