{"id":457,"date":"2017-01-31T23:39:35","date_gmt":"2017-01-31T22:39:35","guid":{"rendered":"http:\/\/agora.xtec.cat\/ceipfredericgodas\/?page_id=457"},"modified":"2025-01-20T20:59:47","modified_gmt":"2025-01-20T19:59:47","slug":"educacio-ambiental","status":"publish","type":"page","link":"https:\/\/agora.xtec.cat\/ceipfredericgodas\/projectes-2\/educacio-ambiental\/","title":{"rendered":"PLA AMBIENTAL I EDUCACI\u00d3 PER LA SALUT"},"content":{"rendered":"<p style=\"text-align: justify;\">\r\n\t<div class=\"slideshow_container slideshow_container_style-light\" style=\"height: 300px; \" data-slideshow-id=\"552\" data-style-name=\"style-light\" data-style-version=\"2.3.1\" >\r\n\r\n\t\t\t\t\t<div class=\"slideshow_loading_icon\"><\/div>\r\n\t\t\r\n\t\t<div class=\"slideshow_content\" style=\"display: none;\">\r\n\r\n\t\t\t<div class=\"slideshow_view\">\r\n\t\t\t\t<div class=\"slideshow_slide slideshow_slide_image\">\r\n\t\t\t\t\t\t\t\t\t\t\t<img src=\"https:\/\/agora.xtec.cat\/ceipfredericgodas\/wp-content\/uploads\/usu165\/2017\/02\/AMBIENTALWEB.jpg\" alt=\"ambientalweb\" width=\"1024\" height=\"400\" \/>\r\n\t\t\t\t\t\t\t\t\t\t<div class=\"slideshow_description_box slideshow_transparent\">\r\n\t\t\t\t\t\t<div class=\"slideshow_title\">ambientalweb<\/div>\t\t\t\t\t\t\t\t\t\t\t<\/div>\r\n\t\t\t\t<\/div>\r\n\r\n\t\t\t\t\t\t<div style=\"clear: both;\"><\/div><\/div><div class=\"slideshow_view\">\r\n\t\t\t\t<div class=\"slideshow_slide slideshow_slide_image\">\r\n\t\t\t\t\t\t\t\t\t\t\t<img src=\"https:\/\/agora.xtec.cat\/ceipfredericgodas\/wp-content\/uploads\/usu165\/2017\/02\/AMBIENTAL1WEB.jpg\" alt=\"ambiental1web\" width=\"1024\" height=\"400\" \/>\r\n\t\t\t\t\t\t\t\t\t\t<div class=\"slideshow_description_box slideshow_transparent\">\r\n\t\t\t\t\t\t<div class=\"slideshow_title\">ambiental1web<\/div>\t\t\t\t\t\t\t\t\t\t\t<\/div>\r\n\t\t\t\t<\/div>\r\n\r\n\t\t\t\t\t\t<div style=\"clear: both;\"><\/div><\/div><div class=\"slideshow_view\">\r\n\t\t\t\t<div class=\"slideshow_slide slideshow_slide_image\">\r\n\t\t\t\t\t\t\t\t\t\t\t<img src=\"https:\/\/agora.xtec.cat\/ceipfredericgodas\/wp-content\/uploads\/usu165\/2017\/02\/AMBIENTALWEB2.jpg\" alt=\"ambientalweb2\" width=\"1024\" height=\"400\" \/>\r\n\t\t\t\t\t\t\t\t\t\t<div class=\"slideshow_description_box slideshow_transparent\">\r\n\t\t\t\t\t\t<div class=\"slideshow_title\">ambientalweb2<\/div>\t\t\t\t\t\t\t\t\t\t\t<\/div>\r\n\t\t\t\t<\/div>\r\n\r\n\t\t\t\t\t\t<div style=\"clear: both;\"><\/div><\/div>\r\n\t\t<\/div>\r\n\r\n\t\t<div class=\"slideshow_controlPanel slideshow_transparent\" style=\"display: none;\"><ul><li class=\"slideshow_togglePlay\" data-play-text=\"Visualitza\" data-pause-text=\"Pausa\"><\/li><\/ul><\/div>\r\n\r\n\t\t<div class=\"slideshow_button slideshow_previous slideshow_transparent\" role=\"button\" data-previous-text=\"Anterior\" style=\"display: none;\"><\/div>\r\n\t\t<div class=\"slideshow_button slideshow_next slideshow_transparent\" role=\"button\" data-next-text=\"Seg\u00fcent\" style=\"display: none;\"><\/div>\r\n\r\n\t\t<div class=\"slideshow_pagination\" style=\"display: none;\" data-go-to-text=\"V\u00e9s a la diapositiva\"><div class=\"slideshow_pagination_center\"><\/div><\/div>\r\n\r\n\t\t<!-- WordPress Slideshow Version 2.3.1 -->\r\n\r\n\t\t\t<\/div>\r\n\r\n<\/p>\n<p style=\"text-align: justify;\">L\u2019Escola Frederic God\u00e0s est\u00e0 acreditada com a ESCOLA VERDA. El Programa Escoles Verdes \u00e9s una iniciativa conjunta de dos departaments (Educaci\u00f3 i Medi Ambient i Habitatge) i t\u00e9 com a objectiu ambientalitzar l\u2019escola i promoure la participaci\u00f3 i la implicaci\u00f3 activa de la comunitat educativa en la millora del seu entorn.<\/p>\n<p style=\"text-align: justify;\">Els membres del Comit\u00e8 Ambiental entenem aquest Pla de Cohesi\u00f3 Ambiental com el conjunt de mesures, algunes gen\u00e8riques i altres concretes, que regiran les nostres actuacions en mat\u00e8ria ambiental durant el curs escolar i queden reflectides en el Projecte Educatiu de Centre. La seva materialitzaci\u00f3 es far\u00e0 a partir dels Programes d\u2019Acci\u00f3, redactats i aprovats a l\u2019inici de curs i concretats en \u201cActuacions\u201d programades al llarg del mateix.<\/p>\n<p style=\"text-align: justify;\">Les Escoles Sostenibles de Lleida \u00e9s un Programa d\u2019Educaci\u00f3 i sensibilitzaci\u00f3 ambiental coordinat per la Regidoria de Medi Ambient i Horta de la Paeria. Es tracta d\u2019un Programa obert en temes ambientals que cada escola concreta i compta amb mitjans de suport: seminaris, formaci\u00f3, coordinaci\u00f3 d\u2019intercanvis, mitjans econ\u00f2mics monetaris, materials ( compost, contenidors,&#8230;), informaci\u00f3&#8230; L\u2019Escola Frederic God\u00e0s hi participa des de la creaci\u00f3 de l\u2019Agenda 21, amb un Projecte que, des dels seus or\u00edgens, porta per t\u00edtol \u201cEducant petits ciutadans en la sostenibilitat\u201d. Es concreta b\u00e0sicament en:<\/p>\n<ol>\n<li style=\"text-align: justify;\">L\u2019hort escolar i racons enjardinats de l\u2019escola. Plantant i cuidant les diferents varietats d\u2019hortalisses i de plantes que tenim a l\u2019escola.<\/li>\n<li style=\"text-align: justify;\">La millora de la cultura de les tres Rs. Reduint el consum de paper, reutilitzant el paper i reciclant el paper que ja no es pot utilitzar m\u00e9s.<\/li>\n<li style=\"text-align: justify;\">Realitzar sortides per con\u00e8ixer l\u2019entorn natural proper. Tots els cicles realitzen sortides per con\u00e8ixer l\u2019entorn proper: riu, la Mitjana, Camps Elisis\u2026<\/li>\n<li style=\"text-align: justify;\">El Coneixement i l\u2019\u00fas de l\u2019Energia Solar com energia renovable. Aprofitant la instal\u00b7laci\u00f3 de plaques solars que tenim a l\u2019escola.<\/li>\n<li style=\"text-align: justify;\">El seguiment i potenciaci\u00f3 dels camins escolars i la mobilitat sostenible. Facilitant l\u2019acc\u00e9s a l\u2019escola a peu, amb bicicletes i amb patinets gr\u00e0cies als camins escolars i amb un aparcament dins del pati del centre per bicicletes i patinets.<\/li>\n<li style=\"text-align: justify;\">Repensar, projectar i construir el pati que volem. Amb una comissi\u00f3 de pati formada per professorat de l\u2019escola que vetlla per la millora de la zona d\u2019esbarjo, i la participaci\u00f3 en el projecte \u00abpatis actius\u00bb en col\u00b7laboraci\u00f3 amb l\u2019associaci\u00f3 ASPROS.<\/li>\n<li style=\"text-align: justify;\">El reciclatge com a model d\u2019estalvi. Mitjan\u00e7ant la reutilitzaci\u00f3 de llibres de text, xandalls, bates&#8230; i separant els residus a les aules.<\/li>\n<li style=\"text-align: justify;\">Promoci\u00f3 d\u2019h\u00e0bits alimentaris saludables: Fomentant el consum de fruita i amb la realitzaci\u00f3 de diferents xerrades i tallers amb la nutricionista del CAP de Cappont.<\/li>\n<li style=\"text-align: justify;\">Estades a la natura. Tots els cicles de l\u2019escola fan, com a m\u00ednim una per curs, col\u00f2nies a la natura.<\/li>\n<li style=\"text-align: justify;\">Realitzaci\u00f3 de projectes d\u2019aula, tallers, murals, exposicions&#8230; Per tal de treballar els diferents continguts del curr\u00edculum de l\u2019educaci\u00f3 prim\u00e0ria relacionats amb el medi ambient i la natura. (ex: projectes de medi, setmana de la ci\u00e8ncia, la ci\u00e8ncia al carrer&#8230;).<\/li>\n<li style=\"text-align: justify;\">Participaci\u00f3 a la First Lego Legue. Mitjan\u00e7ant la participaci\u00f3 a la First Lego League l\u2019alumnat aplica respostes sostenibles a diferents reptes proposats a partir del pensament computacional i el treball cooperatiu.<\/li>\n<\/ol>\n","protected":false},"excerpt":{"rendered":"<p>\t\t\t\t\t\tambientalweb\t\t\t\t\t\t\t\t\t\t\t<\/p>\n<p>\t\t\t\t\t\tambiental1web\t\t\t\t\t\t\t\t\t\t\t<\/p>\n<p>\t\t\t\t\t\tambientalweb2\t\t\t\t\t\t\t\t\t\t\t<\/p>\n<ul>\n<li class=\"slideshow_togglePlay\" data-play-text=\"Visualitza\" data-pause-text=\"Pausa\"><\/li>\n<\/ul>\n<p>L\u2019Escola Frederic God\u00e0s est\u00e0 acreditada com a ESCOLA VERDA. El Programa Escoles Verdes \u00e9s una iniciativa conjunta de dos departaments (Educaci\u00f3 i Medi Ambient i Habitatge) i t\u00e9 com a objectiu ambientalitzar l\u2019escola i promoure la participaci\u00f3 i la implicaci\u00f3 activa de&hellip;  <a href=\"https:\/\/agora.xtec.cat\/ceipfredericgodas\/projectes-2\/educacio-ambiental\/\" title=\"Read PLA AMBIENTAL I EDUCACI\u00d3 PER LA SALUT\">Llegeix m\u00e9s\u00bb<\/a><\/p>\n","protected":false},"author":4,"featured_media":0,"parent":241,"menu_order":5,"comment_status":"closed","ping_status":"closed","template":"page-templates\/side-menu.php","meta":{"_bbp_topic_count":0,"_bbp_reply_count":0,"_bbp_total_topic_count":0,"_bbp_total_reply_count":0,"_bbp_voice_count":0,"_bbp_anonymous_reply_count":0,"_bbp_topic_count_hidden":0,"_bbp_reply_count_hidden":0,"_bbp_forum_subforum_count":0,"footnotes":""},"class_list":["post-457","page","type-page","status-publish","hentry"],"post_mailing_queue_ids":[],"_links":{"self":[{"href":"https:\/\/agora.xtec.cat\/ceipfredericgodas\/wp-json\/wp\/v2\/pages\/457","targetHints":{"allow":["GET"]}}],"collection":[{"href":"https:\/\/agora.xtec.cat\/ceipfredericgodas\/wp-json\/wp\/v2\/pages"}],"about":[{"href":"https:\/\/agora.xtec.cat\/ceipfredericgodas\/wp-json\/wp\/v2\/types\/page"}],"author":[{"embeddable":true,"href":"https:\/\/agora.xtec.cat\/ceipfredericgodas\/wp-json\/wp\/v2\/users\/4"}],"replies":[{"embeddable":true,"href":"https:\/\/agora.xtec.cat\/ceipfredericgodas\/wp-json\/wp\/v2\/comments?post=457"}],"version-history":[{"count":6,"href":"https:\/\/agora.xtec.cat\/ceipfredericgodas\/wp-json\/wp\/v2\/pages\/457\/revisions"}],"predecessor-version":[{"id":15556,"href":"https:\/\/agora.xtec.cat\/ceipfredericgodas\/wp-json\/wp\/v2\/pages\/457\/revisions\/15556"}],"up":[{"embeddable":true,"href":"https:\/\/agora.xtec.cat\/ceipfredericgodas\/wp-json\/wp\/v2\/pages\/241"}],"wp:attachment":[{"href":"https:\/\/agora.xtec.cat\/ceipfredericgodas\/wp-json\/wp\/v2\/media?parent=457"}],"curies":[{"name":"wp","href":"https:\/\/api.w.org\/{rel}","templated":true}]}}