{"id":241,"date":"2015-10-28T23:25:01","date_gmt":"2015-10-28T22:25:01","guid":{"rendered":"http:\/\/agora.xtec.cat\/ceipfredericgodas\/?page_id=241"},"modified":"2017-02-01T00:01:03","modified_gmt":"2017-01-31T23:01:03","slug":"projectes-2","status":"publish","type":"page","link":"https:\/\/agora.xtec.cat\/ceipfredericgodas\/projectes-2\/","title":{"rendered":"PROJECTES"},"content":{"rendered":"<p><iframe loading=\"lazy\" width=\"560\" height=\"315\" src=\"https:\/\/www.youtube.com\/embed\/GurhYW1hN-c\" frameborder=\"0\" allowfullscreen><\/iframe><br \/>\n&nbsp;<\/p>\n<p>L\u2019escola Frederic God\u00e0s \u00e9s de titularitat p\u00fablica i compta actualment amb m\u00e9s de tres d\u00e8cades de tradici\u00f3 al barri de Cappont de la ciutat de Lleida. El centre \u00e9s de doble l\u00ednia (exceptuant tres l\u00ednies en dos cursos) i t\u00e9 actualment una matr\u00edcula de 500 alumnes de proced\u00e8ncia sociocultural i econ\u00f2mica mitjana, tot i que heterog\u00e8nia, amb uns resultats acad\u00e8mics similars i a voltes superiors als dels nens i les nenes dels centres catalans de caracter\u00edstiques semblants . El centre disposa d\u2019un entorn favorable per al creixement i millora institucional destacant un alt grau d\u2019inter\u00e8s, d\u2019implicaci\u00f3 i de motivaci\u00f3 per part de les fam\u00edlies i de les institucions on es troba ubicat.<\/p>\n<p>La projecci\u00f3 actual del centre \u00e9s \u00f2ptima en la ciutat i la seva tasca educativa t\u00e9 un ress\u00f2 for\u00e7a notable la qual cosa ens motiva a continuar avan\u00e7ant pel cam\u00ed seguit fins ara tot i procurant la millora i l\u2019assoliment dels m\u00e9s alts nivells de qualitat educativa.<\/p>\n<p>La comunitat educativa sempre ha tingut un alt grau de motivaci\u00f3 per a realitzar i endegar diferents tipus de projectes i aconseguir la millora de la formaci\u00f3 i de l\u2019educaci\u00f3 dels alumnes aix\u00ed com la cohesi\u00f3 de la comunitat considerant punts b\u00e0sics d\u2019aquesta formaci\u00f3 i educaci\u00f3 els continguts de destreses i habilitats b\u00e0siques de coneixement i les compet\u00e8ncies i les habilitats socials de l\u2019individu per ajudar a aquest a esdevenir un \u00e9sser adaptat i aut\u00f2nom que pugui donar resposta a les exig\u00e8ncies de la societat del S. XXl.<\/p>\n<p>&nbsp;<\/p>\n","protected":false},"excerpt":{"rendered":"<p>&nbsp;<br \/>\nL\u2019escola Frederic God\u00e0s \u00e9s de titularitat p\u00fablica i compta actualment amb m\u00e9s de tres d\u00e8cades de tradici\u00f3 al barri de Cappont de la ciutat de Lleida. El centre \u00e9s de doble l\u00ednia (exceptuant tres l\u00ednies en dos cursos) i t\u00e9 actualment una matr\u00edcula de 500&hellip;  <a href=\"https:\/\/agora.xtec.cat\/ceipfredericgodas\/projectes-2\/\" title=\"Read PROJECTES\">Llegeix m\u00e9s\u00bb<\/a><\/p>\n","protected":false},"author":1,"featured_media":0,"parent":0,"menu_order":0,"comment_status":"closed","ping_status":"closed","template":"page-templates\/side-menu.php","meta":{"_bbp_topic_count":0,"_bbp_reply_count":0,"_bbp_total_topic_count":0,"_bbp_total_reply_count":0,"_bbp_voice_count":0,"_bbp_anonymous_reply_count":0,"_bbp_topic_count_hidden":0,"_bbp_reply_count_hidden":0,"_bbp_forum_subforum_count":0,"footnotes":""},"class_list":["post-241","page","type-page","status-publish","hentry"],"post_mailing_queue_ids":[],"_links":{"self":[{"href":"https:\/\/agora.xtec.cat\/ceipfredericgodas\/wp-json\/wp\/v2\/pages\/241","targetHints":{"allow":["GET"]}}],"collection":[{"href":"https:\/\/agora.xtec.cat\/ceipfredericgodas\/wp-json\/wp\/v2\/pages"}],"about":[{"href":"https:\/\/agora.xtec.cat\/ceipfredericgodas\/wp-json\/wp\/v2\/types\/page"}],"author":[{"embeddable":true,"href":"https:\/\/agora.xtec.cat\/ceipfredericgodas\/wp-json\/wp\/v2\/users\/1"}],"replies":[{"embeddable":true,"href":"https:\/\/agora.xtec.cat\/ceipfredericgodas\/wp-json\/wp\/v2\/comments?post=241"}],"version-history":[{"count":3,"href":"https:\/\/agora.xtec.cat\/ceipfredericgodas\/wp-json\/wp\/v2\/pages\/241\/revisions"}],"predecessor-version":[{"id":471,"href":"https:\/\/agora.xtec.cat\/ceipfredericgodas\/wp-json\/wp\/v2\/pages\/241\/revisions\/471"}],"wp:attachment":[{"href":"https:\/\/agora.xtec.cat\/ceipfredericgodas\/wp-json\/wp\/v2\/media?parent=241"}],"curies":[{"name":"wp","href":"https:\/\/api.w.org\/{rel}","templated":true}]}}