{"id":22,"date":"2014-09-18T12:19:57","date_gmt":"2014-09-18T10:19:57","guid":{"rendered":"http:\/\/agora.xtec.cat\/ceipfredericgodas\/?page_id=22"},"modified":"2017-02-05T19:09:00","modified_gmt":"2017-02-05T18:09:00","slug":"lescola","status":"publish","type":"page","link":"https:\/\/agora.xtec.cat\/ceipfredericgodas\/lescola\/","title":{"rendered":"L&#8217;ESCOLA &#8211; PROJECTE EDUCATIU DE CENTRE"},"content":{"rendered":"<p class=\"Estilo20\" style=\"text-align: justify;\">\r\n\t<div class=\"slideshow_container slideshow_container_style-light\" style=\"height: 300px; \" data-slideshow-id=\"458\" data-style-name=\"style-light\" data-style-version=\"2.3.1\" >\r\n\r\n\t\t\t\t\t<div class=\"slideshow_loading_icon\"><\/div>\r\n\t\t\r\n\t\t<div class=\"slideshow_content\" style=\"display: none;\">\r\n\r\n\t\t\t<div class=\"slideshow_view\">\r\n\t\t\t\t<div class=\"slideshow_slide slideshow_slide_image\">\r\n\t\t\t\t\t\t\t\t\t\t\t<img src=\"https:\/\/agora.xtec.cat\/ceipfredericgodas\/wp-content\/uploads\/usu165\/2017\/02\/MUSICAWEB3.jpg\" alt=\"musicaweb3\" width=\"1024\" height=\"400\" \/>\r\n\t\t\t\t\t\t\t\t\t\t<div class=\"slideshow_description_box slideshow_transparent\">\r\n\t\t\t\t\t\t<div class=\"slideshow_title\">musicaweb3<\/div>\t\t\t\t\t\t\t\t\t\t\t<\/div>\r\n\t\t\t\t<\/div>\r\n\r\n\t\t\t\t\t\t<div style=\"clear: both;\"><\/div><\/div><div class=\"slideshow_view\">\r\n\t\t\t\t<div class=\"slideshow_slide slideshow_slide_image\">\r\n\t\t\t\t\t\t\t\t\t\t\t<img src=\"https:\/\/agora.xtec.cat\/ceipfredericgodas\/wp-content\/uploads\/usu165\/2017\/02\/FAMILIES2.jpg\" alt=\"families2\" width=\"1024\" height=\"400\" \/>\r\n\t\t\t\t\t\t\t\t\t\t<div class=\"slideshow_description_box slideshow_transparent\">\r\n\t\t\t\t\t\t<div class=\"slideshow_title\">families2<\/div>\t\t\t\t\t\t\t\t\t\t\t<\/div>\r\n\t\t\t\t<\/div>\r\n\r\n\t\t\t\t\t\t<div style=\"clear: both;\"><\/div><\/div><div class=\"slideshow_view\">\r\n\t\t\t\t<div class=\"slideshow_slide slideshow_slide_image\">\r\n\t\t\t\t\t\t\t\t\t\t\t<img src=\"https:\/\/agora.xtec.cat\/ceipfredericgodas\/wp-content\/uploads\/usu165\/2017\/02\/EDUCACIOFISICA.jpg\" alt=\"educaciofisica\" width=\"1024\" height=\"400\" \/>\r\n\t\t\t\t\t\t\t\t\t\t<div class=\"slideshow_description_box slideshow_transparent\">\r\n\t\t\t\t\t\t<div class=\"slideshow_title\">educaciofisica<\/div>\t\t\t\t\t\t\t\t\t\t\t<\/div>\r\n\t\t\t\t<\/div>\r\n\r\n\t\t\t\t\t\t<div style=\"clear: both;\"><\/div><\/div><div class=\"slideshow_view\">\r\n\t\t\t\t<div class=\"slideshow_slide slideshow_slide_image\">\r\n\t\t\t\t\t\t\t\t\t\t\t<img src=\"https:\/\/agora.xtec.cat\/ceipfredericgodas\/wp-content\/uploads\/usu165\/2017\/02\/INNOVACIOWEB5.jpg\" alt=\"innovacioweb5\" width=\"1024\" height=\"400\" \/>\r\n\t\t\t\t\t\t\t\t\t\t<div class=\"slideshow_description_box slideshow_transparent\">\r\n\t\t\t\t\t\t<div class=\"slideshow_title\">innovacioweb5<\/div>\t\t\t\t\t\t\t\t\t\t\t<\/div>\r\n\t\t\t\t<\/div>\r\n\r\n\t\t\t\t\t\t<div style=\"clear: both;\"><\/div><\/div><div class=\"slideshow_view\">\r\n\t\t\t\t<div class=\"slideshow_slide slideshow_slide_image\">\r\n\t\t\t\t\t\t\t\t\t\t\t<img src=\"https:\/\/agora.xtec.cat\/ceipfredericgodas\/wp-content\/uploads\/usu165\/2017\/02\/FAMILIES.jpg\" alt=\"families\" width=\"1024\" height=\"400\" \/>\r\n\t\t\t\t\t\t\t\t\t\t<div class=\"slideshow_description_box slideshow_transparent\">\r\n\t\t\t\t\t\t<div class=\"slideshow_title\">families<\/div>\t\t\t\t\t\t\t\t\t\t\t<\/div>\r\n\t\t\t\t<\/div>\r\n\r\n\t\t\t\t\t\t<div style=\"clear: both;\"><\/div><\/div><div class=\"slideshow_view\">\r\n\t\t\t\t<div class=\"slideshow_slide slideshow_slide_image\">\r\n\t\t\t\t\t\t\t\t\t\t\t<img src=\"https:\/\/agora.xtec.cat\/ceipfredericgodas\/wp-content\/uploads\/usu165\/2017\/02\/RETOL.jpg\" alt=\"retol\" width=\"1024\" height=\"400\" \/>\r\n\t\t\t\t\t\t\t\t\t\t<div class=\"slideshow_description_box slideshow_transparent\">\r\n\t\t\t\t\t\t<div class=\"slideshow_title\">retol<\/div>\t\t\t\t\t\t\t\t\t\t\t<\/div>\r\n\t\t\t\t<\/div>\r\n\r\n\t\t\t\t\t\t<div style=\"clear: both;\"><\/div><\/div><div class=\"slideshow_view\">\r\n\t\t\t\t<div class=\"slideshow_slide slideshow_slide_image\">\r\n\t\t\t\t\t\t\t\t\t\t\t<img src=\"https:\/\/agora.xtec.cat\/ceipfredericgodas\/wp-content\/uploads\/usu165\/2017\/02\/MUSICAWEB4.jpg\" alt=\"musicaweb4\" width=\"1024\" height=\"400\" \/>\r\n\t\t\t\t\t\t\t\t\t\t<div class=\"slideshow_description_box slideshow_transparent\">\r\n\t\t\t\t\t\t<div class=\"slideshow_title\">musicaweb4<\/div>\t\t\t\t\t\t\t\t\t\t\t<\/div>\r\n\t\t\t\t<\/div>\r\n\r\n\t\t\t\t\t\t<div style=\"clear: both;\"><\/div><\/div><div class=\"slideshow_view\">\r\n\t\t\t\t<div class=\"slideshow_slide slideshow_slide_image\">\r\n\t\t\t\t\t\t\t\t\t\t\t<img src=\"https:\/\/agora.xtec.cat\/ceipfredericgodas\/wp-content\/uploads\/usu165\/2017\/02\/ESCOLAWEB.jpg\" alt=\"escolaweb\" width=\"1024\" height=\"400\" \/>\r\n\t\t\t\t\t\t\t\t\t\t<div class=\"slideshow_description_box slideshow_transparent\">\r\n\t\t\t\t\t\t<div class=\"slideshow_title\">escolaweb<\/div>\t\t\t\t\t\t\t\t\t\t\t<\/div>\r\n\t\t\t\t<\/div>\r\n\r\n\t\t\t\t\t\t<div style=\"clear: both;\"><\/div><\/div><div class=\"slideshow_view\">\r\n\t\t\t\t<div class=\"slideshow_slide slideshow_slide_image\">\r\n\t\t\t\t\t\t\t\t\t\t\t<img src=\"https:\/\/agora.xtec.cat\/ceipfredericgodas\/wp-content\/uploads\/usu165\/2017\/02\/AMBIENTAL1WEB.jpg\" alt=\"ambiental1web\" width=\"1024\" height=\"400\" \/>\r\n\t\t\t\t\t\t\t\t\t\t<div class=\"slideshow_description_box slideshow_transparent\">\r\n\t\t\t\t\t\t<div class=\"slideshow_title\">ambiental1web<\/div>\t\t\t\t\t\t\t\t\t\t\t<\/div>\r\n\t\t\t\t<\/div>\r\n\r\n\t\t\t\t\t\t<div style=\"clear: both;\"><\/div><\/div><div class=\"slideshow_view\">\r\n\t\t\t\t<div class=\"slideshow_slide slideshow_slide_image\">\r\n\t\t\t\t\t\t\t\t\t\t\t<img src=\"https:\/\/agora.xtec.cat\/ceipfredericgodas\/wp-content\/uploads\/usu165\/2017\/02\/AMBIENTALWEB.jpg\" alt=\"ambientalweb\" width=\"1024\" height=\"400\" \/>\r\n\t\t\t\t\t\t\t\t\t\t<div class=\"slideshow_description_box slideshow_transparent\">\r\n\t\t\t\t\t\t<div class=\"slideshow_title\">ambientalweb<\/div>\t\t\t\t\t\t\t\t\t\t\t<\/div>\r\n\t\t\t\t<\/div>\r\n\r\n\t\t\t\t\t\t<div style=\"clear: both;\"><\/div><\/div>\r\n\t\t<\/div>\r\n\r\n\t\t<div class=\"slideshow_controlPanel slideshow_transparent\" style=\"display: none;\"><ul><li class=\"slideshow_togglePlay\" data-play-text=\"Visualitza\" data-pause-text=\"Pausa\"><\/li><\/ul><\/div>\r\n\r\n\t\t<div class=\"slideshow_button slideshow_previous slideshow_transparent\" role=\"button\" data-previous-text=\"Anterior\" style=\"display: none;\"><\/div>\r\n\t\t<div class=\"slideshow_button slideshow_next slideshow_transparent\" role=\"button\" data-next-text=\"Seg\u00fcent\" style=\"display: none;\"><\/div>\r\n\r\n\t\t<div class=\"slideshow_pagination\" style=\"display: none;\" data-go-to-text=\"V\u00e9s a la diapositiva\"><div class=\"slideshow_pagination_center\"><\/div><\/div>\r\n\r\n\t\t<!-- WordPress Slideshow Version 2.3.1 -->\r\n\r\n\t\t\t<\/div>\r\n\r\n<\/p>\n<p class=\"Estilo20\" style=\"text-align: justify;\">L&#8217;Escola<b> Frederic God\u00e0s<\/b> \u00e9s un centre <b>p\u00fablic<\/b> i t\u00e9 com a objectiu primer proporcionar a l&#8217;alumnat els elements necessaris que li permeten desenvolupar plenament totes les seves capacitats per tal d&#8217;esdevenir una persona aut\u00f2noma, segura, cr\u00edtica, respectuosa, tolerant, solid\u00e0ria, feli\u00e7 i capa\u00e7 d&#8217;integrar-se en la societat que l&#8217;envolta.<\/p>\n<p class=\"Estilo20\" style=\"text-align: justify;\">La nostra escola, t\u00e9 el <b>catal\u00e0 com a llengua vehicular<\/b> d&#8217;ensenyament\/aprenentatge, i treballa amb especial cura la <b>llengua castellana, la llengua anglesa i la llengua francesa<\/b> incidint particularment en l&#8217;aspecte comunicatiu.<\/p>\n<p class=\"Estilo20\" style=\"text-align: justify;\">En la mateixa l\u00ednia de desenvolupament de les capacitats de l&#8217;individu es treballen les <b>compet\u00e8ncies programades en el PEC <\/b>a trav\u00e9s de les matem\u00e0tiques, les lleng\u00fces, el coneixement del medi social i natural, l&#8217;educaci\u00f3 art\u00edstica, visual i pl\u00e0stica tot i <b>potenciant tamb\u00e9 l&#8217;educaci\u00f3 musical i l&#8217;educaci\u00f3 f\u00edsica<\/b> mitjan\u00e7ant activitats adre\u00e7ades a refor\u00e7ar aquests darrers aspectes com ara el cant <b>coral<\/b> i el <b>b\u00e0squet. <\/b><\/p>\n<p class=\"Estilo20\" style=\"text-align: justify;\"><b>Acceptem la diversitat<\/b> en tota la seva dimensi\u00f3. <b>Respectem totes les creences ideol\u00f2giques<\/b> i per aix\u00f2 intentem educar els alumnes en un <b>ambient democr\u00e0tic<\/b> on el <b>di\u00e0leg i la participaci\u00f3 <\/b>s\u00f3n essencials per tal d&#8217;ajudar-los a desvetllar <b>l&#8217;esperit cr\u00edtic<\/b>.<\/p>\n<p style=\"text-align: justify;\">Ens agrada con\u00e8ixer i estimar les <b>tradicions<\/b> no nom\u00e9s pr\u00f2pies sin\u00f3 tamb\u00e9 les de les cultures que ens aporten l&#8217;alumnat que ve d&#8217;altres pa\u00efsos i aquelles altres amb les quals ens uneix una amistat i un treball pel fet de compartir diferents projectes europeus<b>.<\/b><\/p>\n<p style=\"text-align: justify;\"><span class=\"Estilo20\"><br \/>\nSom tamb\u00e9 un <b>centre innovador<\/b> amb inquietuds per a millorar la nostra pr\u00e0ctica di\u00e0ria, i aix\u00f2 ens mou a participar en <b>projectes i plans<\/b> que ens permetin cercar noves maneres d&#8217;aprendre en \u00e0mbits com les <strong>Lleng\u00fces Estrangeres<\/strong>, <b>l&#8217;Educaci\u00f3 Ambiental (Agenda21, Xarxa d&#8217;Escoles Verdes, Hort Escolar) <\/b>i l&#8217;\u00fas de les<b> TAC.<br \/>\n<\/b><\/span><\/p>\n","protected":false},"excerpt":{"rendered":"<p>\t\t\t\t\t\tmusicaweb3\t\t\t\t\t\t\t\t\t\t\t<\/p>\n<p>\t\t\t\t\t\tfamilies2\t\t\t\t\t\t\t\t\t\t\t<\/p>\n<p>\t\t\t\t\t\teducaciofisica\t\t\t\t\t\t\t\t\t\t\t<\/p>\n<p>\t\t\t\t\t\tinnovacioweb5\t\t\t\t\t\t\t\t\t\t\t<\/p>\n<p>\t\t\t\t\t\tfamilies\t\t\t\t\t\t\t\t\t\t\t<\/p>\n<p>\t\t\t\t\t\tretol\t\t\t\t\t\t\t\t\t\t\t<\/p>\n<p>\t\t\t\t\t\tmusicaweb4\t\t\t\t\t\t\t\t\t\t\t<\/p>\n<p>\t\t\t\t\t\tescolaweb\t\t\t\t\t\t\t\t\t\t\t<\/p>\n<p>\t\t\t\t\t\tambiental1web\t\t\t\t\t\t\t\t\t\t\t<\/p>\n<p>\t\t\t\t\t\tambientalweb\t\t\t\t\t\t\t\t\t\t\t<\/p>\n<ul>\n<li class=\"slideshow_togglePlay\" data-play-text=\"Visualitza\" data-pause-text=\"Pausa\"><\/li>\n<\/ul>\n<p>L&#8217;Escola Frederic God\u00e0s \u00e9s un centre p\u00fablic i t\u00e9 com a objectiu primer proporcionar a l&#8217;alumnat els elements necessaris que li permeten desenvolupar plenament totes les seves capacitats per tal d&#8217;esdevenir una persona aut\u00f2noma, segura, cr\u00edtica, respectuosa, tolerant, solid\u00e0ria, feli\u00e7 i capa\u00e7&hellip;  <a href=\"https:\/\/agora.xtec.cat\/ceipfredericgodas\/lescola\/\" title=\"Read L&#8217;ESCOLA &#8211; PROJECTE EDUCATIU DE CENTRE\">Llegeix m\u00e9s\u00bb<\/a><\/p>\n","protected":false},"author":2,"featured_media":0,"parent":0,"menu_order":0,"comment_status":"closed","ping_status":"closed","template":"","meta":{"_bbp_topic_count":0,"_bbp_reply_count":0,"_bbp_total_topic_count":0,"_bbp_total_reply_count":0,"_bbp_voice_count":0,"_bbp_anonymous_reply_count":0,"_bbp_topic_count_hidden":0,"_bbp_reply_count_hidden":0,"_bbp_forum_subforum_count":0,"footnotes":""},"class_list":["post-22","page","type-page","status-publish","hentry"],"post_mailing_queue_ids":[],"_links":{"self":[{"href":"https:\/\/agora.xtec.cat\/ceipfredericgodas\/wp-json\/wp\/v2\/pages\/22","targetHints":{"allow":["GET"]}}],"collection":[{"href":"https:\/\/agora.xtec.cat\/ceipfredericgodas\/wp-json\/wp\/v2\/pages"}],"about":[{"href":"https:\/\/agora.xtec.cat\/ceipfredericgodas\/wp-json\/wp\/v2\/types\/page"}],"author":[{"embeddable":true,"href":"https:\/\/agora.xtec.cat\/ceipfredericgodas\/wp-json\/wp\/v2\/users\/2"}],"replies":[{"embeddable":true,"href":"https:\/\/agora.xtec.cat\/ceipfredericgodas\/wp-json\/wp\/v2\/comments?post=22"}],"version-history":[{"count":5,"href":"https:\/\/agora.xtec.cat\/ceipfredericgodas\/wp-json\/wp\/v2\/pages\/22\/revisions"}],"predecessor-version":[{"id":532,"href":"https:\/\/agora.xtec.cat\/ceipfredericgodas\/wp-json\/wp\/v2\/pages\/22\/revisions\/532"}],"wp:attachment":[{"href":"https:\/\/agora.xtec.cat\/ceipfredericgodas\/wp-json\/wp\/v2\/media?parent=22"}],"curies":[{"name":"wp","href":"https:\/\/api.w.org\/{rel}","templated":true}]}}