{"id":15383,"date":"2024-09-06T13:41:52","date_gmt":"2024-09-06T11:41:52","guid":{"rendered":"https:\/\/agora.xtec.cat\/ceipfredericgodas\/?page_id=15383"},"modified":"2026-01-18T18:58:05","modified_gmt":"2026-01-18T17:58:05","slug":"equip-huma","status":"publish","type":"page","link":"https:\/\/agora.xtec.cat\/ceipfredericgodas\/equip-huma\/","title":{"rendered":"EQUIP HUM\u00c0"},"content":{"rendered":"<p><a href=\"https:\/\/agora.xtec.cat\/ceipfredericgodas\/wp-content\/uploads\/usu165\/2025\/09\/claustre2025-26.jpg\"><img loading=\"lazy\" decoding=\"async\" class=\"alignnone size-large wp-image-15765\" src=\"https:\/\/agora.xtec.cat\/ceipfredericgodas\/wp-content\/uploads\/usu165\/2025\/09\/claustre2025-26-1024x371.jpg\" alt=\"\" width=\"1024\" height=\"371\" srcset=\"https:\/\/agora.xtec.cat\/ceipfredericgodas\/wp-content\/uploads\/usu165\/2025\/09\/claustre2025-26-1024x371.jpg 1024w, https:\/\/agora.xtec.cat\/ceipfredericgodas\/wp-content\/uploads\/usu165\/2025\/09\/claustre2025-26-300x109.jpg 300w, https:\/\/agora.xtec.cat\/ceipfredericgodas\/wp-content\/uploads\/usu165\/2025\/09\/claustre2025-26-768x278.jpg 768w, https:\/\/agora.xtec.cat\/ceipfredericgodas\/wp-content\/uploads\/usu165\/2025\/09\/claustre2025-26.jpg 1509w\" sizes=\"auto, (max-width: 1024px) 100vw, 1024px\" \/><\/a><\/p>\n<p>L\u2019equip hum\u00e0 que formem l\u2019Escola Frederic God\u00e0s est\u00e0 obert a les situacions d\u2019aprenentatge i de canvi, per tal de poder donar resposta als reptes d\u2019una societat que avan\u00e7a constantment. Estem il\u00b7lusionats i engrescats en el projecte d\u2019escola.<\/p>\n<p>Aquest curs el formem els seg\u00fcents professionals:<\/p>\n<p><strong>EQUIP DIRECTIU<\/strong><\/p>\n<p>Director &#8211; Ra\u00fcl Nu\u00f1o<br \/>\nCap d\u2019estudis &#8211; Irene Sales<br \/>\nSecretari &#8211; Jose Mart\u00edn<\/p>\n<p>.<strong>MESTRES D&#8217;EDUCACI\u00d3 INFANTIL<\/strong><\/p>\n<ul>\n<li style=\"font-weight: 400;\" aria-checked=\"false\" aria-level=\"1\"><span style=\"font-weight: 400;\">I3A &#8211; L\u00eddia Barbecho \u00a0<\/span><\/li>\n<li style=\"font-weight: 400;\" aria-checked=\"false\" aria-level=\"1\"><span style=\"font-weight: 400;\">I3B &#8211; Alba Solsona<\/span><\/li>\n<li style=\"font-weight: 400;\" aria-checked=\"false\" aria-level=\"1\"><span style=\"font-weight: 400;\">I4A\u00a0 &#8211; N\u00faria Torres\u00a0<\/span><\/li>\n<li style=\"font-weight: 400;\" aria-checked=\"false\" aria-level=\"1\"><span style=\"font-weight: 400;\">I4B &#8211;\u00a0<\/span>Montse Vela<\/li>\n<li style=\"font-weight: 400;\" aria-checked=\"false\" aria-level=\"1\"><span style=\"font-weight: 400;\">I5A &#8211;\u00a0<\/span>Ros\u00f3 Font<\/li>\n<li style=\"font-weight: 400;\" aria-checked=\"false\" aria-level=\"1\"><span style=\"font-weight: 400;\">I5B &#8211; Paula Real<\/span><\/li>\n<\/ul>\n<ul>\n<li style=\"font-weight: 400;\" aria-checked=\"false\" aria-level=\"1\"><span style=\"font-weight: 400;\">Sogues Fabregat (mestra de suport i angl\u00e8s)<\/span><\/li>\n<li style=\"font-weight: 400;\" aria-checked=\"false\" aria-level=\"1\"><span style=\"font-weight: 400;\">Iolanda Abad (T\u00e8cnica d&#8217;Educaci\u00f3 Infantil)<\/span><\/li>\n<\/ul>\n<p><strong>MESTRES DE CICLE INICIAL<\/strong><\/p>\n<ul>\n<li style=\"font-weight: 400;\" aria-checked=\"false\" aria-level=\"1\"><span style=\"font-weight: 400;\">1r A\u00a0 &#8211;\u00a0<\/span>Encarna Cobos<\/li>\n<li style=\"font-weight: 400;\" aria-checked=\"false\" aria-level=\"1\"><span style=\"font-weight: 400;\">1r B &#8211; M. Neus Peir\u00f3<\/span><\/li>\n<li style=\"font-weight: 400;\" aria-checked=\"false\" aria-level=\"1\"><span style=\"font-weight: 400;\">2n A &#8211; Irene Sales \/ Rub\u00e9n Fern\u00e1ndez<\/span><\/li>\n<li style=\"font-weight: 400;\" aria-checked=\"false\" aria-level=\"1\"><span style=\"font-weight: 400;\">2n B &#8211;\u00a0<\/span>Sandra Caba<\/li>\n<\/ul>\n<p><strong>MESTRES DE CICLE MITJ\u00c0<\/strong><\/p>\n<ul>\n<li style=\"font-weight: 400;\" aria-checked=\"false\" aria-level=\"1\"><span style=\"font-weight: 400;\">3r A\u00a0 &#8211; Josep G\u00f3mez\u00a0<\/span><\/li>\n<li style=\"font-weight: 400;\" aria-checked=\"false\" aria-level=\"1\"><span style=\"font-weight: 400;\">3r B &#8211; S\u00edlvia Buil<\/span><\/li>\n<li style=\"font-weight: 400;\" aria-checked=\"false\" aria-level=\"1\"><span style=\"font-weight: 400;\">4t A &#8211;\u00a0<\/span>Jes\u00fas Montero<\/li>\n<li style=\"font-weight: 400;\" aria-checked=\"false\" aria-level=\"1\"><span style=\"font-weight: 400;\">4t B &#8211;\u00a0<\/span>J\u00falia Montany\u00e0<\/li>\n<li style=\"font-weight: 400;\" aria-checked=\"false\" aria-level=\"1\"><span style=\"font-weight: 400;\">4t C &#8211; J\u00falia Queralt\u00a0 \u00a0 \u00a0\u00a0<\/span><\/li>\n<\/ul>\n<p><strong>MESTRES DE CICLE SUPERIOR<\/strong><\/p>\n<ul>\n<li style=\"font-weight: 400;\" aria-checked=\"false\" aria-level=\"1\"><span style=\"font-weight: 400;\">5\u00e8 A &#8211; Gerard Ferrer<\/span><\/li>\n<li style=\"font-weight: 400;\" aria-checked=\"false\" aria-level=\"1\"><span style=\"font-weight: 400;\">5\u00e8 B &#8211; Estefania Chac\u00f3n<\/span><\/li>\n<li aria-checked=\"false\" aria-level=\"1\">5\u00e8 C &#8211; Anna Hidalgo \/ Gerard Fern\u00e1ndez<\/li>\n<li style=\"font-weight: 400;\" aria-checked=\"false\" aria-level=\"1\"><span style=\"font-weight: 400;\">6\u00e8 A &#8211;\u00a0<\/span><span style=\"font-weight: 400;\">\u00a0Ramon Parramona.<\/span><\/li>\n<li style=\"font-weight: 400;\" aria-checked=\"false\" aria-level=\"1\"><span style=\"font-weight: 400;\">6\u00e8 B &#8211; N\u00faria Mir\u00f3 \/ Aida Masot.<\/span><\/li>\n<\/ul>\n<p><strong>MESTRES ESPECIALISTES<\/strong><\/p>\n<ul>\n<li style=\"font-weight: 400;\" aria-checked=\"false\" aria-level=\"1\"><span style=\"font-weight: 400;\">Esp. Angl\u00e8s &#8211; Carmina Peris\u00e9.\u00a0\u00a0\u00a0\u00a0\u00a0<\/span><\/li>\n<li style=\"font-weight: 400;\" aria-checked=\"false\" aria-level=\"1\"><span style=\"font-weight: 400;\">Att diversitat &#8211; Olga Ledesma, Marta Castillo i \u00c1ngel Juan Mozota.<\/span><\/li>\n<li style=\"font-weight: 400;\" aria-checked=\"false\" aria-level=\"1\"><span style=\"font-weight: 400;\">MALL &#8211; Alba Gabriel.<\/span><\/li>\n<li style=\"font-weight: 400;\" aria-checked=\"false\" aria-level=\"1\"><span style=\"font-weight: 400;\">Aula d\u2019Acollida &#8211; Camila Zarama i Elena Cordero.<\/span><\/li>\n<li style=\"font-weight: 400;\" aria-checked=\"false\" aria-level=\"1\"><span style=\"font-weight: 400;\">Esp. M\u00fasica i MG &#8211; Anna Cifuentes i Maria L\u00f3pez.<\/span><\/li>\n<li style=\"font-weight: 400;\" aria-checked=\"false\" aria-level=\"1\"><span style=\"font-weight: 400;\">Esp. E. F\u00edsica &#8211; Ra\u00fcl Nu\u00f1o.\u00a0\u00a0\u00a0\u00a0<\/span><\/li>\n<li style=\"font-weight: 400;\" aria-checked=\"false\" aria-level=\"1\"><span style=\"font-weight: 400;\">Esp. Religi\u00f3 &#8211;\u00a0 J\u00falia Lladonosa.\u00a0\u00a0<\/span><\/li>\n<li style=\"font-weight: 400;\" aria-checked=\"false\" aria-level=\"1\"><span style=\"font-weight: 400;\">SIEI &#8211; Marta Ricart, \u00c8lia Alent\u00e0 i Judit Ortega.<\/span><\/li>\n<li style=\"font-weight: 400;\" aria-checked=\"false\" aria-level=\"1\"><span style=\"font-weight: 400;\">Educadores i Aux. Departament &#8211; Susana Bosch, M. Jos\u00e9 Bueno, Gemma Serra i Carme Franquet.<\/span><\/li>\n<li style=\"font-weight: 400;\" aria-checked=\"false\" aria-level=\"1\"><span style=\"font-weight: 400;\">Suport Prim\u00e0ria &#8211; Jose Mart\u00edn i Marta Martorell.<\/span><\/li>\n<\/ul>\n<p><strong>PERSONAL D&#8217;ADMINISTRACI\u00d3 I SERVEIS<\/strong><\/p>\n<ul>\n<li style=\"font-weight: 400;\" aria-checked=\"false\" aria-level=\"1\"><span style=\"font-weight: 400;\">Administrativa &#8211; Inma Martos.<\/span><\/li>\n<li style=\"font-weight: 400;\" aria-checked=\"false\" aria-level=\"1\"><span style=\"font-weight: 400;\">Conserge &#8211; Toni Jim\u00e9nez<\/span><\/li>\n<\/ul>\n","protected":false},"excerpt":{"rendered":"<p><a href=\"https:\/\/agora.xtec.cat\/ceipfredericgodas\/wp-content\/uploads\/usu165\/2025\/09\/claustre2025-26.jpg\"><\/a><br \/>\nL\u2019equip hum\u00e0 que formem l\u2019Escola Frederic God\u00e0s est\u00e0 obert a les situacions d\u2019aprenentatge i de canvi, per tal de poder donar resposta als reptes d\u2019una societat que avan\u00e7a constantment. Estem il\u00b7lusionats i engrescats en el projecte d\u2019escola.<br \/>\nAquest curs el formem els seg\u00fcents professionals:<br \/>\nEQUIP DIRECTIU<br \/>\nDirector&hellip;  <a href=\"https:\/\/agora.xtec.cat\/ceipfredericgodas\/equip-huma\/\" title=\"Read EQUIP HUM\u00c0\">Llegeix m\u00e9s\u00bb<\/a><\/p>\n","protected":false},"author":4,"featured_media":0,"parent":0,"menu_order":0,"comment_status":"closed","ping_status":"closed","template":"","meta":{"_bbp_topic_count":0,"_bbp_reply_count":0,"_bbp_total_topic_count":0,"_bbp_total_reply_count":0,"_bbp_voice_count":0,"_bbp_anonymous_reply_count":0,"_bbp_topic_count_hidden":0,"_bbp_reply_count_hidden":0,"_bbp_forum_subforum_count":0,"footnotes":""},"class_list":["post-15383","page","type-page","status-publish","hentry"],"post_mailing_queue_ids":[],"_links":{"self":[{"href":"https:\/\/agora.xtec.cat\/ceipfredericgodas\/wp-json\/wp\/v2\/pages\/15383","targetHints":{"allow":["GET"]}}],"collection":[{"href":"https:\/\/agora.xtec.cat\/ceipfredericgodas\/wp-json\/wp\/v2\/pages"}],"about":[{"href":"https:\/\/agora.xtec.cat\/ceipfredericgodas\/wp-json\/wp\/v2\/types\/page"}],"author":[{"embeddable":true,"href":"https:\/\/agora.xtec.cat\/ceipfredericgodas\/wp-json\/wp\/v2\/users\/4"}],"replies":[{"embeddable":true,"href":"https:\/\/agora.xtec.cat\/ceipfredericgodas\/wp-json\/wp\/v2\/comments?post=15383"}],"version-history":[{"count":6,"href":"https:\/\/agora.xtec.cat\/ceipfredericgodas\/wp-json\/wp\/v2\/pages\/15383\/revisions"}],"predecessor-version":[{"id":15850,"href":"https:\/\/agora.xtec.cat\/ceipfredericgodas\/wp-json\/wp\/v2\/pages\/15383\/revisions\/15850"}],"wp:attachment":[{"href":"https:\/\/agora.xtec.cat\/ceipfredericgodas\/wp-json\/wp\/v2\/media?parent=15383"}],"curies":[{"name":"wp","href":"https:\/\/api.w.org\/{rel}","templated":true}]}}