{"id":14820,"date":"2022-09-28T12:49:18","date_gmt":"2022-09-28T10:49:18","guid":{"rendered":"https:\/\/agora.xtec.cat\/ceipfredericgodas\/?page_id=14820"},"modified":"2022-09-28T12:49:18","modified_gmt":"2022-09-28T10:49:18","slug":"avaluacio-i-millora-de-ledc","status":"publish","type":"page","link":"https:\/\/agora.xtec.cat\/ceipfredericgodas\/estrategia-digital-de-centre\/part-estrategica\/avaluacio-i-millora-de-ledc\/","title":{"rendered":"AVALUACI\u00d3 I MILLORA DE L&#8217;EDC."},"content":{"rendered":"<p style=\"text-align: justify;\"><a href=\"https:\/\/agora.xtec.cat\/ceipfredericgodas\/wp-content\/uploads\/usu165\/2022\/09\/AVALUACIO.png\"><img loading=\"lazy\" decoding=\"async\" class=\"wp-image-14796 alignleft\" src=\"https:\/\/agora.xtec.cat\/ceipfredericgodas\/wp-content\/uploads\/usu165\/2022\/09\/AVALUACIO.png\" alt=\"\" width=\"168\" height=\"168\" srcset=\"https:\/\/agora.xtec.cat\/ceipfredericgodas\/wp-content\/uploads\/usu165\/2022\/09\/AVALUACIO.png 512w, https:\/\/agora.xtec.cat\/ceipfredericgodas\/wp-content\/uploads\/usu165\/2022\/09\/AVALUACIO-300x300.png 300w, https:\/\/agora.xtec.cat\/ceipfredericgodas\/wp-content\/uploads\/usu165\/2022\/09\/AVALUACIO-150x150.png 150w\" sizes=\"auto, (max-width: 168px) 100vw, 168px\" \/><\/a>L\u2019avaluaci\u00f3 de l\u2019Estrat\u00e8gia Digital del Centre es far\u00e0 peri\u00f2dicament per part de la Comissi\u00f3 d\u2019EDC.<\/p>\n<p style=\"text-align: justify;\">Per fer-ho s\u2019han establert uns indicadors d\u2019assoliment per les diferents activitats, aix\u00ed com tamb\u00e9 pels objectius.<\/p>\n<p style=\"text-align: justify;\">En funci\u00f3 dels resultats de les avaluacions caldr\u00e0 redefinir l&#8217;estrat\u00e8gia de manera que sempre ens adaptem a la nova situaci\u00f3.<\/p>\n","protected":false},"excerpt":{"rendered":"<p><a href=\"https:\/\/agora.xtec.cat\/ceipfredericgodas\/wp-content\/uploads\/usu165\/2022\/09\/AVALUACIO.png\"><\/a>L\u2019avaluaci\u00f3 de l\u2019Estrat\u00e8gia Digital del Centre es far\u00e0 peri\u00f2dicament per part de la Comissi\u00f3 d\u2019EDC.<br \/>\nPer fer-ho s\u2019han establert uns indicadors d\u2019assoliment per les diferents activitats, aix\u00ed com tamb\u00e9 pels objectius.<br \/>\nEn funci\u00f3 dels resultats de les avaluacions caldr\u00e0 redefinir l&#8217;estrat\u00e8gia de manera que sempre ens&hellip;  <a href=\"https:\/\/agora.xtec.cat\/ceipfredericgodas\/estrategia-digital-de-centre\/part-estrategica\/avaluacio-i-millora-de-ledc\/\" title=\"Read AVALUACI\u00d3 I MILLORA DE L&#8217;EDC.\">Llegeix m\u00e9s\u00bb<\/a><\/p>\n","protected":false},"author":4,"featured_media":0,"parent":14727,"menu_order":0,"comment_status":"closed","ping_status":"closed","template":"","meta":{"_bbp_topic_count":0,"_bbp_reply_count":0,"_bbp_total_topic_count":0,"_bbp_total_reply_count":0,"_bbp_voice_count":0,"_bbp_anonymous_reply_count":0,"_bbp_topic_count_hidden":0,"_bbp_reply_count_hidden":0,"_bbp_forum_subforum_count":0,"footnotes":""},"class_list":["post-14820","page","type-page","status-publish","hentry"],"post_mailing_queue_ids":[],"_links":{"self":[{"href":"https:\/\/agora.xtec.cat\/ceipfredericgodas\/wp-json\/wp\/v2\/pages\/14820","targetHints":{"allow":["GET"]}}],"collection":[{"href":"https:\/\/agora.xtec.cat\/ceipfredericgodas\/wp-json\/wp\/v2\/pages"}],"about":[{"href":"https:\/\/agora.xtec.cat\/ceipfredericgodas\/wp-json\/wp\/v2\/types\/page"}],"author":[{"embeddable":true,"href":"https:\/\/agora.xtec.cat\/ceipfredericgodas\/wp-json\/wp\/v2\/users\/4"}],"replies":[{"embeddable":true,"href":"https:\/\/agora.xtec.cat\/ceipfredericgodas\/wp-json\/wp\/v2\/comments?post=14820"}],"version-history":[{"count":1,"href":"https:\/\/agora.xtec.cat\/ceipfredericgodas\/wp-json\/wp\/v2\/pages\/14820\/revisions"}],"predecessor-version":[{"id":14821,"href":"https:\/\/agora.xtec.cat\/ceipfredericgodas\/wp-json\/wp\/v2\/pages\/14820\/revisions\/14821"}],"up":[{"embeddable":true,"href":"https:\/\/agora.xtec.cat\/ceipfredericgodas\/wp-json\/wp\/v2\/pages\/14727"}],"wp:attachment":[{"href":"https:\/\/agora.xtec.cat\/ceipfredericgodas\/wp-json\/wp\/v2\/media?parent=14820"}],"curies":[{"name":"wp","href":"https:\/\/api.w.org\/{rel}","templated":true}]}}