{"id":14810,"date":"2022-09-21T12:12:12","date_gmt":"2022-09-21T10:12:12","guid":{"rendered":"https:\/\/agora.xtec.cat\/ceipfredericgodas\/?page_id=14810"},"modified":"2022-09-21T12:41:18","modified_gmt":"2022-09-21T10:41:18","slug":"objectius-de-ledc","status":"publish","type":"page","link":"https:\/\/agora.xtec.cat\/ceipfredericgodas\/estrategia-digital-de-centre\/part-estrategica\/objectius-de-ledc\/","title":{"rendered":"OBJECTIUS DE L&#8217;EDC."},"content":{"rendered":"<p><a href=\"https:\/\/agora.xtec.cat\/ceipfredericgodas\/wp-content\/uploads\/usu165\/2022\/09\/OBJECTIUS.png\"><img loading=\"lazy\" decoding=\"async\" class=\" wp-image-14798 alignleft\" src=\"https:\/\/agora.xtec.cat\/ceipfredericgodas\/wp-content\/uploads\/usu165\/2022\/09\/OBJECTIUS.png\" alt=\"\" width=\"111\" height=\"111\" srcset=\"https:\/\/agora.xtec.cat\/ceipfredericgodas\/wp-content\/uploads\/usu165\/2022\/09\/OBJECTIUS.png 512w, https:\/\/agora.xtec.cat\/ceipfredericgodas\/wp-content\/uploads\/usu165\/2022\/09\/OBJECTIUS-300x300.png 300w, https:\/\/agora.xtec.cat\/ceipfredericgodas\/wp-content\/uploads\/usu165\/2022\/09\/OBJECTIUS-150x150.png 150w\" sizes=\"auto, (max-width: 111px) 100vw, 111px\" \/><\/a>Una vegada feta la diagnosI, des de la Comissi\u00f3 d&#8217;Estrat\u00e8gia Digital definim uns objectius, que s\u00f3n la l\u00ednia de treball que ens permetr\u00e0 consolidar la compet\u00e8ncia digital de d\u2019alumnat i del conjunt de la nostra Comunitat Educativa.<\/p>\n<p>Els objectius s\u2019han redactat a partir dels punts febles detectats en la diagnosi, i s\u2019han tingut en compte els documents de centre (Projecte Educatiu, Projecte de Direcci\u00f3, Pla TAC\u2026). Aquests objectius defineixen l\u2019Estrat\u00e8gia Digital del Centre.<\/p>\n<p>Els objectius establerts s\u00f3n:<\/p>\n<ul>\n<li>OBJECTIU 1: Consolidar les activitats de presentaci\u00f3 dels perills de l&#8217;\u00fas de la tecnologia amb alumnes i fam\u00edlies per un \u00fas responsable d&#8217;internet.<\/li>\n<li>OBJECTIU 2: Potenciar l&#8217;acollida digital de tota la comunitat educativa per optimitzar els recursos disponibles.<\/li>\n<li>OBJECTIU 3: Potenciar l&#8217;\u00fas de les eines digitals per possibilitar la inclusi\u00f3 de l&#8217;alumnat amb NEE.<\/li>\n<li>OBJECTIU 4: Promoure la utilitzaci\u00f3 d&#8217;eines digitals per l&#8217;avaluaci\u00f3 i el seguiment de l&#8217;alumnat.<\/li>\n<li>OBJECTIUS 5: Actualitzar la seq\u00fcenciaci\u00f3 de la compet\u00e8ncia digital de l&#8217;alumnat per establir l\u00ednies d&#8217;actuaci\u00f3 en l&#8217;\u00e0mbit digital.<\/li>\n<li>OBJECTIU 6: Adequar la documentaci\u00f3 b\u00e0sica del centre (NOFC, PGA, PEC&#8230;) per tal d&#8217;adaptar-la a la realitat tecnol\u00f2gica de l&#8217;escola.<\/li>\n<li>OBJECTIU 7: Revisar la pol\u00edtica comunicativa del centre en les publicacions a internet per una informaci\u00f3 m\u00e9s eficient.<\/li>\n<\/ul>\n","protected":false},"excerpt":{"rendered":"<p><a href=\"https:\/\/agora.xtec.cat\/ceipfredericgodas\/wp-content\/uploads\/usu165\/2022\/09\/OBJECTIUS.png\"><\/a>Una vegada feta la diagnosI, des de la Comissi\u00f3 d&#8217;Estrat\u00e8gia Digital definim uns objectius, que s\u00f3n la l\u00ednia de treball que ens permetr\u00e0 consolidar la compet\u00e8ncia digital de d\u2019alumnat i del conjunt de la nostra Comunitat Educativa.<br \/>\nEls objectius s\u2019han redactat a partir dels punts&hellip;  <a href=\"https:\/\/agora.xtec.cat\/ceipfredericgodas\/estrategia-digital-de-centre\/part-estrategica\/objectius-de-ledc\/\" title=\"Read OBJECTIUS DE L&#8217;EDC.\">Llegeix m\u00e9s\u00bb<\/a><\/p>\n","protected":false},"author":4,"featured_media":0,"parent":14727,"menu_order":0,"comment_status":"closed","ping_status":"closed","template":"page-templates\/side-menu.php","meta":{"_bbp_topic_count":0,"_bbp_reply_count":0,"_bbp_total_topic_count":0,"_bbp_total_reply_count":0,"_bbp_voice_count":0,"_bbp_anonymous_reply_count":0,"_bbp_topic_count_hidden":0,"_bbp_reply_count_hidden":0,"_bbp_forum_subforum_count":0,"footnotes":""},"class_list":["post-14810","page","type-page","status-publish","hentry"],"post_mailing_queue_ids":[],"_links":{"self":[{"href":"https:\/\/agora.xtec.cat\/ceipfredericgodas\/wp-json\/wp\/v2\/pages\/14810","targetHints":{"allow":["GET"]}}],"collection":[{"href":"https:\/\/agora.xtec.cat\/ceipfredericgodas\/wp-json\/wp\/v2\/pages"}],"about":[{"href":"https:\/\/agora.xtec.cat\/ceipfredericgodas\/wp-json\/wp\/v2\/types\/page"}],"author":[{"embeddable":true,"href":"https:\/\/agora.xtec.cat\/ceipfredericgodas\/wp-json\/wp\/v2\/users\/4"}],"replies":[{"embeddable":true,"href":"https:\/\/agora.xtec.cat\/ceipfredericgodas\/wp-json\/wp\/v2\/comments?post=14810"}],"version-history":[{"count":3,"href":"https:\/\/agora.xtec.cat\/ceipfredericgodas\/wp-json\/wp\/v2\/pages\/14810\/revisions"}],"predecessor-version":[{"id":14813,"href":"https:\/\/agora.xtec.cat\/ceipfredericgodas\/wp-json\/wp\/v2\/pages\/14810\/revisions\/14813"}],"up":[{"embeddable":true,"href":"https:\/\/agora.xtec.cat\/ceipfredericgodas\/wp-json\/wp\/v2\/pages\/14727"}],"wp:attachment":[{"href":"https:\/\/agora.xtec.cat\/ceipfredericgodas\/wp-json\/wp\/v2\/media?parent=14810"}],"curies":[{"name":"wp","href":"https:\/\/api.w.org\/{rel}","templated":true}]}}