{"id":14803,"date":"2022-09-20T12:40:46","date_gmt":"2022-09-20T10:40:46","guid":{"rendered":"https:\/\/agora.xtec.cat\/ceipfredericgodas\/?page_id=14803"},"modified":"2022-09-21T12:41:37","modified_gmt":"2022-09-21T10:41:37","slug":"diagnosi-de-ledc","status":"publish","type":"page","link":"https:\/\/agora.xtec.cat\/ceipfredericgodas\/estrategia-digital-de-centre\/part-estrategica\/diagnosi-de-ledc\/","title":{"rendered":"DIAGNOSI DE L&#8217;EDC."},"content":{"rendered":"<p><a href=\"https:\/\/agora.xtec.cat\/ceipfredericgodas\/wp-content\/uploads\/usu165\/2022\/09\/DIAGNOSIS.png\"><img loading=\"lazy\" decoding=\"async\" class=\"wp-image-14797 alignleft\" src=\"https:\/\/agora.xtec.cat\/ceipfredericgodas\/wp-content\/uploads\/usu165\/2022\/09\/DIAGNOSIS.png\" alt=\"\" width=\"253\" height=\"253\" srcset=\"https:\/\/agora.xtec.cat\/ceipfredericgodas\/wp-content\/uploads\/usu165\/2022\/09\/DIAGNOSIS.png 512w, https:\/\/agora.xtec.cat\/ceipfredericgodas\/wp-content\/uploads\/usu165\/2022\/09\/DIAGNOSIS-300x300.png 300w, https:\/\/agora.xtec.cat\/ceipfredericgodas\/wp-content\/uploads\/usu165\/2022\/09\/DIAGNOSIS-150x150.png 150w\" sizes=\"auto, (max-width: 253px) 100vw, 253px\" \/><\/a><\/p>\n<p style=\"text-align: justify;\">El primer pas per poder elaborar l\u2019estrat\u00e8gia digital de Centre ha estat elaborar la diagnosi. La Comissi\u00f3 Digital del Centre va fer-la durant el curs 2021-22 amb diferents eines diagn\u00f2stiques:<\/p>\n<ul>\n<li style=\"list-style-type: none;\">\n<ul>\n<li style=\"list-style-type: none;\">\n<ul>\n<li style=\"list-style-type: none;\">\n<ul style=\"text-align: justify;\">\n<li><strong>Eina Selfie<\/strong>: una eina creada per la Comissi\u00f3 Europea per ajudar als centres educatius a fer una diagnosi del seu grau d\u2019implementaci\u00f3 de les tecnologies digitals. Ha donat resposta al q\u00fcestionari l\u2019equip directiu, l\u2019equip docent i l\u2019alumnat.<\/li>\n<li><strong>Enquesta per avaluar la compet\u00e8ncia digital instrumental docent<\/strong>.<\/li>\n<li><strong>Entrevistes amb fam\u00edlies representants del Consell Escolar<\/strong> per poder recollir la seva visi\u00f3 sobre la maduresa digital del centre.<\/li>\n<li>Avaluaci\u00f3 del <strong>Pla TAC<\/strong> vigent.<\/li>\n<\/ul>\n<\/li>\n<\/ul>\n<\/li>\n<\/ul>\n<\/li>\n<\/ul>\n<p style=\"text-align: justify;\">A partir de l\u2019an\u00e0lisi d\u2019aquestes eines, s\u2019han detectat els punts forts i punts febles, que ens permetran establir els objectius de l\u2019Estrat\u00e8gia Digital del Centre.<\/p>\n<p>Alguns<strong> punts forts<\/strong> a destacar s\u00f3n:<\/p>\n<ul>\n<li>Les infraestructures i serveis disponibles.<\/li>\n<li>L&#8217;acompanyament de les fam\u00edlies a l&#8217;alumnat.<\/li>\n<li>La compet\u00e8ncia digital docent i la formaci\u00f3 permanent del claustre.<\/li>\n<li>La implementaci\u00f3 a l&#8217;aula del treball de rob\u00f2tica i pensament computacional.<\/li>\n<li>El funcionament del correu electr\u00f2nic, la p\u00e0gina web i l&#8217;Entorn Virtual d&#8217;Aprenentatge.<\/li>\n<\/ul>\n","protected":false},"excerpt":{"rendered":"<p><a href=\"https:\/\/agora.xtec.cat\/ceipfredericgodas\/wp-content\/uploads\/usu165\/2022\/09\/DIAGNOSIS.png\"><\/a><br \/>\nEl primer pas per poder elaborar l\u2019estrat\u00e8gia digital de Centre ha estat elaborar la diagnosi. La Comissi\u00f3 Digital del Centre va fer-la durant el curs 2021-22 amb diferents eines diagn\u00f2stiques:<\/p>\n<ul>\n<li style=\"list-style-type: none;\">\n<ul>\n<li style=\"list-style-type: none;\">\n<ul>\n<li style=\"list-style-type: none;\">\n<ul style=\"text-align: justify;\">\n<li>Eina Selfie: una eina creada per la&hellip;  <a href=\"https:\/\/agora.xtec.cat\/ceipfredericgodas\/estrategia-digital-de-centre\/part-estrategica\/diagnosi-de-ledc\/\" title=\"Read DIAGNOSI DE L&#8217;EDC.\">Llegeix m\u00e9s\u00bb<\/a><br \/>\n","protected":false},"author":4,"featured_media":0,"parent":14727,"menu_order":0,"comment_status":"closed","ping_status":"closed","template":"page-templates\/side-menu.php","meta":{"_bbp_topic_count":0,"_bbp_reply_count":0,"_bbp_total_topic_count":0,"_bbp_total_reply_count":0,"_bbp_voice_count":0,"_bbp_anonymous_reply_count":0,"_bbp_topic_count_hidden":0,"_bbp_reply_count_hidden":0,"_bbp_forum_subforum_count":0,"footnotes":""},"class_list":["post-14803","page","type-page","status-publish","hentry"],"post_mailing_queue_ids":[],"_links":{"self":[{"href":"https:\/\/agora.xtec.cat\/ceipfredericgodas\/wp-json\/wp\/v2\/pages\/14803","targetHints":{"allow":["GET"]}}],"collection":[{"href":"https:\/\/agora.xtec.cat\/ceipfredericgodas\/wp-json\/wp\/v2\/pages"}],"about":[{"href":"https:\/\/agora.xtec.cat\/ceipfredericgodas\/wp-json\/wp\/v2\/types\/page"}],"author":[{"embeddable":true,"href":"https:\/\/agora.xtec.cat\/ceipfredericgodas\/wp-json\/wp\/v2\/users\/4"}],"replies":[{"embeddable":true,"href":"https:\/\/agora.xtec.cat\/ceipfredericgodas\/wp-json\/wp\/v2\/comments?post=14803"}],"version-history":[{"count":2,"href":"https:\/\/agora.xtec.cat\/ceipfredericgodas\/wp-json\/wp\/v2\/pages\/14803\/revisions"}],"predecessor-version":[{"id":14806,"href":"https:\/\/agora.xtec.cat\/ceipfredericgodas\/wp-json\/wp\/v2\/pages\/14803\/revisions\/14806"}],"up":[{"embeddable":true,"href":"https:\/\/agora.xtec.cat\/ceipfredericgodas\/wp-json\/wp\/v2\/pages\/14727"}],"wp:attachment":[{"href":"https:\/\/agora.xtec.cat\/ceipfredericgodas\/wp-json\/wp\/v2\/media?parent=14803"}],"curies":[{"name":"wp","href":"https:\/\/api.w.org\/{rel}","templated":true}]}}