{"id":14727,"date":"2022-06-26T17:51:26","date_gmt":"2022-06-26T15:51:26","guid":{"rendered":"https:\/\/agora.xtec.cat\/ceipfredericgodas\/?page_id=14727"},"modified":"2022-09-28T12:50:30","modified_gmt":"2022-09-28T10:50:30","slug":"part-estrategica","status":"publish","type":"page","link":"https:\/\/agora.xtec.cat\/ceipfredericgodas\/estrategia-digital-de-centre\/part-estrategica\/","title":{"rendered":"PART ESTRAT\u00c8GICA."},"content":{"rendered":"<p>L\u2019Estrat\u00e8gia Digital de Centre \u00e9s un document viu i obert que permet recollir i organitzar les accions en mat\u00e8ria de tecnologia i compet\u00e8ncia digital que el centre ja realitza, replantejar-les i millorar-les per aconseguir els objectius que es proposin. Ha de ser una eina \u00fatil i real per al desplegament de la compet\u00e8ncia digital de l\u2019alumnat, del professorat i del mateix centre.<\/p>\n<p>Seguint les indicacions del document on es defineix l\u2019EDC,\u00a0 s\u2019ha estructurat aquesta part en 4 fases que es presenten a continuaci\u00f3.<\/p>\n<table>\n<tbody>\n<tr>\n<td><a href=\"https:\/\/agora.xtec.cat\/ceipfredericgodas\/estrategia-digital-de-centre\/part-estrategica\/diagnosi-de-ledc\/\"><img loading=\"lazy\" decoding=\"async\" class=\"alignnone size-full wp-image-14797\" src=\"https:\/\/agora.xtec.cat\/ceipfredericgodas\/wp-content\/uploads\/usu165\/2022\/09\/DIAGNOSIS.png\" alt=\"\" width=\"512\" height=\"512\" srcset=\"https:\/\/agora.xtec.cat\/ceipfredericgodas\/wp-content\/uploads\/usu165\/2022\/09\/DIAGNOSIS.png 512w, https:\/\/agora.xtec.cat\/ceipfredericgodas\/wp-content\/uploads\/usu165\/2022\/09\/DIAGNOSIS-300x300.png 300w, https:\/\/agora.xtec.cat\/ceipfredericgodas\/wp-content\/uploads\/usu165\/2022\/09\/DIAGNOSIS-150x150.png 150w\" sizes=\"auto, (max-width: 512px) 100vw, 512px\" \/><\/a><\/td>\n<td><a href=\"https:\/\/agora.xtec.cat\/ceipfredericgodas\/estrategia-digital-de-centre\/part-estrategica\/objectius-de-ledc\/\"><img loading=\"lazy\" decoding=\"async\" class=\"alignnone size-full wp-image-14798\" src=\"https:\/\/agora.xtec.cat\/ceipfredericgodas\/wp-content\/uploads\/usu165\/2022\/09\/OBJECTIUS.png\" alt=\"\" width=\"512\" height=\"512\" srcset=\"https:\/\/agora.xtec.cat\/ceipfredericgodas\/wp-content\/uploads\/usu165\/2022\/09\/OBJECTIUS.png 512w, https:\/\/agora.xtec.cat\/ceipfredericgodas\/wp-content\/uploads\/usu165\/2022\/09\/OBJECTIUS-300x300.png 300w, https:\/\/agora.xtec.cat\/ceipfredericgodas\/wp-content\/uploads\/usu165\/2022\/09\/OBJECTIUS-150x150.png 150w\" sizes=\"auto, (max-width: 512px) 100vw, 512px\" \/><\/a><\/td>\n<td><a href=\"https:\/\/agora.xtec.cat\/ceipfredericgodas\/estrategia-digital-de-centre\/part-estrategica\/planificacio-i-seguiment-de-ledc\/\"><img loading=\"lazy\" decoding=\"async\" class=\"alignnone size-full wp-image-14799\" src=\"https:\/\/agora.xtec.cat\/ceipfredericgodas\/wp-content\/uploads\/usu165\/2022\/09\/PLANIFICACIO.png\" alt=\"\" width=\"512\" height=\"512\" srcset=\"https:\/\/agora.xtec.cat\/ceipfredericgodas\/wp-content\/uploads\/usu165\/2022\/09\/PLANIFICACIO.png 512w, https:\/\/agora.xtec.cat\/ceipfredericgodas\/wp-content\/uploads\/usu165\/2022\/09\/PLANIFICACIO-300x300.png 300w, https:\/\/agora.xtec.cat\/ceipfredericgodas\/wp-content\/uploads\/usu165\/2022\/09\/PLANIFICACIO-150x150.png 150w\" sizes=\"auto, (max-width: 512px) 100vw, 512px\" \/><\/a><\/td>\n<td><a href=\"https:\/\/agora.xtec.cat\/ceipfredericgodas\/estrategia-digital-de-centre\/part-estrategica\/avaluacio-i-millora-de-ledc\/\"><img loading=\"lazy\" decoding=\"async\" class=\"alignnone size-full wp-image-14796\" src=\"https:\/\/agora.xtec.cat\/ceipfredericgodas\/wp-content\/uploads\/usu165\/2022\/09\/AVALUACIO.png\" alt=\"\" width=\"512\" height=\"512\" srcset=\"https:\/\/agora.xtec.cat\/ceipfredericgodas\/wp-content\/uploads\/usu165\/2022\/09\/AVALUACIO.png 512w, https:\/\/agora.xtec.cat\/ceipfredericgodas\/wp-content\/uploads\/usu165\/2022\/09\/AVALUACIO-300x300.png 300w, https:\/\/agora.xtec.cat\/ceipfredericgodas\/wp-content\/uploads\/usu165\/2022\/09\/AVALUACIO-150x150.png 150w\" sizes=\"auto, (max-width: 512px) 100vw, 512px\" \/><\/a><\/td>\n<\/tr>\n<tr>\n<td style=\"text-align: center;\">\n<h5><a href=\"https:\/\/agora.xtec.cat\/ceipfredericgodas\/estrategia-digital-de-centre\/part-estrategica\/diagnosi-de-ledc\/\"><span style=\"font-size: 16px; background-color: #ffffff;\">DIAGNOSI<\/span><\/a><\/h5>\n<\/td>\n<td style=\"text-align: center;\">\n<h5><a href=\"https:\/\/agora.xtec.cat\/ceipfredericgodas\/estrategia-digital-de-centre\/part-estrategica\/objectius-de-ledc\/\">OBJECTIUS<\/a><\/h5>\n<\/td>\n<td style=\"text-align: center;\">\n<h5><a href=\"https:\/\/agora.xtec.cat\/ceipfredericgodas\/estrategia-digital-de-centre\/part-estrategica\/planificacio-i-seguiment-de-ledc\/\">PLANIFICACI\u00d3 I SEGUIMENT<\/a><\/h5>\n<\/td>\n<td style=\"text-align: center;\">\n<h5><a href=\"https:\/\/agora.xtec.cat\/ceipfredericgodas\/estrategia-digital-de-centre\/part-estrategica\/avaluacio-i-millora-de-ledc\/\">AVALUACI\u00d3 I MILLORA<\/a><\/h5>\n<\/td>\n<\/tr>\n<\/tbody>\n<\/table>\n<h3 style=\"text-align: center;\"><\/h3>\n","protected":false},"excerpt":{"rendered":"<p>L\u2019Estrat\u00e8gia Digital de Centre \u00e9s un document viu i obert que permet recollir i organitzar les accions en mat\u00e8ria de tecnologia i compet\u00e8ncia digital que el centre ja realitza, replantejar-les i millorar-les per aconseguir els objectius que es proposin. Ha de ser una eina \u00fatil&hellip;  <a href=\"https:\/\/agora.xtec.cat\/ceipfredericgodas\/estrategia-digital-de-centre\/part-estrategica\/\" title=\"Read PART ESTRAT\u00c8GICA.\">Llegeix m\u00e9s\u00bb<\/a><\/p>\n","protected":false},"author":4,"featured_media":0,"parent":14670,"menu_order":0,"comment_status":"closed","ping_status":"closed","template":"page-templates\/side-menu.php","meta":{"_bbp_topic_count":0,"_bbp_reply_count":0,"_bbp_total_topic_count":0,"_bbp_total_reply_count":0,"_bbp_voice_count":0,"_bbp_anonymous_reply_count":0,"_bbp_topic_count_hidden":0,"_bbp_reply_count_hidden":0,"_bbp_forum_subforum_count":0,"footnotes":""},"class_list":["post-14727","page","type-page","status-publish","hentry"],"post_mailing_queue_ids":[],"_links":{"self":[{"href":"https:\/\/agora.xtec.cat\/ceipfredericgodas\/wp-json\/wp\/v2\/pages\/14727","targetHints":{"allow":["GET"]}}],"collection":[{"href":"https:\/\/agora.xtec.cat\/ceipfredericgodas\/wp-json\/wp\/v2\/pages"}],"about":[{"href":"https:\/\/agora.xtec.cat\/ceipfredericgodas\/wp-json\/wp\/v2\/types\/page"}],"author":[{"embeddable":true,"href":"https:\/\/agora.xtec.cat\/ceipfredericgodas\/wp-json\/wp\/v2\/users\/4"}],"replies":[{"embeddable":true,"href":"https:\/\/agora.xtec.cat\/ceipfredericgodas\/wp-json\/wp\/v2\/comments?post=14727"}],"version-history":[{"count":4,"href":"https:\/\/agora.xtec.cat\/ceipfredericgodas\/wp-json\/wp\/v2\/pages\/14727\/revisions"}],"predecessor-version":[{"id":14822,"href":"https:\/\/agora.xtec.cat\/ceipfredericgodas\/wp-json\/wp\/v2\/pages\/14727\/revisions\/14822"}],"up":[{"embeddable":true,"href":"https:\/\/agora.xtec.cat\/ceipfredericgodas\/wp-json\/wp\/v2\/pages\/14670"}],"wp:attachment":[{"href":"https:\/\/agora.xtec.cat\/ceipfredericgodas\/wp-json\/wp\/v2\/media?parent=14727"}],"curies":[{"name":"wp","href":"https:\/\/api.w.org\/{rel}","templated":true}]}}