{"id":14670,"date":"2022-05-30T15:03:25","date_gmt":"2022-05-30T13:03:25","guid":{"rendered":"https:\/\/agora.xtec.cat\/ceipfredericgodas\/?page_id=14670"},"modified":"2023-06-30T09:06:35","modified_gmt":"2023-06-30T07:06:35","slug":"estrategia-digital-de-centre","status":"publish","type":"page","link":"https:\/\/agora.xtec.cat\/ceipfredericgodas\/estrategia-digital-de-centre\/","title":{"rendered":"ESTRAT\u00c8GIA DIGITAL DE CENTRE"},"content":{"rendered":"<p><a href=\"https:\/\/agora.xtec.cat\/ceipfredericgodas\/wp-content\/uploads\/usu165\/2022\/06\/edc.png\"><img loading=\"lazy\" decoding=\"async\" class=\"alignnone size-large wp-image-14724\" src=\"https:\/\/agora.xtec.cat\/ceipfredericgodas\/wp-content\/uploads\/usu165\/2022\/06\/edc-1024x122.png\" alt=\"\" width=\"1024\" height=\"122\" srcset=\"https:\/\/agora.xtec.cat\/ceipfredericgodas\/wp-content\/uploads\/usu165\/2022\/06\/edc-1024x122.png 1024w, https:\/\/agora.xtec.cat\/ceipfredericgodas\/wp-content\/uploads\/usu165\/2022\/06\/edc-300x36.png 300w, https:\/\/agora.xtec.cat\/ceipfredericgodas\/wp-content\/uploads\/usu165\/2022\/06\/edc-768x91.png 768w, https:\/\/agora.xtec.cat\/ceipfredericgodas\/wp-content\/uploads\/usu165\/2022\/06\/edc.png 1472w\" sizes=\"auto, (max-width: 1024px) 100vw, 1024px\" \/><\/a><\/p>\n<p style=\"text-align: justify;\">L\u2019Estrat\u00e8gia Digital de Centre (EDC) definir\u00e0 i concretar\u00e0 les l\u00ednies d\u2019actuaci\u00f3 de l\u2019escola que faran possible que docents, alumnat i centre assoleixin la compet\u00e8ncia digital.<\/p>\n<p style=\"text-align: justify;\">L\u2019Escola Frederic God\u00e0s de Lleida recull des de fa molts anys al Projecte Educatiu de Centre, al Projecte de Direcci\u00f3 vigent i al Pla TAC la import\u00e0ncia del treball amb la tecnologia amb l&#8217;objectiu fi de millorar la compet\u00e8ncia digital de l\u2019alumnat. Amb aquesta finalitat, la Programaci\u00f3 General Anual (PGA) cada any recull objectius relacionats amb la millora de la compet\u00e8ncia digital de l\u2019alumnat. En aquesta l\u00ednia, l\u2019escola va formar part el curs 2019-20 del Projecte de Transformaci\u00f3 Global de Centres Educatius que va permetre una renovaci\u00f3 general de l\u2019equipament digital del centre, ampliant-lo, actualitzant-lo i reempla\u00e7ant-ne el material obsolet.<\/p>\n<p style=\"text-align: justify;\">Paral\u00b7lelament la participaci\u00f3 en el projecte Erasmus+ &#8220;IDEAL Innovating by Doing Experiments About Leonardo&#8221; entre els anys 2018 i 2020 van suposar un important canvi metodol\u00f2gic en el treball amb les eines digitals diverses i la seva seq\u00fcenciaci\u00f3 en els diferents cursos.<\/p>\n<p style=\"text-align: justify;\">Per tal de con\u00e8ixer l\u2019Estrat\u00e8gia Digital del Centre podeu consultar els seg\u00fcents apartats:<\/p>\n<table style=\"border-collapse: collapse; width: 100%;\">\n<tbody>\n<tr>\n<td style=\"width: 50%;\"><a href=\"https:\/\/agora.xtec.cat\/ceipfredericgodas\/lescola\/estrategia-digital-de-centre\/part-estrategica\/\"><img loading=\"lazy\" decoding=\"async\" class=\"wp-image-14808 aligncenter\" src=\"https:\/\/agora.xtec.cat\/ceipfredericgodas\/wp-content\/uploads\/usu165\/2022\/09\/estrategia.png\" alt=\"\" width=\"179\" height=\"179\" srcset=\"https:\/\/agora.xtec.cat\/ceipfredericgodas\/wp-content\/uploads\/usu165\/2022\/09\/estrategia.png 512w, https:\/\/agora.xtec.cat\/ceipfredericgodas\/wp-content\/uploads\/usu165\/2022\/09\/estrategia-300x300.png 300w, https:\/\/agora.xtec.cat\/ceipfredericgodas\/wp-content\/uploads\/usu165\/2022\/09\/estrategia-150x150.png 150w\" sizes=\"auto, (max-width: 179px) 100vw, 179px\" \/><\/a><\/td>\n<td style=\"width: 50%;\"><a href=\"https:\/\/agora.xtec.cat\/ceipfredericgodas\/lescola\/estrategia-digital-de-centre\/cultura-digital\/\"><img loading=\"lazy\" decoding=\"async\" class=\"wp-image-14807 aligncenter\" src=\"https:\/\/agora.xtec.cat\/ceipfredericgodas\/wp-content\/uploads\/usu165\/2022\/09\/cultura.png\" alt=\"\" width=\"172\" height=\"172\" srcset=\"https:\/\/agora.xtec.cat\/ceipfredericgodas\/wp-content\/uploads\/usu165\/2022\/09\/cultura.png 512w, https:\/\/agora.xtec.cat\/ceipfredericgodas\/wp-content\/uploads\/usu165\/2022\/09\/cultura-300x300.png 300w, https:\/\/agora.xtec.cat\/ceipfredericgodas\/wp-content\/uploads\/usu165\/2022\/09\/cultura-150x150.png 150w\" sizes=\"auto, (max-width: 172px) 100vw, 172px\" \/><\/a><\/td>\n<\/tr>\n<tr>\n<td style=\"width: 50%;\">\n<h2 style=\"text-align: center;\"><a style=\"color: #2795b6;\" href=\"https:\/\/agora.xtec.cat\/ceipfredericgodas\/lescola\/estrategia-digital-de-centre\/part-estrategica\/\">Part Estrat\u00e8gica<\/a><\/h2>\n<\/td>\n<td style=\"width: 50%;\">\n<h2 style=\"text-align: center;\"><a style=\"color: #2795b6;\" href=\"https:\/\/agora.xtec.cat\/ceipfredericgodas\/lescola\/estrategia-digital-de-centre\/cultura-digital\/\">Cultura Digital<\/a><\/h2>\n<\/td>\n<\/tr>\n<\/tbody>\n<\/table>\n<h2 style=\"text-align: center;\"><\/h2>\n","protected":false},"excerpt":{"rendered":"<p><a href=\"https:\/\/agora.xtec.cat\/ceipfredericgodas\/wp-content\/uploads\/usu165\/2022\/06\/edc.png\"><\/a><br \/>\nL\u2019Estrat\u00e8gia Digital de Centre (EDC) definir\u00e0 i concretar\u00e0 les l\u00ednies d\u2019actuaci\u00f3 de l\u2019escola que faran possible que docents, alumnat i centre assoleixin la compet\u00e8ncia digital.<br \/>\nL\u2019Escola Frederic God\u00e0s de Lleida recull des de fa molts anys al Projecte Educatiu de Centre, al Projecte de Direcci\u00f3&hellip;  <a href=\"https:\/\/agora.xtec.cat\/ceipfredericgodas\/estrategia-digital-de-centre\/\" title=\"Read ESTRAT\u00c8GIA DIGITAL DE CENTRE\">Llegeix m\u00e9s\u00bb<\/a><\/p>\n","protected":false},"author":4,"featured_media":0,"parent":0,"menu_order":0,"comment_status":"closed","ping_status":"closed","template":"page-templates\/side-menu.php","meta":{"_bbp_topic_count":0,"_bbp_reply_count":0,"_bbp_total_topic_count":0,"_bbp_total_reply_count":0,"_bbp_voice_count":0,"_bbp_anonymous_reply_count":0,"_bbp_topic_count_hidden":0,"_bbp_reply_count_hidden":0,"_bbp_forum_subforum_count":0,"footnotes":""},"class_list":["post-14670","page","type-page","status-publish","hentry"],"post_mailing_queue_ids":[],"_links":{"self":[{"href":"https:\/\/agora.xtec.cat\/ceipfredericgodas\/wp-json\/wp\/v2\/pages\/14670","targetHints":{"allow":["GET"]}}],"collection":[{"href":"https:\/\/agora.xtec.cat\/ceipfredericgodas\/wp-json\/wp\/v2\/pages"}],"about":[{"href":"https:\/\/agora.xtec.cat\/ceipfredericgodas\/wp-json\/wp\/v2\/types\/page"}],"author":[{"embeddable":true,"href":"https:\/\/agora.xtec.cat\/ceipfredericgodas\/wp-json\/wp\/v2\/users\/4"}],"replies":[{"embeddable":true,"href":"https:\/\/agora.xtec.cat\/ceipfredericgodas\/wp-json\/wp\/v2\/comments?post=14670"}],"version-history":[{"count":4,"href":"https:\/\/agora.xtec.cat\/ceipfredericgodas\/wp-json\/wp\/v2\/pages\/14670\/revisions"}],"predecessor-version":[{"id":15129,"href":"https:\/\/agora.xtec.cat\/ceipfredericgodas\/wp-json\/wp\/v2\/pages\/14670\/revisions\/15129"}],"wp:attachment":[{"href":"https:\/\/agora.xtec.cat\/ceipfredericgodas\/wp-json\/wp\/v2\/media?parent=14670"}],"curies":[{"name":"wp","href":"https:\/\/api.w.org\/{rel}","templated":true}]}}