{"id":890,"date":"2016-10-26T06:30:32","date_gmt":"2016-10-26T04:30:32","guid":{"rendered":"http:\/\/agora.xtec.cat\/ceipfortiasola\/?page_id=890"},"modified":"2026-02-22T10:00:49","modified_gmt":"2026-02-22T09:00:49","slug":"serveis-2","status":"publish","type":"page","link":"https:\/\/agora.xtec.cat\/ceipfortiasola\/serveis-2\/","title":{"rendered":"Serveis"},"content":{"rendered":"<p>L&#8217;escola compta amb <strong>servei de menjador.<\/strong> \u00c9s gestionat per l&#8217;empresa <strong>7 i Tria<\/strong> amb cuinera pr\u00f2pia. Conjuntament amb 7 i tira tenim com a finalitat continuar treballant l&#8217;<strong>educaci\u00f3 integral de l&#8217;infant <\/strong>tamb\u00e9 en horari de menjador. Per aix\u00f2 es cuida l&#8217;equilibri nutritiu i diet\u00e8tic, els h\u00e0bits, normes i valors, aix\u00ed com l&#8217;estona de lleure que contempla aquesta franja hor\u00e0ria.<a href=\"http:\/\/agora.xtec.cat\/ceipfortiasola\/wp-content\/uploads\/usu1327\/2016\/10\/logo.jpg\"><img loading=\"lazy\" decoding=\"async\" class=\"size-full wp-image-895 alignright\" src=\"http:\/\/agora.xtec.cat\/ceipfortiasola\/wp-content\/uploads\/usu1327\/2016\/10\/logo.jpg\" alt=\"logo\" width=\"130\" height=\"102\" \/><\/a><\/p>\n<p><a href=\"https:\/\/agora.xtec.cat\/ceipfortiasola\/wp-content\/uploads\/usu1327\/2024\/10\/Logo-Fantastik.jpg\"><img loading=\"lazy\" decoding=\"async\" class=\"alignnone wp-image-5866 \" src=\"https:\/\/agora.xtec.cat\/ceipfortiasola\/wp-content\/uploads\/usu1327\/2024\/10\/Logo-Fantastik.jpg\" alt=\"\" width=\"223\" height=\"116\" srcset=\"https:\/\/agora.xtec.cat\/ceipfortiasola\/wp-content\/uploads\/usu1327\/2024\/10\/Logo-Fantastik.jpg 438w, https:\/\/agora.xtec.cat\/ceipfortiasola\/wp-content\/uploads\/usu1327\/2024\/10\/Logo-Fantastik-300x156.jpg 300w\" sizes=\"auto, (max-width: 223px) 100vw, 223px\" \/><\/a><\/p>\n<p>L&#8217;AFA juntament amb el centre ofereix l&#8217;empresa FANTASTIK per a les <strong>activitats extraescolars.<\/strong> Es tracta d&#8217;un gran equip hum\u00e0 de lleure que treballa a partir de la inquietud i les ganes d&#8217;ensenyar en el m\u00f3n del lleure, que \u00e9s molt m\u00e9s que passar una estona. \u00c9s aprendre, imaginar, crear, jugar, experimentar, viure,&#8230; i tot des d&#8217;un punt de vista educatiu diferent. Creiem fermament que les activitats extraescolars s\u00f3n un aprenentatge complementari que enriqueix el desenvolupament dels infants. L&#8217;empresa ofereix activitats al migdia i a la tarda, per\u00f2 per a realitzar-les, cal que hi hagi un m\u00ednim d&#8217;interessats.<\/p>\n<h4>SERVEIS que ofereix FANTASTIK:<\/h4>\n<p><img loading=\"lazy\" decoding=\"async\" class=\"alignnone size-full wp-image-6482 aligncenter\" src=\"https:\/\/agora.xtec.cat\/ceipfortiasola\/wp-content\/uploads\/usu1327\/2026\/02\/Captura-de-pantalla-2026-02-22-095808.png\" alt=\"\" width=\"293\" height=\"149\" \/><\/p>\n<p style=\"text-align: left;\"><strong>ACTIVITATS A INFANTIL<\/strong><\/p>\n<p><img loading=\"lazy\" decoding=\"async\" class=\"size-full wp-image-6480 aligncenter\" src=\"https:\/\/agora.xtec.cat\/ceipfortiasola\/wp-content\/uploads\/usu1327\/2026\/02\/Captura-de-pantalla-2026-02-22-095645-1.png\" alt=\"\" width=\"618\" height=\"110\" srcset=\"https:\/\/agora.xtec.cat\/ceipfortiasola\/wp-content\/uploads\/usu1327\/2026\/02\/Captura-de-pantalla-2026-02-22-095645-1.png 618w, https:\/\/agora.xtec.cat\/ceipfortiasola\/wp-content\/uploads\/usu1327\/2026\/02\/Captura-de-pantalla-2026-02-22-095645-1-300x53.png 300w\" sizes=\"auto, (max-width: 618px) 100vw, 618px\" \/><\/p>\n<p><strong>ACTIVITATS PRIM\u00c0RIA<\/strong><\/p>\n<p><a href=\"https:\/\/agora.xtec.cat\/ceipfortiasola\/wp-content\/uploads\/usu1327\/2026\/02\/Captura-de-pantalla-2026-02-22-095750.png\"><img loading=\"lazy\" decoding=\"async\" class=\"size-full wp-image-6481 aligncenter\" src=\"https:\/\/agora.xtec.cat\/ceipfortiasola\/wp-content\/uploads\/usu1327\/2026\/02\/Captura-de-pantalla-2026-02-22-095750.png\" alt=\"\" width=\"601\" height=\"279\" srcset=\"https:\/\/agora.xtec.cat\/ceipfortiasola\/wp-content\/uploads\/usu1327\/2026\/02\/Captura-de-pantalla-2026-02-22-095750.png 601w, https:\/\/agora.xtec.cat\/ceipfortiasola\/wp-content\/uploads\/usu1327\/2026\/02\/Captura-de-pantalla-2026-02-22-095750-300x139.png 300w\" sizes=\"auto, (max-width: 601px) 100vw, 601px\" \/><\/a><\/p>\n<p>Per a m\u00e9s informaci\u00f3 sobre les activitats de FANTASTIK podeu clicar <a href=\"https:\/\/fantastic.cat\/\">l&#8217;enlla\u00e7<\/a><\/p>\n","protected":false},"excerpt":{"rendered":"<p>L&#8217;escola compta amb servei de menjador. \u00c9s gestionat per l&#8217;empresa 7 i Tria amb cuinera pr\u00f2pia. Conjuntament amb 7 i tira tenim com a finalitat continuar treballant l&#8217;educaci\u00f3 integral de l&#8217;infant tamb\u00e9 en horari de menjador. Per aix\u00f2 es cuida l&#8217;equilibri nutritiu i diet\u00e8tic, els h\u00e0bits, normes i valors, aix\u00ed com l&#8217;estona de lleure que [&hellip;]<\/p>\n","protected":false},"author":4,"featured_media":0,"parent":0,"menu_order":0,"comment_status":"closed","ping_status":"closed","template":"","meta":{"_bbp_topic_count":0,"_bbp_reply_count":0,"_bbp_total_topic_count":0,"_bbp_total_reply_count":0,"_bbp_voice_count":0,"_bbp_anonymous_reply_count":0,"_bbp_topic_count_hidden":0,"_bbp_reply_count_hidden":0,"_bbp_forum_subforum_count":0,"site-sidebar-layout":"default","site-content-layout":"","ast-site-content-layout":"default","site-content-style":"default","site-sidebar-style":"default","ast-global-header-display":"","ast-banner-title-visibility":"","ast-main-header-display":"","ast-hfb-above-header-display":"","ast-hfb-below-header-display":"","ast-hfb-mobile-header-display":"","site-post-title":"","ast-breadcrumbs-content":"","ast-featured-img":"","footer-sml-layout":"","theme-transparent-header-meta":"default","adv-header-id-meta":"","stick-header-meta":"","header-above-stick-meta":"","header-main-stick-meta":"","header-below-stick-meta":"","astra-migrate-meta-layouts":"set","ast-page-background-enabled":"default","ast-page-background-meta":{"desktop":{"background-color":"var(--ast-global-color-4)","background-image":"","background-repeat":"repeat","background-position":"center center","background-size":"auto","background-attachment":"scroll","background-type":"","background-media":"","overlay-type":"","overlay-color":"","overlay-opacity":"","overlay-gradient":""},"tablet":{"background-color":"","background-image":"","background-repeat":"repeat","background-position":"center center","background-size":"auto","background-attachment":"scroll","background-type":"","background-media":"","overlay-type":"","overlay-color":"","overlay-opacity":"","overlay-gradient":""},"mobile":{"background-color":"","background-image":"","background-repeat":"repeat","background-position":"center center","background-size":"auto","background-attachment":"scroll","background-type":"","background-media":"","overlay-type":"","overlay-color":"","overlay-opacity":"","overlay-gradient":""}},"ast-content-background-meta":{"desktop":{"background-color":"var(--ast-global-color-5)","background-image":"","background-repeat":"repeat","background-position":"center center","background-size":"auto","background-attachment":"scroll","background-type":"","background-media":"","overlay-type":"","overlay-color":"","overlay-opacity":"","overlay-gradient":""},"tablet":{"background-color":"var(--ast-global-color-5)","background-image":"","background-repeat":"repeat","background-position":"center center","background-size":"auto","background-attachment":"scroll","background-type":"","background-media":"","overlay-type":"","overlay-color":"","overlay-opacity":"","overlay-gradient":""},"mobile":{"background-color":"var(--ast-global-color-5)","background-image":"","background-repeat":"repeat","background-position":"center center","background-size":"auto","background-attachment":"scroll","background-type":"","background-media":"","overlay-type":"","overlay-color":"","overlay-opacity":"","overlay-gradient":""}},"footnotes":""},"class_list":["post-890","page","type-page","status-publish","hentry"],"post_mailing_queue_ids":[],"_links":{"self":[{"href":"https:\/\/agora.xtec.cat\/ceipfortiasola\/wp-json\/wp\/v2\/pages\/890","targetHints":{"allow":["GET"]}}],"collection":[{"href":"https:\/\/agora.xtec.cat\/ceipfortiasola\/wp-json\/wp\/v2\/pages"}],"about":[{"href":"https:\/\/agora.xtec.cat\/ceipfortiasola\/wp-json\/wp\/v2\/types\/page"}],"author":[{"embeddable":true,"href":"https:\/\/agora.xtec.cat\/ceipfortiasola\/wp-json\/wp\/v2\/users\/4"}],"replies":[{"embeddable":true,"href":"https:\/\/agora.xtec.cat\/ceipfortiasola\/wp-json\/wp\/v2\/comments?post=890"}],"version-history":[{"count":11,"href":"https:\/\/agora.xtec.cat\/ceipfortiasola\/wp-json\/wp\/v2\/pages\/890\/revisions"}],"predecessor-version":[{"id":6483,"href":"https:\/\/agora.xtec.cat\/ceipfortiasola\/wp-json\/wp\/v2\/pages\/890\/revisions\/6483"}],"wp:attachment":[{"href":"https:\/\/agora.xtec.cat\/ceipfortiasola\/wp-json\/wp\/v2\/media?parent=890"}],"curies":[{"name":"wp","href":"https:\/\/api.w.org\/{rel}","templated":true}]}}