{"id":877,"date":"2016-10-25T21:55:23","date_gmt":"2016-10-25T19:55:23","guid":{"rendered":"http:\/\/agora.xtec.cat\/ceipfortiasola\/?page_id=877"},"modified":"2023-10-27T23:55:35","modified_gmt":"2023-10-27T21:55:35","slug":"escola-2-0","status":"publish","type":"page","link":"https:\/\/agora.xtec.cat\/ceipfortiasola\/escola-2-0\/","title":{"rendered":"Digitalitzaci\u00f3"},"content":{"rendered":"<table style=\"height: 133px;\" width=\"874\">\n<tbody>\n<tr>\n<td>\n<div id=\"post-82\" class=\"post-82 page type-page status-publish hentry\">\n<h5 class=\"entry-title post-title\">La tecnologia \u00e9s una evid\u00e8ncia que\u00a0forma part del nostre dia a dia i tamb\u00e9 de l&#8217;educaci\u00f3. \u00a0Aleshores la nostra escola \u00a0aposta per integrar, progressivament, la tecnologia de manera natural en el curr\u00edculum i a les programacions d&#8217;aula, amb la voluntat de potenciar les <strong>habilitats pr\u00f2pies dels segle XXI<\/strong>, com saber treballar amb eines col.laboratives, utilitzar eines del n\u00favol o aprendre a cercar continguts multim\u00e8dia que donin suport a l\u2019aprenentatge.<\/h5>\n<\/div>\n<\/td>\n<\/tr>\n<\/tbody>\n<\/table>\n<table style=\"height: 198px;\" width=\"876\">\n<tbody>\n<tr>\n<td style=\"text-align: left;\">Treballem les eines <strong>G Suite for Education,<\/strong> que permeten desenvolupar actituds\u00a0de col\u00b7laboraci\u00f3, respecte i cooperaci\u00f3, habilitats i capacitats\u00a0per a buscar, seleccionar, interpretar, crear &#8230; informaci\u00f3, per tal de desenvolupar totes les compet\u00e8ncies i, que inclouen funcions de seguretat fonamentals dissenyades\u00a0 espec\u00edficament per a mantenir la informaci\u00f3 segura i sota el control del propi centre. <b><br \/>\n<\/b><a href=\"http:\/\/agora.xtec.cat\/ceipfortiasola\/wp-content\/uploads\/usu1327\/2016\/10\/eines.jpg\"><img loading=\"lazy\" decoding=\"async\" class=\"alignnone size-full wp-image-883\" src=\"http:\/\/agora.xtec.cat\/ceipfortiasola\/wp-content\/uploads\/usu1327\/2016\/10\/eines.jpg\" alt=\"eines\" width=\"876\" height=\"95\" srcset=\"https:\/\/agora.xtec.cat\/ceipfortiasola\/wp-content\/uploads\/usu1327\/2016\/10\/eines.jpg 876w, https:\/\/agora.xtec.cat\/ceipfortiasola\/wp-content\/uploads\/usu1327\/2016\/10\/eines-300x33.jpg 300w, https:\/\/agora.xtec.cat\/ceipfortiasola\/wp-content\/uploads\/usu1327\/2016\/10\/eines-768x83.jpg 768w\" sizes=\"auto, (max-width: 876px) 100vw, 876px\" \/><\/a>Comptem\u00a0amb l&#8217;ajuda dues aules inform\u00e0tica,\u00a0dues aules m\u00f2bils de port\u00e0tils, una aula m\u00f2bil de Chromebooks i pissarres digitals interactives a totes les aules de prim\u00e0ria.Reafirmem la relaci\u00f3 escola-fam\u00edlia amb l&#8217;\u00fas de mitjans que faciliten la comunicaci\u00f3 i la informaci\u00f3, com el correu electr\u00f2nic i piulapp, aix\u00ed com tamb\u00e9 mantenim la Web actualitzada setmanalment.<\/p>\n<table style=\"height: 40px;\" width=\"863\">\n<tbody>\n<tr>\n<td><a href=\"http:\/\/agora.xtec.cat\/ceipfortiasola\/wp-content\/uploads\/usu1327\/2016\/10\/IMG_20161025_112314.jpg\"><img loading=\"lazy\" decoding=\"async\" class=\"alignnone wp-image-908\" src=\"http:\/\/agora.xtec.cat\/ceipfortiasola\/wp-content\/uploads\/usu1327\/2016\/10\/IMG_20161025_112314-1024x768.jpg\" alt=\"img_20161025_112314\" width=\"406\" height=\"304\" srcset=\"https:\/\/agora.xtec.cat\/ceipfortiasola\/wp-content\/uploads\/usu1327\/2016\/10\/IMG_20161025_112314-1024x768.jpg 1024w, https:\/\/agora.xtec.cat\/ceipfortiasola\/wp-content\/uploads\/usu1327\/2016\/10\/IMG_20161025_112314-300x225.jpg 300w, https:\/\/agora.xtec.cat\/ceipfortiasola\/wp-content\/uploads\/usu1327\/2016\/10\/IMG_20161025_112314-768x576.jpg 768w, https:\/\/agora.xtec.cat\/ceipfortiasola\/wp-content\/uploads\/usu1327\/2016\/10\/IMG_20161025_112314-200x150.jpg 200w, https:\/\/agora.xtec.cat\/ceipfortiasola\/wp-content\/uploads\/usu1327\/2016\/10\/IMG_20161025_112314.jpg 1632w\" sizes=\"auto, (max-width: 406px) 100vw, 406px\" \/><\/a><\/td>\n<td><a href=\"http:\/\/agora.xtec.cat\/ceipfortiasola\/wp-content\/uploads\/usu1327\/2016\/10\/IMG_20161025_112304.jpg\"><img loading=\"lazy\" decoding=\"async\" class=\"alignnone wp-image-909\" src=\"http:\/\/agora.xtec.cat\/ceipfortiasola\/wp-content\/uploads\/usu1327\/2016\/10\/IMG_20161025_112304-1024x768.jpg\" alt=\"img_20161025_112304\" width=\"411\" height=\"308\" srcset=\"https:\/\/agora.xtec.cat\/ceipfortiasola\/wp-content\/uploads\/usu1327\/2016\/10\/IMG_20161025_112304-1024x768.jpg 1024w, https:\/\/agora.xtec.cat\/ceipfortiasola\/wp-content\/uploads\/usu1327\/2016\/10\/IMG_20161025_112304-300x225.jpg 300w, https:\/\/agora.xtec.cat\/ceipfortiasola\/wp-content\/uploads\/usu1327\/2016\/10\/IMG_20161025_112304-768x576.jpg 768w, https:\/\/agora.xtec.cat\/ceipfortiasola\/wp-content\/uploads\/usu1327\/2016\/10\/IMG_20161025_112304-200x150.jpg 200w, https:\/\/agora.xtec.cat\/ceipfortiasola\/wp-content\/uploads\/usu1327\/2016\/10\/IMG_20161025_112304.jpg 1632w\" sizes=\"auto, (max-width: 411px) 100vw, 411px\" \/><\/a><\/td>\n<\/tr>\n<\/tbody>\n<\/table>\n<\/td>\n<\/tr>\n<\/tbody>\n<\/table>\n","protected":false},"excerpt":{"rendered":"<p>La tecnologia \u00e9s una evid\u00e8ncia que\u00a0forma part del nostre dia a dia i tamb\u00e9 de l&#8217;educaci\u00f3. \u00a0Aleshores la nostra escola \u00a0aposta per integrar, progressivament, la tecnologia de manera natural en el curr\u00edculum i a les programacions d&#8217;aula, amb la voluntat de potenciar les habilitats pr\u00f2pies dels segle XXI, com saber treballar amb eines col.laboratives, utilitzar [&hellip;]<\/p>\n","protected":false},"author":4,"featured_media":0,"parent":0,"menu_order":0,"comment_status":"closed","ping_status":"closed","template":"","meta":{"_bbp_topic_count":0,"_bbp_reply_count":0,"_bbp_total_topic_count":0,"_bbp_total_reply_count":0,"_bbp_voice_count":0,"_bbp_anonymous_reply_count":0,"_bbp_topic_count_hidden":0,"_bbp_reply_count_hidden":0,"_bbp_forum_subforum_count":0,"site-sidebar-layout":"default","site-content-layout":"","ast-site-content-layout":"","site-content-style":"default","site-sidebar-style":"default","ast-global-header-display":"","ast-banner-title-visibility":"","ast-main-header-display":"","ast-hfb-above-header-display":"","ast-hfb-below-header-display":"","ast-hfb-mobile-header-display":"","site-post-title":"","ast-breadcrumbs-content":"","ast-featured-img":"","footer-sml-layout":"","theme-transparent-header-meta":"","adv-header-id-meta":"","stick-header-meta":"","header-above-stick-meta":"","header-main-stick-meta":"","header-below-stick-meta":"","astra-migrate-meta-layouts":"default","ast-page-background-enabled":"default","ast-page-background-meta":{"desktop":{"background-color":"var(--ast-global-color-4)","background-image":"","background-repeat":"repeat","background-position":"center center","background-size":"auto","background-attachment":"scroll","background-type":"","background-media":"","overlay-type":"","overlay-color":"","overlay-opacity":"","overlay-gradient":""},"tablet":{"background-color":"","background-image":"","background-repeat":"repeat","background-position":"center center","background-size":"auto","background-attachment":"scroll","background-type":"","background-media":"","overlay-type":"","overlay-color":"","overlay-opacity":"","overlay-gradient":""},"mobile":{"background-color":"","background-image":"","background-repeat":"repeat","background-position":"center center","background-size":"auto","background-attachment":"scroll","background-type":"","background-media":"","overlay-type":"","overlay-color":"","overlay-opacity":"","overlay-gradient":""}},"ast-content-background-meta":{"desktop":{"background-color":"var(--ast-global-color-5)","background-image":"","background-repeat":"repeat","background-position":"center center","background-size":"auto","background-attachment":"scroll","background-type":"","background-media":"","overlay-type":"","overlay-color":"","overlay-opacity":"","overlay-gradient":""},"tablet":{"background-color":"var(--ast-global-color-5)","background-image":"","background-repeat":"repeat","background-position":"center center","background-size":"auto","background-attachment":"scroll","background-type":"","background-media":"","overlay-type":"","overlay-color":"","overlay-opacity":"","overlay-gradient":""},"mobile":{"background-color":"var(--ast-global-color-5)","background-image":"","background-repeat":"repeat","background-position":"center center","background-size":"auto","background-attachment":"scroll","background-type":"","background-media":"","overlay-type":"","overlay-color":"","overlay-opacity":"","overlay-gradient":""}},"footnotes":""},"class_list":["post-877","page","type-page","status-publish","hentry"],"post_mailing_queue_ids":[],"_links":{"self":[{"href":"https:\/\/agora.xtec.cat\/ceipfortiasola\/wp-json\/wp\/v2\/pages\/877","targetHints":{"allow":["GET"]}}],"collection":[{"href":"https:\/\/agora.xtec.cat\/ceipfortiasola\/wp-json\/wp\/v2\/pages"}],"about":[{"href":"https:\/\/agora.xtec.cat\/ceipfortiasola\/wp-json\/wp\/v2\/types\/page"}],"author":[{"embeddable":true,"href":"https:\/\/agora.xtec.cat\/ceipfortiasola\/wp-json\/wp\/v2\/users\/4"}],"replies":[{"embeddable":true,"href":"https:\/\/agora.xtec.cat\/ceipfortiasola\/wp-json\/wp\/v2\/comments?post=877"}],"version-history":[{"count":6,"href":"https:\/\/agora.xtec.cat\/ceipfortiasola\/wp-json\/wp\/v2\/pages\/877\/revisions"}],"predecessor-version":[{"id":5560,"href":"https:\/\/agora.xtec.cat\/ceipfortiasola\/wp-json\/wp\/v2\/pages\/877\/revisions\/5560"}],"wp:attachment":[{"href":"https:\/\/agora.xtec.cat\/ceipfortiasola\/wp-json\/wp\/v2\/media?parent=877"}],"curies":[{"name":"wp","href":"https:\/\/api.w.org\/{rel}","templated":true}]}}