{"id":842,"date":"2016-10-25T15:25:04","date_gmt":"2016-10-25T13:25:04","guid":{"rendered":"http:\/\/agora.xtec.cat\/ceipfortiasola\/?page_id=842"},"modified":"2026-02-08T12:28:00","modified_gmt":"2026-02-08T11:28:00","slug":"dinamica-de-grups","status":"publish","type":"page","link":"https:\/\/agora.xtec.cat\/ceipfortiasola\/dinamica-de-grups\/","title":{"rendered":"Din\u00e0mica de grups"},"content":{"rendered":"<h4>Pels infants conviure amb harmonia amb el grup \u00e9s part de l&#8217;\u00e8xit curricular i personal. Per afavorir la bona din\u00e0mica de classe \u00e9s molt necessari que cadascun de nosaltres, professionals de l&#8217;educaci\u00f3 coneguem molt b\u00e9 el nostre grup. Objectiu que va impl\u00edcit amb la nostra tasca.<\/h4>\n<p>Con\u00e8ixer la xarxa de relacions grupals \u00e9s una tasca molt dif\u00edcil. S\u00f3n moltes les situacions subtils que no es poden observar a simple vista, o dif\u00edcilment estan al marge de la subjectivitat. \u00c9s per aix\u00f2 que la nostra escola treballa conjuntament amb la Ma Jes\u00fas Comellas,\u00a0Mestra, doctora en psicologia, em\u00e8rita de Ci\u00e8ncies de l&#8217;Educaci\u00f3, amb la Plataforma de Generaci\u00f3 de Sociogrames, GRODE, \u00a0per aix\u00ed poder <strong>intervenir pedag\u00f2gicament<\/strong> amb la millora de la din\u00e0mica dels nostres grups.<\/p>\n<p><a href=\"http:\/\/agora.xtec.cat\/ceipfortiasola\/wp-content\/uploads\/usu1327\/2016\/10\/grode.jpg\"><img loading=\"lazy\" decoding=\"async\" class=\" wp-image-869 aligncenter\" src=\"http:\/\/agora.xtec.cat\/ceipfortiasola\/wp-content\/uploads\/usu1327\/2016\/10\/grode.jpg\" alt=\"grode\" width=\"390\" height=\"171\" srcset=\"https:\/\/agora.xtec.cat\/ceipfortiasola\/wp-content\/uploads\/usu1327\/2016\/10\/grode.jpg 342w, https:\/\/agora.xtec.cat\/ceipfortiasola\/wp-content\/uploads\/usu1327\/2016\/10\/grode-300x132.jpg 300w\" sizes=\"auto, (max-width: 390px) 100vw, 390px\" \/><\/a><\/p>\n","protected":false},"excerpt":{"rendered":"<p>Pels infants conviure amb harmonia amb el grup \u00e9s part de l&#8217;\u00e8xit curricular i personal. Per afavorir la bona din\u00e0mica de classe \u00e9s molt necessari que cadascun de nosaltres, professionals de l&#8217;educaci\u00f3 coneguem molt b\u00e9 el nostre grup. Objectiu que va impl\u00edcit amb la nostra tasca. Con\u00e8ixer la xarxa de relacions grupals \u00e9s una tasca [&hellip;]<\/p>\n","protected":false},"author":1,"featured_media":0,"parent":0,"menu_order":0,"comment_status":"closed","ping_status":"closed","template":"","meta":{"_bbp_topic_count":0,"_bbp_reply_count":0,"_bbp_total_topic_count":0,"_bbp_total_reply_count":0,"_bbp_voice_count":0,"_bbp_anonymous_reply_count":0,"_bbp_topic_count_hidden":0,"_bbp_reply_count_hidden":0,"_bbp_forum_subforum_count":0,"site-sidebar-layout":"default","site-content-layout":"","ast-site-content-layout":"default","site-content-style":"default","site-sidebar-style":"default","ast-global-header-display":"","ast-banner-title-visibility":"","ast-main-header-display":"","ast-hfb-above-header-display":"","ast-hfb-below-header-display":"","ast-hfb-mobile-header-display":"","site-post-title":"","ast-breadcrumbs-content":"","ast-featured-img":"","footer-sml-layout":"","theme-transparent-header-meta":"default","adv-header-id-meta":"","stick-header-meta":"","header-above-stick-meta":"","header-main-stick-meta":"","header-below-stick-meta":"","astra-migrate-meta-layouts":"set","ast-page-background-enabled":"default","ast-page-background-meta":{"desktop":{"background-color":"var(--ast-global-color-4)","background-image":"","background-repeat":"repeat","background-position":"center center","background-size":"auto","background-attachment":"scroll","background-type":"","background-media":"","overlay-type":"","overlay-color":"","overlay-opacity":"","overlay-gradient":""},"tablet":{"background-color":"","background-image":"","background-repeat":"repeat","background-position":"center center","background-size":"auto","background-attachment":"scroll","background-type":"","background-media":"","overlay-type":"","overlay-color":"","overlay-opacity":"","overlay-gradient":""},"mobile":{"background-color":"","background-image":"","background-repeat":"repeat","background-position":"center center","background-size":"auto","background-attachment":"scroll","background-type":"","background-media":"","overlay-type":"","overlay-color":"","overlay-opacity":"","overlay-gradient":""}},"ast-content-background-meta":{"desktop":{"background-color":"var(--ast-global-color-5)","background-image":"","background-repeat":"repeat","background-position":"center center","background-size":"auto","background-attachment":"scroll","background-type":"","background-media":"","overlay-type":"","overlay-color":"","overlay-opacity":"","overlay-gradient":""},"tablet":{"background-color":"var(--ast-global-color-5)","background-image":"","background-repeat":"repeat","background-position":"center center","background-size":"auto","background-attachment":"scroll","background-type":"","background-media":"","overlay-type":"","overlay-color":"","overlay-opacity":"","overlay-gradient":""},"mobile":{"background-color":"var(--ast-global-color-5)","background-image":"","background-repeat":"repeat","background-position":"center center","background-size":"auto","background-attachment":"scroll","background-type":"","background-media":"","overlay-type":"","overlay-color":"","overlay-opacity":"","overlay-gradient":""}},"footnotes":""},"class_list":["post-842","page","type-page","status-publish","hentry"],"post_mailing_queue_ids":[],"_links":{"self":[{"href":"https:\/\/agora.xtec.cat\/ceipfortiasola\/wp-json\/wp\/v2\/pages\/842","targetHints":{"allow":["GET"]}}],"collection":[{"href":"https:\/\/agora.xtec.cat\/ceipfortiasola\/wp-json\/wp\/v2\/pages"}],"about":[{"href":"https:\/\/agora.xtec.cat\/ceipfortiasola\/wp-json\/wp\/v2\/types\/page"}],"author":[{"embeddable":true,"href":"https:\/\/agora.xtec.cat\/ceipfortiasola\/wp-json\/wp\/v2\/users\/1"}],"replies":[{"embeddable":true,"href":"https:\/\/agora.xtec.cat\/ceipfortiasola\/wp-json\/wp\/v2\/comments?post=842"}],"version-history":[{"count":5,"href":"https:\/\/agora.xtec.cat\/ceipfortiasola\/wp-json\/wp\/v2\/pages\/842\/revisions"}],"predecessor-version":[{"id":6429,"href":"https:\/\/agora.xtec.cat\/ceipfortiasola\/wp-json\/wp\/v2\/pages\/842\/revisions\/6429"}],"wp:attachment":[{"href":"https:\/\/agora.xtec.cat\/ceipfortiasola\/wp-json\/wp\/v2\/media?parent=842"}],"curies":[{"name":"wp","href":"https:\/\/api.w.org\/{rel}","templated":true}]}}