{"id":769,"date":"2016-10-18T15:24:27","date_gmt":"2016-10-18T14:24:27","guid":{"rendered":"http:\/\/agora.xtec.cat\/ceipfortiasola\/?page_id=769"},"modified":"2025-12-16T10:22:31","modified_gmt":"2025-12-16T09:22:31","slug":"les-matematiques-per-al-s-xxi","status":"publish","type":"page","link":"https:\/\/agora.xtec.cat\/ceipfortiasola\/les-matematiques-per-al-s-xxi\/","title":{"rendered":"Les matem\u00e0tiques per al S.XXI"},"content":{"rendered":"<table style=\"height: 396px;\" width=\"881\">\n<tbody>\n<tr>\n<td>\n<h3 style=\"text-align: left;\"><b class=\"mce\">Treballem\u00a0el c\u00e0lcul mental potenciant l\u2019aprenentatge d\u2019estrat\u00e8gies a partir del seu descobriment i del raonament\u00a0matem\u00e0tic<\/b><span class=\"mce\">,\u00a0<\/span><b class=\"mce\"> atenent la diversitat i fomentant la comunicaci\u00f3 a l\u2019aula.<a href=\"https:\/\/agora.xtec.cat\/ceipfortiasola\/wp-content\/uploads\/usu1327\/2025\/12\/IMG-20251203-WA0007.jpg\"><img loading=\"lazy\" decoding=\"async\" class=\"wp-image-6375 alignright\" src=\"https:\/\/agora.xtec.cat\/ceipfortiasola\/wp-content\/uploads\/usu1327\/2025\/12\/IMG-20251203-WA0007-1024x1024.jpg\" alt=\"\" width=\"288\" height=\"288\" srcset=\"https:\/\/agora.xtec.cat\/ceipfortiasola\/wp-content\/uploads\/usu1327\/2025\/12\/IMG-20251203-WA0007-1024x1024.jpg 1024w, https:\/\/agora.xtec.cat\/ceipfortiasola\/wp-content\/uploads\/usu1327\/2025\/12\/IMG-20251203-WA0007-300x300.jpg 300w, https:\/\/agora.xtec.cat\/ceipfortiasola\/wp-content\/uploads\/usu1327\/2025\/12\/IMG-20251203-WA0007-150x150.jpg 150w, https:\/\/agora.xtec.cat\/ceipfortiasola\/wp-content\/uploads\/usu1327\/2025\/12\/IMG-20251203-WA0007-768x768.jpg 768w, https:\/\/agora.xtec.cat\/ceipfortiasola\/wp-content\/uploads\/usu1327\/2025\/12\/IMG-20251203-WA0007-1536x1536.jpg 1536w, https:\/\/agora.xtec.cat\/ceipfortiasola\/wp-content\/uploads\/usu1327\/2025\/12\/IMG-20251203-WA0007.jpg 2048w\" sizes=\"auto, (max-width: 288px) 100vw, 288px\" \/><\/a><\/b><\/h3>\n<p style=\"text-align: left;\">D&#8217;aquesta manera l\u2019alumnat ent\u00e9n el que apr\u00e8n i pot relacionar continguts, cosa que facilita l\u2019aprenentatge de les matem\u00e0tiques. De fet ens basem en els principis generals del constructivisme, donant significat als continguts i als problemes, proporcionant models alternatius de representaci\u00f3 dels objectes matem\u00e0tics, seq\u00fcenciant les activitats per tal que tinguin un suport real. Promovem situacions d&#8217;aprenentatge que facilitin la interacci\u00f3 entre mestre i l&#8217;alumne i entre iguals, interpretem els errors&#8230;<\/p>\n<p style=\"text-align: right;\">Ens formem per poder dissenyar una l\u00ednia d&#8217;escola que potenci\u00ef aquestes matem\u00e0tiques manipulatives i representatives.<\/p>\n<\/td>\n<\/tr>\n<\/tbody>\n<\/table>\n<table style=\"height: 56px;\" width=\"882\">\n<tbody>\n<tr>\n<td>\n<h6><\/h6>\n<p><a href=\"https:\/\/agora.xtec.cat\/ceipfortiasola\/wp-content\/uploads\/usu1327\/2025\/12\/IMG-20251203-WA0006.jpg\"><img loading=\"lazy\" decoding=\"async\" class=\"wp-image-6376 alignleft\" src=\"https:\/\/agora.xtec.cat\/ceipfortiasola\/wp-content\/uploads\/usu1327\/2025\/12\/IMG-20251203-WA0006-1024x1024.jpg\" alt=\"\" width=\"216\" height=\"216\" srcset=\"https:\/\/agora.xtec.cat\/ceipfortiasola\/wp-content\/uploads\/usu1327\/2025\/12\/IMG-20251203-WA0006-1024x1024.jpg 1024w, https:\/\/agora.xtec.cat\/ceipfortiasola\/wp-content\/uploads\/usu1327\/2025\/12\/IMG-20251203-WA0006-300x300.jpg 300w, https:\/\/agora.xtec.cat\/ceipfortiasola\/wp-content\/uploads\/usu1327\/2025\/12\/IMG-20251203-WA0006-150x150.jpg 150w, https:\/\/agora.xtec.cat\/ceipfortiasola\/wp-content\/uploads\/usu1327\/2025\/12\/IMG-20251203-WA0006-768x768.jpg 768w, https:\/\/agora.xtec.cat\/ceipfortiasola\/wp-content\/uploads\/usu1327\/2025\/12\/IMG-20251203-WA0006-1536x1536.jpg 1536w, https:\/\/agora.xtec.cat\/ceipfortiasola\/wp-content\/uploads\/usu1327\/2025\/12\/IMG-20251203-WA0006.jpg 2048w\" sizes=\"auto, (max-width: 216px) 100vw, 216px\" \/><\/a>Hi ha molts referents matem\u00e0tics que defensen que els nens i nens aprenen millor sense utilitzar els algorismes tradicionals, sovint aprenen sense entendre\u2019n la base i no \u00a0detecten els errors de c\u00e0lcul, tampoc acaben de ser conscients del que fan.\u00a0 <a href=\"https:\/\/agora.xtec.cat\/ceipfortiasola\/wp-content\/uploads\/usu1327\/2025\/12\/IMG-20251203-WA0008.jpg\"><img loading=\"lazy\" decoding=\"async\" class=\"wp-image-6377 alignright\" src=\"https:\/\/agora.xtec.cat\/ceipfortiasola\/wp-content\/uploads\/usu1327\/2025\/12\/IMG-20251203-WA0008-1024x1024.jpg\" alt=\"\" width=\"254\" height=\"254\" srcset=\"https:\/\/agora.xtec.cat\/ceipfortiasola\/wp-content\/uploads\/usu1327\/2025\/12\/IMG-20251203-WA0008-1024x1024.jpg 1024w, https:\/\/agora.xtec.cat\/ceipfortiasola\/wp-content\/uploads\/usu1327\/2025\/12\/IMG-20251203-WA0008-300x300.jpg 300w, https:\/\/agora.xtec.cat\/ceipfortiasola\/wp-content\/uploads\/usu1327\/2025\/12\/IMG-20251203-WA0008-150x150.jpg 150w, https:\/\/agora.xtec.cat\/ceipfortiasola\/wp-content\/uploads\/usu1327\/2025\/12\/IMG-20251203-WA0008-768x768.jpg 768w, https:\/\/agora.xtec.cat\/ceipfortiasola\/wp-content\/uploads\/usu1327\/2025\/12\/IMG-20251203-WA0008-1536x1536.jpg 1536w, https:\/\/agora.xtec.cat\/ceipfortiasola\/wp-content\/uploads\/usu1327\/2025\/12\/IMG-20251203-WA0008.jpg 2048w\" sizes=\"auto, (max-width: 254px) 100vw, 254px\" \/><\/a><\/p>\n<p>D&#8217;aquesta manera, potenciant el raonament i descobriment matem\u00e0tic els alumnes \u00a0entenen molt b\u00e9 i descobreixen estrat\u00e8gies noves, relacionen m\u00e9s els nombres i troben propietats num\u00e8riques de manera\u00a0gens mec\u00e0nica.<\/p>\n<p>&nbsp;<\/p>\n<p>&nbsp;<\/td>\n<\/tr>\n<\/tbody>\n<\/table>\n<p>&nbsp;<\/p>\n<p>&nbsp;<\/p>\n","protected":false},"excerpt":{"rendered":"<p>Treballem\u00a0el c\u00e0lcul mental potenciant l\u2019aprenentatge d\u2019estrat\u00e8gies a partir del seu descobriment i del raonament\u00a0matem\u00e0tic,\u00a0 atenent la diversitat i fomentant la comunicaci\u00f3 a l\u2019aula. D&#8217;aquesta manera l\u2019alumnat ent\u00e9n el que apr\u00e8n i pot relacionar continguts, cosa que facilita l\u2019aprenentatge de les matem\u00e0tiques. De fet ens basem en els principis generals del constructivisme, donant significat als continguts [&hellip;]<\/p>\n","protected":false},"author":4,"featured_media":0,"parent":0,"menu_order":0,"comment_status":"closed","ping_status":"closed","template":"","meta":{"_bbp_topic_count":0,"_bbp_reply_count":0,"_bbp_total_topic_count":0,"_bbp_total_reply_count":0,"_bbp_voice_count":0,"_bbp_anonymous_reply_count":0,"_bbp_topic_count_hidden":0,"_bbp_reply_count_hidden":0,"_bbp_forum_subforum_count":0,"site-sidebar-layout":"default","site-content-layout":"","ast-site-content-layout":"default","site-content-style":"default","site-sidebar-style":"default","ast-global-header-display":"","ast-banner-title-visibility":"","ast-main-header-display":"","ast-hfb-above-header-display":"","ast-hfb-below-header-display":"","ast-hfb-mobile-header-display":"","site-post-title":"","ast-breadcrumbs-content":"","ast-featured-img":"","footer-sml-layout":"","theme-transparent-header-meta":"default","adv-header-id-meta":"","stick-header-meta":"","header-above-stick-meta":"","header-main-stick-meta":"","header-below-stick-meta":"","astra-migrate-meta-layouts":"set","ast-page-background-enabled":"default","ast-page-background-meta":{"desktop":{"background-color":"var(--ast-global-color-4)","background-image":"","background-repeat":"repeat","background-position":"center center","background-size":"auto","background-attachment":"scroll","background-type":"","background-media":"","overlay-type":"","overlay-color":"","overlay-opacity":"","overlay-gradient":""},"tablet":{"background-color":"","background-image":"","background-repeat":"repeat","background-position":"center center","background-size":"auto","background-attachment":"scroll","background-type":"","background-media":"","overlay-type":"","overlay-color":"","overlay-opacity":"","overlay-gradient":""},"mobile":{"background-color":"","background-image":"","background-repeat":"repeat","background-position":"center center","background-size":"auto","background-attachment":"scroll","background-type":"","background-media":"","overlay-type":"","overlay-color":"","overlay-opacity":"","overlay-gradient":""}},"ast-content-background-meta":{"desktop":{"background-color":"var(--ast-global-color-5)","background-image":"","background-repeat":"repeat","background-position":"center center","background-size":"auto","background-attachment":"scroll","background-type":"","background-media":"","overlay-type":"","overlay-color":"","overlay-opacity":"","overlay-gradient":""},"tablet":{"background-color":"var(--ast-global-color-5)","background-image":"","background-repeat":"repeat","background-position":"center center","background-size":"auto","background-attachment":"scroll","background-type":"","background-media":"","overlay-type":"","overlay-color":"","overlay-opacity":"","overlay-gradient":""},"mobile":{"background-color":"var(--ast-global-color-5)","background-image":"","background-repeat":"repeat","background-position":"center center","background-size":"auto","background-attachment":"scroll","background-type":"","background-media":"","overlay-type":"","overlay-color":"","overlay-opacity":"","overlay-gradient":""}},"footnotes":""},"class_list":["post-769","page","type-page","status-publish","hentry"],"post_mailing_queue_ids":[],"_links":{"self":[{"href":"https:\/\/agora.xtec.cat\/ceipfortiasola\/wp-json\/wp\/v2\/pages\/769","targetHints":{"allow":["GET"]}}],"collection":[{"href":"https:\/\/agora.xtec.cat\/ceipfortiasola\/wp-json\/wp\/v2\/pages"}],"about":[{"href":"https:\/\/agora.xtec.cat\/ceipfortiasola\/wp-json\/wp\/v2\/types\/page"}],"author":[{"embeddable":true,"href":"https:\/\/agora.xtec.cat\/ceipfortiasola\/wp-json\/wp\/v2\/users\/4"}],"replies":[{"embeddable":true,"href":"https:\/\/agora.xtec.cat\/ceipfortiasola\/wp-json\/wp\/v2\/comments?post=769"}],"version-history":[{"count":7,"href":"https:\/\/agora.xtec.cat\/ceipfortiasola\/wp-json\/wp\/v2\/pages\/769\/revisions"}],"predecessor-version":[{"id":6379,"href":"https:\/\/agora.xtec.cat\/ceipfortiasola\/wp-json\/wp\/v2\/pages\/769\/revisions\/6379"}],"wp:attachment":[{"href":"https:\/\/agora.xtec.cat\/ceipfortiasola\/wp-json\/wp\/v2\/media?parent=769"}],"curies":[{"name":"wp","href":"https:\/\/api.w.org\/{rel}","templated":true}]}}