{"id":743,"date":"2016-10-13T19:49:05","date_gmt":"2016-10-13T18:49:05","guid":{"rendered":"http:\/\/agora.xtec.cat\/ceipfortiasola\/?page_id=743"},"modified":"2016-10-18T15:40:40","modified_gmt":"2016-10-18T14:40:40","slug":"primaria","status":"publish","type":"page","link":"https:\/\/agora.xtec.cat\/ceipfortiasola\/primaria\/","title":{"rendered":"Ed. Prim\u00e0ria"},"content":{"rendered":"<table style=\"height: 260px; border-color: #e83c3c;\" width=\"889\">\n<tbody>\n<tr>\n<td style=\"border-color: #cc1010; background-color: #f59393;\">\n<p align=\"left\">El <b>Cicle Inicial<\/b> est\u00e0 format pels cursos de 1r i 2n de Prim\u00e0ria amb doble l\u00ednia. A m\u00e9s de les tutores, intervenen a cada curs especialistes de m\u00fasica, angl\u00e8s, educaci\u00f3 f\u00edsica, pl\u00e0stica i educaci\u00f3 especial.<\/p>\n<p align=\"left\">Tots els alumnes del Cicle Inicial van a la piscina, com una part del curr\u00edculum d&#8217;Educaci\u00f3 F\u00edsica, activitat del tot subvencionada per l&#8217;AMPA .<\/p>\n<\/td>\n<\/tr>\n<tr>\n<td style=\"border-color: #db6b25; background-color: #ded1af; text-align: right;\">El <b>Cicle Mitj\u00e0<\/b> est\u00e0 format per quatre cursos: tres\u00a0de tercer i dos de quart.<br \/>\nA m\u00e9s de les tutores, intervenen al cicle les especialistes de M\u00fasica, Angl\u00e8s, Pl\u00e0stica, i Educaci\u00f3 F\u00edsica.<\/td>\n<\/tr>\n<\/tbody>\n<\/table>\n<table style=\"height: 88px;\" width=\"890\">\n<tbody>\n<tr>\n<td style=\"border-color: #e32727; background-color: #f5e7c1;\">El <b>Cicle Superior<\/b> est\u00e0 format pels dos cursos de 5\u00e8 i dos de 6\u00e8 de Prim\u00e0ria.<\/p>\n<p>En aquest Cicle els tutors de cada curs intervenen en tots els grups del Cicle. Les \u00e0rees de matem\u00e0tiques, Angl\u00e8s, M\u00fasica, Pl\u00e0stica i Educaci\u00f3 F\u00edsica s\u00f3n impartides pels especialistes del centre.<\/p>\n<p>Dins el Projecte de Medi Ambient en qu\u00e8 s&#8217;est\u00e0 treballant al nostre Centre, el Cicle Superior participa, entre d&#8217;altres en \u00a0activitats de recerca i observaci\u00f3 com &#8220;La inspecci\u00f3 d&#8217;un tram del riu Ges&#8221; a 6\u00e8.<\/p>\n<p>Els alumnes de 6\u00e8, any rera any, s\u00f3n els encarregats de preparar i dur a terme la representaci\u00f3 dels Pastorets per a tot el Centre, aix\u00ed com la presentaci\u00f3 de l&#8217;acte dels Jocs Florals de l&#8217;Escola.<\/td>\n<\/tr>\n<tr>\n<td style=\"border-color: #d91a1a; background-color: #ed8787;\">Unes hores a la setmana a cada classe hi ha dos mestres a l&#8217;aula per poder realitzar diferents tasques: refor\u00e7, lectura, experi\u00e8ncies de coneixement del medi, treball cooperatiu\u2026<\/p>\n<p><strong>De 12 a 1 es fa Suport Escolar Personalitzat:<\/strong><\/p>\n<h6><strong> Tots els alumnes \u00a0es reparteixen en diferents grups de nivell. En aquesta franja hor\u00e0ria es treballa, t\u00e8cniques d&#8217;estudi, la lectura, refor\u00e7 de llengua, refor\u00e7 de matem\u00e0tiques, biblioteca i inform\u00e0tica.\u00a0<\/strong><\/h6>\n<p>Als Cicles Mitj\u00e0 i Superior fem unes sessions de suport escolar personalitzat encaminades ampliar els temes i continguts del curr\u00edculum ordinari. \u00c9s una forma d&#8217;abordar l&#8217;enriquiment que consisteix en planificar un\u00a0treball d&#8217;investigaci\u00f3 que permet posar en pr\u00e0ctica moltes t\u00e8cniques d&#8217;estudi avan\u00e7ades.<\/p>\n<h3>Amb tot aix\u00f2 cada alumne t\u00e9 la possibilitat de seguir un itinerari segons les seves necessitats.<\/h3>\n<\/td>\n<\/tr>\n<\/tbody>\n<\/table>\n<p>&nbsp;<\/p>\n<p>&nbsp;<\/p>\n<div style=\"text-align: center;\" align=\"left\"><\/div>\n<div align=\"left\">\n<p>&nbsp;<\/p>\n<\/div>\n","protected":false},"excerpt":{"rendered":"<p>El Cicle Inicial est\u00e0 format pels cursos de 1r i 2n de Prim\u00e0ria amb doble l\u00ednia. A m\u00e9s de les tutores, intervenen a cada curs especialistes de m\u00fasica, angl\u00e8s, educaci\u00f3 f\u00edsica, pl\u00e0stica i educaci\u00f3 especial. Tots els alumnes del Cicle Inicial van a la piscina, com una part del curr\u00edculum d&#8217;Educaci\u00f3 F\u00edsica, activitat del tot [&hellip;]<\/p>\n","protected":false},"author":4,"featured_media":0,"parent":0,"menu_order":0,"comment_status":"closed","ping_status":"closed","template":"","meta":{"_bbp_topic_count":0,"_bbp_reply_count":0,"_bbp_total_topic_count":0,"_bbp_total_reply_count":0,"_bbp_voice_count":0,"_bbp_anonymous_reply_count":0,"_bbp_topic_count_hidden":0,"_bbp_reply_count_hidden":0,"_bbp_forum_subforum_count":0,"site-sidebar-layout":"default","site-content-layout":"","ast-site-content-layout":"","site-content-style":"default","site-sidebar-style":"default","ast-global-header-display":"","ast-banner-title-visibility":"","ast-main-header-display":"","ast-hfb-above-header-display":"","ast-hfb-below-header-display":"","ast-hfb-mobile-header-display":"","site-post-title":"","ast-breadcrumbs-content":"","ast-featured-img":"","footer-sml-layout":"","theme-transparent-header-meta":"","adv-header-id-meta":"","stick-header-meta":"","header-above-stick-meta":"","header-main-stick-meta":"","header-below-stick-meta":"","astra-migrate-meta-layouts":"default","ast-page-background-enabled":"default","ast-page-background-meta":{"desktop":{"background-color":"var(--ast-global-color-4)","background-image":"","background-repeat":"repeat","background-position":"center center","background-size":"auto","background-attachment":"scroll","background-type":"","background-media":"","overlay-type":"","overlay-color":"","overlay-opacity":"","overlay-gradient":""},"tablet":{"background-color":"","background-image":"","background-repeat":"repeat","background-position":"center center","background-size":"auto","background-attachment":"scroll","background-type":"","background-media":"","overlay-type":"","overlay-color":"","overlay-opacity":"","overlay-gradient":""},"mobile":{"background-color":"","background-image":"","background-repeat":"repeat","background-position":"center center","background-size":"auto","background-attachment":"scroll","background-type":"","background-media":"","overlay-type":"","overlay-color":"","overlay-opacity":"","overlay-gradient":""}},"ast-content-background-meta":{"desktop":{"background-color":"var(--ast-global-color-5)","background-image":"","background-repeat":"repeat","background-position":"center center","background-size":"auto","background-attachment":"scroll","background-type":"","background-media":"","overlay-type":"","overlay-color":"","overlay-opacity":"","overlay-gradient":""},"tablet":{"background-color":"var(--ast-global-color-5)","background-image":"","background-repeat":"repeat","background-position":"center center","background-size":"auto","background-attachment":"scroll","background-type":"","background-media":"","overlay-type":"","overlay-color":"","overlay-opacity":"","overlay-gradient":""},"mobile":{"background-color":"var(--ast-global-color-5)","background-image":"","background-repeat":"repeat","background-position":"center center","background-size":"auto","background-attachment":"scroll","background-type":"","background-media":"","overlay-type":"","overlay-color":"","overlay-opacity":"","overlay-gradient":""}},"footnotes":""},"class_list":["post-743","page","type-page","status-publish","hentry"],"post_mailing_queue_ids":[],"_links":{"self":[{"href":"https:\/\/agora.xtec.cat\/ceipfortiasola\/wp-json\/wp\/v2\/pages\/743","targetHints":{"allow":["GET"]}}],"collection":[{"href":"https:\/\/agora.xtec.cat\/ceipfortiasola\/wp-json\/wp\/v2\/pages"}],"about":[{"href":"https:\/\/agora.xtec.cat\/ceipfortiasola\/wp-json\/wp\/v2\/types\/page"}],"author":[{"embeddable":true,"href":"https:\/\/agora.xtec.cat\/ceipfortiasola\/wp-json\/wp\/v2\/users\/4"}],"replies":[{"embeddable":true,"href":"https:\/\/agora.xtec.cat\/ceipfortiasola\/wp-json\/wp\/v2\/comments?post=743"}],"version-history":[{"count":4,"href":"https:\/\/agora.xtec.cat\/ceipfortiasola\/wp-json\/wp\/v2\/pages\/743\/revisions"}],"predecessor-version":[{"id":780,"href":"https:\/\/agora.xtec.cat\/ceipfortiasola\/wp-json\/wp\/v2\/pages\/743\/revisions\/780"}],"wp:attachment":[{"href":"https:\/\/agora.xtec.cat\/ceipfortiasola\/wp-json\/wp\/v2\/media?parent=743"}],"curies":[{"name":"wp","href":"https:\/\/api.w.org\/{rel}","templated":true}]}}