{"id":739,"date":"2016-10-13T19:43:45","date_gmt":"2016-10-13T18:43:45","guid":{"rendered":"http:\/\/agora.xtec.cat\/ceipfortiasola\/?page_id=739"},"modified":"2024-09-29T12:29:09","modified_gmt":"2024-09-29T10:29:09","slug":"ed-infantil","status":"publish","type":"page","link":"https:\/\/agora.xtec.cat\/ceipfortiasola\/ed-infantil\/","title":{"rendered":"Ed. Infantil"},"content":{"rendered":"<table style=\"height: 94px;\" width=\"885\">\n<tbody>\n<tr>\n<td style=\"width: 880px;\">\n<h5>A la nostra escola disposem de sis aules de <span style=\"font-size: 1.125em;\">2n. cicle<\/span><span style=\"font-size: 1.125em;\">\u00a0<\/span><span style=\"font-size: 1.125em;\">d&#8217;Educaci\u00f3 Infantil: 2 de I3, 2 de I4 i 2 de I5. Totes elles espaioses i ben il.luminades, i \u00a0d\u2019espais\/racons de treball i de joc. Tenim biblioteca, aula de refor\u00e7, aula de psicomotricitat i aula d\u2019inform\u00e0tica.<\/span><\/h5>\n<h5>Disposem de 6 mestres tutores, 2 mestres de suport, 1 mestra especialista en educaci\u00f3 especial, 1 t\u00e8cnica d\u2019educaci\u00f3 Infantil, 1 vetllador\/a; i especialistes d\u2019angl\u00e8s, m\u00fasica i psicomotricitat.<\/h5>\n<\/td>\n<\/tr>\n<\/tbody>\n<\/table>\n<table style=\"height: 76px;\" width=\"883\">\n<tbody>\n<tr>\n<td style=\"width: 877.778px;\">Iniciem l\u2019estimulaci\u00f3 de la lecto-escriptura des de I3 amb el refor\u00e7 del m\u00e8tode constructivista, a partir de les inicials del nom. Treballem les m\u00e0tem\u00e0tiques manipulativament, utilitzant diversos materials. Ens ajudem del \u201ccuc de boles\u201d, el \u201crekenrek\u201d, el \u201cplaf\u00f3 dels n\u00fameros\u201d, i el \u201cten frame\u201d, entre altres, per fer el treball de c\u00e0lcul i numeraci\u00f3.<\/p>\n<p>Fem un Projecte interdisciplinar, al trimestre, com a m\u00ednim.<\/p>\n<p>Treballem les expressions com a eina de coneixement i enriquiment personal, grupal i de creativitat: psicomotricitat, psicomotricitat relacional, m\u00fasica, pl\u00e0stica (treball d\u2019artistes de renom i les seves obres, dibuix, pintura, model.latge, col.lage, escultura\u2026)<\/p>\n<p>Ens introdu\u00efm al m\u00f3n de les noves tecnologies a trav\u00e9s de la programaci\u00f3 en rob\u00f2tica\u2026<\/p>\n<p>Aprenem a fer d\u2019hortolans i a tenir cura d\u2019animals de pag\u00e8s al nostre hort.<\/p>\n<p style=\"text-align: center;\">Clica el carrussel per fer una visita:<\/p>\n<p style=\"text-align: center;\">\r\n\t<div class=\"slideshow_container slideshow_container_style-light\" style=\"height: 300px; \" data-slideshow-id=\"1001\" data-style-name=\"style-light\" data-style-version=\"2.3.1\" >\r\n\r\n\t\t\t\t\t<div class=\"slideshow_loading_icon\"><\/div>\r\n\t\t\r\n\t\t<div class=\"slideshow_content\" style=\"display: none;\">\r\n\r\n\t\t\t<div class=\"slideshow_view\">\r\n\t\t\t\t<div class=\"slideshow_slide slideshow_slide_image\">\r\n\t\t\t\t\t\t\t\t\t\t\t<img src=\"https:\/\/agora.xtec.cat\/ceipfortiasola\/wp-content\/uploads\/usu1327\/2024\/10\/IMG20230130154954.jpg\" alt=\"IMG20230130154954\" width=\"1734\" height=\"2312\" \/>\r\n\t\t\t\t\t\t\t\t\t\t<div class=\"slideshow_description_box slideshow_transparent\">\r\n\t\t\t\t\t\t<div class=\"slideshow_title\">IMG20230130154954<\/div>\t\t\t\t\t\t\t\t\t\t\t<\/div>\r\n\t\t\t\t<\/div>\r\n\r\n\t\t\t\t\t\t<div style=\"clear: both;\"><\/div><\/div><div class=\"slideshow_view\">\r\n\t\t\t\t<div class=\"slideshow_slide slideshow_slide_image\">\r\n\t\t\t\t\t\t\t\t\t\t\t<img src=\"https:\/\/agora.xtec.cat\/ceipfortiasola\/wp-content\/uploads\/usu1327\/2024\/10\/IMG20230502155323.jpg\" alt=\"IMG20230502155323\" width=\"2312\" height=\"1734\" \/>\r\n\t\t\t\t\t\t\t\t\t\t<div class=\"slideshow_description_box slideshow_transparent\">\r\n\t\t\t\t\t\t<div class=\"slideshow_title\">IMG20230502155323<\/div>\t\t\t\t\t\t\t\t\t\t\t<\/div>\r\n\t\t\t\t<\/div>\r\n\r\n\t\t\t\t\t\t<div style=\"clear: both;\"><\/div><\/div><div class=\"slideshow_view\">\r\n\t\t\t\t<div class=\"slideshow_slide slideshow_slide_image\">\r\n\t\t\t\t\t\t\t\t\t\t\t<img src=\"https:\/\/agora.xtec.cat\/ceipfortiasola\/wp-content\/uploads\/usu1327\/2024\/10\/20240219_153959.jpg\" alt=\"20240219_153959\" width=\"915\" height=\"1042\" \/>\r\n\t\t\t\t\t\t\t\t\t\t<div class=\"slideshow_description_box slideshow_transparent\">\r\n\t\t\t\t\t\t<div class=\"slideshow_title\">20240219_153959<\/div>\t\t\t\t\t\t\t\t\t\t\t<\/div>\r\n\t\t\t\t<\/div>\r\n\r\n\t\t\t\t\t\t<div style=\"clear: both;\"><\/div><\/div><div class=\"slideshow_view\">\r\n\t\t\t\t<div class=\"slideshow_slide slideshow_slide_image\">\r\n\t\t\t\t\t\t\t\t\t\t\t<img src=\"https:\/\/agora.xtec.cat\/ceipfortiasola\/wp-content\/uploads\/usu1327\/2024\/10\/20240129_153829.jpg\" alt=\"20240129_153829\" width=\"1611\" height=\"954\" \/>\r\n\t\t\t\t\t\t\t\t\t\t<div class=\"slideshow_description_box slideshow_transparent\">\r\n\t\t\t\t\t\t<div class=\"slideshow_title\">20240129_153829<\/div>\t\t\t\t\t\t\t\t\t\t\t<\/div>\r\n\t\t\t\t<\/div>\r\n\r\n\t\t\t\t\t\t<div style=\"clear: both;\"><\/div><\/div><div class=\"slideshow_view\">\r\n\t\t\t\t<div class=\"slideshow_slide slideshow_slide_image\">\r\n\t\t\t\t\t\t\t\t\t\t\t<img src=\"https:\/\/agora.xtec.cat\/ceipfortiasola\/wp-content\/uploads\/usu1327\/2024\/10\/IMG20240201153914.jpg\" alt=\"IMG20240201153914\" width=\"2304\" height=\"1294\" \/>\r\n\t\t\t\t\t\t\t\t\t\t<div class=\"slideshow_description_box slideshow_transparent\">\r\n\t\t\t\t\t\t<div class=\"slideshow_title\">IMG20240201153914<\/div>\t\t\t\t\t\t\t\t\t\t\t<\/div>\r\n\t\t\t\t<\/div>\r\n\r\n\t\t\t\t\t\t<div style=\"clear: both;\"><\/div><\/div>\r\n\t\t<\/div>\r\n\r\n\t\t<div class=\"slideshow_controlPanel slideshow_transparent\" style=\"display: none;\"><ul><li class=\"slideshow_togglePlay\" data-play-text=\"Visualitza\" data-pause-text=\"Pausa\"><\/li><\/ul><\/div>\r\n\r\n\t\t<div class=\"slideshow_button slideshow_previous slideshow_transparent\" role=\"button\" data-previous-text=\"Anterior\" style=\"display: none;\"><\/div>\r\n\t\t<div class=\"slideshow_button slideshow_next slideshow_transparent\" role=\"button\" data-next-text=\"Seg\u00fcent\" style=\"display: none;\"><\/div>\r\n\r\n\t\t<div class=\"slideshow_pagination\" style=\"display: none;\" data-go-to-text=\"V\u00e9s a la diapositiva\"><div class=\"slideshow_pagination_center\"><\/div><\/div>\r\n\r\n\t\t<!-- WordPress Slideshow Version 2.3.1 -->\r\n\r\n\t\t\t<\/div>\r\n\r\n<\/p>\n<\/td>\n<\/tr>\n<\/tbody>\n<\/table>\n<p>&nbsp;<\/p>\n","protected":false},"excerpt":{"rendered":"<p>A la nostra escola disposem de sis aules de 2n. cicle\u00a0d&#8217;Educaci\u00f3 Infantil: 2 de I3, 2 de I4 i 2 de I5. Totes elles espaioses i ben il.luminades, i \u00a0d\u2019espais\/racons de treball i de joc. Tenim biblioteca, aula de refor\u00e7, aula de psicomotricitat i aula d\u2019inform\u00e0tica. Disposem de 6 mestres tutores, 2 mestres de suport, [&hellip;]<\/p>\n","protected":false},"author":4,"featured_media":0,"parent":0,"menu_order":0,"comment_status":"closed","ping_status":"closed","template":"","meta":{"_bbp_topic_count":0,"_bbp_reply_count":0,"_bbp_total_topic_count":0,"_bbp_total_reply_count":0,"_bbp_voice_count":0,"_bbp_anonymous_reply_count":0,"_bbp_topic_count_hidden":0,"_bbp_reply_count_hidden":0,"_bbp_forum_subforum_count":0,"site-sidebar-layout":"default","site-content-layout":"","ast-site-content-layout":"","site-content-style":"default","site-sidebar-style":"default","ast-global-header-display":"","ast-banner-title-visibility":"","ast-main-header-display":"","ast-hfb-above-header-display":"","ast-hfb-below-header-display":"","ast-hfb-mobile-header-display":"","site-post-title":"","ast-breadcrumbs-content":"","ast-featured-img":"","footer-sml-layout":"","theme-transparent-header-meta":"","adv-header-id-meta":"","stick-header-meta":"","header-above-stick-meta":"","header-main-stick-meta":"","header-below-stick-meta":"","astra-migrate-meta-layouts":"default","ast-page-background-enabled":"default","ast-page-background-meta":{"desktop":{"background-color":"var(--ast-global-color-4)","background-image":"","background-repeat":"repeat","background-position":"center center","background-size":"auto","background-attachment":"scroll","background-type":"","background-media":"","overlay-type":"","overlay-color":"","overlay-opacity":"","overlay-gradient":""},"tablet":{"background-color":"","background-image":"","background-repeat":"repeat","background-position":"center center","background-size":"auto","background-attachment":"scroll","background-type":"","background-media":"","overlay-type":"","overlay-color":"","overlay-opacity":"","overlay-gradient":""},"mobile":{"background-color":"","background-image":"","background-repeat":"repeat","background-position":"center center","background-size":"auto","background-attachment":"scroll","background-type":"","background-media":"","overlay-type":"","overlay-color":"","overlay-opacity":"","overlay-gradient":""}},"ast-content-background-meta":{"desktop":{"background-color":"var(--ast-global-color-5)","background-image":"","background-repeat":"repeat","background-position":"center center","background-size":"auto","background-attachment":"scroll","background-type":"","background-media":"","overlay-type":"","overlay-color":"","overlay-opacity":"","overlay-gradient":""},"tablet":{"background-color":"var(--ast-global-color-5)","background-image":"","background-repeat":"repeat","background-position":"center center","background-size":"auto","background-attachment":"scroll","background-type":"","background-media":"","overlay-type":"","overlay-color":"","overlay-opacity":"","overlay-gradient":""},"mobile":{"background-color":"var(--ast-global-color-5)","background-image":"","background-repeat":"repeat","background-position":"center center","background-size":"auto","background-attachment":"scroll","background-type":"","background-media":"","overlay-type":"","overlay-color":"","overlay-opacity":"","overlay-gradient":""}},"footnotes":""},"class_list":["post-739","page","type-page","status-publish","hentry"],"post_mailing_queue_ids":[],"_links":{"self":[{"href":"https:\/\/agora.xtec.cat\/ceipfortiasola\/wp-json\/wp\/v2\/pages\/739","targetHints":{"allow":["GET"]}}],"collection":[{"href":"https:\/\/agora.xtec.cat\/ceipfortiasola\/wp-json\/wp\/v2\/pages"}],"about":[{"href":"https:\/\/agora.xtec.cat\/ceipfortiasola\/wp-json\/wp\/v2\/types\/page"}],"author":[{"embeddable":true,"href":"https:\/\/agora.xtec.cat\/ceipfortiasola\/wp-json\/wp\/v2\/users\/4"}],"replies":[{"embeddable":true,"href":"https:\/\/agora.xtec.cat\/ceipfortiasola\/wp-json\/wp\/v2\/comments?post=739"}],"version-history":[{"count":7,"href":"https:\/\/agora.xtec.cat\/ceipfortiasola\/wp-json\/wp\/v2\/pages\/739\/revisions"}],"predecessor-version":[{"id":5855,"href":"https:\/\/agora.xtec.cat\/ceipfortiasola\/wp-json\/wp\/v2\/pages\/739\/revisions\/5855"}],"wp:attachment":[{"href":"https:\/\/agora.xtec.cat\/ceipfortiasola\/wp-json\/wp\/v2\/media?parent=739"}],"curies":[{"name":"wp","href":"https:\/\/api.w.org\/{rel}","templated":true}]}}