{"id":548,"date":"2016-09-20T14:31:45","date_gmt":"2016-09-20T13:31:45","guid":{"rendered":"http:\/\/agora.xtec.cat\/ceipfortiasola\/?page_id=548"},"modified":"2026-02-09T10:34:39","modified_gmt":"2026-02-09T09:34:39","slug":"escoles-verdes","status":"publish","type":"page","link":"https:\/\/agora.xtec.cat\/ceipfortiasola\/escoles-verdes\/","title":{"rendered":"Escoles Verdes"},"content":{"rendered":"<table style=\"height: 57px;\" width=\"884\">\n<tbody>\n<tr>\n<td><img decoding=\"async\" class=\"alignleft\" src=\"https:\/\/elsgallarets.files.wordpress.com\/2015\/10\/escolaverda.png?w=1075\" alt=\"Resultado de imagen de escola verda\" \/><\/p>\n<h5 style=\"text-align: center;\">La nostra escola est\u00e0 compromesa des de fa temps en la millora ambiental, forma part de la XESC Xarxa d\u2019Escoles per a la Sostenibilitat de Catalunya.<\/h5>\n<p>&nbsp;<\/p>\n<p style=\"text-align: center;\">\u00a0 \u00a0 Gr\u00e0cies al treball fet durant molts anys, el 10 d\u2019octubre de 2003 se\u2019ns va atorgar el distintiu d\u2019 ESCOLA VERDA.<\/p>\n<\/td>\n<\/tr>\n<tr>\n<td>\n<h3 style=\"text-align: center;\"><b>Com a escola verda ens plantegem<\/b><b>\u00a0com a principals objectius:<\/b><\/h3>\n<p>&nbsp;<\/p>\n<ul>\n<li style=\"text-align: left;\"><b>Con\u00e8ixer el patrimoni natural <\/b>donant especial import\u00e0ncia a l&#8217;entorn m\u00e9s pr\u00f2xim.<\/li>\n<li style=\"text-align: left;\"><b>Sensibilitzar <\/b>sobre les problem\u00e0tiques que afecten al medi ambient.<\/li>\n<li style=\"text-align: left;\"><b>Promoure actituds <\/b>respectuoses i d&#8217;implicaci\u00f3 en l&#8217;alumnat.<\/li>\n<li style=\"text-align: left;\"><b>Realitzar accions <\/b>de millora en l&#8217;entorn proper.<\/li>\n<li style=\"text-align: left;\"><strong>Promoure una educaci\u00f3 per a un desenvolupament sostenible,<\/strong> fomentant espais educatius que potenci\u00efn unes bones relacions entre l&#8217;alumnat (no sexistes, d&#8217;acceptaci\u00f3 de les pr\u00f2pies individualitats, d&#8217;ajuda i col\u00b7laboraci\u00f3 m\u00fatua, &#8230;)<\/li>\n<li style=\"text-align: left;\"><strong>Facilitar la participaci\u00f3 de pares i entitats<\/strong> pr\u00f2ximes en la din\u00e0mica de l&#8217;escola.<\/li>\n<\/ul>\n<\/td>\n<\/tr>\n<\/tbody>\n<\/table>\n<table style=\"height: 61px;\" width=\"883\">\n<tbody>\n<tr>\n<td>\n<p style=\"text-align: left;\"><strong>\u00a0 \u00a0 \u00a0 \u00a0 \u00a0 \u00a0 \u00a0 \u00a0 \u00a0 \u00a0 \u00a0 \u00a0 \u00a0 \u00a0 \u00a0 \u00a0 \u00a0 \u00a0Aquests objectius, que impliquen als alumnes i professors de tota l&#8217;escola <\/strong><strong>es tradueixen en un seguit d&#8217; ACTUACIONS:<\/strong><\/p>\n<p>&nbsp;<\/p>\n<ul>\n<li><strong>Estalvi energ\u00e8tic de llum i aigua<\/strong>.<\/li>\n<li><strong>Estalvi de paper<\/strong>\u00a0(utilitzaci\u00f3 dels folis per les 2 cares i sempre que sigui possible utilitzar papers en brut, contenidors per recollir el paper que no es pot reutilitzar,&#8230;)<\/li>\n<li><strong>Foment de la utilitzaci\u00f3 de la carmanyola<\/strong> per als esmorzars, per evitar l&#8217;\u00fas del paper d&#8217;alumini i l&#8217;\u00fas d&#8217;embolcalls excessius.<\/li>\n<\/ul>\n<\/td>\n<\/tr>\n<\/tbody>\n<\/table>\n<table style=\"height: 529px; background-color: #c7f0ce; width: 100%;\" width=\"890\">\n<tbody>\n<tr style=\"height: 529px;\">\n<td style=\"height: 529px;\">\n<h4 style=\"text-align: center;\">\u00a0 EL PARLAMENT VERD<\/h4>\n<p>&nbsp;<\/p>\n<p style=\"text-align: center;\">El Parlament \u00e9s l\u2019 \u00f2rgan de representaci\u00f3 d\u2019alumnes, mestres, pares de l\u2019escola i ajuntament. La seva funci\u00f3 \u00e9s dinamitzar les accions mediambientals\u00a0 a partir del debat a les aules, la recollida d&#8217;opinions i el posterior control de les accions que s&#8217;acordi dur a terme.<\/p>\n<p><a href=\"https:\/\/agora.xtec.cat\/ceipfortiasola\/escoles-verdes\/attachment\/2fa8a1e1-ef5a-48fb-be8f-16005f878bd1\/\" rel=\"attachment wp-att-6106\"><img loading=\"lazy\" decoding=\"async\" class=\"wp-image-6106 aligncenter\" src=\"https:\/\/agora.xtec.cat\/ceipfortiasola\/wp-content\/uploads\/usu1327\/2025\/06\/2fa8a1e1-ef5a-48fb-be8f-16005f878bd1-1024x768.jpg\" alt=\"\" width=\"605\" height=\"454\" srcset=\"https:\/\/agora.xtec.cat\/ceipfortiasola\/wp-content\/uploads\/usu1327\/2025\/06\/2fa8a1e1-ef5a-48fb-be8f-16005f878bd1-1024x768.jpg 1024w, https:\/\/agora.xtec.cat\/ceipfortiasola\/wp-content\/uploads\/usu1327\/2025\/06\/2fa8a1e1-ef5a-48fb-be8f-16005f878bd1-300x225.jpg 300w, https:\/\/agora.xtec.cat\/ceipfortiasola\/wp-content\/uploads\/usu1327\/2025\/06\/2fa8a1e1-ef5a-48fb-be8f-16005f878bd1-768x576.jpg 768w, https:\/\/agora.xtec.cat\/ceipfortiasola\/wp-content\/uploads\/usu1327\/2025\/06\/2fa8a1e1-ef5a-48fb-be8f-16005f878bd1-1536x1152.jpg 1536w, https:\/\/agora.xtec.cat\/ceipfortiasola\/wp-content\/uploads\/usu1327\/2025\/06\/2fa8a1e1-ef5a-48fb-be8f-16005f878bd1.jpg 1600w\" sizes=\"auto, (max-width: 605px) 100vw, 605px\" \/><\/a><\/td>\n<\/tr>\n<\/tbody>\n<\/table>\n<table style=\"height: 535px;\" width=\"883\">\n<tbody>\n<tr>\n<td>\n<h4 style=\"text-align: center;\"><strong>L\u2019HORT I EL GALLINER DE L&#8217;ESCOLA<\/strong><\/h4>\n<p>&nbsp;<\/p>\n<p style=\"text-align: center;\">Veniu a visitar\u00a0 <span style=\"font-size: 16px; font-family: inherit;\">el\u00a0 nostre\u00a0 hort\u00a0 i el\u00a0 nostre\u00a0 galliner.\u00a0 Son\u00a0 fruit\u00a0 d&#8217;un\u00a0 projecte en\u00a0 el\u00a0 que\u00a0 s&#8217;han\u00a0 implicat\u00a0 tots\u00a0 els\u00a0 nens\u00a0 i nenes\u00a0 de l&#8217;escola!<\/span><\/p>\n<p style=\"text-align: left;\"><span style=\"font-size: 16px; font-family: inherit;\"><a href=\"https:\/\/agora.xtec.cat\/ceipfortiasola\/unnamed-3\/\" rel=\"attachment wp-att-6130\"><img loading=\"lazy\" decoding=\"async\" class=\"wp-image-6130 aligncenter\" src=\"https:\/\/agora.xtec.cat\/ceipfortiasola\/wp-content\/uploads\/usu1327\/2025\/06\/unnamed-1-1024x768.jpg\" alt=\"\" width=\"415\" height=\"311\" srcset=\"https:\/\/agora.xtec.cat\/ceipfortiasola\/wp-content\/uploads\/usu1327\/2025\/06\/unnamed-1-1024x768.jpg 1024w, https:\/\/agora.xtec.cat\/ceipfortiasola\/wp-content\/uploads\/usu1327\/2025\/06\/unnamed-1-300x225.jpg 300w, https:\/\/agora.xtec.cat\/ceipfortiasola\/wp-content\/uploads\/usu1327\/2025\/06\/unnamed-1-768x576.jpg 768w, https:\/\/agora.xtec.cat\/ceipfortiasola\/wp-content\/uploads\/usu1327\/2025\/06\/unnamed-1-1536x1152.jpg 1536w, https:\/\/agora.xtec.cat\/ceipfortiasola\/wp-content\/uploads\/usu1327\/2025\/06\/unnamed-1.jpg 2016w\" sizes=\"auto, (max-width: 415px) 100vw, 415px\" \/><\/a><\/span><\/p>\n<p style=\"text-align: left;\"><a href=\"https:\/\/agora.xtec.cat\/ceipfortiasola\/enciams\/\"><img loading=\"lazy\" decoding=\"async\" class=\"wp-image-4963 aligncenter\" src=\"https:\/\/agora.xtec.cat\/ceipfortiasola\/wp-content\/uploads\/usu1327\/2022\/04\/enciams.jpg\" alt=\"\" width=\"433\" height=\"311\" \/><\/a><\/p>\n<p><a href=\"https:\/\/agora.xtec.cat\/ceipfortiasola\/escoles-verdes\/attachment\/unnamed-2\/\" rel=\"attachment wp-att-6108\"><img loading=\"lazy\" decoding=\"async\" class=\"wp-image-6108 aligncenter\" src=\"https:\/\/agora.xtec.cat\/ceipfortiasola\/wp-content\/uploads\/usu1327\/2025\/06\/unnamed-1024x768.jpg\" alt=\"\" width=\"461\" height=\"346\" srcset=\"https:\/\/agora.xtec.cat\/ceipfortiasola\/wp-content\/uploads\/usu1327\/2025\/06\/unnamed-1024x768.jpg 1024w, https:\/\/agora.xtec.cat\/ceipfortiasola\/wp-content\/uploads\/usu1327\/2025\/06\/unnamed-300x225.jpg 300w, https:\/\/agora.xtec.cat\/ceipfortiasola\/wp-content\/uploads\/usu1327\/2025\/06\/unnamed-768x576.jpg 768w, https:\/\/agora.xtec.cat\/ceipfortiasola\/wp-content\/uploads\/usu1327\/2025\/06\/unnamed-1536x1152.jpg 1536w, https:\/\/agora.xtec.cat\/ceipfortiasola\/wp-content\/uploads\/usu1327\/2025\/06\/unnamed.jpg 2048w\" sizes=\"auto, (max-width: 461px) 100vw, 461px\" \/><\/a><\/p>\n<p><img loading=\"lazy\" decoding=\"async\" class=\"aligncenter\" style=\"font-family: inherit; font-style: inherit; font-weight: inherit;\" src=\"https:\/\/agora.xtec.cat\/ceipfortiasola\/wp-content\/uploads\/usu1327\/2024\/10\/20241016_100546.jpg\" width=\"543\" height=\"306\" \/><\/td>\n<\/tr>\n<\/tbody>\n<\/table>\n<table style=\"height: 252px;\" width=\"882\">\n<tbody>\n<tr>\n<td>\n<h4 style=\"text-align: center;\"><strong>ESCOLA NETA I BONICA<\/strong><\/h4>\n<p>&nbsp;<\/p>\n<p style=\"text-align: center;\">Ja fa uns quants anys que nens, pares i mestres ens trobem cada curs un dia per tal de fer accions diverses per millorar l\u2019escola. Pintem, esporguem, retallem, cosim, constu\u00efm&#8230; per\u00f2 sobretot gaudim d\u2019un dia de conviv\u00e8ncia i intercanvi.<\/p>\n<p><a href=\"https:\/\/agora.xtec.cat\/ceipfortiasola\/20241016_100505\/\"><img loading=\"lazy\" decoding=\"async\" class=\"wp-image-5909 aligncenter\" src=\"https:\/\/agora.xtec.cat\/ceipfortiasola\/wp-content\/uploads\/usu1327\/2024\/10\/20241016_100505-1024x577.jpg\" alt=\"\" width=\"765\" height=\"431\" srcset=\"https:\/\/agora.xtec.cat\/ceipfortiasola\/wp-content\/uploads\/usu1327\/2024\/10\/20241016_100505-1024x577.jpg 1024w, https:\/\/agora.xtec.cat\/ceipfortiasola\/wp-content\/uploads\/usu1327\/2024\/10\/20241016_100505-300x169.jpg 300w, https:\/\/agora.xtec.cat\/ceipfortiasola\/wp-content\/uploads\/usu1327\/2024\/10\/20241016_100505-768x432.jpg 768w, https:\/\/agora.xtec.cat\/ceipfortiasola\/wp-content\/uploads\/usu1327\/2024\/10\/20241016_100505-1536x865.jpg 1536w, https:\/\/agora.xtec.cat\/ceipfortiasola\/wp-content\/uploads\/usu1327\/2024\/10\/20241016_100505.jpg 2000w\" sizes=\"auto, (max-width: 765px) 100vw, 765px\" \/><\/a><\/p>\n<p>&nbsp;<\/td>\n<\/tr>\n<\/tbody>\n<\/table>\n<table style=\"height: 427px;\" width=\"881\">\n<tbody>\n<tr>\n<td>\n<p style=\"text-align: center;\"><strong>SOSTENIBILITAT<\/strong><\/p>\n<p style=\"text-align: center;\">Participaci\u00f3 en el projecte Mira l&#8217;Energia.<\/p>\n<p style=\"text-align: center;\">Fem difusi\u00f3 de la Xarxa Ciclable. Concurs de cartells com a acci\u00f3 d&#8217;escola per participar en el projecte de l&#8217;Ajuntament. <a href=\"https:\/\/agora.xtec.cat\/ceipfortiasola\/escoles-verdes\/attachment\/cartells-fortia-sola\/\" rel=\"attachment wp-att-6117\"><img loading=\"lazy\" decoding=\"async\" class=\"wp-image-6117 aligncenter\" src=\"https:\/\/agora.xtec.cat\/ceipfortiasola\/wp-content\/uploads\/usu1327\/2025\/06\/Cartells-Fortia-Sola-.png\" alt=\"\" width=\"431\" height=\"608\" srcset=\"https:\/\/agora.xtec.cat\/ceipfortiasola\/wp-content\/uploads\/usu1327\/2025\/06\/Cartells-Fortia-Sola-.png 311w, https:\/\/agora.xtec.cat\/ceipfortiasola\/wp-content\/uploads\/usu1327\/2025\/06\/Cartells-Fortia-Sola--213x300.png 213w\" sizes=\"auto, (max-width: 431px) 100vw, 431px\" \/><\/a><\/p>\n<p style=\"text-align: center;\">Un cop dutes a terme les accions a tots els centres educatius del municipi l&#8217;ajuntament va elaborar un <a href=\"https:\/\/www.instagram.com\/reel\/DKhJkVBggxI\/?utm_source=ig_web_copy_link\">v\u00eddeo<\/a> per fer arribar a la ciutadania.<\/p>\n<\/td>\n<\/tr>\n<\/tbody>\n<\/table>\n<table style=\"height: 453px;\" width=\"883\">\n<tbody>\n<tr>\n<td>\n<h4 style=\"text-align: center;\"><strong>PROJECTE RIUS<\/strong><\/h4>\n<p>El Projecte Rius \u00e9s un projecte d\u2019educaci\u00f3 ambiental que t\u00e9 com objectiu principal proporcionar als ciutadans en general unes eines que ajudin a con\u00e8ixer millor els nostres rius i a valorar la seva import\u00e0ncia ambiental, social i econ\u00f2mica. Vol ajudar a detectar els problemes que pateixen com a conseq\u00fc\u00e8ncia de l\u2019activitat humana i donar recursos per millorar-ne l\u2019estat.<\/p>\n<p>Els nens i nenes de Sis\u00e8 de la nostra escola participen en el projecte des dels seus inicis. Tenim adoptat un tram del riu Ges d\u2019uns 500m, just sota el Pont de Malianta.<\/p>\n<p>\u00c9s molt apropiat treballar el Projecte Rius amb els alumnes quan es fa l\u2019estudi dels ecosistemes, de les relacions entre els \u00e9ssers vius i els factors ambientals. Ja que l\u2019estudi del riu n\u2019\u00e9s un exemple pr\u00f2xim i molt enriquidor .<\/p>\n<p>Durant el treball s\u2019analitza\u00a0 la geologia, la flora, la fauna, la qualitat de l\u2019aigua, la intervenci\u00f3 humana&#8230; de manera directa i cooperativa. Un aspecte que agrada especialment als nens \u00e9s la recollida de macroinvertebrats al Ges i la posterior identificaci\u00f3 i quantificaci\u00f3 al Museu Industrial del Ter de Manlleu. Els macroinvertebrats s\u00f3n un bioindicador, permetent diagnosticar l\u2019estat de salut del riu.<\/p>\n<p>Finalment les dades obtingudes s\u2019envien a la seu del projecte. All\u00e0 s\u2019analitzen, s\u2019integren en una base de dades i es presenten en forma d\u2019informe anual sobre l\u2019estat dels nostres rius. Aquest informe es fa arribar a tots els grups col\u00b7laboradors i a tothom que ho desitgi, ja que l\u2019informe \u00e9s d\u2019\u00fas p\u00fablic.<\/p>\n<p><a href=\"https:\/\/agora.xtec.cat\/ceipfortiasola\/escoles-verdes\/attachment\/a5a538ce-9b62-42d2-9036-533a182cbcf9\/\" rel=\"attachment wp-att-6122\"><img loading=\"lazy\" decoding=\"async\" class=\" wp-image-6122 aligncenter\" src=\"https:\/\/agora.xtec.cat\/ceipfortiasola\/wp-content\/uploads\/usu1327\/2025\/06\/a5a538ce-9b62-42d2-9036-533a182cbcf9-768x1024.jpg\" alt=\"\" width=\"451\" height=\"601\" srcset=\"https:\/\/agora.xtec.cat\/ceipfortiasola\/wp-content\/uploads\/usu1327\/2025\/06\/a5a538ce-9b62-42d2-9036-533a182cbcf9-768x1024.jpg 768w, https:\/\/agora.xtec.cat\/ceipfortiasola\/wp-content\/uploads\/usu1327\/2025\/06\/a5a538ce-9b62-42d2-9036-533a182cbcf9-225x300.jpg 225w, https:\/\/agora.xtec.cat\/ceipfortiasola\/wp-content\/uploads\/usu1327\/2025\/06\/a5a538ce-9b62-42d2-9036-533a182cbcf9-1152x1536.jpg 1152w, https:\/\/agora.xtec.cat\/ceipfortiasola\/wp-content\/uploads\/usu1327\/2025\/06\/a5a538ce-9b62-42d2-9036-533a182cbcf9.jpg 1200w\" sizes=\"auto, (max-width: 451px) 100vw, 451px\" \/><\/a><\/td>\n<\/tr>\n<\/tbody>\n<\/table>\n<table style=\"height: 70px; width: 59.8895%;\" width=\"864\">\n<tbody>\n<tr>\n<td style=\"width: 859.891px;\"><\/td>\n<\/tr>\n<\/tbody>\n<\/table>\n<p>&nbsp;<\/p>\n<p>&nbsp;<\/p>\n<div align=\"center\"><\/div>\n","protected":false},"excerpt":{"rendered":"<p>La nostra escola est\u00e0 compromesa des de fa temps en la millora ambiental, forma part de la XESC Xarxa d\u2019Escoles per a la Sostenibilitat de Catalunya. &nbsp; \u00a0 \u00a0 Gr\u00e0cies al treball fet durant molts anys, el 10 d\u2019octubre de 2003 se\u2019ns va atorgar el distintiu d\u2019 ESCOLA VERDA. Com a escola verda ens plantegem\u00a0com [&hellip;]<\/p>\n","protected":false},"author":1,"featured_media":0,"parent":0,"menu_order":22,"comment_status":"closed","ping_status":"closed","template":"","meta":{"_bbp_topic_count":0,"_bbp_reply_count":0,"_bbp_total_topic_count":0,"_bbp_total_reply_count":0,"_bbp_voice_count":0,"_bbp_anonymous_reply_count":0,"_bbp_topic_count_hidden":0,"_bbp_reply_count_hidden":0,"_bbp_forum_subforum_count":0,"site-sidebar-layout":"default","site-content-layout":"","ast-site-content-layout":"default","site-content-style":"default","site-sidebar-style":"default","ast-global-header-display":"","ast-banner-title-visibility":"","ast-main-header-display":"","ast-hfb-above-header-display":"","ast-hfb-below-header-display":"","ast-hfb-mobile-header-display":"","site-post-title":"","ast-breadcrumbs-content":"","ast-featured-img":"","footer-sml-layout":"","theme-transparent-header-meta":"default","adv-header-id-meta":"","stick-header-meta":"","header-above-stick-meta":"","header-main-stick-meta":"","header-below-stick-meta":"","astra-migrate-meta-layouts":"set","ast-page-background-enabled":"default","ast-page-background-meta":{"desktop":{"background-color":"var(--ast-global-color-4)","background-image":"","background-repeat":"repeat","background-position":"center center","background-size":"auto","background-attachment":"scroll","background-type":"","background-media":"","overlay-type":"","overlay-color":"","overlay-opacity":"","overlay-gradient":""},"tablet":{"background-color":"","background-image":"","background-repeat":"repeat","background-position":"center center","background-size":"auto","background-attachment":"scroll","background-type":"","background-media":"","overlay-type":"","overlay-color":"","overlay-opacity":"","overlay-gradient":""},"mobile":{"background-color":"","background-image":"","background-repeat":"repeat","background-position":"center center","background-size":"auto","background-attachment":"scroll","background-type":"","background-media":"","overlay-type":"","overlay-color":"","overlay-opacity":"","overlay-gradient":""}},"ast-content-background-meta":{"desktop":{"background-color":"var(--ast-global-color-5)","background-image":"","background-repeat":"repeat","background-position":"center center","background-size":"auto","background-attachment":"scroll","background-type":"","background-media":"","overlay-type":"","overlay-color":"","overlay-opacity":"","overlay-gradient":""},"tablet":{"background-color":"var(--ast-global-color-5)","background-image":"","background-repeat":"repeat","background-position":"center center","background-size":"auto","background-attachment":"scroll","background-type":"","background-media":"","overlay-type":"","overlay-color":"","overlay-opacity":"","overlay-gradient":""},"mobile":{"background-color":"var(--ast-global-color-5)","background-image":"","background-repeat":"repeat","background-position":"center center","background-size":"auto","background-attachment":"scroll","background-type":"","background-media":"","overlay-type":"","overlay-color":"","overlay-opacity":"","overlay-gradient":""}},"footnotes":""},"class_list":["post-548","page","type-page","status-publish","hentry"],"post_mailing_queue_ids":[],"_links":{"self":[{"href":"https:\/\/agora.xtec.cat\/ceipfortiasola\/wp-json\/wp\/v2\/pages\/548","targetHints":{"allow":["GET"]}}],"collection":[{"href":"https:\/\/agora.xtec.cat\/ceipfortiasola\/wp-json\/wp\/v2\/pages"}],"about":[{"href":"https:\/\/agora.xtec.cat\/ceipfortiasola\/wp-json\/wp\/v2\/types\/page"}],"author":[{"embeddable":true,"href":"https:\/\/agora.xtec.cat\/ceipfortiasola\/wp-json\/wp\/v2\/users\/1"}],"replies":[{"embeddable":true,"href":"https:\/\/agora.xtec.cat\/ceipfortiasola\/wp-json\/wp\/v2\/comments?post=548"}],"version-history":[{"count":7,"href":"https:\/\/agora.xtec.cat\/ceipfortiasola\/wp-json\/wp\/v2\/pages\/548\/revisions"}],"predecessor-version":[{"id":6443,"href":"https:\/\/agora.xtec.cat\/ceipfortiasola\/wp-json\/wp\/v2\/pages\/548\/revisions\/6443"}],"wp:attachment":[{"href":"https:\/\/agora.xtec.cat\/ceipfortiasola\/wp-json\/wp\/v2\/media?parent=548"}],"curies":[{"name":"wp","href":"https:\/\/api.w.org\/{rel}","templated":true}]}}