{"id":4855,"date":"2022-02-13T09:48:43","date_gmt":"2022-02-13T08:48:43","guid":{"rendered":"https:\/\/agora.xtec.cat\/ceipfortiasola\/?page_id=4855"},"modified":"2026-02-22T10:10:51","modified_gmt":"2026-02-22T09:10:51","slug":"miscellania","status":"publish","type":"page","link":"https:\/\/agora.xtec.cat\/ceipfortiasola\/miscellania\/","title":{"rendered":"Miscel\u00b7l\u00e0nia"},"content":{"rendered":"<h5 style=\"text-align: center;\"><span style=\"font-weight: 400;\">La miscel\u00b7l\u00e0nia es realitza en aules tem\u00e0tiques pensades perqu\u00e8 l\u2019alumnat sigui el guia dels seus aprenentatges amb l\u2019acompanyament de la mestra sempre que\u00a0calgui. <\/span><\/h5>\n<p><span style=\"font-weight: 400;\">En aquests espais, es treballa en grups d&#8217;11\/12 infants la qual cosa beneficia l\u2019atenci\u00f3 individualitzada que necessita cada alumne\/a per tal de respectar els nivells d\u2019aprenentatge.<\/span><\/p>\n<p><span style=\"font-weight: 400;\">Aula matem\u00e0tica, ling\u00fc\u00edstica, d\u2019art i cient\u00edfic-tecnol\u00f2gic ens endinsen a una manera de treballar amb propostes lliures on l\u2019alumnat desenvolupa l\u2019autonomia, la iniciativa, el descobriment, l\u2019autoestima, la creativitat, la imaginaci\u00f3, l&#8217;experimentaci\u00f3, la reflexi\u00f3, l\u2019esperit cr\u00edtic\u2026, davant diferents activitats, sovint manipulatives, que potencien d\u2019una forma competencial i engrescadora l\u2019aprenentatge essencial i propi de cada una d\u2019aquestes \u00e0rees.<\/span><\/p>\n<p><a href=\"https:\/\/photos.google.com\/album\/AF1QipOs_wISKQ3yj_Y18IrEFLIPRSDuhNZJtJpvibNw\">\u00c0LBUM IMATGES MISCEL\u00b7L\u00c0NIES<\/a><\/p>\n<p>&nbsp;<\/p>\n<table style=\"border-collapse: collapse; width: 100%;\">\n<tbody>\n<tr>\n<td style=\"width: 48.3501%;\"><a href=\"https:\/\/agora.xtec.cat\/ceipfortiasola\/wp-content\/uploads\/usu1327\/2026\/02\/IMG-20260129-WA0023.jpg\">\u00a0 \u00a0 \u00a0\u00a0<\/a>\u00a0 \u00a0 \u00a0 \u00a0 \u00a0 \u00a0 \u00a0 \u00a0 \u00a0 \u00a0 \u00a0 \u00a0 \u00a0 \u00a0 \u00a0 \u00a0 \u00a0 \u00a0 \u00a0 \u00a0 \u00a0 \u00a0 \u00a0 \u00a0 \u00a0 \u00a0 \u00a0 \u00a0 \u00a0 \u00a0 \u00a0 \u00a0 \u00a0 \u00a0 \u00a0 \u00a0 \u00a0 \u00a0 \u00a0 \u00a0 \u00a0 \u00a0 \u00a0 \u00a0 \u00a0 \u00a0 \u00a0 \u00a0<a href=\"https:\/\/agora.xtec.cat\/ceipfortiasola\/wp-content\/uploads\/usu1327\/2026\/02\/IMG-20260129-WA0023.jpg\"><img loading=\"lazy\" decoding=\"async\" class=\"alignnone wp-image-6414\" src=\"https:\/\/agora.xtec.cat\/ceipfortiasola\/wp-content\/uploads\/usu1327\/2026\/02\/IMG-20260129-WA0023-768x1024.jpg\" alt=\"\" width=\"289\" height=\"385\" srcset=\"https:\/\/agora.xtec.cat\/ceipfortiasola\/wp-content\/uploads\/usu1327\/2026\/02\/IMG-20260129-WA0023-768x1024.jpg 768w, https:\/\/agora.xtec.cat\/ceipfortiasola\/wp-content\/uploads\/usu1327\/2026\/02\/IMG-20260129-WA0023-225x300.jpg 225w, https:\/\/agora.xtec.cat\/ceipfortiasola\/wp-content\/uploads\/usu1327\/2026\/02\/IMG-20260129-WA0023-1152x1536.jpg 1152w, https:\/\/agora.xtec.cat\/ceipfortiasola\/wp-content\/uploads\/usu1327\/2026\/02\/IMG-20260129-WA0023.jpg 1200w\" sizes=\"auto, (max-width: 289px) 100vw, 289px\" \/><\/a><\/td>\n<td style=\"width: 47.34%;\"><a href=\"https:\/\/agora.xtec.cat\/ceipfortiasola\/wp-content\/uploads\/usu1327\/2026\/02\/IMG-20260129-WA0020.jpg\"><img loading=\"lazy\" decoding=\"async\" class=\" wp-image-6413 alignnone\" src=\"https:\/\/agora.xtec.cat\/ceipfortiasola\/wp-content\/uploads\/usu1327\/2026\/02\/IMG-20260129-WA0020-1024x768.jpg\" alt=\"\" width=\"557\" height=\"418\" srcset=\"https:\/\/agora.xtec.cat\/ceipfortiasola\/wp-content\/uploads\/usu1327\/2026\/02\/IMG-20260129-WA0020-1024x768.jpg 1024w, https:\/\/agora.xtec.cat\/ceipfortiasola\/wp-content\/uploads\/usu1327\/2026\/02\/IMG-20260129-WA0020-300x225.jpg 300w, https:\/\/agora.xtec.cat\/ceipfortiasola\/wp-content\/uploads\/usu1327\/2026\/02\/IMG-20260129-WA0020-768x576.jpg 768w, https:\/\/agora.xtec.cat\/ceipfortiasola\/wp-content\/uploads\/usu1327\/2026\/02\/IMG-20260129-WA0020-1536x1152.jpg 1536w, https:\/\/agora.xtec.cat\/ceipfortiasola\/wp-content\/uploads\/usu1327\/2026\/02\/IMG-20260129-WA0020.jpg 1600w\" sizes=\"auto, (max-width: 557px) 100vw, 557px\" \/><\/a><\/td>\n<td style=\"width: 4.30977%;\"><\/td>\n<\/tr>\n<\/tbody>\n<\/table>\n","protected":false},"excerpt":{"rendered":"<p>La miscel\u00b7l\u00e0nia es realitza en aules tem\u00e0tiques pensades perqu\u00e8 l\u2019alumnat sigui el guia dels seus aprenentatges amb l\u2019acompanyament de la mestra sempre que\u00a0calgui. En aquests espais, es treballa en grups d&#8217;11\/12 infants la qual cosa beneficia l\u2019atenci\u00f3 individualitzada que necessita cada alumne\/a per tal de respectar els nivells d\u2019aprenentatge. Aula matem\u00e0tica, ling\u00fc\u00edstica, d\u2019art i cient\u00edfic-tecnol\u00f2gic [&hellip;]<\/p>\n","protected":false},"author":4,"featured_media":0,"parent":0,"menu_order":0,"comment_status":"closed","ping_status":"closed","template":"","meta":{"_bbp_topic_count":0,"_bbp_reply_count":0,"_bbp_total_topic_count":0,"_bbp_total_reply_count":0,"_bbp_voice_count":0,"_bbp_anonymous_reply_count":0,"_bbp_topic_count_hidden":0,"_bbp_reply_count_hidden":0,"_bbp_forum_subforum_count":0,"site-sidebar-layout":"default","site-content-layout":"","ast-site-content-layout":"default","site-content-style":"default","site-sidebar-style":"default","ast-global-header-display":"","ast-banner-title-visibility":"","ast-main-header-display":"","ast-hfb-above-header-display":"","ast-hfb-below-header-display":"","ast-hfb-mobile-header-display":"","site-post-title":"","ast-breadcrumbs-content":"","ast-featured-img":"","footer-sml-layout":"","theme-transparent-header-meta":"default","adv-header-id-meta":"","stick-header-meta":"","header-above-stick-meta":"","header-main-stick-meta":"","header-below-stick-meta":"","astra-migrate-meta-layouts":"set","ast-page-background-enabled":"default","ast-page-background-meta":{"desktop":{"background-color":"var(--ast-global-color-4)","background-image":"","background-repeat":"repeat","background-position":"center center","background-size":"auto","background-attachment":"scroll","background-type":"","background-media":"","overlay-type":"","overlay-color":"","overlay-opacity":"","overlay-gradient":""},"tablet":{"background-color":"","background-image":"","background-repeat":"repeat","background-position":"center center","background-size":"auto","background-attachment":"scroll","background-type":"","background-media":"","overlay-type":"","overlay-color":"","overlay-opacity":"","overlay-gradient":""},"mobile":{"background-color":"","background-image":"","background-repeat":"repeat","background-position":"center center","background-size":"auto","background-attachment":"scroll","background-type":"","background-media":"","overlay-type":"","overlay-color":"","overlay-opacity":"","overlay-gradient":""}},"ast-content-background-meta":{"desktop":{"background-color":"var(--ast-global-color-5)","background-image":"","background-repeat":"repeat","background-position":"center center","background-size":"auto","background-attachment":"scroll","background-type":"","background-media":"","overlay-type":"","overlay-color":"","overlay-opacity":"","overlay-gradient":""},"tablet":{"background-color":"var(--ast-global-color-5)","background-image":"","background-repeat":"repeat","background-position":"center center","background-size":"auto","background-attachment":"scroll","background-type":"","background-media":"","overlay-type":"","overlay-color":"","overlay-opacity":"","overlay-gradient":""},"mobile":{"background-color":"var(--ast-global-color-5)","background-image":"","background-repeat":"repeat","background-position":"center center","background-size":"auto","background-attachment":"scroll","background-type":"","background-media":"","overlay-type":"","overlay-color":"","overlay-opacity":"","overlay-gradient":""}},"footnotes":""},"class_list":["post-4855","page","type-page","status-publish","hentry"],"post_mailing_queue_ids":[],"_links":{"self":[{"href":"https:\/\/agora.xtec.cat\/ceipfortiasola\/wp-json\/wp\/v2\/pages\/4855","targetHints":{"allow":["GET"]}}],"collection":[{"href":"https:\/\/agora.xtec.cat\/ceipfortiasola\/wp-json\/wp\/v2\/pages"}],"about":[{"href":"https:\/\/agora.xtec.cat\/ceipfortiasola\/wp-json\/wp\/v2\/types\/page"}],"author":[{"embeddable":true,"href":"https:\/\/agora.xtec.cat\/ceipfortiasola\/wp-json\/wp\/v2\/users\/4"}],"replies":[{"embeddable":true,"href":"https:\/\/agora.xtec.cat\/ceipfortiasola\/wp-json\/wp\/v2\/comments?post=4855"}],"version-history":[{"count":6,"href":"https:\/\/agora.xtec.cat\/ceipfortiasola\/wp-json\/wp\/v2\/pages\/4855\/revisions"}],"predecessor-version":[{"id":6485,"href":"https:\/\/agora.xtec.cat\/ceipfortiasola\/wp-json\/wp\/v2\/pages\/4855\/revisions\/6485"}],"wp:attachment":[{"href":"https:\/\/agora.xtec.cat\/ceipfortiasola\/wp-json\/wp\/v2\/media?parent=4855"}],"curies":[{"name":"wp","href":"https:\/\/api.w.org\/{rel}","templated":true}]}}