{"id":2814,"date":"2018-10-26T19:32:37","date_gmt":"2018-10-26T17:32:37","guid":{"rendered":"http:\/\/agora.xtec.cat\/ceipfortiasola\/?page_id=2814"},"modified":"2026-03-10T10:19:13","modified_gmt":"2026-03-10T09:19:13","slug":"ambients","status":"publish","type":"page","link":"https:\/\/agora.xtec.cat\/ceipfortiasola\/ambients\/","title":{"rendered":"Ambients d&#8217;Aprenentatge"},"content":{"rendered":"<table style=\"width: 100%; border-collapse: collapse; border-style: none; height: 1244px;\" border=\"1\">\n<tbody>\n<tr style=\"height: 59px;\">\n<td style=\"width: 100%; height: 59px;\">\n<h2 style=\"text-align: center;\">Educaci\u00f3 activa, viva, emocional i creativa<\/h2>\n<h6 class=\"entry-title\" style=\"text-align: center;\"><sub>Ambients d&#8217;aprenentatge una nova manera aprendre<\/sub><\/h6>\n<\/td>\n<\/tr>\n<tr style=\"height: 1185px;\">\n<td style=\"width: 100%; height: 1185px;\">\n<p style=\"text-align: center;\"><span style=\"font-weight: 400;\">Els <\/span><b>AMBIENTS<\/b><span style=\"font-weight: 400;\"> S\u00f3n diferents espais d&#8217;aprenentatge amb propostes v\u00e0ries on els infants poden observar, experimentar, construir, inventar, imaginar, compartir, relacionar-se, emocionar-se i interactuar amb els altres. <\/span><\/p>\n<p style=\"text-align: center;\"><span style=\"font-weight: 400;\">D&#8217;aquesta manera es pot donar resposta als interessos i necessitats dels infants, tot respectant els seus ritmes d&#8217;aprenentatge.<\/span><\/p>\n<p><a href=\"https:\/\/photos.google.com\/u\/1\/album\/AF1QipN98fQ3PIPbBqDcTCCS2dTicol6HFPGt6BKyfET\">AMBIENTS CICLE INICIAL<\/a><span style=\"font-size: 16px; font-style: normal; font-weight: 400;\">\u00a0<\/span><\/p>\n<p><img loading=\"lazy\" decoding=\"async\" class=\"alignnone size-large wp-image-5939\" src=\"https:\/\/agora.xtec.cat\/ceipfortiasola\/wp-content\/uploads\/usu1327\/2024\/10\/Disseny-sense-titol-1024x1024.png\" alt=\"\" width=\"1024\" height=\"1024\" srcset=\"https:\/\/agora.xtec.cat\/ceipfortiasola\/wp-content\/uploads\/usu1327\/2024\/10\/Disseny-sense-titol-1024x1024.png 1024w, https:\/\/agora.xtec.cat\/ceipfortiasola\/wp-content\/uploads\/usu1327\/2024\/10\/Disseny-sense-titol-300x300.png 300w, https:\/\/agora.xtec.cat\/ceipfortiasola\/wp-content\/uploads\/usu1327\/2024\/10\/Disseny-sense-titol-150x150.png 150w, https:\/\/agora.xtec.cat\/ceipfortiasola\/wp-content\/uploads\/usu1327\/2024\/10\/Disseny-sense-titol-768x768.png 768w, https:\/\/agora.xtec.cat\/ceipfortiasola\/wp-content\/uploads\/usu1327\/2024\/10\/Disseny-sense-titol.png 1080w\" sizes=\"auto, (max-width: 1024px) 100vw, 1024px\" \/><\/td>\n<\/tr>\n<\/tbody>\n<\/table>\n<p>&nbsp;<\/p>\n","protected":false},"excerpt":{"rendered":"<p>Educaci\u00f3 activa, viva, emocional i creativa Ambients d&#8217;aprenentatge una nova manera aprendre Els AMBIENTS S\u00f3n diferents espais d&#8217;aprenentatge amb propostes v\u00e0ries on els infants poden observar, experimentar, construir, inventar, imaginar, compartir, relacionar-se, emocionar-se i interactuar amb els altres. D&#8217;aquesta manera es pot donar resposta als interessos i necessitats dels infants, tot respectant els seus ritmes [&hellip;]<\/p>\n","protected":false},"author":4,"featured_media":0,"parent":0,"menu_order":0,"comment_status":"closed","ping_status":"closed","template":"","meta":{"_bbp_topic_count":0,"_bbp_reply_count":0,"_bbp_total_topic_count":0,"_bbp_total_reply_count":0,"_bbp_voice_count":0,"_bbp_anonymous_reply_count":0,"_bbp_topic_count_hidden":0,"_bbp_reply_count_hidden":0,"_bbp_forum_subforum_count":0,"site-sidebar-layout":"default","site-content-layout":"","ast-site-content-layout":"default","site-content-style":"default","site-sidebar-style":"default","ast-global-header-display":"","ast-banner-title-visibility":"","ast-main-header-display":"","ast-hfb-above-header-display":"","ast-hfb-below-header-display":"","ast-hfb-mobile-header-display":"","site-post-title":"","ast-breadcrumbs-content":"","ast-featured-img":"","footer-sml-layout":"","theme-transparent-header-meta":"default","adv-header-id-meta":"","stick-header-meta":"","header-above-stick-meta":"","header-main-stick-meta":"","header-below-stick-meta":"","astra-migrate-meta-layouts":"set","ast-page-background-enabled":"default","ast-page-background-meta":{"desktop":{"background-color":"var(--ast-global-color-4)","background-image":"","background-repeat":"repeat","background-position":"center center","background-size":"auto","background-attachment":"scroll","background-type":"","background-media":"","overlay-type":"","overlay-color":"","overlay-opacity":"","overlay-gradient":""},"tablet":{"background-color":"","background-image":"","background-repeat":"repeat","background-position":"center center","background-size":"auto","background-attachment":"scroll","background-type":"","background-media":"","overlay-type":"","overlay-color":"","overlay-opacity":"","overlay-gradient":""},"mobile":{"background-color":"","background-image":"","background-repeat":"repeat","background-position":"center center","background-size":"auto","background-attachment":"scroll","background-type":"","background-media":"","overlay-type":"","overlay-color":"","overlay-opacity":"","overlay-gradient":""}},"ast-content-background-meta":{"desktop":{"background-color":"var(--ast-global-color-5)","background-image":"","background-repeat":"repeat","background-position":"center center","background-size":"auto","background-attachment":"scroll","background-type":"","background-media":"","overlay-type":"","overlay-color":"","overlay-opacity":"","overlay-gradient":""},"tablet":{"background-color":"var(--ast-global-color-5)","background-image":"","background-repeat":"repeat","background-position":"center center","background-size":"auto","background-attachment":"scroll","background-type":"","background-media":"","overlay-type":"","overlay-color":"","overlay-opacity":"","overlay-gradient":""},"mobile":{"background-color":"var(--ast-global-color-5)","background-image":"","background-repeat":"repeat","background-position":"center center","background-size":"auto","background-attachment":"scroll","background-type":"","background-media":"","overlay-type":"","overlay-color":"","overlay-opacity":"","overlay-gradient":""}},"footnotes":""},"class_list":["post-2814","page","type-page","status-publish","hentry"],"post_mailing_queue_ids":[],"_links":{"self":[{"href":"https:\/\/agora.xtec.cat\/ceipfortiasola\/wp-json\/wp\/v2\/pages\/2814","targetHints":{"allow":["GET"]}}],"collection":[{"href":"https:\/\/agora.xtec.cat\/ceipfortiasola\/wp-json\/wp\/v2\/pages"}],"about":[{"href":"https:\/\/agora.xtec.cat\/ceipfortiasola\/wp-json\/wp\/v2\/types\/page"}],"author":[{"embeddable":true,"href":"https:\/\/agora.xtec.cat\/ceipfortiasola\/wp-json\/wp\/v2\/users\/4"}],"replies":[{"embeddable":true,"href":"https:\/\/agora.xtec.cat\/ceipfortiasola\/wp-json\/wp\/v2\/comments?post=2814"}],"version-history":[{"count":10,"href":"https:\/\/agora.xtec.cat\/ceipfortiasola\/wp-json\/wp\/v2\/pages\/2814\/revisions"}],"predecessor-version":[{"id":6491,"href":"https:\/\/agora.xtec.cat\/ceipfortiasola\/wp-json\/wp\/v2\/pages\/2814\/revisions\/6491"}],"wp:attachment":[{"href":"https:\/\/agora.xtec.cat\/ceipfortiasola\/wp-json\/wp\/v2\/media?parent=2814"}],"curies":[{"name":"wp","href":"https:\/\/api.w.org\/{rel}","templated":true}]}}