{"id":2811,"date":"2018-10-26T19:32:24","date_gmt":"2018-10-26T17:32:24","guid":{"rendered":"http:\/\/agora.xtec.cat\/ceipfortiasola\/?page_id=2811"},"modified":"2025-12-16T10:38:40","modified_gmt":"2025-12-16T09:38:40","slug":"espais","status":"publish","type":"page","link":"https:\/\/agora.xtec.cat\/ceipfortiasola\/espais\/","title":{"rendered":"Espais"},"content":{"rendered":"<table style=\"border-collapse: collapse; width: 100%; height: 496px;\" border=\"1\">\n<tbody>\n<tr>\n<td style=\"width: 100%; text-align: center;\">\n<h2>Espais de joc generadors d&#8217;aprenentatges<\/h2>\n<\/td>\n<\/tr>\n<tr>\n<td style=\"width: 100%; text-align: center;\">\n<table style=\"border-collapse: collapse; width: 100.279%; height: 106px;\" border=\"1\">\n<tbody>\n<tr style=\"height: 140px;\">\n<td style=\"width: 100%; height: 129px;\"><em>&#8220;&#8230; \u00c9s necessari organitzar dels del primer moment un espai i una cultura de l&#8217;espai que afavoreixi tots els processos de comunicaci\u00f3 de l&#8217;infant; l&#8217;educaci\u00f3 \u00e9s un edeveniment fet d&#8217;interaccions complexes moltes de les quals es produeixen si l&#8217;espai hi participa&#8221;<\/em><\/p>\n<p style=\"text-align: right;\"><em>Loris Malaguzzi <sub>(pedagog italil\u00e0- Reggio Emilia)<\/sub><\/em><\/p>\n<\/td>\n<\/tr>\n<\/tbody>\n<\/table>\n<h2><\/h2>\n<\/td>\n<\/tr>\n<tr>\n<td style=\"width: 100%;\"><a href=\"https:\/\/agora.xtec.cat\/ceipfortiasola\/wp-content\/uploads\/usu1327\/2025\/10\/20250930_101135.jpg\"><img loading=\"lazy\" decoding=\"async\" class=\" wp-image-6238 alignleft\" src=\"https:\/\/agora.xtec.cat\/ceipfortiasola\/wp-content\/uploads\/usu1327\/2025\/10\/20250930_101135-1024x683.jpg\" alt=\"\" width=\"476\" height=\"317\" srcset=\"https:\/\/agora.xtec.cat\/ceipfortiasola\/wp-content\/uploads\/usu1327\/2025\/10\/20250930_101135-1024x683.jpg 1024w, https:\/\/agora.xtec.cat\/ceipfortiasola\/wp-content\/uploads\/usu1327\/2025\/10\/20250930_101135-300x200.jpg 300w, https:\/\/agora.xtec.cat\/ceipfortiasola\/wp-content\/uploads\/usu1327\/2025\/10\/20250930_101135-768x512.jpg 768w, https:\/\/agora.xtec.cat\/ceipfortiasola\/wp-content\/uploads\/usu1327\/2025\/10\/20250930_101135-1536x1024.jpg 1536w, https:\/\/agora.xtec.cat\/ceipfortiasola\/wp-content\/uploads\/usu1327\/2025\/10\/20250930_101135.jpg 1687w\" sizes=\"auto, (max-width: 476px) 100vw, 476px\" \/><\/a>Conven\u00e7uts que l\u2019espai f\u00edsic \u00e9s determinant per aconseguir molts dels objectius educatius, ja que quan aquest genera benestar facilita que s\u2019hi produeixi aprenentatge.<\/p>\n<p>Al pati d&#8217;Ed. Infantil de la nostra escola\u00a0 disposem d\u2019espais que ofereixen una diversitat d\u2019est\u00edmuls sensorials, amb l\u2019objectiu que cada nena i cada nen hi pugui sintonitzar segons les seves caracter\u00edstiques de recepci\u00f3 individual.<\/p>\n<p>La cuineta, el sorral, l&#8217;hort, els vehicles, les construccions, els d&#8217;equilibris,&#8230; tots ells uns espais que estimulen les viv\u00e8ncies.<\/td>\n<\/tr>\n<\/tbody>\n<\/table>\n<table style=\"border-collapse: collapse; width: 100%;\" border=\"1\">\n<tbody>\n<tr>\n<td style=\"width: 50%;\"><a href=\"https:\/\/agora.xtec.cat\/ceipfortiasola\/wp-content\/uploads\/usu1327\/2025\/06\/unnamed.jpg\"><img loading=\"lazy\" decoding=\"async\" class=\"alignnone wp-image-6108\" src=\"https:\/\/agora.xtec.cat\/ceipfortiasola\/wp-content\/uploads\/usu1327\/2025\/06\/unnamed-1024x768.jpg\" alt=\"\" width=\"616\" height=\"462\" srcset=\"https:\/\/agora.xtec.cat\/ceipfortiasola\/wp-content\/uploads\/usu1327\/2025\/06\/unnamed-1024x768.jpg 1024w, https:\/\/agora.xtec.cat\/ceipfortiasola\/wp-content\/uploads\/usu1327\/2025\/06\/unnamed-300x225.jpg 300w, https:\/\/agora.xtec.cat\/ceipfortiasola\/wp-content\/uploads\/usu1327\/2025\/06\/unnamed-768x576.jpg 768w, https:\/\/agora.xtec.cat\/ceipfortiasola\/wp-content\/uploads\/usu1327\/2025\/06\/unnamed-1536x1152.jpg 1536w, https:\/\/agora.xtec.cat\/ceipfortiasola\/wp-content\/uploads\/usu1327\/2025\/06\/unnamed.jpg 2048w\" sizes=\"auto, (max-width: 616px) 100vw, 616px\" \/><\/a><\/td>\n<td style=\"width: 50%;\"><a href=\"https:\/\/agora.xtec.cat\/ceipfortiasola\/wp-content\/uploads\/usu1327\/2025\/06\/IMG-20250625-WA0017.jpg\"><img loading=\"lazy\" decoding=\"async\" class=\"alignnone wp-image-6162\" src=\"https:\/\/agora.xtec.cat\/ceipfortiasola\/wp-content\/uploads\/usu1327\/2025\/06\/IMG-20250625-WA0017-1024x768.jpg\" alt=\"\" width=\"617\" height=\"463\" srcset=\"https:\/\/agora.xtec.cat\/ceipfortiasola\/wp-content\/uploads\/usu1327\/2025\/06\/IMG-20250625-WA0017-1024x768.jpg 1024w, https:\/\/agora.xtec.cat\/ceipfortiasola\/wp-content\/uploads\/usu1327\/2025\/06\/IMG-20250625-WA0017-300x225.jpg 300w, https:\/\/agora.xtec.cat\/ceipfortiasola\/wp-content\/uploads\/usu1327\/2025\/06\/IMG-20250625-WA0017-768x576.jpg 768w, https:\/\/agora.xtec.cat\/ceipfortiasola\/wp-content\/uploads\/usu1327\/2025\/06\/IMG-20250625-WA0017-1536x1152.jpg 1536w, https:\/\/agora.xtec.cat\/ceipfortiasola\/wp-content\/uploads\/usu1327\/2025\/06\/IMG-20250625-WA0017.jpg 1600w\" sizes=\"auto, (max-width: 617px) 100vw, 617px\" \/><\/a><\/td>\n<\/tr>\n<\/tbody>\n<\/table>\n","protected":false},"excerpt":{"rendered":"<p>Espais de joc generadors d&#8217;aprenentatges &#8220;&#8230; \u00c9s necessari organitzar dels del primer moment un espai i una cultura de l&#8217;espai que afavoreixi tots els processos de comunicaci\u00f3 de l&#8217;infant; l&#8217;educaci\u00f3 \u00e9s un edeveniment fet d&#8217;interaccions complexes moltes de les quals es produeixen si l&#8217;espai hi participa&#8221; Loris Malaguzzi (pedagog italil\u00e0- Reggio Emilia) Conven\u00e7uts que l\u2019espai [&hellip;]<\/p>\n","protected":false},"author":4,"featured_media":0,"parent":0,"menu_order":0,"comment_status":"closed","ping_status":"closed","template":"","meta":{"_bbp_topic_count":0,"_bbp_reply_count":0,"_bbp_total_topic_count":0,"_bbp_total_reply_count":0,"_bbp_voice_count":0,"_bbp_anonymous_reply_count":0,"_bbp_topic_count_hidden":0,"_bbp_reply_count_hidden":0,"_bbp_forum_subforum_count":0,"site-sidebar-layout":"default","site-content-layout":"","ast-site-content-layout":"default","site-content-style":"default","site-sidebar-style":"default","ast-global-header-display":"","ast-banner-title-visibility":"","ast-main-header-display":"","ast-hfb-above-header-display":"","ast-hfb-below-header-display":"","ast-hfb-mobile-header-display":"","site-post-title":"","ast-breadcrumbs-content":"","ast-featured-img":"","footer-sml-layout":"","theme-transparent-header-meta":"default","adv-header-id-meta":"","stick-header-meta":"","header-above-stick-meta":"","header-main-stick-meta":"","header-below-stick-meta":"","astra-migrate-meta-layouts":"set","ast-page-background-enabled":"default","ast-page-background-meta":{"desktop":{"background-color":"var(--ast-global-color-4)","background-image":"","background-repeat":"repeat","background-position":"center center","background-size":"auto","background-attachment":"scroll","background-type":"","background-media":"","overlay-type":"","overlay-color":"","overlay-opacity":"","overlay-gradient":""},"tablet":{"background-color":"","background-image":"","background-repeat":"repeat","background-position":"center center","background-size":"auto","background-attachment":"scroll","background-type":"","background-media":"","overlay-type":"","overlay-color":"","overlay-opacity":"","overlay-gradient":""},"mobile":{"background-color":"","background-image":"","background-repeat":"repeat","background-position":"center center","background-size":"auto","background-attachment":"scroll","background-type":"","background-media":"","overlay-type":"","overlay-color":"","overlay-opacity":"","overlay-gradient":""}},"ast-content-background-meta":{"desktop":{"background-color":"var(--ast-global-color-5)","background-image":"","background-repeat":"repeat","background-position":"center center","background-size":"auto","background-attachment":"scroll","background-type":"","background-media":"","overlay-type":"","overlay-color":"","overlay-opacity":"","overlay-gradient":""},"tablet":{"background-color":"var(--ast-global-color-5)","background-image":"","background-repeat":"repeat","background-position":"center center","background-size":"auto","background-attachment":"scroll","background-type":"","background-media":"","overlay-type":"","overlay-color":"","overlay-opacity":"","overlay-gradient":""},"mobile":{"background-color":"var(--ast-global-color-5)","background-image":"","background-repeat":"repeat","background-position":"center center","background-size":"auto","background-attachment":"scroll","background-type":"","background-media":"","overlay-type":"","overlay-color":"","overlay-opacity":"","overlay-gradient":""}},"footnotes":""},"class_list":["post-2811","page","type-page","status-publish","hentry"],"post_mailing_queue_ids":[],"_links":{"self":[{"href":"https:\/\/agora.xtec.cat\/ceipfortiasola\/wp-json\/wp\/v2\/pages\/2811","targetHints":{"allow":["GET"]}}],"collection":[{"href":"https:\/\/agora.xtec.cat\/ceipfortiasola\/wp-json\/wp\/v2\/pages"}],"about":[{"href":"https:\/\/agora.xtec.cat\/ceipfortiasola\/wp-json\/wp\/v2\/types\/page"}],"author":[{"embeddable":true,"href":"https:\/\/agora.xtec.cat\/ceipfortiasola\/wp-json\/wp\/v2\/users\/4"}],"replies":[{"embeddable":true,"href":"https:\/\/agora.xtec.cat\/ceipfortiasola\/wp-json\/wp\/v2\/comments?post=2811"}],"version-history":[{"count":7,"href":"https:\/\/agora.xtec.cat\/ceipfortiasola\/wp-json\/wp\/v2\/pages\/2811\/revisions"}],"predecessor-version":[{"id":6386,"href":"https:\/\/agora.xtec.cat\/ceipfortiasola\/wp-json\/wp\/v2\/pages\/2811\/revisions\/6386"}],"wp:attachment":[{"href":"https:\/\/agora.xtec.cat\/ceipfortiasola\/wp-json\/wp\/v2\/media?parent=2811"}],"curies":[{"name":"wp","href":"https:\/\/api.w.org\/{rel}","templated":true}]}}