{"id":2369,"date":"2018-01-22T12:04:54","date_gmt":"2018-01-22T11:04:54","guid":{"rendered":"http:\/\/agora.xtec.cat\/ceipfortiasola\/?page_id=2369"},"modified":"2026-02-08T12:25:48","modified_gmt":"2026-02-08T11:25:48","slug":"afrucat","status":"publish","type":"page","link":"https:\/\/agora.xtec.cat\/ceipfortiasola\/afrucat\/","title":{"rendered":"Afrucat"},"content":{"rendered":"<table style=\"height: 110px; width: 748px;\">\n<tbody>\n<tr style=\"height: 224px;\">\n<td style=\"width: 742px; height: 224px;\">\n<h6><span style=\"font-weight: 400;\">\u00c9<\/span><span style=\"font-weight: 400;\">s un projecte que promou el Departament d\u2019Agricultura, Pesca i Alimentaci\u00f3,<a href=\"https:\/\/agora.xtec.cat\/ceipfortiasola\/wp-content\/uploads\/usu1327\/2026\/02\/lleida.com_-_logo_afrucat_-_associacio_catalana_dempreses_de_fruita_0.png\"><img loading=\"lazy\" decoding=\"async\" class=\"wp-image-6425 alignright\" src=\"https:\/\/agora.xtec.cat\/ceipfortiasola\/wp-content\/uploads\/usu1327\/2026\/02\/lleida.com_-_logo_afrucat_-_associacio_catalana_dempreses_de_fruita_0-969x1024.png\" alt=\"\" width=\"230\" height=\"243\" srcset=\"https:\/\/agora.xtec.cat\/ceipfortiasola\/wp-content\/uploads\/usu1327\/2026\/02\/lleida.com_-_logo_afrucat_-_associacio_catalana_dempreses_de_fruita_0-969x1024.png 969w, https:\/\/agora.xtec.cat\/ceipfortiasola\/wp-content\/uploads\/usu1327\/2026\/02\/lleida.com_-_logo_afrucat_-_associacio_catalana_dempreses_de_fruita_0-284x300.png 284w, https:\/\/agora.xtec.cat\/ceipfortiasola\/wp-content\/uploads\/usu1327\/2026\/02\/lleida.com_-_logo_afrucat_-_associacio_catalana_dempreses_de_fruita_0-768x812.png 768w, https:\/\/agora.xtec.cat\/ceipfortiasola\/wp-content\/uploads\/usu1327\/2026\/02\/lleida.com_-_logo_afrucat_-_associacio_catalana_dempreses_de_fruita_0.png 980w\" sizes=\"auto, (max-width: 230px) 100vw, 230px\" \/><\/a> conjuntament amb el de Salut i Ensenyament. \u00a0La finalitat \u00e9s potenciar el consum de fruites i hortalisses entre la poblaci\u00f3 escolar i contribuir a la promoci\u00f3 d\u2019h\u00e0bits de consum saludables. <\/span><\/h6>\n<p><span style=\"font-weight: 400;\">Va del gener al juny d\u2019aquest curs escolar i implica que \u00a0durant aquest per\u00edode, una setmana de cada mes ens arribaran 3 tipus de fruites i\/o hortalisses seleccionades en funci\u00f3 de l\u2019estaci\u00f3 de l\u2019any, la proximitat de producci\u00f3 i la qualitat \u00a0i que els alumnes menjaran al llarg de 3 dies a l\u2019hora d\u2019esbarjo per esmorzar.<\/span><\/p>\n<p><span style=\"font-weight: 400;\">A l\u2019escola el projecte <\/span><b>AFRUCAT<\/b><span style=\"font-weight: 400;\"> l\u2019enfoquem als alumnes d&#8217;Educaci\u00f3 Infantil,\u00a0 Cicle Inicial i Cicle Mitj\u00e0. Considerem que el \u00a0proc\u00e9s d\u2019aprenentatge d\u2019h\u00e0bits alimentaris \u00e9s especialment important fer-ho en les primeres etapes de prim\u00e0ria ja que podem ajudar a consolidar l\u2019adquisici\u00f3 d\u2019h\u00e0bits saludables per a l\u2019edat adulta.<\/span><\/td>\n<\/tr>\n<\/tbody>\n<\/table>\n","protected":false},"excerpt":{"rendered":"<p>\u00c9s un projecte que promou el Departament d\u2019Agricultura, Pesca i Alimentaci\u00f3, conjuntament amb el de Salut i Ensenyament. \u00a0La finalitat \u00e9s potenciar el consum de fruites i hortalisses entre la poblaci\u00f3 escolar i contribuir a la promoci\u00f3 d\u2019h\u00e0bits de consum saludables. Va del gener al juny d\u2019aquest curs escolar i implica que \u00a0durant aquest per\u00edode, [&hellip;]<\/p>\n","protected":false},"author":4,"featured_media":0,"parent":0,"menu_order":0,"comment_status":"closed","ping_status":"closed","template":"","meta":{"_bbp_topic_count":0,"_bbp_reply_count":0,"_bbp_total_topic_count":0,"_bbp_total_reply_count":0,"_bbp_voice_count":0,"_bbp_anonymous_reply_count":0,"_bbp_topic_count_hidden":0,"_bbp_reply_count_hidden":0,"_bbp_forum_subforum_count":0,"site-sidebar-layout":"default","site-content-layout":"","ast-site-content-layout":"default","site-content-style":"default","site-sidebar-style":"default","ast-global-header-display":"","ast-banner-title-visibility":"","ast-main-header-display":"","ast-hfb-above-header-display":"","ast-hfb-below-header-display":"","ast-hfb-mobile-header-display":"","site-post-title":"","ast-breadcrumbs-content":"","ast-featured-img":"","footer-sml-layout":"","theme-transparent-header-meta":"default","adv-header-id-meta":"","stick-header-meta":"","header-above-stick-meta":"","header-main-stick-meta":"","header-below-stick-meta":"","astra-migrate-meta-layouts":"set","ast-page-background-enabled":"default","ast-page-background-meta":{"desktop":{"background-color":"var(--ast-global-color-4)","background-image":"","background-repeat":"repeat","background-position":"center center","background-size":"auto","background-attachment":"scroll","background-type":"","background-media":"","overlay-type":"","overlay-color":"","overlay-opacity":"","overlay-gradient":""},"tablet":{"background-color":"","background-image":"","background-repeat":"repeat","background-position":"center center","background-size":"auto","background-attachment":"scroll","background-type":"","background-media":"","overlay-type":"","overlay-color":"","overlay-opacity":"","overlay-gradient":""},"mobile":{"background-color":"","background-image":"","background-repeat":"repeat","background-position":"center center","background-size":"auto","background-attachment":"scroll","background-type":"","background-media":"","overlay-type":"","overlay-color":"","overlay-opacity":"","overlay-gradient":""}},"ast-content-background-meta":{"desktop":{"background-color":"var(--ast-global-color-5)","background-image":"","background-repeat":"repeat","background-position":"center center","background-size":"auto","background-attachment":"scroll","background-type":"","background-media":"","overlay-type":"","overlay-color":"","overlay-opacity":"","overlay-gradient":""},"tablet":{"background-color":"var(--ast-global-color-5)","background-image":"","background-repeat":"repeat","background-position":"center center","background-size":"auto","background-attachment":"scroll","background-type":"","background-media":"","overlay-type":"","overlay-color":"","overlay-opacity":"","overlay-gradient":""},"mobile":{"background-color":"var(--ast-global-color-5)","background-image":"","background-repeat":"repeat","background-position":"center center","background-size":"auto","background-attachment":"scroll","background-type":"","background-media":"","overlay-type":"","overlay-color":"","overlay-opacity":"","overlay-gradient":""}},"footnotes":""},"class_list":["post-2369","page","type-page","status-publish","hentry"],"post_mailing_queue_ids":[],"_links":{"self":[{"href":"https:\/\/agora.xtec.cat\/ceipfortiasola\/wp-json\/wp\/v2\/pages\/2369","targetHints":{"allow":["GET"]}}],"collection":[{"href":"https:\/\/agora.xtec.cat\/ceipfortiasola\/wp-json\/wp\/v2\/pages"}],"about":[{"href":"https:\/\/agora.xtec.cat\/ceipfortiasola\/wp-json\/wp\/v2\/types\/page"}],"author":[{"embeddable":true,"href":"https:\/\/agora.xtec.cat\/ceipfortiasola\/wp-json\/wp\/v2\/users\/4"}],"replies":[{"embeddable":true,"href":"https:\/\/agora.xtec.cat\/ceipfortiasola\/wp-json\/wp\/v2\/comments?post=2369"}],"version-history":[{"count":6,"href":"https:\/\/agora.xtec.cat\/ceipfortiasola\/wp-json\/wp\/v2\/pages\/2369\/revisions"}],"predecessor-version":[{"id":6426,"href":"https:\/\/agora.xtec.cat\/ceipfortiasola\/wp-json\/wp\/v2\/pages\/2369\/revisions\/6426"}],"wp:attachment":[{"href":"https:\/\/agora.xtec.cat\/ceipfortiasola\/wp-json\/wp\/v2\/media?parent=2369"}],"curies":[{"name":"wp","href":"https:\/\/api.w.org\/{rel}","templated":true}]}}