{"id":22,"date":"2014-09-18T12:19:57","date_gmt":"2014-09-18T11:19:57","guid":{"rendered":"http:\/\/agora.xtec.cat\/ceipfortiasola\/?page_id=22"},"modified":"2026-02-12T09:41:50","modified_gmt":"2026-02-12T08:41:50","slug":"lescola","status":"publish","type":"page","link":"https:\/\/agora.xtec.cat\/ceipfortiasola\/lescola\/","title":{"rendered":"L&#8217;escola"},"content":{"rendered":"<p><b>L&#8217;escola Dr. Forti\u00e0 Sol\u00e0<\/b><span style=\"font-weight: 400;\"> \u00e9s un Centre d&#8217;Educaci\u00f3 Infantil i Prim\u00e0ria de Torell\u00f3. \u00c9s una de les tres escoles p\u00fabliques de la localitat. Torell\u00f3 es troba al Nord de la comarca d\u2019Osona i \u00e9s el municipi m\u00e9s gran (m\u00e9s de 13.000 habitants) de la subcomarca de la Vall del Ges. El nom del centre procedeix d&#8217;un clergue que va publicar alguns llibres en les diferents localitats on va exercir. Un d&#8217;aquests pobles \u00e9s Torell\u00f3. Va escriure &#8220;Hist\u00f2ria de Torell\u00f3&#8221; (1947) en 2 volums. <\/span><\/p>\n<p><span style=\"font-weight: 400;\">En aquests moments \u00e9s un centre de doble l\u00ednia, amb 3 aules de 4t. T\u00e9 428 alumnes, 130 s\u00f3n d&#8217;Educaci\u00f3 Infantil i\u00a0 298 de Prim\u00e0ria. <\/span><\/p>\n<p><span style=\"font-weight: 400;\">La nostra escola disposa de dos edificis, l&#8217;edifici Ed. Infantil i el de Prim\u00e0ria:\u00a0<\/span><\/p>\n<p><a href=\"https:\/\/agora.xtec.cat\/ceipfortiasola\/wp-content\/uploads\/usu1327\/2014\/09\/nadal.jpg\"><img loading=\"lazy\" decoding=\"async\" class=\"alignnone size-large wp-image-988\" src=\"https:\/\/agora.xtec.cat\/ceipfortiasola\/wp-content\/uploads\/usu1327\/2014\/09\/nadal-1024x383.jpg\" alt=\"\" width=\"1024\" height=\"383\" srcset=\"https:\/\/agora.xtec.cat\/ceipfortiasola\/wp-content\/uploads\/usu1327\/2014\/09\/nadal-1024x383.jpg 1024w, https:\/\/agora.xtec.cat\/ceipfortiasola\/wp-content\/uploads\/usu1327\/2014\/09\/nadal-300x112.jpg 300w, https:\/\/agora.xtec.cat\/ceipfortiasola\/wp-content\/uploads\/usu1327\/2014\/09\/nadal-768x287.jpg 768w, https:\/\/agora.xtec.cat\/ceipfortiasola\/wp-content\/uploads\/usu1327\/2014\/09\/nadal.jpg 1121w\" sizes=\"auto, (max-width: 1024px) 100vw, 1024px\" \/><\/a><\/p>\n<p><span style=\"font-weight: 400;\">L&#8217;Edifici d\u2019Infantil<\/span><span style=\"font-weight: 400;\">, <\/span><span style=\"font-weight: 400;\">on s&#8217;ubiquen els alumnes d&#8217;Educaci\u00f3 Infantil, \u00e9s una singular construcci\u00f3 de l&#8217;any 42 que actualment s&#8217;ha remodelat per fer-lo m\u00e9s funcional a l&#8217;\u00fas dels nens i nenes d&#8217;aquesta etapa (3-6 anys). Aquest edifici consta de sis aules ordin\u00e0ries, un menjador, una cuina, una aula de psicomotricitat, una aula d&#8217;inform\u00e0tica, una aula de pl\u00e0stica i una biblioteca; a m\u00e9s de tres espais petits per fer desdoblaments. Els espais interiors s\u00f3n amplis, acollidors i ben il\u00b7luminats. Els espais exteriors s\u00f3n grans i ben equipats. Al pati tamb\u00e9 disposem d&#8217;un hort on hi treballem les verdures i fruites pr\u00f2pies de la zona i de l&#8217;\u00e8poca i un galliner. <\/span><\/p>\n<p><span style=\"font-weight: 400;\">A partir de les 5 de la tarda, l&#8217;escola comparteix l&#8217;edifici amb l&#8217;Escola Municipal de M\u00fasica de Torell\u00f3.<\/span><\/p>\n<p><a href=\"https:\/\/agora.xtec.cat\/ceipfortiasola\/wp-content\/uploads\/usu1327\/2014\/09\/ed-rpi.jpg\"><img loading=\"lazy\" decoding=\"async\" class=\"alignnone size-large wp-image-992\" src=\"https:\/\/agora.xtec.cat\/ceipfortiasola\/wp-content\/uploads\/usu1327\/2014\/09\/ed-rpi-1024x461.jpg\" alt=\"\" width=\"1024\" height=\"461\" srcset=\"https:\/\/agora.xtec.cat\/ceipfortiasola\/wp-content\/uploads\/usu1327\/2014\/09\/ed-rpi-1024x461.jpg 1024w, https:\/\/agora.xtec.cat\/ceipfortiasola\/wp-content\/uploads\/usu1327\/2014\/09\/ed-rpi-300x135.jpg 300w, https:\/\/agora.xtec.cat\/ceipfortiasola\/wp-content\/uploads\/usu1327\/2014\/09\/ed-rpi-768x346.jpg 768w, https:\/\/agora.xtec.cat\/ceipfortiasola\/wp-content\/uploads\/usu1327\/2014\/09\/ed-rpi.jpg 1211w\" sizes=\"auto, (max-width: 1024px) 100vw, 1024px\" \/><\/a><\/p>\n<p><span style=\"font-weight: 400;\">L&#8217;Edifici de Prim\u00e0ria constru\u00eft l&#8217;any 2008, ubica tota la Prim\u00e0ria (1r-6\u00e8). En aquest edifici hi ha el despatx de Direcci\u00f3 i Secretaria del centre. Consta de tretze aules ordin\u00e0ries i disposa de biblioteca, gimn\u00e0s-auditori, menjador i cuina completa, aula d&#8217;inform\u00e0tica, aula de pl\u00e0stica-laboratori, aula d&#8217;audiovisuals, aula de m\u00fasica, dues aules d&#8217;educaci\u00f3 especial, una aula d&#8217;acollida i una aula de desdoblament. Els espais interiors s\u00f3n espaiosos i amb molta llum. El pati consta d&#8217;una pista esportiva, una zona de saul\u00f3 arbrada i un gran porxo.<\/span><\/p>\n","protected":false},"excerpt":{"rendered":"<p>L&#8217;escola Dr. Forti\u00e0 Sol\u00e0 \u00e9s un Centre d&#8217;Educaci\u00f3 Infantil i Prim\u00e0ria de Torell\u00f3. \u00c9s una de les tres escoles p\u00fabliques de la localitat. Torell\u00f3 es troba al Nord de la comarca d\u2019Osona i \u00e9s el municipi m\u00e9s gran (m\u00e9s de 13.000 habitants) de la subcomarca de la Vall del Ges. El nom del centre procedeix [&hellip;]<\/p>\n","protected":false},"author":1,"featured_media":0,"parent":0,"menu_order":10,"comment_status":"closed","ping_status":"closed","template":"","meta":{"_bbp_topic_count":0,"_bbp_reply_count":0,"_bbp_total_topic_count":0,"_bbp_total_reply_count":0,"_bbp_voice_count":0,"_bbp_anonymous_reply_count":0,"_bbp_topic_count_hidden":0,"_bbp_reply_count_hidden":0,"_bbp_forum_subforum_count":0,"site-sidebar-layout":"default","site-content-layout":"","ast-site-content-layout":"default","site-content-style":"default","site-sidebar-style":"default","ast-global-header-display":"","ast-banner-title-visibility":"","ast-main-header-display":"","ast-hfb-above-header-display":"","ast-hfb-below-header-display":"","ast-hfb-mobile-header-display":"","site-post-title":"","ast-breadcrumbs-content":"","ast-featured-img":"","footer-sml-layout":"","theme-transparent-header-meta":"default","adv-header-id-meta":"","stick-header-meta":"","header-above-stick-meta":"","header-main-stick-meta":"","header-below-stick-meta":"","astra-migrate-meta-layouts":"set","ast-page-background-enabled":"default","ast-page-background-meta":{"desktop":{"background-color":"var(--ast-global-color-4)","background-image":"","background-repeat":"repeat","background-position":"center center","background-size":"auto","background-attachment":"scroll","background-type":"","background-media":"","overlay-type":"","overlay-color":"","overlay-opacity":"","overlay-gradient":""},"tablet":{"background-color":"","background-image":"","background-repeat":"repeat","background-position":"center center","background-size":"auto","background-attachment":"scroll","background-type":"","background-media":"","overlay-type":"","overlay-color":"","overlay-opacity":"","overlay-gradient":""},"mobile":{"background-color":"","background-image":"","background-repeat":"repeat","background-position":"center center","background-size":"auto","background-attachment":"scroll","background-type":"","background-media":"","overlay-type":"","overlay-color":"","overlay-opacity":"","overlay-gradient":""}},"ast-content-background-meta":{"desktop":{"background-color":"var(--ast-global-color-5)","background-image":"","background-repeat":"repeat","background-position":"center center","background-size":"auto","background-attachment":"scroll","background-type":"","background-media":"","overlay-type":"","overlay-color":"","overlay-opacity":"","overlay-gradient":""},"tablet":{"background-color":"var(--ast-global-color-5)","background-image":"","background-repeat":"repeat","background-position":"center center","background-size":"auto","background-attachment":"scroll","background-type":"","background-media":"","overlay-type":"","overlay-color":"","overlay-opacity":"","overlay-gradient":""},"mobile":{"background-color":"var(--ast-global-color-5)","background-image":"","background-repeat":"repeat","background-position":"center center","background-size":"auto","background-attachment":"scroll","background-type":"","background-media":"","overlay-type":"","overlay-color":"","overlay-opacity":"","overlay-gradient":""}},"footnotes":""},"class_list":["post-22","page","type-page","status-publish","hentry"],"post_mailing_queue_ids":[],"_links":{"self":[{"href":"https:\/\/agora.xtec.cat\/ceipfortiasola\/wp-json\/wp\/v2\/pages\/22","targetHints":{"allow":["GET"]}}],"collection":[{"href":"https:\/\/agora.xtec.cat\/ceipfortiasola\/wp-json\/wp\/v2\/pages"}],"about":[{"href":"https:\/\/agora.xtec.cat\/ceipfortiasola\/wp-json\/wp\/v2\/types\/page"}],"author":[{"embeddable":true,"href":"https:\/\/agora.xtec.cat\/ceipfortiasola\/wp-json\/wp\/v2\/users\/1"}],"replies":[{"embeddable":true,"href":"https:\/\/agora.xtec.cat\/ceipfortiasola\/wp-json\/wp\/v2\/comments?post=22"}],"version-history":[{"count":7,"href":"https:\/\/agora.xtec.cat\/ceipfortiasola\/wp-json\/wp\/v2\/pages\/22\/revisions"}],"predecessor-version":[{"id":6459,"href":"https:\/\/agora.xtec.cat\/ceipfortiasola\/wp-json\/wp\/v2\/pages\/22\/revisions\/6459"}],"wp:attachment":[{"href":"https:\/\/agora.xtec.cat\/ceipfortiasola\/wp-json\/wp\/v2\/media?parent=22"}],"curies":[{"name":"wp","href":"https:\/\/api.w.org\/{rel}","templated":true}]}}