{"id":883,"date":"2016-05-04T08:09:13","date_gmt":"2016-05-04T07:09:13","guid":{"rendered":"http:\/\/agora.xtec.cat\/ceipfontrosella\/?page_id=883"},"modified":"2025-10-27T13:42:49","modified_gmt":"2025-10-27T12:42:49","slug":"professorat","status":"publish","type":"page","link":"https:\/\/agora.xtec.cat\/ceipfontrosella\/lescola\/professorat\/","title":{"rendered":"Professorat"},"content":{"rendered":"<h4><strong>INFANTIL<\/strong><\/h4>\n<p><strong>I3 A : Lara Garc\u00eda de la Serrana ( Lorena Vargas) i Clara Farr\u00e9<\/strong><\/p>\n<p><strong>I3 B : Maria Jos\u00e9 Posadas\u00a0<\/strong><\/p>\n<p><strong>I4 A : Mariona Heras i Mar\u00eda Feligreras<\/strong><\/p>\n<p><strong>I4 B : Mireia Borrell<\/strong><\/p>\n<p><strong>I5 A : Guada Pescador<\/strong><\/p>\n<p><strong>I5 B : Andrea Cayuela<\/strong><\/p>\n<p><strong>Mestres de suport: Victoria Contreras i Esther Coll<\/strong><\/p>\n<p><strong>TEI: Yolanda L\u00f3pez<\/strong><\/p>\n<h4><strong>PRIM\u00c0RIA<\/strong><\/h4>\n<p><strong>1r A : Gl\u00f2ria Mara\u00f1a<\/strong><\/p>\n<p><strong>1r B: Inma Gonz\u00e1lez<\/strong><\/p>\n<p><strong>2n A: Fran Garc\u00eda<\/strong><\/p>\n<p><strong>2n B: Cristina Morante<\/strong><\/p>\n<p><strong>3r A: Mireia Grau\/ Marta Rodr\u00edguez<\/strong><\/p>\n<p><strong>3r B : N\u00faria Pay\u00e0<\/strong><\/p>\n<p><strong>4t A : S\u00edlvia Rabass\u00f3<\/strong><\/p>\n<p><strong>4t B : Esther Sempere<\/strong><\/p>\n<p><strong>5\u00e8 A: Conxita Benavides<\/strong><\/p>\n<p><strong>5\u00e8 B: Gemma Samp\u00e9<\/strong><\/p>\n<p><strong>6\u00e8 A: Rosa Rodr\u00edguez<\/strong><\/p>\n<p><strong>6\u00e8 B: Alba Magdaleno<\/strong><\/p>\n<p><strong>Educaci\u00f3 F\u00edsica: F<\/strong><strong>ede S\u00e1nchez i Anna Saus<\/strong><\/p>\n<p><strong>Angl\u00e8s: Alicia Garc\u00eda i Sergio Tenorio<\/strong><\/p>\n<p><strong>M\u00fasica:<\/strong>\u00a0<strong>Paula Tordesillas<\/strong><\/p>\n<p><strong>SIEI:\u00a0 Cristina Vaello i Anna Martos (Educadora)<\/strong><\/p>\n<p><strong>MESI: Francina L\u00f3pez i Montserrat Hern\u00e1ndez<\/strong><\/p>\n<p><strong>Aula d&#8217;acollida: Anna Saus<\/strong><\/p>\n<p><strong>Religi\u00f3:<\/strong> <strong>Rosa S\u00e1nchez<\/strong><\/p>\n<p><strong>TIS:\u00a0<\/strong><\/p>\n<p><strong>Vetlladores: Gerard V\u00e1zquez, Mari Fern\u00e1ndez i Merche Contreras<\/strong><\/p>\n<h4><strong>EQUIP DIRECTIU<\/strong><\/h4>\n<p><strong>Directora: Yolanda Morales<\/strong><\/p>\n<p><strong>Cap d&#8217;estudis: Esther Senabre<\/strong><\/p>\n<p><strong>Secretaria:<\/strong> <strong>N\u00faria Estival<\/strong><\/p>\n<h4><strong>DES DEL DEPARTAMENT D&#8217;ENSENYAMENT<\/strong><\/h4>\n<p><strong>Psic\u00f2loga de l&#8217;EAP : M\u00aa Teresa Mart\u00ednez<\/strong><\/p>\n<p><strong>Logopeda : Alba Blanco<\/strong><\/p>\n<p><strong>Inspector d&#8217;educaci\u00f3 : Isabel N\u00fa\u00f1ez<\/strong><\/p>\n<h4><strong>PERSONAL NO DOCENT<\/strong><\/h4>\n<p><strong>Administrativa:<\/strong> <strong>Loli Lara<\/strong><\/p>\n<p><strong>Conserge:<\/strong> <strong>Toni D\u00edaz<\/strong><\/p>\n<p><strong>Menjador:<\/strong> <strong> Raquel, Enriqueta,\u00a0 Silvia, Rosa, Paqui, M\u00aa Carmen, Anna, Montse, Anna i Lorena<\/strong><\/p>\n<p><strong>Voluntari a l&#8217;hort escolar : Modesto Soriano<\/strong><\/p>\n","protected":false},"excerpt":{"rendered":"<p>INFANTIL<br \/>\nI3 A : Lara Garc\u00eda de la Serrana ( Lorena Vargas) i Clara Farr\u00e9<br \/>\nI3 B : Maria Jos\u00e9 Posadas\u00a0<br \/>\nI4 A : Mariona Heras i Mar\u00eda Feligreras<br \/>\nI4 B : Mireia Borrell<br \/>\nI5 A : Guada Pescador<br \/>\nI5 B : Andrea Cayuela<br \/>\nMestres de suport: Victoria Contreras i Esther Coll<br \/>\nTEI:&hellip;  <a href=\"https:\/\/agora.xtec.cat\/ceipfontrosella\/lescola\/professorat\/\" title=\"Read Professorat\">Llegeix m\u00e9s\u00bb<\/a><\/p>\n","protected":false},"author":1,"featured_media":0,"parent":22,"menu_order":23,"comment_status":"closed","ping_status":"closed","template":"page-templates\/side-menu.php","meta":{"_bbp_topic_count":0,"_bbp_reply_count":0,"_bbp_total_topic_count":0,"_bbp_total_reply_count":0,"_bbp_voice_count":0,"_bbp_anonymous_reply_count":0,"_bbp_topic_count_hidden":0,"_bbp_reply_count_hidden":0,"_bbp_forum_subforum_count":0,"footnotes":""},"class_list":["post-883","page","type-page","status-publish","hentry"],"post_mailing_queue_ids":[],"_links":{"self":[{"href":"https:\/\/agora.xtec.cat\/ceipfontrosella\/wp-json\/wp\/v2\/pages\/883","targetHints":{"allow":["GET"]}}],"collection":[{"href":"https:\/\/agora.xtec.cat\/ceipfontrosella\/wp-json\/wp\/v2\/pages"}],"about":[{"href":"https:\/\/agora.xtec.cat\/ceipfontrosella\/wp-json\/wp\/v2\/types\/page"}],"author":[{"embeddable":true,"href":"https:\/\/agora.xtec.cat\/ceipfontrosella\/wp-json\/wp\/v2\/users\/1"}],"replies":[{"embeddable":true,"href":"https:\/\/agora.xtec.cat\/ceipfontrosella\/wp-json\/wp\/v2\/comments?post=883"}],"version-history":[{"count":5,"href":"https:\/\/agora.xtec.cat\/ceipfontrosella\/wp-json\/wp\/v2\/pages\/883\/revisions"}],"predecessor-version":[{"id":16663,"href":"https:\/\/agora.xtec.cat\/ceipfontrosella\/wp-json\/wp\/v2\/pages\/883\/revisions\/16663"}],"up":[{"embeddable":true,"href":"https:\/\/agora.xtec.cat\/ceipfontrosella\/wp-json\/wp\/v2\/pages\/22"}],"wp:attachment":[{"href":"https:\/\/agora.xtec.cat\/ceipfontrosella\/wp-json\/wp\/v2\/media?parent=883"}],"curies":[{"name":"wp","href":"https:\/\/api.w.org\/{rel}","templated":true}]}}