{"id":77,"date":"2014-09-18T14:05:08","date_gmt":"2014-09-18T13:05:08","guid":{"rendered":"http:\/\/agora.xtec.cat\/ceipfontrosella\/?page_id=77"},"modified":"2017-03-17T12:13:22","modified_gmt":"2017-03-17T11:13:22","slug":"acollida","status":"publish","type":"page","link":"https:\/\/agora.xtec.cat\/ceipfontrosella\/serveis\/acollida\/","title":{"rendered":"Taller Bon dia i taller bona tarda"},"content":{"rendered":"<p>&nbsp;<\/p>\n<p>L&#8217;escola ofereix a trav\u00e9s de l&#8217;AMPA el servei d&#8217;acollida &#8220;Taller de Bon dia&#8221; i &#8220;Taller de Bona tarda&#8221;.Tota \u00a0la informaci\u00f3 detallada i completa de quotes i horaris al seg\u00fcent enlla\u00e7 :<\/p>\n<p><a href=\"https:\/\/sites.google.com\/site\/2013ampa\/acollida\">ACC\u00c9S A LA P\u00c0GINA WEB DE L&#8217;AMPA\u00a0<\/a><\/p>\n","protected":false},"excerpt":{"rendered":"<p>&nbsp;<br \/>\nL&#8217;escola ofereix a trav\u00e9s de l&#8217;AMPA el servei d&#8217;acollida &#8220;Taller de Bon dia&#8221; i &#8220;Taller de Bona tarda&#8221;.Tota \u00a0la informaci\u00f3 detallada i completa de quotes i horaris al seg\u00fcent enlla\u00e7 :<br \/>\n<a href=\"https:\/\/sites.google.com\/site\/2013ampa\/acollida\">ACC\u00c9S A LA P\u00c0GINA WEB DE L&#8217;AMPA\u00a0<\/a><\/p>\n","protected":false},"author":1,"featured_media":0,"parent":66,"menu_order":20,"comment_status":"closed","ping_status":"closed","template":"","meta":{"_bbp_topic_count":0,"_bbp_reply_count":0,"_bbp_total_topic_count":0,"_bbp_total_reply_count":0,"_bbp_voice_count":0,"_bbp_anonymous_reply_count":0,"_bbp_topic_count_hidden":0,"_bbp_reply_count_hidden":0,"_bbp_forum_subforum_count":0,"footnotes":""},"class_list":["post-77","page","type-page","status-publish","hentry"],"post_mailing_queue_ids":[],"_links":{"self":[{"href":"https:\/\/agora.xtec.cat\/ceipfontrosella\/wp-json\/wp\/v2\/pages\/77","targetHints":{"allow":["GET"]}}],"collection":[{"href":"https:\/\/agora.xtec.cat\/ceipfontrosella\/wp-json\/wp\/v2\/pages"}],"about":[{"href":"https:\/\/agora.xtec.cat\/ceipfontrosella\/wp-json\/wp\/v2\/types\/page"}],"author":[{"embeddable":true,"href":"https:\/\/agora.xtec.cat\/ceipfontrosella\/wp-json\/wp\/v2\/users\/1"}],"replies":[{"embeddable":true,"href":"https:\/\/agora.xtec.cat\/ceipfontrosella\/wp-json\/wp\/v2\/comments?post=77"}],"version-history":[{"count":4,"href":"https:\/\/agora.xtec.cat\/ceipfontrosella\/wp-json\/wp\/v2\/pages\/77\/revisions"}],"predecessor-version":[{"id":3139,"href":"https:\/\/agora.xtec.cat\/ceipfontrosella\/wp-json\/wp\/v2\/pages\/77\/revisions\/3139"}],"up":[{"embeddable":true,"href":"https:\/\/agora.xtec.cat\/ceipfontrosella\/wp-json\/wp\/v2\/pages\/66"}],"wp:attachment":[{"href":"https:\/\/agora.xtec.cat\/ceipfontrosella\/wp-json\/wp\/v2\/media?parent=77"}],"curies":[{"name":"wp","href":"https:\/\/api.w.org\/{rel}","templated":true}]}}