{"id":520,"date":"2016-04-14T11:59:33","date_gmt":"2016-04-14T10:59:33","guid":{"rendered":"http:\/\/agora.xtec.cat\/ceipfontrosella\/?page_id=520"},"modified":"2025-01-13T12:26:26","modified_gmt":"2025-01-13T11:26:26","slug":"normes-de-funcionament","status":"publish","type":"page","link":"https:\/\/agora.xtec.cat\/ceipfontrosella\/projecte-educatiu\/normes-de-funcionament\/","title":{"rendered":"Normes de funcionament"},"content":{"rendered":"<blockquote><p><em><strong>ACC\u00c9S A L&#8217;ESCOLA<\/strong><\/em><\/p><\/blockquote>\n<p>L&#8217;alumnat d&#8217;I5 i Prim\u00e0ria (de 1r a 6\u00e8) entraran i sortiran per la porta que d\u00f3na a la pla\u00e7a de la Llibertat, I3 i I4 entraran i sortiran per la porta de la pla\u00e7a Sant Agust\u00ed.<\/p>\n<p><em><strong>Recordem que\u00a0 els acompanyants no poden entrar al pati de l&#8217;escola.<\/strong><\/em><\/p>\n<p><strong>NOTA: <\/strong>Els dies de pluja els acompanyants esperaran els infants al porxo, respectant l&#8217;espai limitat amb tanques.<\/p>\n<p><strong>L&#8217;alumnat de I-3 i I-4 es podran recollir a l&#8217;aula corresponent.<\/strong><\/p>\n<blockquote><p><em><strong>PUNTUALITAT<\/strong><\/em><\/p><\/blockquote>\n<p>Es prega la m\u00e0xima puntualitat tant a l&#8217;hora d&#8217;entrada com a l&#8217;hora de recollida dels infants.<\/p>\n<p>Les portes d&#8217;entrada a l&#8217;escola es tancaran cinc minuts despr\u00e9s de les 9:00 h del mat\u00ed i cinc minuts despr\u00e9s de les 15:00 de la tarda.<\/p>\n<blockquote><p><em><strong>JUSTIFICACIONS<\/strong><\/em><\/p><\/blockquote>\n<p>Les faltes d&#8217;assist\u00e8ncia i puntualitat s&#8217;han de justificar sempre per escrit al tutor\/a corresponent.<\/p>\n<blockquote><p><em><strong>SORTIDA D&#8217;UN INFANT DINS DE L&#8217;HORARI ESCOLAR<\/strong><\/em><\/p><\/blockquote>\n<p>Per deixar sortir un nen\/a abans d&#8217;hora, cal que les fam\u00edlies ho diguin per escrit al tutor\/a i siguin ells o una persona autoritzada qui vingui a recollir-lo.<\/p>\n<p><strong>En cap cas es permetr\u00e0 que un infant surti de l&#8217;escola sense complir aquesta condici\u00f3.<\/strong><\/p>\n<p><span style=\"color: #808080;\"><em><strong>\u00a0 \u00a0 \u00a0SORTIDA D&#8217;UN INFANT UNA VEGADA FINALITZADA LA JORNADA ESCOLAR<\/strong><\/em><\/span><\/p>\n<p>A partir de 4t fins a 6\u00e8, sempre que les fam\u00edlies autoritzin la sortida del seu fill\/a, podran sortir sols de l&#8217;escola. Cal demanar l&#8217;autoritzaci\u00f3 a secretaria o al tutor\/a corresponent.<\/p>\n<blockquote><p><em><strong>ADMINISTRACI\u00d3 DE MEDICAMENTS<\/strong><\/em><\/p><\/blockquote>\n<p>A l&#8217;escola <strong>no s&#8217;administrar\u00e0 cap medicament a l&#8217;alumnat <\/strong>sense l&#8217;autoritzaci\u00f3 signada de les fam\u00edlies o tutors\/es.<\/p>\n<blockquote><p><em><strong>ENTREVISTES AMB FAM\u00cdLIES<\/strong><\/em><\/p><\/blockquote>\n<p>L&#8217;equip docent disposa d&#8217;un horari setmanal d&#8217;atenci\u00f3 a les fam\u00edlies. Les entrevistes es programaran directament amb el tutor\/a o l&#8217;especialista en concret.<\/p>\n<p><strong>Educaci\u00f3 Infantil:<\/strong> Dimarts de 12:30-13:30h<\/p>\n<p><strong>Educaci\u00f3 Prim\u00e0ria: <\/strong>Dimarts de 12:30-13:30h<\/p>\n","protected":false},"excerpt":{"rendered":"<p>ACC\u00c9S A L&#8217;ESCOLA<br \/>\nL&#8217;alumnat d&#8217;I5 i Prim\u00e0ria (de 1r a 6\u00e8) entraran i sortiran per la porta que d\u00f3na a la pla\u00e7a de la Llibertat, I3 i I4 entraran i sortiran per la porta de la pla\u00e7a Sant Agust\u00ed.<br \/>\nRecordem que\u00a0 els acompanyants no poden entrar al&hellip;  <a href=\"https:\/\/agora.xtec.cat\/ceipfontrosella\/projecte-educatiu\/normes-de-funcionament\/\" title=\"Read Normes de funcionament\">Llegeix m\u00e9s\u00bb<\/a><\/p>\n","protected":false},"author":1,"featured_media":0,"parent":64,"menu_order":0,"comment_status":"closed","ping_status":"closed","template":"","meta":{"_bbp_topic_count":0,"_bbp_reply_count":0,"_bbp_total_topic_count":0,"_bbp_total_reply_count":0,"_bbp_voice_count":0,"_bbp_anonymous_reply_count":0,"_bbp_topic_count_hidden":0,"_bbp_reply_count_hidden":0,"_bbp_forum_subforum_count":0,"footnotes":""},"class_list":["post-520","page","type-page","status-publish","hentry"],"post_mailing_queue_ids":[],"_links":{"self":[{"href":"https:\/\/agora.xtec.cat\/ceipfontrosella\/wp-json\/wp\/v2\/pages\/520","targetHints":{"allow":["GET"]}}],"collection":[{"href":"https:\/\/agora.xtec.cat\/ceipfontrosella\/wp-json\/wp\/v2\/pages"}],"about":[{"href":"https:\/\/agora.xtec.cat\/ceipfontrosella\/wp-json\/wp\/v2\/types\/page"}],"author":[{"embeddable":true,"href":"https:\/\/agora.xtec.cat\/ceipfontrosella\/wp-json\/wp\/v2\/users\/1"}],"replies":[{"embeddable":true,"href":"https:\/\/agora.xtec.cat\/ceipfontrosella\/wp-json\/wp\/v2\/comments?post=520"}],"version-history":[{"count":5,"href":"https:\/\/agora.xtec.cat\/ceipfontrosella\/wp-json\/wp\/v2\/pages\/520\/revisions"}],"predecessor-version":[{"id":15776,"href":"https:\/\/agora.xtec.cat\/ceipfontrosella\/wp-json\/wp\/v2\/pages\/520\/revisions\/15776"}],"up":[{"embeddable":true,"href":"https:\/\/agora.xtec.cat\/ceipfontrosella\/wp-json\/wp\/v2\/pages\/64"}],"wp:attachment":[{"href":"https:\/\/agora.xtec.cat\/ceipfontrosella\/wp-json\/wp\/v2\/media?parent=520"}],"curies":[{"name":"wp","href":"https:\/\/api.w.org\/{rel}","templated":true}]}}