{"id":34,"date":"2014-09-18T12:32:18","date_gmt":"2014-09-18T11:32:18","guid":{"rendered":"http:\/\/agora.xtec.cat\/ceipfontrosella\/?page_id=34"},"modified":"2024-10-16T13:31:31","modified_gmt":"2024-10-16T11:31:31","slug":"oferta-educativa","status":"publish","type":"page","link":"https:\/\/agora.xtec.cat\/ceipfontrosella\/lescola\/oferta-educativa\/","title":{"rendered":"Oferta educativa"},"content":{"rendered":"<p><strong>Educaci\u00f3 Infantil i Prim\u00e0ria. <\/strong>Des dels 3 anys fins als 12 anys<\/p>\n<p><strong>Institut adscrit:<\/strong> IES Ferran Casablanca<\/p>\n<p>A la nostra escola, l&#8217;educaci\u00f3 dels infants a l&#8217;aula ordin\u00e0ria i especialitats es complementa \u00a0amb aula d&#8217;Educaci\u00f3 Especial, SIEI, aula d&#8217;acollida (pels infants nouvinguts), desdoblaments i refor\u00e7os, tallers (inform\u00e0tica, pl\u00e0stica, teatre, hort, rob\u00f2tica, circuits el\u00e8ctrics, Geometria, Jocs de llenguatge, Uke,qu\u00e8?, Les&#8217;t talk, Qui s\u00f3c ? , Invents i arts, Experiments&#8230;).<\/p>\n<p>&nbsp;<\/p>\n<p>&nbsp;<\/p>\n","protected":false},"excerpt":{"rendered":"<p>Educaci\u00f3 Infantil i Prim\u00e0ria. Des dels 3 anys fins als 12 anys<br \/>\nInstitut adscrit: IES Ferran Casablanca<br \/>\nA la nostra escola, l&#8217;educaci\u00f3 dels infants a l&#8217;aula ordin\u00e0ria i especialitats es complementa \u00a0amb aula d&#8217;Educaci\u00f3 Especial, SIEI, aula d&#8217;acollida (pels infants nouvinguts), desdoblaments i refor\u00e7os, tallers (inform\u00e0tica, pl\u00e0stica,&hellip;  <a href=\"https:\/\/agora.xtec.cat\/ceipfontrosella\/lescola\/oferta-educativa\/\" title=\"Read Oferta educativa\">Llegeix m\u00e9s\u00bb<\/a><\/p>\n","protected":false},"author":1,"featured_media":0,"parent":22,"menu_order":60,"comment_status":"closed","ping_status":"closed","template":"page-templates\/side-menu.php","meta":{"_bbp_topic_count":0,"_bbp_reply_count":0,"_bbp_total_topic_count":0,"_bbp_total_reply_count":0,"_bbp_voice_count":0,"_bbp_anonymous_reply_count":0,"_bbp_topic_count_hidden":0,"_bbp_reply_count_hidden":0,"_bbp_forum_subforum_count":0,"footnotes":""},"class_list":["post-34","page","type-page","status-publish","hentry"],"post_mailing_queue_ids":[],"_links":{"self":[{"href":"https:\/\/agora.xtec.cat\/ceipfontrosella\/wp-json\/wp\/v2\/pages\/34","targetHints":{"allow":["GET"]}}],"collection":[{"href":"https:\/\/agora.xtec.cat\/ceipfontrosella\/wp-json\/wp\/v2\/pages"}],"about":[{"href":"https:\/\/agora.xtec.cat\/ceipfontrosella\/wp-json\/wp\/v2\/types\/page"}],"author":[{"embeddable":true,"href":"https:\/\/agora.xtec.cat\/ceipfontrosella\/wp-json\/wp\/v2\/users\/1"}],"replies":[{"embeddable":true,"href":"https:\/\/agora.xtec.cat\/ceipfontrosella\/wp-json\/wp\/v2\/comments?post=34"}],"version-history":[{"count":4,"href":"https:\/\/agora.xtec.cat\/ceipfontrosella\/wp-json\/wp\/v2\/pages\/34\/revisions"}],"predecessor-version":[{"id":15425,"href":"https:\/\/agora.xtec.cat\/ceipfontrosella\/wp-json\/wp\/v2\/pages\/34\/revisions\/15425"}],"up":[{"embeddable":true,"href":"https:\/\/agora.xtec.cat\/ceipfontrosella\/wp-json\/wp\/v2\/pages\/22"}],"wp:attachment":[{"href":"https:\/\/agora.xtec.cat\/ceipfontrosella\/wp-json\/wp\/v2\/media?parent=34"}],"curies":[{"name":"wp","href":"https:\/\/api.w.org\/{rel}","templated":true}]}}