{"id":32,"date":"2014-09-18T12:31:33","date_gmt":"2014-09-18T11:31:33","guid":{"rendered":"http:\/\/agora.xtec.cat\/ceipfontrosella\/?page_id=32"},"modified":"2025-09-12T16:59:11","modified_gmt":"2025-09-12T14:59:11","slug":"calendari-del-curs","status":"publish","type":"page","link":"https:\/\/agora.xtec.cat\/ceipfontrosella\/lescola\/calendari-del-curs\/","title":{"rendered":"Calendari del curs"},"content":{"rendered":"<h4><strong>Inici de curs:<\/strong><\/h4>\n<p>9 de setembre de 2025<\/p>\n<h5><strong>Final de curs:<\/strong><\/h5>\n<p>19 de juny de 2026<\/p>\n<h4><strong>Vacances:<\/strong><\/h4>\n<p><strong>Les de Nadal :<\/strong> Del 20 de desembre de 2025 al 7 de gener de 2026 (ambd\u00f3s inclosos)<\/p>\n<p><strong>Setmana Santa :<\/strong> Del 28 de mar\u00e7 al 7 d&#8217;abril de 2026 (ambd\u00f3s inclosos)<\/p>\n<p><strong>Les d&#8217;estiu:<\/strong> Comen\u00e7aran el 20 de juny (incl\u00f2s).<\/p>\n<h5><strong>Festes locals:<\/strong><\/h5>\n<p>8 de setembre<\/p>\n<p>11 de maig, La Salut<\/p>\n<h4><strong>Festius:<\/strong><\/h4>\n<p>11 de setembre de 2025<\/p>\n<p>1 de novembre de 2025<\/p>\n<p>6 de desembre de 2025<\/p>\n<p>1 de maig de 2026<\/p>\n<h4><strong>Dies festius de lliure disposici\u00f3:<\/strong><\/h4>\n<p>3 de novembre de 2025<\/p>\n<p>16 de febrer de 2026<\/p>\n<p>13 de mar\u00e7 de 2026<\/p>\n<p>30 d&#8217;abril de 2026<\/p>\n<h4><strong>Jornada compactada: ( Horari de 9 a 13h)<br \/><\/strong><\/h4>\n<p>\u00a0<\/p>\n<p>L\u2019<b>horari lectiu<\/b> del centre \u00e9s de 9 a 12:30 h i de 15:00 a 16:30 h per a tots els alumnes del centre.<\/p>\n<p>Per als alumnes que inicien l\u2019escolaritzaci\u00f3 a I3 s\u2019organitza un breu per\u00edode d\u2019adaptaci\u00f3 que suposa una certa modificaci\u00f3 dels horaris dels tres primers dies de classe, i que es fa saber a les fam\u00edlies en les reunions pr\u00e8vies corresponents.<\/p>\n<h3 style=\"text-align: center;\"><a href=\"https:\/\/web.sabadell.cat\/images\/CEM_Calendari_2025_2026_CENTRES_EDUCATIUS_NO_UNIVERSATARIS_amb_logo.pdf\">CALENDARI ESCOLAR 2025 &#8211; 2026<\/a><\/h3>\n<p>\u00a0<\/p>\n\n\n<p><\/p>\n","protected":false},"excerpt":{"rendered":"<p>Inici de curs:<br \/>\n9 de setembre de 2025<br \/>\nFinal de curs:<br \/>\n19 de juny de 2026<br \/>\nVacances:<br \/>\nLes de Nadal : Del 20 de desembre de 2025 al 7 de gener de 2026 (ambd\u00f3s inclosos)<br \/>\nSetmana Santa : Del 28 de mar\u00e7 al 7 d&#8217;abril de 2026 (ambd\u00f3s inclosos)<br \/>\nLes d&#8217;estiu: Comen\u00e7aran&hellip;  <a href=\"https:\/\/agora.xtec.cat\/ceipfontrosella\/lescola\/calendari-del-curs\/\" title=\"Read Calendari del curs\">Llegeix m\u00e9s\u00bb<\/a><\/p>\n","protected":false},"author":1,"featured_media":0,"parent":22,"menu_order":50,"comment_status":"closed","ping_status":"closed","template":"page-templates\/side-menu.php","meta":{"_bbp_topic_count":0,"_bbp_reply_count":0,"_bbp_total_topic_count":0,"_bbp_total_reply_count":0,"_bbp_voice_count":0,"_bbp_anonymous_reply_count":0,"_bbp_topic_count_hidden":0,"_bbp_reply_count_hidden":0,"_bbp_forum_subforum_count":0,"footnotes":""},"class_list":["post-32","page","type-page","status-publish","hentry"],"post_mailing_queue_ids":[],"_links":{"self":[{"href":"https:\/\/agora.xtec.cat\/ceipfontrosella\/wp-json\/wp\/v2\/pages\/32","targetHints":{"allow":["GET"]}}],"collection":[{"href":"https:\/\/agora.xtec.cat\/ceipfontrosella\/wp-json\/wp\/v2\/pages"}],"about":[{"href":"https:\/\/agora.xtec.cat\/ceipfontrosella\/wp-json\/wp\/v2\/types\/page"}],"author":[{"embeddable":true,"href":"https:\/\/agora.xtec.cat\/ceipfontrosella\/wp-json\/wp\/v2\/users\/1"}],"replies":[{"embeddable":true,"href":"https:\/\/agora.xtec.cat\/ceipfontrosella\/wp-json\/wp\/v2\/comments?post=32"}],"version-history":[{"count":5,"href":"https:\/\/agora.xtec.cat\/ceipfontrosella\/wp-json\/wp\/v2\/pages\/32\/revisions"}],"predecessor-version":[{"id":16636,"href":"https:\/\/agora.xtec.cat\/ceipfontrosella\/wp-json\/wp\/v2\/pages\/32\/revisions\/16636"}],"up":[{"embeddable":true,"href":"https:\/\/agora.xtec.cat\/ceipfontrosella\/wp-json\/wp\/v2\/pages\/22"}],"wp:attachment":[{"href":"https:\/\/agora.xtec.cat\/ceipfontrosella\/wp-json\/wp\/v2\/media?parent=32"}],"curies":[{"name":"wp","href":"https:\/\/api.w.org\/{rel}","templated":true}]}}